{"id":40489,"date":"2026-03-18T17:49:37","date_gmt":"2026-03-18T17:49:37","guid":{"rendered":"https:\/\/soydeaqui.ddns.net\/pachuca\/index.php\/producto\/porta-fusible-cd-1000v-1-polo-riel-din\/"},"modified":"2026-03-18T17:49:37","modified_gmt":"2026-03-18T17:49:37","slug":"porta-fusible-cd-1000v-1-polo-riel-din","status":"publish","type":"product","link":"https:\/\/soydeaqui.ddns.net\/pachuca\/index.php\/producto\/porta-fusible-cd-1000v-1-polo-riel-din\/","title":{"rendered":"Porta Fusible CD 1000V 1 Polo Riel Din"},"content":{"rendered":"<div style='width: 100%; max-width: 1200px; margin: 0 auto; font-family: sans-serif; line-height: 1.6; color: inherit; background-color: transparent;'>\n<div style='display: flex; flex-wrap: wrap; gap: 30px; margin-bottom: 30px;'>\n<div style='flex: 1 1 300px; min-width: 280px;'>\n<h3 style='font-size: 22px; border-bottom: 2px solid currentColor; padding-bottom: 5px; margin-top: 0; color: inherit; opacity: 0.8;'>Descripci\u00f3n<\/h3>\n<p style='font-size: 15px; color: inherit;'>Portafusibles dise\u00f1ado espec\u00edficamente para la industria fotovoltaica. Esta serie de productos incorpora fusibles y se utiliza para la protecci\u00f3n contra sobrecorriente en circuitos principales y equipos con un voltaje nominal que no exceda los 1000V DC&comma; una corriente nominal que no exceda los 30A y una capacidad nominal de cortocircuito que no exceda los 30kA. Se utiliza principalmente en sistemas de almacenamiento de energ\u00eda&comma; como protecci\u00f3n contra cortocircuitos y sobrecargas en dispositivos de generaci\u00f3n de energ\u00eda solar fotovoltaica&comma; bater\u00edas y otros equipos semiconductores.<\/p>\n<\/p><\/div>\n<\/p><\/div>\n<div style='display: flex; flex-wrap: wrap; gap: 30px; margin-bottom: 30px;'>\n<div style='flex: 1 1 300px; min-width: 280px;'>\n<h3 style='font-size: 22px; border-bottom: 2px solid currentColor; padding-bottom: 5px; margin-top: 0; color: inherit; opacity: 0.8;'>Par\u00e1metros T\u00e9cnicos<\/h3>\n<ul style='padding-left: 20px; font-size: 15px; color: inherit;'>\n<li style='margin-bottom: 5px;'><strong>Modelo:<\/strong> SRD-30<\/li>\n<li style='margin-bottom: 5px;'><strong>Normas de referencia:<\/strong> IEC\/EN60947-1 IEC\/EN 60947-3<\/li>\n<li style='margin-bottom: 5px;'><strong>Tensi\u00f3n nominal de aislamiento (Ui):<\/strong> 1200V<\/li>\n<li style='margin-bottom: 5px;'><strong>Tensi\u00f3n nominal de operaci\u00f3n (Ue):<\/strong> DC1100V<\/li>\n<li style='margin-bottom: 5px;'><strong>Corriente nominal de operaci\u00f3n (Ie):<\/strong> 1A-30A<\/li>\n<li style='margin-bottom: 5px;'><strong>Tensi\u00f3n nominal soportada de impulso (Uimp):<\/strong> 6kV<\/li>\n<li style='margin-bottom: 5px;'><strong>Potencia disipada nominal aceptada:<\/strong> \u22644W<\/li>\n<li style='margin-bottom: 5px;'><strong>N\u00famero de polos:<\/strong> 1P<\/li>\n<li style='margin-bottom: 5px;'><strong>Corriente nominal limitada de cortocircuito:<\/strong> 30KA<\/li>\n<li style='margin-bottom: 5px;'><strong>Tama\u00f1o del fusible compatible:<\/strong> \u03c610\u00d738mm<\/li>\n<li style='margin-bottom: 5px;'><strong>Clase de protecci\u00f3n:<\/strong> IP20<\/li>\n<li style='margin-bottom: 5px;'><strong>Categor\u00eda de uso:<\/strong> PV-0<\/li>\n<li style='margin-bottom: 5px;'><strong>M\u00e9todo de instalaci\u00f3n:<\/strong> Riel DIN de 35mm<\/li>\n<li style='margin-bottom: 5px;'><strong>Capacidad de cableado:<\/strong> 1-10mm\u00b2<\/li>\n<li style='margin-bottom: 5px;'><strong>Tornillo de conexi\u00f3n \/ Par de apriete del bloque terminal:<\/strong> M5 \/ 1.8-2.3N.m<\/li>\n<li style='margin-bottom: 5px;'><strong>Longitud del cable pelado:<\/strong> 13mm<\/li>\n<\/ul><\/div>\n<\/p><\/div>\n<div style='display: flex; flex-wrap: wrap; gap: 30px; margin-bottom: 30px;'>\n<div style='flex: 1 1 300px; min-width: 280px;'>\n<h3 style='font-size: 22px; border-bottom: 2px solid currentColor; padding-bottom: 5px; margin-top: 0; color: inherit; opacity: 0.8;'>Condiciones Normales de Uso e Instalaci\u00f3n<\/h3>\n<ul style='padding-left: 20px; font-size: 15px; color: inherit;'>\n<li style='margin-bottom: 5px;'>Temperatura de funcionamiento: -5 \u00b0C ~ +40 \u00b0C<\/li>\n<li style='margin-bottom: 5px;'>Altitud: \u2264 2&comma;000 m<\/li>\n<li style='margin-bottom: 5px;'>Categor\u00eda de instalaci\u00f3n: Clase II&comma; Clase III<\/li>\n<li style='margin-bottom: 5px;'>El producto debe instalarse preferentemente en posici\u00f3n vertical&comma; y no debe haber golpes ni vibraciones significativas en el lugar de instalaci\u00f3n<\/li>\n<\/ul><\/div>\n<\/p><\/div>\n<div style='display: flex; flex-wrap: wrap; gap: 30px; margin-bottom: 30px;'>\n<div style='flex: 1 1 300px; min-width: 280px;'>\n<h3 style='font-size: 22px; border-bottom: 2px solid currentColor; padding-bottom: 5px; margin-top: 0; color: inherit; opacity: 0.8;'>Im\u00e1genes<\/h3>\n<div style='display: flex; flex-wrap: wrap; gap: 15px;'>\n<div style='flex: 1 1 300px; min-width: 280px;'> <img style='width: 100%; height: auto; border: 1px solid rgba(150&comma;150&comma;150&comma;0.3); border-radius: 8px;' src='http:\/\/ftp3.syscom.mx\/usuarios\/ftp\/2025\/07\/31\/2673\/1753982605329.jpeg_froala_688ba68d7dc41' alt=''><\/div>\n<div style='flex: 1 1 300px; min-width: 280px;'> <img style='width: 100%; height: auto; border: 1px solid rgba(150&comma;150&comma;150&comma;0.3); border-radius: 8px;' src='http:\/\/ftp3.syscom.mx\/usuarios\/ftp\/2025\/07\/31\/2673\/1753982711314.jpeg_froala_688ba6f7467b8' alt=''><\/div>\n<div style='flex: 1 1 300px; min-width: 280px;'> <img style='width: 100%; height: auto; border: 1px solid rgba(150&comma;150&comma;150&comma;0.3); border-radius: 8px;' src='http:\/\/ftp3.syscom.mx\/usuarios\/ftp\/2025\/07\/31\/2673\/1753983496823.jpeg_froala_688baa09062a0' alt=''><\/div>\n<\/p><\/div>\n<\/p><\/div>\n<\/p><\/div>\n<\/p><\/div>\n","protected":false},"excerpt":{"rendered":"<p>Porta Fusible CD 1000V 1 Polo Riel Din<\/p>\n","protected":false},"featured_media":40488,"comment_status":"open","ping_status":"closed","template":"","meta":[],"product_brand":[],"product_cat":[1246],"product_tag":[1088,728,1247],"class_list":{"0":"post-40489","1":"product","2":"type-product","3":"status-publish","4":"has-post-thumbnail","6":"product_cat-supresor-de-picos-vcc","7":"product_tag-calidad-de-la-energia","8":"product_tag-suntree","9":"product_tag-supresor-de-picos-vcc","11":"first","12":"instock","13":"sale","14":"shipping-taxable","15":"purchasable","16":"product-type-simple"},"_links":{"self":[{"href":"https:\/\/soydeaqui.ddns.net\/pachuca\/index.php\/wp-json\/wp\/v2\/product\/40489","targetHints":{"allow":["GET"]}}],"collection":[{"href":"https:\/\/soydeaqui.ddns.net\/pachuca\/index.php\/wp-json\/wp\/v2\/product"}],"about":[{"href":"https:\/\/soydeaqui.ddns.net\/pachuca\/index.php\/wp-json\/wp\/v2\/types\/product"}],"replies":[{"embeddable":true,"href":"https:\/\/soydeaqui.ddns.net\/pachuca\/index.php\/wp-json\/wp\/v2\/comments?post=40489"}],"wp:featuredmedia":[{"embeddable":true,"href":"https:\/\/soydeaqui.ddns.net\/pachuca\/index.php\/wp-json\/wp\/v2\/media\/40488"}],"wp:attachment":[{"href":"https:\/\/soydeaqui.ddns.net\/pachuca\/index.php\/wp-json\/wp\/v2\/media?parent=40489"}],"wp:term":[{"taxonomy":"product_brand","embeddable":true,"href":"https:\/\/soydeaqui.ddns.net\/pachuca\/index.php\/wp-json\/wp\/v2\/product_brand?post=40489"},{"taxonomy":"product_cat","embeddable":true,"href":"https:\/\/soydeaqui.ddns.net\/pachuca\/index.php\/wp-json\/wp\/v2\/product_cat?post=40489"},{"taxonomy":"product_tag","embeddable":true,"href":"https:\/\/soydeaqui.ddns.net\/pachuca\/index.php\/wp-json\/wp\/v2\/product_tag?post=40489"}],"curies":[{"name":"wp","href":"https:\/\/api.w.org\/{rel}","templated":true}]}}