{"id":40484,"date":"2026-03-18T17:49:31","date_gmt":"2026-03-18T17:49:31","guid":{"rendered":"https:\/\/soydeaqui.ddns.net\/pachuca\/index.php\/producto\/kit-de-puesta-a-tierra-linkedpro-para-proteccion-de-hasta-200-amp\/"},"modified":"2026-03-18T17:49:31","modified_gmt":"2026-03-18T17:49:31","slug":"kit-de-puesta-a-tierra-linkedpro-para-proteccion-de-hasta-200-amp","status":"publish","type":"product","link":"https:\/\/soydeaqui.ddns.net\/pachuca\/index.php\/producto\/kit-de-puesta-a-tierra-linkedpro-para-proteccion-de-hasta-200-amp\/","title":{"rendered":"Kit de puesta a tierra LinkedPro, para protecci\u00f3n de hasta 200 Amp."},"content":{"rendered":"<div style='width: 100%; max-width: 1200px; margin: 0 auto; font-family: sans-serif; line-height: 1.6; color: inherit; background-color: transparent;'>\n<div style='text-align: center; margin: 30px 0;'> <img style='width: 100%; max-width: 400px; height: auto; border: 1px solid rgba(150&comma;150&comma;150&comma;0.3); border-radius: 8px;' src='https:\/\/ftp3.syscom.mx\/usuarios\/fotos\/AT5315KIT\/183255-logo-lpg.png' alt=''> <\/div>\n<div style='display: flex; flex-wrap: wrap; gap: 30px; margin-bottom: 30px;'>\n<div style='flex: 1 1 300px; min-width: 280px;'>\n<h3 style='font-size: 22px; border-bottom: 2px solid currentColor; padding-bottom: 5px; margin-top: 0; color: inherit; opacity: 0.8;'>Descripci\u00f3n<\/h3>\n<ul style='padding-left: 20px; font-size: 15px; color: inherit;'>\n<li style='margin-bottom: 5px; font-size: 14px;'>Electrodo <strong>LPGROUND200A<\/strong> fabricado en cobre con tratamiento electrol\u00edtico para obtener mayor conductividad&comma; baja resistencia y durabilidad en terrenos agresivos.<\/li>\n<li style='margin-bottom: 5px; font-size: 14px;'>La Barra de Uni\u00f3n <strong>LPBUSMURO<\/strong> brinda puntos de conexi\u00f3n de las diferentes aplicaciones que se desean proteger.<\/li>\n<li style='margin-bottom: 5px; font-size: 14px;'>El Spray <strong>LPANTICORROSIVO<\/strong> brinda protecci\u00f3n contra la corrosi\u00f3n a objetos o superficies met\u00e1licas.<\/li>\n<li style='margin-bottom: 5px; font-size: 14px;'>El Registro <strong>LPREGISTRO7<\/strong> brinda un f\u00e1cil acceso para inspecci\u00f3n y mantenimiento preventivo del electrodo de puesta a tierra.<\/li>\n<\/ul><\/div>\n<div style='flex: 1 1 300px; min-width: 280px;'>\n<h3 style='font-size: 22px; border-bottom: 2px solid currentColor; padding-bottom: 5px; margin-top: 0; color: inherit; opacity: 0.8;'>Aplicaciones<\/h3>\n<ul style='padding-left: 20px; font-size: 15px; color: inherit;'>\n<li style='margin-bottom: 5px; font-size: 14px;'>Proporcionar seguridad a las personas.<\/li>\n<li style='margin-bottom: 5px; font-size: 14px;'>Proteger la infraestructura&comma; equipos el\u00e9ctricos y electr\u00f3nicos.<\/li>\n<li style='margin-bottom: 5px; font-size: 14px;'>Proteger instalaciones.<\/li>\n<li style='margin-bottom: 5px; font-size: 14px;'>Garantizar la operaci\u00f3n de las protecciones.<\/li>\n<li style='margin-bottom: 5px; font-size: 14px;'>Estabilizar el voltaje.<\/li>\n<li style='margin-bottom: 5px; font-size: 14px;'>Disipar la corriente del rayo.<\/li>\n<li style='margin-bottom: 5px; font-size: 14px;'>Limitar las sobretensiones transitorias (picos de voltaje).<\/li>\n<li style='margin-bottom: 5px; font-size: 14px;'>Drenar cargas est\u00e1ticas que presentan las masas met\u00e1licas respecto a tierra.<\/li>\n<\/ul><\/div>\n<\/p><\/div>\n<div style='display: flex; flex-wrap: wrap; gap: 20px; margin-bottom: 30px;'>\n<div style='flex: 1 1 100%; border: 1px solid rgba(150&comma; 150&comma; 150&comma; 0.4); border-radius: 8px; overflow: hidden; display: flex; flex-direction: column;'>\n<div style='padding: 15px; border-bottom: 1px solid rgba(150&comma; 150&comma; 150&comma; 0.2); font-weight: bold; font-size: 18px; color: inherit;'>Incluye los siguientes componentes:<\/div>\n<div style='padding: 15px; color: inherit;'>\n<table style='width: 100%; border-collapse: collapse; font-size: 14px;'>\n<thead style='background-color: #f5f5f5;'>\n<tr>\n<th style='padding: 10px; border: 1px solid rgba(150&comma;150&comma;150&comma;0.3); text-align: center;'>Cant.<\/th>\n<th style='padding: 10px; border: 1px solid rgba(150&comma;150&comma;150&comma;0.3); text-align: center;'>U.<\/th>\n<th style='padding: 10px; border: 1px solid rgba(150&comma;150&comma;150&comma;0.3); text-align: center;'>Modelo<\/th>\n<th style='padding: 10px; border: 1px solid rgba(150&comma;150&comma;150&comma;0.3); text-align: left;'>Descripci\u00f3n<\/th>\n<\/tr>\n<\/thead>\n<tbody>\n<tr>\n<td style='padding: 8px; border: 1px solid rgba(150&comma;150&comma;150&comma;0.3); text-align: center;'>1<\/td>\n<td style='padding: 8px; border: 1px solid rgba(150&comma;150&comma;150&comma;0.3); text-align: center;'>Pza.<\/td>\n<td style='padding: 8px; border: 1px solid rgba(150&comma;150&comma;150&comma;0.3); text-align: center;'><a style='color: #2880b9; text-decoration: none; font-weight: bold;' href='https:\/\/www.syscom.mx\/producto\/LP-GROUND-200A-LINKEDPRO-176317.html' target='_blank' rel='noopener'>LP-GROUND-200A<\/a><\/td>\n<td style='padding: 8px; border: 1px solid rgba(150&comma;150&comma;150&comma;0.3);'>Electrodo para Corriente M\u00e1xima de 30 Amp. con Compuesto Mejorador de Terreno.<\/td>\n<\/tr>\n<tr>\n<td style='padding: 8px; border: 1px solid rgba(150&comma;150&comma;150&comma;0.3); text-align: center;'>1<\/td>\n<td style='padding: 8px; border: 1px solid rgba(150&comma;150&comma;150&comma;0.3); text-align: center;'>Pza.<\/td>\n<td style='padding: 8px; border: 1px solid rgba(150&comma;150&comma;150&comma;0.3); text-align: center;'><a style='color: #2880b9; text-decoration: none; font-weight: bold;' href='https:\/\/www.syscom.mx\/producto\/LP-BUS-MURO-LINKEDPRO-176320.html' target='_blank' rel='noopener'>LP-BUS-MURO<\/a><\/td>\n<td style='padding: 8px; border: 1px solid rgba(150&comma;150&comma;150&comma;0.3);'>Barra de Uni\u00f3n con 1000 A de Capacidad. Incluye Montaje para Muro y Aisladores.<\/td>\n<\/tr>\n<tr>\n<td style='padding: 8px; border: 1px solid rgba(150&comma;150&comma;150&comma;0.3); text-align: center;'>2<\/td>\n<td style='padding: 8px; border: 1px solid rgba(150&comma;150&comma;150&comma;0.3); text-align: center;'>Pza.<\/td>\n<td style='padding: 8px; border: 1px solid rgba(150&comma;150&comma;150&comma;0.3); text-align: center;'><a style='color: #2880b9; text-decoration: none; font-weight: bold;' href='https:\/\/www.syscom.mx\/producto\/LP-CV-20-LINKEDPRO-176316.html' target='_blank' rel='noopener'>LP-CV-20<\/a><\/td>\n<td style='padding: 8px; border: 1px solid rgba(150&comma;150&comma;150&comma;0.3);'>Conector Tipo Perro para Varilla 5\/8&#8242; a Cable Calibre 4 a 2\/0 AWG.<\/td>\n<\/tr>\n<tr>\n<td style='padding: 8px; border: 1px solid rgba(150&comma;150&comma;150&comma;0.3); text-align: center;'>3<\/td>\n<td style='padding: 8px; border: 1px solid rgba(150&comma;150&comma;150&comma;0.3); text-align: center;'>Pza.<\/td>\n<td style='padding: 8px; border: 1px solid rgba(150&comma;150&comma;150&comma;0.3); text-align: center;'><a style='color: #2880b9; text-decoration: none; font-weight: bold;' href='https:\/\/www.syscom.mx\/producto\/LP-CB-20-LINKEDPRO-176313.html' target='_blank' rel='noopener'>LP-CB-20<\/a><\/td>\n<td style='padding: 8px; border: 1px solid rgba(150&comma;150&comma;150&comma;0.3);'>Conector Mec\u00e1nico Tipo Zapata para Bornes de 1\/2&#8242; a Cable de Cal. 4 a 2\/0 AWG.<\/td>\n<\/tr>\n<tr>\n<td style='padding: 8px; border: 1px solid rgba(150&comma;150&comma;150&comma;0.3); text-align: center;'>1<\/td>\n<td style='padding: 8px; border: 1px solid rgba(150&comma;150&comma;150&comma;0.3); text-align: center;'>Pza.<\/td>\n<td style='padding: 8px; border: 1px solid rgba(150&comma;150&comma;150&comma;0.3); text-align: center;'><a style='color: #2880b9; text-decoration: none; font-weight: bold;' href='https:\/\/www.syscom.mx\/producto\/LP-REGISTRO-7-LINKEDPRO-176311.html' target='_blank' rel='noopener'>LP-REGISTRO-7<\/a><\/td>\n<td style='padding: 8px; border: 1px solid rgba(150&comma;150&comma;150&comma;0.3);'>Registro de 7 in para Acceso a Pruebas y Revisi\u00f3n de Electrodo.<\/td>\n<\/tr>\n<tr>\n<td style='padding: 8px; border: 1px solid rgba(150&comma;150&comma;150&comma;0.3); text-align: center;'>1<\/td>\n<td style='padding: 8px; border: 1px solid rgba(150&comma;150&comma;150&comma;0.3); text-align: center;'>Pza.<\/td>\n<td style='padding: 8px; border: 1px solid rgba(150&comma;150&comma;150&comma;0.3); text-align: center;'><a style='color: #2880b9; text-decoration: none; font-weight: bold;' href='https:\/\/www.syscom.mx\/producto\/LP-ANTI-CORROSIVO-LINKEDPRO-176236.html' target='_blank' rel='noopener'>LP-ANTICORROSIVO<\/a><\/td>\n<td style='padding: 8px; border: 1px solid rgba(150&comma;150&comma;150&comma;0.3);'>Spray de Protecci\u00f3n Anticorrosiva y Diel\u00e9ctrica<\/td>\n<\/tr>\n<\/tbody>\n<\/table><\/div>\n<\/p><\/div>\n<\/p><\/div>\n<div style='display: flex; flex-wrap: wrap; gap: 20px; margin-bottom: 30px;'>\n<div style='flex: 1 1 100%; border: 1px solid rgba(150&comma;150&comma;150&comma;0.4); border-radius: 8px; overflow: hidden; display: flex; flex-direction: column;'>\n<div style='padding: 15px; border-bottom: 1px solid rgba(150&comma;150&comma;150&comma;0.2); font-weight: bold; font-size: 18px; color: inherit;'>Componentes Recomendados (No Incluidos)<\/div>\n<div style='padding: 15px; color: inherit;'>\n<table style='width: 100%; border-collapse: collapse; font-size: 14px;'>\n<thead style='background-color: #f5f5f5;'>\n<tr>\n<th style='padding: 10px; border: 1px solid rgba(150&comma;150&comma;150&comma;0.3); text-align: center;'>Modelo<\/th>\n<th style='padding: 10px; border: 1px solid rgba(150&comma;150&comma;150&comma;0.3); text-align: left;'>Descripci\u00f3n<\/th>\n<\/tr>\n<\/thead>\n<tbody>\n<tr>\n<td style='padding: 8px; border: 1px solid rgba(150&comma;150&comma;150&comma;0.3); text-align: center;'><a style='color: #2880b9; text-decoration: none; font-weight: bold;' href='https:\/\/www.syscom.mx\/principal\/searchcont?route=SLY-287-GRN-INDIANA-176933&#038;autodetect=SLY-287-GRN' target='_blank' rel='noopener'>SLY-287-GRN<\/a><\/td>\n<td style='padding: 8px; border: 1px solid rgba(150&comma;150&comma;150&comma;0.3);'>Cable de Cobre Recubierto THW-LS Calibre 4 AWG 19 Hilos Color Verde<\/td>\n<\/tr>\n<tr>\n<td style='padding: 8px; border: 1px solid rgba(150&comma;150&comma;150&comma;0.3); text-align: center;'><a style='color: #2880b9; text-decoration: none; font-weight: bold;' href='https:\/\/www.syscom.mx\/principal\/searchcont?route=SLY-304-GRN-INDIANA-84921&#038;autodetect=SLY-304' target='_blank' rel='noopener'>SLY-304-GRN<\/a><\/td>\n<td style='padding: 8px; border: 1px solid rgba(150&comma;150&comma;150&comma;0.3);'>Cable 10 awg color verde<\/td>\n<\/tr>\n<tr>\n<td style='padding: 8px; border: 1px solid rgba(150&comma;150&comma;150&comma;0.3); text-align: center;'><a style='color: #2880b9; text-decoration: none; font-weight: bold;' href='https:\/\/www.syscom.mx\/principal\/searchcont?route=PNL-1\/0-L-PANDUIT-141936&#038;autodetect=PNL-1\/0-L' target='_blank' rel='noopener'>PNL-1\/0-L<\/a><\/td>\n<td style='padding: 8px; border: 1px solid rgba(150&comma;150&comma;150&comma;0.3);'>Terminal Cal. 8 a 1\/0 AWG&comma; Orificio para perno de 5\/16&#8242;<\/td>\n<\/tr>\n<tr>\n<td style='padding: 8px; border: 1px solid rgba(150&comma;150&comma;150&comma;0.3); text-align: center;'><a style='color: #2880b9; text-decoration: none; font-weight: bold;' href='https:\/\/www.syscom.mx\/principal\/searchcont?route=HUB-TP-10-516-HUBBELL-BURNDY-209724&#038;autodetect=HUB-TP-10-516' target='_blank' rel='noopener'>HUB-TP-10-516<\/a><\/td>\n<td style='padding: 8px; border: 1px solid rgba(150&comma;150&comma;150&comma;0.3);'>Terminal de Ojillo 5\/16 in (8 mm)\/ Calibre 12-10 AWG<\/td>\n<\/tr>\n<tr>\n<td style='padding: 8px; border: 1px solid rgba(150&comma;150&comma;150&comma;0.3); text-align: center;'><a style='color: #2880b9; text-decoration: none; font-weight: bold;' href='https:\/\/www.syscom.mx\/principal\/searchcont?route=HUB-T10-14-HUBBELL-BURNDY-207973&#038;autodetect=HUB-T10-14' target='_blank' rel='noopener'>HUB-T10-14<\/a><\/td>\n<td style='padding: 8px; border: 1px solid rgba(150&comma;150&comma;150&comma;0.3);'>Terminal de Ojillo para Tornillo de 1\/4&#8242; (6 mm) y Calibre 12-10 AWG.<\/td>\n<\/tr>\n<\/tbody>\n<\/table><\/div>\n<\/p><\/div>\n<\/p><\/div>\n<div style='margin: 30px 0; text-align: center;'>\n<h3 style='font-size: 20px; color: inherit; margin-bottom: 20px; opacity: 0.8;'>Curso b\u00e1sico para selecci\u00f3n e implementaci\u00f3n de sistemas de protecci\u00f3n<\/h3>\n<div style='display: flex; flex-wrap: wrap; justify-content: center; gap: 20px;'>\n<div style='position: relative; padding-bottom: 56.25%; height: 0; overflow: hidden; flex: 1 1 400px; min-width: 300px;'>   <\/div>\n<div style='position: relative; padding-bottom: 56.25%; height: 0; overflow: hidden; flex: 1 1 400px; min-width: 300px;'>   <\/div>\n<\/p><\/div>\n<\/p><\/div>\n<hr style='border: 0; border-top: 1px solid rgba(150&comma; 150&comma; 150&comma; 0.3); margin: 30px 0;'> <\/div>\n","protected":false},"excerpt":{"rendered":"<p>Kit de puesta a tierra LinkedPro, para protecci\u00f3n de hasta 200 Amp.<\/p>\n","protected":false},"featured_media":40483,"comment_status":"open","ping_status":"closed","template":"","meta":[],"product_brand":[],"product_cat":[1131],"product_tag":[1088,435,1132],"class_list":{"0":"post-40484","1":"product","2":"type-product","3":"status-publish","4":"has-post-thumbnail","6":"product_cat-tierras-fisicas","7":"product_tag-calidad-de-la-energia","8":"product_tag-linkedpro-by-epcom","9":"product_tag-tierras-fisicas","11":"first","12":"instock","13":"sale","14":"shipping-taxable","15":"purchasable","16":"product-type-simple"},"_links":{"self":[{"href":"https:\/\/soydeaqui.ddns.net\/pachuca\/index.php\/wp-json\/wp\/v2\/product\/40484","targetHints":{"allow":["GET"]}}],"collection":[{"href":"https:\/\/soydeaqui.ddns.net\/pachuca\/index.php\/wp-json\/wp\/v2\/product"}],"about":[{"href":"https:\/\/soydeaqui.ddns.net\/pachuca\/index.php\/wp-json\/wp\/v2\/types\/product"}],"replies":[{"embeddable":true,"href":"https:\/\/soydeaqui.ddns.net\/pachuca\/index.php\/wp-json\/wp\/v2\/comments?post=40484"}],"wp:featuredmedia":[{"embeddable":true,"href":"https:\/\/soydeaqui.ddns.net\/pachuca\/index.php\/wp-json\/wp\/v2\/media\/40483"}],"wp:attachment":[{"href":"https:\/\/soydeaqui.ddns.net\/pachuca\/index.php\/wp-json\/wp\/v2\/media?parent=40484"}],"wp:term":[{"taxonomy":"product_brand","embeddable":true,"href":"https:\/\/soydeaqui.ddns.net\/pachuca\/index.php\/wp-json\/wp\/v2\/product_brand?post=40484"},{"taxonomy":"product_cat","embeddable":true,"href":"https:\/\/soydeaqui.ddns.net\/pachuca\/index.php\/wp-json\/wp\/v2\/product_cat?post=40484"},{"taxonomy":"product_tag","embeddable":true,"href":"https:\/\/soydeaqui.ddns.net\/pachuca\/index.php\/wp-json\/wp\/v2\/product_tag?post=40484"}],"curies":[{"name":"wp","href":"https:\/\/api.w.org\/{rel}","templated":true}]}}