{"id":40476,"date":"2026-03-18T17:49:18","date_gmt":"2026-03-18T17:49:18","guid":{"rendered":"https:\/\/soydeaqui.ddns.net\/pachuca\/index.php\/producto\/proteccion-termica-interruptor-2p-40-a-corriente-alterna-400vca-para-aplicacion-fotovoltaica-montaje-riel-din\/"},"modified":"2026-03-18T17:49:18","modified_gmt":"2026-03-18T17:49:18","slug":"proteccion-termica-interruptor-2p-40-a-corriente-alterna-400vca-para-aplicacion-fotovoltaica-montaje-riel-din","status":"publish","type":"product","link":"https:\/\/soydeaqui.ddns.net\/pachuca\/index.php\/producto\/proteccion-termica-interruptor-2p-40-a-corriente-alterna-400vca-para-aplicacion-fotovoltaica-montaje-riel-din\/","title":{"rendered":"Protecci\u00f3n T\u00e9rmica\/ Interruptor 2P, 40 A,  Corriente Alterna 400Vca para Aplicaci\u00f3n Fotovoltaica Montaje Riel DIN"},"content":{"rendered":"<div style='width: 100%; max-width: 1200px; margin: 0 auto; font-family: sans-serif; line-height: 1.6; color: inherit; background-color: transparent;'> <!-- Secci\u00f3n de caracter\u00edsticas --> <\/p>\n<div style='display: flex; flex-wrap: wrap; gap: 30px; margin-bottom: 30px;'>\n<div style='flex: 1 1 300px; min-width: 280px;'>\n<h3 style='font-size: 22px; border-bottom: 2px solid currentColor; padding-bottom: 5px; margin-top: 0; color: inherit; opacity: 0.8;'>PAR\u00c1METROS GENERALES<\/h3>\n<ul style='padding-left: 20px; font-size: 15px; color: inherit;'>\n<li style='margin-bottom: 5px;'>Adecuado para la protecci\u00f3n de instalaciones el\u00e9ctricas contra <strong style='color: inherit;'>cortocircuitos<\/strong> y <strong style='color: inherit;'>sobrecorrientes<\/strong><\/li>\n<li style='margin-bottom: 5px;'>Dise\u00f1ado especialmente para la salida de inversores solares<\/li>\n<li style='margin-bottom: 5px;'>Ventana de indicaci\u00f3n y contacto de se\u00f1alizaci\u00f3n remota opcional que ayuda al usuario a conocer el estado del dispositivo<\/li>\n<li style='margin-bottom: 5px;'>Todas las partes conductoras est\u00e1n hechas de cobre&comma; con baja elevaci\u00f3n de temperatur<\/li>\n<\/ul><\/div>\n<\/p><\/div>\n<p> <!-- Secci\u00f3n de especificaciones el\u00e9ctricas --> <\/p>\n<div style='display: flex; flex-wrap: wrap; gap: 20px; margin-bottom: 30px;'>\n<div style='flex: 1 1 250px; border: 1px solid rgba(150&comma; 150&comma; 150&comma; 0.4); border-radius: 8px; overflow: hidden; display: flex; flex-direction: column;'>\n<div style='padding: 15px; border-bottom: 1px solid rgba(150&comma; 150&comma; 150&comma; 0.2); font-weight: bold; font-size: 18px; color: inherit;'>PAR\u00c1METROS EL\u00c9CTRICOS<\/div>\n<div style='padding: 15px; color: inherit;'>\n<ul style='padding-left: 20px; margin: 0; font-size: 14px; list-style-type: disc;'>\n<li style='margin-bottom: 5px;'><strong style='color: inherit;'>Modelo del producto:<\/strong> SCB8-63<\/li>\n<li style='margin-bottom: 5px;'><strong style='color: inherit;'>Polos:<\/strong> 2P<\/li>\n<li style='margin-bottom: 5px;'><strong style='color: inherit;'>Tensi\u00f3n nominal de operaci\u00f3n (Ue):<\/strong> 400VAC<\/li>\n<li style='margin-bottom: 5px;'><strong style='color: inherit;'>Corriente nominal de operaci\u00f3n (In):<\/strong> 40A<\/li>\n<li style='margin-bottom: 5px;'><strong style='color: inherit;'>Frecuencia (Hz):<\/strong> 50\/60Hz<\/li>\n<li style='margin-bottom: 5px;'><strong style='color: inherit;'>Poder de corte m\u00e1ximo (Icu):<\/strong> 6kA<\/li>\n<li style='margin-bottom: 5px;'><strong style='color: inherit;'>Capacidad de ruptura nominal (Ics):<\/strong> 6kA<\/li>\n<li style='margin-bottom: 5px;'><strong style='color: inherit;'>Corriente de impulso m\u00e1xima (Iimp):<\/strong> 6kA<\/li>\n<li style='margin-bottom: 5px;'><strong style='color: inherit;'>Vida mec\u00e1nica:<\/strong> 20&comma;000 ciclos<\/li>\n<li style='margin-bottom: 5px;'><strong style='color: inherit;'>Vida el\u00e9ctrica:<\/strong> 4&comma;000 ciclos<\/li>\n<li style='margin-bottom: 5px;'><strong style='color: inherit;'>Nivel de retardante de llama del gabinete:<\/strong> V0<\/li>\n<li style='margin-bottom: 5px;'><strong style='color: inherit;'>Dimensiones del dispositivo (Ancho x Alto):<\/strong> 36\u00d779.5\u00d777.5 mm<\/li>\n<li style='margin-bottom: 5px;'><strong style='color: inherit;'>M\u00e9todo de montaje:<\/strong> Riel DIN<\/li>\n<li style='margin-bottom: 5px;'><strong style='color: inherit;'>Montaje:<\/strong> F\u00e1cil instalaci\u00f3n y fijaci\u00f3n sobre riel DIN de 35 mm<\/li>\n<li style='margin-bottom: 5px;'><strong style='color: inherit;'>Capacidad del terminal:<\/strong> 25 mm\u00b2<\/li>\n<li style='margin-bottom: 5px;'><strong style='color: inherit;'>Par de apriete de terminales:<\/strong> 3N<\/li>\n<li style='margin-bottom: 5px;'><strong style='color: inherit;'>Ubicaci\u00f3n:<\/strong> Interior o dentro de caja a prueba de agua<\/li>\n<li style='margin-bottom: 5px;'><strong style='color: inherit;'>Temperatura ambiente:<\/strong> -5 \u00b0C a 50 \u00b0C<\/li>\n<li style='margin-bottom: 5px;'><strong style='color: inherit;'>Altitud:<\/strong> \u2264 2000 m<\/li>\n<li style='margin-bottom: 5px;'><strong style='color: inherit;'>Humedad relativa:<\/strong> 90%<\/li>\n<li style='margin-bottom: 5px;'><strong style='color: inherit;'>Peso (por polo):<\/strong> 0.12 kg<\/li>\n<li style='margin-bottom: 5px;'><strong style='color: inherit;'>Nivel de contaminaci\u00f3n:<\/strong> 2<\/li>\n<li style='margin-bottom: 5px;'><strong style='color: inherit;'>Clase de instalaci\u00f3n:<\/strong> II \/ III<\/li>\n<\/ul><\/div>\n<\/p><\/div>\n<\/p><\/div>\n<p> <!-- Secci\u00f3n de precauciones de instalaci\u00f3n --> <\/p>\n<div style='display: flex; flex-wrap: wrap; gap: 30px; margin-bottom: 30px;'>\n<div style='flex: 1 1 300px; min-width: 280px;'>\n<h3 style='font-size: 22px; border-bottom: 2px solid currentColor; padding-bottom: 5px; margin-top: 0; color: inherit; opacity: 0.8;'>PRECAUCIONES DE INSTALACI\u00d3N<\/h3>\n<ul style='padding-left: 20px; font-size: 15px; color: inherit;'>\n<li style='margin-bottom: 5px;'>Puede instalarse tanto en posici\u00f3n horizontal como vertical<\/li>\n<li style='margin-bottom: 5px;'>No debe instalarse en lugares inflamables o con riesgo de explosi\u00f3n<\/li>\n<li style='margin-bottom: 5px;'>No debe haber impactos ni vibraciones significativas en el lugar de instalaci\u00f3n<\/li>\n<\/ul><\/div>\n<\/p><\/div>\n<p> <!-- Separador --> <\/p>\n<hr style='border: 0; border-top: 1px solid rgba(150&comma; 150&comma; 150&comma; 0.3); margin: 30px 0;'> <\/div>\n","protected":false},"excerpt":{"rendered":"<p>Protecci\u00f3n T\u00e9rmica\/ Interruptor 2P, 40 A,  Corriente Alterna 400Vca para Aplicaci\u00f3n Fotovoltaica Montaje Riel DIN<\/p>\n","protected":false},"featured_media":40475,"comment_status":"open","ping_status":"closed","template":"","meta":[],"product_brand":[],"product_cat":[1246],"product_tag":[1088,728,1247],"class_list":{"0":"post-40476","1":"product","2":"type-product","3":"status-publish","4":"has-post-thumbnail","6":"product_cat-supresor-de-picos-vcc","7":"product_tag-calidad-de-la-energia","8":"product_tag-suntree","9":"product_tag-supresor-de-picos-vcc","11":"first","12":"outofstock","13":"sale","14":"shipping-taxable","15":"purchasable","16":"product-type-simple"},"_links":{"self":[{"href":"https:\/\/soydeaqui.ddns.net\/pachuca\/index.php\/wp-json\/wp\/v2\/product\/40476","targetHints":{"allow":["GET"]}}],"collection":[{"href":"https:\/\/soydeaqui.ddns.net\/pachuca\/index.php\/wp-json\/wp\/v2\/product"}],"about":[{"href":"https:\/\/soydeaqui.ddns.net\/pachuca\/index.php\/wp-json\/wp\/v2\/types\/product"}],"replies":[{"embeddable":true,"href":"https:\/\/soydeaqui.ddns.net\/pachuca\/index.php\/wp-json\/wp\/v2\/comments?post=40476"}],"wp:featuredmedia":[{"embeddable":true,"href":"https:\/\/soydeaqui.ddns.net\/pachuca\/index.php\/wp-json\/wp\/v2\/media\/40475"}],"wp:attachment":[{"href":"https:\/\/soydeaqui.ddns.net\/pachuca\/index.php\/wp-json\/wp\/v2\/media?parent=40476"}],"wp:term":[{"taxonomy":"product_brand","embeddable":true,"href":"https:\/\/soydeaqui.ddns.net\/pachuca\/index.php\/wp-json\/wp\/v2\/product_brand?post=40476"},{"taxonomy":"product_cat","embeddable":true,"href":"https:\/\/soydeaqui.ddns.net\/pachuca\/index.php\/wp-json\/wp\/v2\/product_cat?post=40476"},{"taxonomy":"product_tag","embeddable":true,"href":"https:\/\/soydeaqui.ddns.net\/pachuca\/index.php\/wp-json\/wp\/v2\/product_tag?post=40476"}],"curies":[{"name":"wp","href":"https:\/\/api.w.org\/{rel}","templated":true}]}}