{"id":40460,"date":"2026-03-18T17:48:54","date_gmt":"2026-03-18T17:48:54","guid":{"rendered":"https:\/\/soydeaqui.ddns.net\/pachuca\/index.php\/producto\/inversor-solar-variador-de-frecuencia-para-bombas-de-agua-ac-de-4kw-5-hp-440v-alto-rendimiento-y-solucion-ecologica-2\/"},"modified":"2026-03-18T17:48:56","modified_gmt":"2026-03-18T17:48:56","slug":"inversor-solar-variador-de-frecuencia-para-bombas-de-agua-ac-de-4kw-5-hp-440v-alto-rendimiento-y-solucion-ecologica-2","status":"publish","type":"product","link":"https:\/\/soydeaqui.ddns.net\/pachuca\/index.php\/producto\/inversor-solar-variador-de-frecuencia-para-bombas-de-agua-ac-de-4kw-5-hp-440v-alto-rendimiento-y-solucion-ecologica-2\/","title":{"rendered":"Inversor Solar Variador de Frecuencia para Bombas de Agua AC de 4KW (5 HP)  440V: Alto Rendimiento y Soluci\u00f3n Ecol\u00f3gica"},"content":{"rendered":"<div style='width: 100%; max-width: 1200px; margin: 0 auto; font-family: sans-serif; line-height: 1.6; color: inherit; background-color: transparent;'>\n<div style='display: flex; flex-wrap: wrap; gap: 30px; margin-bottom: 30px;'>\n<div style='flex: 1 1 300px; min-width: 280px;'>\n<h3 style='font-size: 22px; border-bottom: 2px solid currentColor; padding-bottom: 5px; margin-top: 0; color: inherit; opacity: 0.8;'>Especificaciones T\u00e9cnicas<\/h3>\n<ul style='padding-left: 20px; font-size: 15px; color: inherit;'>\n<li style='margin-bottom: 5px;'><strong>Potencia de salida nominal:<\/strong> 4 kW 5HP<\/li>\n<li style='margin-bottom: 5px;'><strong>Voltaje de entrada AC:<\/strong> 380(-15%)~440(+10%) VAC<\/li>\n<li style='margin-bottom: 5px;'><strong>Voltaje de salida AC:<\/strong> 3 fases 0~440 V<\/li>\n<li style='margin-bottom: 5px;'><strong>Voltaje m\u00e1ximo DC:<\/strong> 800 V<\/li>\n<li style='margin-bottom: 5px;'><strong>Voltaje de arranque DC:<\/strong> 300 V<\/li>\n<li style='margin-bottom: 5px;'><strong>Rango recomendado de voltaje DC de entrada:<\/strong> 300~750 V<\/li>\n<li style='margin-bottom: 5px;'><strong>Corriente de entrada nominal:<\/strong> 13.5 A<\/li>\n<li style='margin-bottom: 5px;'><strong>Corriente de salida:<\/strong> 9.5 A<\/li>\n<\/ul><\/div>\n<\/p><\/div>\n<div style='display: flex; flex-wrap: wrap; gap: 30px; margin-bottom: 30px;'>\n<div style='flex: 1 1 300px; min-width: 280px;'>\n<h3 style='font-size: 22px; border-bottom: 2px solid currentColor; padding-bottom: 5px; margin-top: 0; color: inherit; opacity: 0.8;'>Caracter\u00edsticas Clave<\/h3>\n<ul style='padding-left: 20px; font-size: 15px; color: inherit;'>\n<li style='margin-bottom: 5px;'>Alta Eficiencia Autom\u00e1tica MPPT<\/li>\n<li style='margin-bottom: 5px;'>Funci\u00f3n de seguimiento del punto m\u00e1ximo de potencia para maximizar la eficiencia del sistema de bombeo.<\/li>\n<li style='margin-bottom: 5px;'>Mejor Soluci\u00f3n Off-Grid<\/li>\n<li style='margin-bottom: 5px;'>Para \u00e1reas aisladas&comma; el inversor de bomba solar sin bater\u00eda es la soluci\u00f3n m\u00e1s ideal para bombear agua.<\/li>\n<li style='margin-bottom: 5px;'>Protecci\u00f3n Profesional de Bomba<\/li>\n<li style='margin-bottom: 5px;'>Arranque y parada autom\u00e1ticos por la ma\u00f1ana&comma; para tanque lleno y escasez de agua en el pozo.<\/li>\n<li style='margin-bottom: 5px;'>F\u00e1cil Operaci\u00f3n y Programaci\u00f3n<\/li>\n<li style='margin-bottom: 5px;'>El inversor es completamente autom\u00e1tico. Despu\u00e9s de conectar los cables correctamente&comma; enci\u00e9ndalo y funcionar\u00e1.<\/li>\n<\/ul><\/div>\n<\/p><\/div>\n<div style='display: flex; flex-wrap: wrap; gap: 30px; margin-bottom: 30px;'>\n<div style='flex: 1 1 300px; min-width: 280px;'>\n<h3 style='font-size: 22px; border-bottom: 2px solid currentColor; padding-bottom: 5px; margin-top: 0; color: inherit; opacity: 0.8;'>Aplicaciones<\/h3>\n<p style='font-size: 15px; color: inherit;'>El Inversor de Bomba Solar FU9000SI-004G-4 de USFULL es ideal para sistemas de bombeo de agua solares fuera de red en \u00e1reas residenciales&comma; agr\u00edcolas e industriales. Con su dise\u00f1o robusto y caracter\u00edsticas avanzadas&comma; brinda una soluci\u00f3n eficiente y confiable para el suministro de agua.<\/p>\n<\/p><\/div>\n<\/p><\/div>\n<div style='display: flex; flex-wrap: wrap; gap: 30px; margin-bottom: 30px;'>\n<div style='flex: 1 1 300px; min-width: 280px;'>\n<h3 style='font-size: 22px; border-bottom: 2px solid currentColor; padding-bottom: 5px; margin-top: 0; color: inherit; opacity: 0.8;'>Consideraciones de Instalaci\u00f3n<\/h3>\n<ul style='padding-left: 20px; font-size: 15px; color: inherit;'>\n<li style='margin-bottom: 5px;'><strong>Inversor variador de frecuencia para bombas AC:<\/strong> Dise\u00f1ado para bombas de 4kW a 440V<\/li>\n<li style='margin-bottom: 5px;'><strong>Compatibilidad:<\/strong> No es compatible con cajas controladoras ni bombas de 2 capacitores<\/li>\n<li style='margin-bottom: 5px;'><strong>Distancia m\u00e1xima:<\/strong> La distancia entre el inversor y la bomba de agua no debe ser mayor a 50m<\/li>\n<\/ul><\/div>\n<\/p><\/div>\n<div style='display: flex; flex-wrap: wrap; gap: 30px; margin-bottom: 30px;'>\n<div style='flex: 1 1 100%;'> <img style='width: 100%; height: auto; border: 1px solid rgba(150&comma;150&comma;150&comma;0.3); border-radius: 8px;' src='https:\/\/ftp3.syscom.mx\/usuarios\/jchavez\/dimensions%20.75-%204kw.jpg' alt=''> <\/div>\n<\/p><\/div>\n<div style='display: flex; flex-wrap: wrap; gap: 30px; margin-bottom: 30px;'>\n<div style='flex: 1 1 100%;'> <img style='width: 100%; height: auto; border: 1px solid rgba(150&comma;150&comma;150&comma;0.3); border-radius: 8px;' src='https:\/\/ftp3.syscom.mx\/usuarios\/jchavez\/conexion%20inversor.jpg' alt=''> <\/div>\n<\/p><\/div>\n<div style='display: flex; flex-wrap: wrap; gap: 30px; margin-bottom: 30px;'>\n<div style='flex: 1 1 100%;'> <img style='width: 100%; height: auto; border: 1px solid rgba(150&comma;150&comma;150&comma;0.3); border-radius: 8px;' src='https:\/\/ftp3.syscom.mx\/usuarios\/mchaparro\/ANDRES\/Usfull.jpeg' alt=''> <\/div>\n<\/p><\/div>\n<hr style='border: 0; border-top: 1px solid rgba(150&comma; 150&comma; 150&comma; 0.3); margin: 30px 0;'> <\/div>\n","protected":false},"excerpt":{"rendered":"<p>Inversor Solar Variador de Frecuencia para Bombas de Agua AC de 4KW (5 HP)  440V: Alto Rendimiento y Soluci\u00f3n Ecol\u00f3gica<\/p>\n","protected":false},"featured_media":40459,"comment_status":"open","ping_status":"closed","template":"","meta":[],"product_brand":[],"product_cat":[1184],"product_tag":[1185,1187,1186],"class_list":{"0":"post-40460","1":"product","2":"type-product","3":"status-publish","4":"has-post-thumbnail","6":"product_cat-variadores-y-accesorios","7":"product_tag-bombeo","8":"product_tag-usfull","9":"product_tag-variadores-y-accesorios","11":"first","12":"outofstock","13":"sale","14":"shipping-taxable","15":"purchasable","16":"product-type-simple"},"_links":{"self":[{"href":"https:\/\/soydeaqui.ddns.net\/pachuca\/index.php\/wp-json\/wp\/v2\/product\/40460","targetHints":{"allow":["GET"]}}],"collection":[{"href":"https:\/\/soydeaqui.ddns.net\/pachuca\/index.php\/wp-json\/wp\/v2\/product"}],"about":[{"href":"https:\/\/soydeaqui.ddns.net\/pachuca\/index.php\/wp-json\/wp\/v2\/types\/product"}],"replies":[{"embeddable":true,"href":"https:\/\/soydeaqui.ddns.net\/pachuca\/index.php\/wp-json\/wp\/v2\/comments?post=40460"}],"wp:featuredmedia":[{"embeddable":true,"href":"https:\/\/soydeaqui.ddns.net\/pachuca\/index.php\/wp-json\/wp\/v2\/media\/40459"}],"wp:attachment":[{"href":"https:\/\/soydeaqui.ddns.net\/pachuca\/index.php\/wp-json\/wp\/v2\/media?parent=40460"}],"wp:term":[{"taxonomy":"product_brand","embeddable":true,"href":"https:\/\/soydeaqui.ddns.net\/pachuca\/index.php\/wp-json\/wp\/v2\/product_brand?post=40460"},{"taxonomy":"product_cat","embeddable":true,"href":"https:\/\/soydeaqui.ddns.net\/pachuca\/index.php\/wp-json\/wp\/v2\/product_cat?post=40460"},{"taxonomy":"product_tag","embeddable":true,"href":"https:\/\/soydeaqui.ddns.net\/pachuca\/index.php\/wp-json\/wp\/v2\/product_tag?post=40460"}],"curies":[{"name":"wp","href":"https:\/\/api.w.org\/{rel}","templated":true}]}}