{"id":40447,"date":"2026-03-18T17:48:38","date_gmt":"2026-03-18T17:48:38","guid":{"rendered":"https:\/\/soydeaqui.ddns.net\/pachuca\/index.php\/producto\/inversor-solar-variador-de-frecuencia-para-bombas-de-agua-ac-de-11kw-14hp-440v-potencia-y-eficiencia-para-aplicaciones-exigentes-2\/"},"modified":"2026-03-18T17:48:41","modified_gmt":"2026-03-18T17:48:41","slug":"inversor-solar-variador-de-frecuencia-para-bombas-de-agua-ac-de-11kw-14hp-440v-potencia-y-eficiencia-para-aplicaciones-exigentes-2","status":"publish","type":"product","link":"https:\/\/soydeaqui.ddns.net\/pachuca\/index.php\/producto\/inversor-solar-variador-de-frecuencia-para-bombas-de-agua-ac-de-11kw-14hp-440v-potencia-y-eficiencia-para-aplicaciones-exigentes-2\/","title":{"rendered":"Inversor Solar &#8211; Variador de Frecuencia para Bombas de Agua AC de 11KW (14HP)   440V: Potencia y Eficiencia para Aplicaciones Exigentes"},"content":{"rendered":"<div style='width: 100%; max-width: 1200px; margin: 0 auto; font-family: sans-serif; line-height: 1.6; color: inherit; background-color: transparent;'>\n<div style='display: flex; flex-wrap: wrap; gap: 30px; margin-bottom: 30px;'>\n<div style='flex: 1 1 300px; min-width: 280px;'>\n<h3 style='font-size: 22px; border-bottom: 2px solid currentColor; padding-bottom: 5px; margin-top: 0; color: inherit; opacity: 0.8;'>Caracter\u00edsticas T\u00e9cnicas<\/h3>\n<ul style='padding-left: 20px; font-size: 15px; color: inherit;'>\n<li style='margin-bottom: 5px;'>Potencia de salida nominal: 11 kW 14HP<\/li>\n<li style='margin-bottom: 5px;'>Voltaje de entrada AC: 380(-15%)~440(+10%) VAC<\/li>\n<li style='margin-bottom: 5px;'>Voltaje de salida AC: 3 fases 0~440 V<\/li>\n<li style='margin-bottom: 5px;'>Voltaje m\u00e1ximo DC: 800 V<\/li>\n<li style='margin-bottom: 5px;'>Voltaje de arranque DC: 300 V<\/li>\n<li style='margin-bottom: 5px;'>Rango recomendado de voltaje DC de entrada: 300~750 V<\/li>\n<li style='margin-bottom: 5px;'>Corriente de entrada nominal: 32 A\n<ul style='padding-left: 20px; margin-top: 5px; margin-bottom: 5px;'>\n<li style='margin-bottom: 5px;'>Corriente de salida: 25 A<\/li>\n<\/ul>\n<\/li>\n<\/ul>\n<\/div>\n<div style='flex: 1 1 300px; min-width: 280px;'>\n<h3 style='font-size: 22px; border-bottom: 2px solid currentColor; padding-bottom: 5px; margin-top: 0; color: inherit; opacity: 0.8;'>Caracter\u00edsticas Principales<\/h3>\n<ul style='padding-left: 20px; font-size: 15px; color: inherit;'>\n<li style='margin-bottom: 5px;'>MPPT autom\u00e1tico de alta eficiencia<\/li>\n<li style='margin-bottom: 5px;'>La mejor soluci\u00f3n fuera de la red<\/li>\n<li style='margin-bottom: 5px;'>Protecci\u00f3n profesional de bombas<\/li>\n<\/ul>\n<\/div>\n<\/div>\n<div style='display: flex; flex-wrap: wrap; gap: 20px; margin-bottom: 30px;'>\n<div style='flex: 1 1 250px; border: 1px solid rgba(150&comma; 150&comma; 150&comma; 0.4); border-radius: 8px; overflow: hidden; display: flex; flex-direction: column;'>\n<div style='padding: 15px; border-bottom: 1px solid rgba(150&comma; 150&comma; 150&comma; 0.2); font-weight: bold; font-size: 18px; color: inherit;'>Detalles del Producto<\/div>\n<div style='padding: 15px; color: inherit;'>\n<p style='margin: 0 0 15px 0;'>Inversor variador de frecuencia para bombas AC dise\u00f1ado para bombas de 11kw a 440v<\/p>\n<p style='margin: 0 0 15px 0;'>F\u00e1cil de instalar&comma; el inversor alimenta por medio de energ\u00eda solar a bombas de agua.<\/p>\n<\/div>\n<\/div>\n<div style='flex: 1 1 250px; border: 1px solid rgba(150&comma; 150&comma; 150&comma; 0.4); border-radius: 8px; overflow: hidden; display: flex; flex-direction: column;'>\n<div style='padding: 15px; border-bottom: 1px solid rgba(150&comma; 150&comma; 150&comma; 0.2); font-weight: bold; font-size: 18px; color: inherit;'>Caracter\u00edsticas Adicionales<\/div>\n<div style='padding: 15px; color: inherit;'>\n<ul style='padding-left: 20px; margin: 0 0 15px 0; font-size: 14px; list-style-type: disc;'>\n<li style='margin-bottom: 5px;'>La funci\u00f3n de seguimiento del punto de m\u00e1xima potencia garantiza que el sistema obtenga la mayor potencia de salida del panel solar y maximiza la eficiencia del sistema de bombeo.<\/li>\n<li style='margin-bottom: 5px;'>Para el \u00e1rea fuera de la red&comma; el inversor de bomba solar sin bater\u00eda es la soluci\u00f3n ideal para el bombeo.<\/li>\n<li style='margin-bottom: 5px;'>Arranque y paro autom\u00e1tico por la ma\u00f1ana&comma; por dep\u00f3sito lleno y escasez de agua de pozo.<\/li>\n<\/ul>\n<\/div>\n<\/div>\n<\/div>\n<div style='display: flex; flex-wrap: wrap; gap: 30px; margin-bottom: 30px;'>\n<div style='flex: 1 1 300px; min-width: 280px;'>\n<h3 style='font-size: 22px; border-bottom: 2px solid currentColor; padding-bottom: 5px; margin-top: 0; color: inherit; opacity: 0.8;'>Especificaciones Adicionales<\/h3>\n<ul style='padding-left: 20px; font-size: 15px; color: inherit;'>\n<li style='margin-bottom: 5px;'><strong>*NO es compatible con cajas controladoras ni bombas de 2 capacitores<\/strong><\/li>\n<li style='margin-bottom: 5px;'><strong>* La distancia entre el inversor y la bomba de agua no debe ser mayor a 50m.<\/strong><\/li>\n<\/ul>\n<\/div>\n<\/div>\n<div style='display: flex; flex-wrap: wrap; gap: 30px; margin-bottom: 30px;'>\n<div style='flex: 1 1 300px; min-width: 280px;'>\n<h3 style='font-size: 22px; border-bottom: 2px solid currentColor; padding-bottom: 5px; margin-top: 0; color: inherit; opacity: 0.8;'>Diagramas<\/h3>\n<div style='display: flex; flex-direction: column; gap: 20px;'><img style='width: 100%; height: auto; border: 1px solid rgba(150&comma;150&comma;150&comma;0.3); border-radius: 8px;' src='https:\/\/ftp3.syscom.mx\/usuarios\/jchavez\/conexion%20inversor.jpg' alt=''><img style='width: 100%; height: auto; border: 1px solid rgba(150&comma;150&comma;150&comma;0.3); border-radius: 8px;' src='https:\/\/ftp3.syscom.mx\/usuarios\/mchaparro\/ANDRES\/Usfull.jpeg' alt='usfull'><\/div>\n<\/div>\n<\/div>\n<\/div>\n<hr style='border: 0; border-top: 1px solid rgba(150&comma; 150&comma; 150&comma; 0.3); margin: 30px 0;'><\/div>\n","protected":false},"excerpt":{"rendered":"<p>Inversor Solar &#8211; Variador de Frecuencia para Bombas de Agua AC de 11KW (14HP)   440V: Potencia y Eficiencia para Aplicaciones Exigentes<\/p>\n","protected":false},"featured_media":40446,"comment_status":"open","ping_status":"closed","template":"","meta":[],"product_brand":[],"product_cat":[1184],"product_tag":[1185,1187,1186],"class_list":{"0":"post-40447","1":"product","2":"type-product","3":"status-publish","4":"has-post-thumbnail","6":"product_cat-variadores-y-accesorios","7":"product_tag-bombeo","8":"product_tag-usfull","9":"product_tag-variadores-y-accesorios","11":"first","12":"outofstock","13":"sale","14":"shipping-taxable","15":"purchasable","16":"product-type-simple"},"_links":{"self":[{"href":"https:\/\/soydeaqui.ddns.net\/pachuca\/index.php\/wp-json\/wp\/v2\/product\/40447","targetHints":{"allow":["GET"]}}],"collection":[{"href":"https:\/\/soydeaqui.ddns.net\/pachuca\/index.php\/wp-json\/wp\/v2\/product"}],"about":[{"href":"https:\/\/soydeaqui.ddns.net\/pachuca\/index.php\/wp-json\/wp\/v2\/types\/product"}],"replies":[{"embeddable":true,"href":"https:\/\/soydeaqui.ddns.net\/pachuca\/index.php\/wp-json\/wp\/v2\/comments?post=40447"}],"wp:featuredmedia":[{"embeddable":true,"href":"https:\/\/soydeaqui.ddns.net\/pachuca\/index.php\/wp-json\/wp\/v2\/media\/40446"}],"wp:attachment":[{"href":"https:\/\/soydeaqui.ddns.net\/pachuca\/index.php\/wp-json\/wp\/v2\/media?parent=40447"}],"wp:term":[{"taxonomy":"product_brand","embeddable":true,"href":"https:\/\/soydeaqui.ddns.net\/pachuca\/index.php\/wp-json\/wp\/v2\/product_brand?post=40447"},{"taxonomy":"product_cat","embeddable":true,"href":"https:\/\/soydeaqui.ddns.net\/pachuca\/index.php\/wp-json\/wp\/v2\/product_cat?post=40447"},{"taxonomy":"product_tag","embeddable":true,"href":"https:\/\/soydeaqui.ddns.net\/pachuca\/index.php\/wp-json\/wp\/v2\/product_tag?post=40447"}],"curies":[{"name":"wp","href":"https:\/\/api.w.org\/{rel}","templated":true}]}}