{"id":40444,"date":"2026-03-18T17:48:32","date_gmt":"2026-03-18T17:48:32","guid":{"rendered":"https:\/\/soydeaqui.ddns.net\/pachuca\/index.php\/producto\/bracket-para-e-box-48100r-no-incluye-bateria\/"},"modified":"2026-03-18T17:48:34","modified_gmt":"2026-03-18T17:48:34","slug":"bracket-para-e-box-48100r-no-incluye-bateria","status":"publish","type":"product","link":"https:\/\/soydeaqui.ddns.net\/pachuca\/index.php\/producto\/bracket-para-e-box-48100r-no-incluye-bateria\/","title":{"rendered":"Bracket para  E-BOX-48100R (no incluye bater\u00eda)"},"content":{"rendered":"<div style='width: 100%; max-width: 1200px; margin: 0 auto; font-family: sans-serif; line-height: 1.6; color: inherit; background-color: transparent;'> <!-- T\u00edtulo principal --> <\/p>\n<div style='display: flex; flex-wrap: wrap; align-items: center; margin-bottom: 20px;'>\n<h2 style='font-size: 32px; margin: 0; color: inherit; opacity: 0.9;'>Bracket para E-BOX-48100R<\/h2>\n<\/p><\/div>\n<p> <!-- Secci\u00f3n de introducci\u00f3n --> <\/p>\n<div style='margin-bottom: 30px;'>\n<h3 style='font-size: 22px; border-bottom: 2px solid currentColor; padding-bottom: 5px; margin-top: 0; color: inherit; opacity: 0.8;'>Introducci\u00f3n<\/h3>\n<p style='font-size: 15px; color: inherit;'>Para instalar la bater\u00eda E-BOX-48100R de forma m\u00e1s c\u00f3moda y reducir los costes de instalaci\u00f3n&comma; DLG ha desarrollado este soporte para bater\u00eda. Puede usarlo con una sola bater\u00eda o con varios paquetes de bater\u00edas. En comparaci\u00f3n con el almacenamiento en armarios&comma; adem\u00e1s de ocupar menos espacio&comma; el soporte puede ventilar y reducir el calor mucho m\u00e1s f\u00e1cilmente.<\/p>\n<\/p><\/div>\n<p> <!-- Secci\u00f3n de par\u00e1metros --> <\/p>\n<div style='display: flex; flex-wrap: wrap; gap: 20px; margin-bottom: 30px;'>\n<div style='flex: 1 1 250px; border: 1px solid rgba(150&comma; 150&comma; 150&comma; 0.4); border-radius: 8px; overflow: hidden; display: flex; flex-direction: column;'>\n<div style='padding: 15px; border-bottom: 1px solid rgba(150&comma; 150&comma; 150&comma; 0.2); font-weight: bold; font-size: 18px; color: inherit;'>Par\u00e1metros<\/div>\n<div style='padding: 15px; color: inherit;'>\n<ul style='padding-left: 20px; margin: 0; font-size: 14px; list-style-type: disc;'>\n<li style='margin-bottom: 5px;'><strong>Dimensi\u00f3n unitaria:<\/strong> Front Bracket: 3.09&#215;1.57&#215;6.36inch \/ 78.5x40x161.5 mm<br \/>Rear Bracket: 2.45x3x6.10inch \/ 62.2x76x155 mm<\/li>\n<li style='margin-bottom: 5px;'><strong>Peso unitario:<\/strong> 1.65 kg<\/li>\n<\/ul><\/div>\n<\/p><\/div>\n<\/p><\/div>\n<p> <!-- Secci\u00f3n de instalaci\u00f3n --> <\/p>\n<div style='margin-bottom: 30px;'>\n<h3 style='font-size: 22px; border-bottom: 2px solid currentColor; padding-bottom: 5px; margin-top: 0; color: inherit; opacity: 0.8;'>Instalaci\u00f3n<\/h3>\n<div style='font-size: 14px; color: inherit;'>\n<p style='margin: 10px 0;'><strong>Bater\u00eda \u00fanica:<\/strong> una bater\u00eda debe estar equipada con 2 soportes.<\/p>\n<p style='margin: 10px 0;'>Tenga en cuenta que los soportes delantero y trasero son diferentes.<\/p>\n<p style='margin: 10px 0;'>El soporte frontal tiene orificios para tornillos adicionales para conectar con el panel de la bater\u00eda.<\/p>\n<p style='margin: 10px 0;'>Instale la bater\u00eda y el soporte horizontalmente durante la instalaci\u00f3n para evitar rayar el revestimiento aislante de la superficie de la bater\u00eda.<\/p>\n<p style='margin: 10px 0;'><strong>Varias bater\u00edas:<\/strong> El primer paso es instalar una sola bater\u00eda en el soporte.<\/p>\n<p style='margin: 10px 0;'>El m\u00e9todo de instalaci\u00f3n es el mismo que el m\u00e9todo anterior.<\/p>\n<p style='margin: 10px 0;'>El segundo paso requiere el montaje de la bater\u00eda.<\/p>\n<p style='margin: 10px 0;'>Hay cuatro hebillas en cada soporte.<\/p>\n<p style='margin: 10px 0;'>Despu\u00e9s de apilar las dos bater\u00edas&comma; se deben bloquear las hebillas de los soportes superior e inferior.<\/p>\n<p style='margin: 10px 0;'>Se recomienda apilar hasta 3 bater\u00edas.<\/p>\n<\/p><\/div>\n<\/p><\/div>\n<p> <!-- Separador final --> <\/p>\n<hr style='border: 0; border-top: 1px solid rgba(150&comma; 150&comma; 150&comma; 0.3); margin: 30px 0;'> <\/div>\n","protected":false},"excerpt":{"rendered":"<p>Bracket para  E-BOX-48100R (no incluye bater\u00eda)<\/p>\n","protected":false},"featured_media":40443,"comment_status":"open","ping_status":"closed","template":"","meta":[],"product_brand":[],"product_cat":[1104],"product_tag":[1085,1105,741],"class_list":{"0":"post-40444","1":"product","2":"type-product","3":"status-publish","4":"has-post-thumbnail","6":"product_cat-gabinetes-y-racks","7":"product_tag-baterias-y-cargadores","8":"product_tag-gabinetes-y-racks","9":"product_tag-pytes","11":"first","12":"instock","13":"sale","14":"shipping-taxable","15":"purchasable","16":"product-type-simple"},"_links":{"self":[{"href":"https:\/\/soydeaqui.ddns.net\/pachuca\/index.php\/wp-json\/wp\/v2\/product\/40444","targetHints":{"allow":["GET"]}}],"collection":[{"href":"https:\/\/soydeaqui.ddns.net\/pachuca\/index.php\/wp-json\/wp\/v2\/product"}],"about":[{"href":"https:\/\/soydeaqui.ddns.net\/pachuca\/index.php\/wp-json\/wp\/v2\/types\/product"}],"replies":[{"embeddable":true,"href":"https:\/\/soydeaqui.ddns.net\/pachuca\/index.php\/wp-json\/wp\/v2\/comments?post=40444"}],"wp:featuredmedia":[{"embeddable":true,"href":"https:\/\/soydeaqui.ddns.net\/pachuca\/index.php\/wp-json\/wp\/v2\/media\/40443"}],"wp:attachment":[{"href":"https:\/\/soydeaqui.ddns.net\/pachuca\/index.php\/wp-json\/wp\/v2\/media?parent=40444"}],"wp:term":[{"taxonomy":"product_brand","embeddable":true,"href":"https:\/\/soydeaqui.ddns.net\/pachuca\/index.php\/wp-json\/wp\/v2\/product_brand?post=40444"},{"taxonomy":"product_cat","embeddable":true,"href":"https:\/\/soydeaqui.ddns.net\/pachuca\/index.php\/wp-json\/wp\/v2\/product_cat?post=40444"},{"taxonomy":"product_tag","embeddable":true,"href":"https:\/\/soydeaqui.ddns.net\/pachuca\/index.php\/wp-json\/wp\/v2\/product_tag?post=40444"}],"curies":[{"name":"wp","href":"https:\/\/api.w.org\/{rel}","templated":true}]}}