{"id":40438,"date":"2026-03-18T17:48:23","date_gmt":"2026-03-18T17:48:23","guid":{"rendered":"https:\/\/soydeaqui.ddns.net\/pachuca\/index.php\/producto\/inversor-hibrido-interactivo-sol-ark-30-kw-220-vcc-3-fases-wifi-incluido-ip65-160-500-vcc-baterias\/"},"modified":"2026-03-18T17:48:25","modified_gmt":"2026-03-18T17:48:25","slug":"inversor-hibrido-interactivo-sol-ark-30-kw-220-vcc-3-fases-wifi-incluido-ip65-160-500-vcc-baterias","status":"publish","type":"product","link":"https:\/\/soydeaqui.ddns.net\/pachuca\/index.php\/producto\/inversor-hibrido-interactivo-sol-ark-30-kw-220-vcc-3-fases-wifi-incluido-ip65-160-500-vcc-baterias\/","title":{"rendered":"Inversor Hibrido Interactivo SOL-ARK, 30 Kw, 220 Vcc, 3 Fases,  WIFI incluido, IP65, 160-500 Vcc baterias"},"content":{"rendered":"<div style='width: 100%; max-width: 1200px; margin: 0 auto; font-family: sans-serif; line-height: 1.6; color: inherit; background-color: transparent;'> <!-- T\u00edtulos --> <\/p>\n<div style='text-align: center; margin-bottom: 30px;'>\n<h1 style='font-size: 46px; font-weight: 500; margin: 0; color: inherit; font-family: Neuropol&comma; sans-serif;'> Sol-Ark 30K 3<span style='color: #f39200;'>P N 208V<\/span> <\/h1>\n<p style='font-size: 22px; font-family: Poppins&comma; sans-serif; margin-top: 15px; color: inherit; background-color: #ecf0f1; padding: 15px; border-radius: 8px;'> Una soluci\u00f3n de energ\u00eda de respaldo capaz de ponerse en funcionamiento de manera instant\u00e1nea \u00a1Solo 5ms de transferencia! <\/p>\n<\/p><\/div>\n<p> <!-- Imagen --> <\/p>\n<div style='text-align: center; margin: 30px 0;'> <img style='width: 100%; max-width: 300px; height: auto; border: 1px solid rgba(150&comma;150&comma;150&comma;0.3); border-radius: 8px;' src='http:\/\/ftp3.syscom.mx\/usuarios\/ftp\/2025\/07\/29\/1858\/1753830341950.png_froala_688953c716661' alt=''> <\/div>\n<p> <!-- Secci\u00f3n de t\u00edtulo destacado --> <\/p>\n<div style='background-color: #000; color: #fff; padding: 20px; border-radius: 8px; margin: 30px 0;'>\n<h2 style='font-size: 35px; font-weight: 600; margin: 0; color: inherit; font-family: Inter&comma; sans-serif;'> La innovaci\u00f3n se encuentra con la tecnolog\u00eda <\/h2>\n<\/p><\/div>\n<p> <!-- T\u00edtulo principal del producto --> <\/p>\n<div style='background-color: #000; color: #fff; padding: 20px; border-radius: 8px; margin: 30px 0;'>\n<h1 style='font-size: 65px; font-weight: 400; margin: 0; color: inherit; font-family: Inter&comma; sans-serif;'> Inversor h\u00edbrido comercial Sol-Ark\u00ae 30K-3P-208V <\/h1>\n<\/p><\/div>\n<p> <!-- Bot\u00f3n de contacto --> <\/p>\n<div style='text-align: center; margin: 30px 0;'> <a href='https:\/\/www.sol-ark.com\/contact\/' style='padding: 15px 20px; display: inline-block; text-decoration: none; color: #fff; background-color: transparent; border: 1px solid #fff; border-radius: 50px; font: 600 16px\/16px Inter&comma; sans-serif; transition: all 0.3s; min-width: 120px; min-height: 42px; text-transform: capitalize; letter-spacing: 0.1px;'> Contacto <\/a> <\/div>\n<p> <!-- Caracter\u00edsticas --> <\/p>\n<div style='margin: 30px 0;'>\n<h2 style='font-size: 35px; font-weight: 500; margin-top: 0; color: inherit; font-family: Inter&comma; sans-serif; border-bottom: 2px solid currentColor; padding-bottom: 10px;'> Caracter\u00edsticas y beneficios del inversor comercial 30K-3P <\/h2>\n<div style='margin-top: 20px;'>\n<ul style='padding-left: 20px; font-size: 15px; color: inherit; list-style-type: disc;'>\n<li style='margin-bottom: 15px;'><strong style='color: #028edc;'>Capacidad de acoplamiento de CA y CC:<\/strong> admite acoplamiento de CA y CC&comma; lo que permite una integraci\u00f3n perfecta con sistemas solares fotovoltaicos existentes y nuevos conjuntos que simplifican las instalaciones comerciales.<\/li>\n<li style='margin-bottom: 15px;'><strong style='color: #028edc;'>Energ\u00eda modular y escalable:<\/strong> Dise\u00f1o modular y flexible que permite una f\u00e1cil expansi\u00f3n de 30kW a 300kW para adaptarse a las crecientes necesidades energ\u00e9ticas; hasta 10 inversores en paralelo + 16 bater\u00edas por inversor.<\/li>\n<li style='margin-bottom: 15px;'><strong style='color: #028edc;'>Energ\u00eda de respaldo sin interrupciones:<\/strong> proporciona transferencia confiable y ultrarr\u00e1pida de 5 ms y energ\u00eda de respaldo durante cortes en la red&comma; lo que garantiza la continuidad del negocio; paso a trav\u00e9s de la red de 200 A para aplicaciones simples conectadas a la red y de respaldo.<\/li>\n<li style='margin-bottom: 15px;'><strong style='color: #028edc;'>F\u00e1cil instalaci\u00f3n sin transformador para edificios comerciales ligeros:<\/strong> la salida trif\u00e1sica nativa de 120\/208 V simplifica la instalaci\u00f3n para la mayor\u00eda de los edificios comerciales ligeros.<\/li>\n<\/ul><\/div>\n<\/p><\/div>\n<p> <!-- Separador final --> <\/p>\n<hr style='border: 0; border-top: 1px solid rgba(150&comma; 150&comma; 150&comma; 0.3); margin: 30px 0;'> <\/div>\n","protected":false},"excerpt":{"rendered":"<p>Inversor Hibrido Interactivo SOL-ARK, 30 Kw, 220 Vcc, 3 Fases,  WIFI incluido, IP65, 160-500 Vcc baterias<\/p>\n","protected":false},"featured_media":40437,"comment_status":"open","ping_status":"closed","template":"","meta":[],"product_brand":[],"product_cat":[1092],"product_tag":[964,1093,1210],"class_list":{"0":"post-40438","1":"product","2":"type-product","3":"status-publish","4":"has-post-thumbnail","6":"product_cat-inversores-interconexion-on-grid","7":"product_tag-energia-solar","8":"product_tag-inversores-interconexion-on-grid","9":"product_tag-sol-ark","11":"first","12":"instock","13":"sale","14":"shipping-taxable","15":"purchasable","16":"product-type-simple"},"_links":{"self":[{"href":"https:\/\/soydeaqui.ddns.net\/pachuca\/index.php\/wp-json\/wp\/v2\/product\/40438","targetHints":{"allow":["GET"]}}],"collection":[{"href":"https:\/\/soydeaqui.ddns.net\/pachuca\/index.php\/wp-json\/wp\/v2\/product"}],"about":[{"href":"https:\/\/soydeaqui.ddns.net\/pachuca\/index.php\/wp-json\/wp\/v2\/types\/product"}],"replies":[{"embeddable":true,"href":"https:\/\/soydeaqui.ddns.net\/pachuca\/index.php\/wp-json\/wp\/v2\/comments?post=40438"}],"wp:featuredmedia":[{"embeddable":true,"href":"https:\/\/soydeaqui.ddns.net\/pachuca\/index.php\/wp-json\/wp\/v2\/media\/40437"}],"wp:attachment":[{"href":"https:\/\/soydeaqui.ddns.net\/pachuca\/index.php\/wp-json\/wp\/v2\/media?parent=40438"}],"wp:term":[{"taxonomy":"product_brand","embeddable":true,"href":"https:\/\/soydeaqui.ddns.net\/pachuca\/index.php\/wp-json\/wp\/v2\/product_brand?post=40438"},{"taxonomy":"product_cat","embeddable":true,"href":"https:\/\/soydeaqui.ddns.net\/pachuca\/index.php\/wp-json\/wp\/v2\/product_cat?post=40438"},{"taxonomy":"product_tag","embeddable":true,"href":"https:\/\/soydeaqui.ddns.net\/pachuca\/index.php\/wp-json\/wp\/v2\/product_tag?post=40438"}],"curies":[{"name":"wp","href":"https:\/\/api.w.org\/{rel}","templated":true}]}}