{"id":40436,"date":"2026-03-18T17:48:20","date_gmt":"2026-03-18T17:48:20","guid":{"rendered":"https:\/\/soydeaqui.ddns.net\/pachuca\/index.php\/producto\/terminal-de-compresion-de-canon-largo-para-tornillo-1-2-y-calibre-4-0-awg\/"},"modified":"2026-03-18T17:48:21","modified_gmt":"2026-03-18T17:48:21","slug":"terminal-de-compresion-de-canon-largo-para-tornillo-1-2-y-calibre-4-0-awg","status":"publish","type":"product","link":"https:\/\/soydeaqui.ddns.net\/pachuca\/index.php\/producto\/terminal-de-compresion-de-canon-largo-para-tornillo-1-2-y-calibre-4-0-awg\/","title":{"rendered":"Terminal de Compresi\u00f3n de Ca\u00f1\u00f3n Largo para Tornillo 1\/2 &#8221;  y Calibre 4\/0 AWG."},"content":{"rendered":"<div style='width: 100%; max-width: 1200px; margin: 0 auto; font-family: sans-serif; line-height: 1.6; color: inherit; background-color: transparent;'> <!-- Secci\u00f3n de caracter\u00edsticas --> <\/p>\n<div style='display: flex; flex-wrap: wrap; gap: 30px; margin-bottom: 30px;'>\n<div style='flex: 1 1 300px; min-width: 280px;'>\n<h3 style='font-size: 22px; border-bottom: 2px solid currentColor; padding-bottom: 5px; margin-top: 0; color: inherit; opacity: 0.8;'>Especificaciones<\/h3>\n<ul style='padding-left: 20px; font-size: 15px; color: inherit;'>\n<li style='margin-bottom: 5px;'><strong>Aplicaci\u00f3n:<\/strong> Terminal de cableado<\/li>\n<li style='margin-bottom: 5px;'><strong>Tipo de Conector:<\/strong> Terminal de ojo<\/li>\n<li style='margin-bottom: 5px;'><strong>Estado de cumplimiento RoHS EU:<\/strong> S\u00ed<\/li>\n<li style='margin-bottom: 5px;'><strong>Caracter\u00edsticas:<\/strong> Tipo barril largo<\/li>\n<li style='margin-bottom: 5px;'><strong>Material:<\/strong> Cobre<\/li>\n<li style='margin-bottom: 5px;'><strong>N\u00famero de orificios:<\/strong> 1<\/li>\n<li style='margin-bottom: 5px;'><strong>Tipo de Orificio:<\/strong> Ojillo<\/li>\n<li style='margin-bottom: 5px;'><strong>Galvanizado:<\/strong> Si<\/li>\n<li style='margin-bottom: 5px;'><strong>Tipo de recubrimiento:<\/strong> Esta\u00f1ado<\/li>\n<li style='margin-bottom: 5px;'><strong>Longitud de la tira:<\/strong> 1 11\/16 in<\/li>\n<li style='margin-bottom: 5px;'><strong>Longitud B:<\/strong> 1 5\/8 in<\/li>\n<li style='margin-bottom: 5px;'><strong>Di\u00e1metro exterior:<\/strong> 0.69 in (17.56 mm)<\/li>\n<li style='margin-bottom: 5px;'><strong>Tama\u00f1o del tornillo:<\/strong> 1\/2 in<\/li>\n<li style='margin-bottom: 5px;'><strong>Tama\u00f1o de orificio:<\/strong> 0.53 in (13.46 mm)<\/li>\n<li style='margin-bottom: 5px;'><strong>Ancho de almohadilla:<\/strong> 1.02 in<\/li>\n<li style='margin-bottom: 5px;'><strong>Andulo de lengueta:<\/strong> Recto<\/li>\n<li style='margin-bottom: 5px;'><strong>Voltaje m\u00e1ximo:<\/strong> 600 V<\/li>\n<li style='margin-bottom: 5px;'><strong>Tama\u00f1o de Conductor:<\/strong> 4\/0 AWG<\/li>\n<li style='margin-bottom: 5px;'><strong>Tipo de Conductor:<\/strong> Cable de Cobre<\/li>\n<li style='margin-bottom: 5px;'><strong>Est\u00e1ndares:<\/strong> UL 486 A &#8211; 486 B<\/li>\n<\/ul><\/div>\n<\/p><\/div>\n<p> <!-- Separador --> <\/p>\n<hr style='border: 0; border-top: 1px solid rgba(150&comma; 150&comma; 150&comma; 0.3); margin: 30px 0;'> <\/div>\n","protected":false},"excerpt":{"rendered":"<p>Terminal de Compresi\u00f3n de Ca\u00f1\u00f3n Largo para Tornillo 1\/2 &#8221;  y Calibre 4\/0 AWG.<\/p>\n","protected":false},"featured_media":40435,"comment_status":"open","ping_status":"closed","template":"","meta":[],"product_brand":[],"product_cat":[1090],"product_tag":[1091,1088,705],"class_list":{"0":"post-40436","1":"product","2":"type-product","3":"status-publish","4":"has-post-thumbnail","6":"product_cat-accesorios-para-tierra-fisica","7":"product_tag-accesorios-para-tierra-fisica","8":"product_tag-calidad-de-la-energia","9":"product_tag-hubbell","11":"first","12":"outofstock","13":"sale","14":"shipping-taxable","15":"purchasable","16":"product-type-simple"},"_links":{"self":[{"href":"https:\/\/soydeaqui.ddns.net\/pachuca\/index.php\/wp-json\/wp\/v2\/product\/40436","targetHints":{"allow":["GET"]}}],"collection":[{"href":"https:\/\/soydeaqui.ddns.net\/pachuca\/index.php\/wp-json\/wp\/v2\/product"}],"about":[{"href":"https:\/\/soydeaqui.ddns.net\/pachuca\/index.php\/wp-json\/wp\/v2\/types\/product"}],"replies":[{"embeddable":true,"href":"https:\/\/soydeaqui.ddns.net\/pachuca\/index.php\/wp-json\/wp\/v2\/comments?post=40436"}],"wp:featuredmedia":[{"embeddable":true,"href":"https:\/\/soydeaqui.ddns.net\/pachuca\/index.php\/wp-json\/wp\/v2\/media\/40435"}],"wp:attachment":[{"href":"https:\/\/soydeaqui.ddns.net\/pachuca\/index.php\/wp-json\/wp\/v2\/media?parent=40436"}],"wp:term":[{"taxonomy":"product_brand","embeddable":true,"href":"https:\/\/soydeaqui.ddns.net\/pachuca\/index.php\/wp-json\/wp\/v2\/product_brand?post=40436"},{"taxonomy":"product_cat","embeddable":true,"href":"https:\/\/soydeaqui.ddns.net\/pachuca\/index.php\/wp-json\/wp\/v2\/product_cat?post=40436"},{"taxonomy":"product_tag","embeddable":true,"href":"https:\/\/soydeaqui.ddns.net\/pachuca\/index.php\/wp-json\/wp\/v2\/product_tag?post=40436"}],"curies":[{"name":"wp","href":"https:\/\/api.w.org\/{rel}","templated":true}]}}