{"id":40433,"date":"2026-03-18T17:48:16","date_gmt":"2026-03-18T17:48:16","guid":{"rendered":"https:\/\/soydeaqui.ddns.net\/pachuca\/index.php\/producto\/modulo-solar-hi-mo-x10-light-design-540-w-44-88-vcc-hpbc-2-0\/"},"modified":"2026-03-18T17:48:18","modified_gmt":"2026-03-18T17:48:18","slug":"modulo-solar-hi-mo-x10-light-design-540-w-44-88-vcc-hpbc-2-0","status":"publish","type":"product","link":"https:\/\/soydeaqui.ddns.net\/pachuca\/index.php\/producto\/modulo-solar-hi-mo-x10-light-design-540-w-44-88-vcc-hpbc-2-0\/","title":{"rendered":"M\u00f3dulo Solar HI-MO X10 LIGHT DESIGN, 540 W, 44.88 Vcc, HPBC 2.0"},"content":{"rendered":"<div style='width: 100%; max-width: 1200px; margin: 0 auto; font-family: sans-serif; line-height: 1.6; color: inherit; background-color: transparent;'>\n<div style='margin-bottom: 30px;'>\n<p style='font-size: 18px; line-height: 1.6; margin: 0;'>El m\u00f3dulo fotovoltaico para generaci\u00f3n distribuida de LONGi ofrece una eficiencia m\u00e1xima de 24.1% y es adecuado para el mercado de generaci\u00f3n distribuida gracias a su alta fiabilidad y tecnolog\u00eda avanzada de celdas BC y obleas TaiRay. Fabricado bajo est\u00e1ndares de calidad excepcional&comma; incluye garant\u00edas extendidas de producto y rendimiento de hasta 30 a\u00f1os.<\/p>\n<\/p><\/div>\n<h2 style='font-size: 24px; font-weight: 600; margin: 0 0 20px 0; color: inherit; border-bottom: 2px solid rgba(150&comma;150&comma;150&comma;0.3); padding-bottom: 8px;'>Especificaciones T\u00e9cnicas<\/h2>\n<div style='display: flex; flex-wrap: wrap; gap: 20px; margin-bottom: 30px;'>\n<div style='flex: 1 1 300px; min-width: 280px; border: 1px solid rgba(150&comma; 150&comma; 150&comma; 0.4); border-radius: 8px; overflow: hidden; display: flex; flex-direction: column;'>\n<div style='padding: 15px; border-bottom: 1px solid rgba(150&comma; 150&comma; 150&comma; 0.2); font-weight: bold; font-size: 18px; color: inherit;'>Caracter\u00edsticas Principales<\/div>\n<div style='padding: 15px; color: inherit;'>\n<ul style='padding-left: 20px; margin: 0; font-size: 14px; list-style-type: disc;'>\n<li style='margin-bottom: 5px;'>Potencia nominal: 540W<\/li>\n<li style='margin-bottom: 5px;'>Dimensiones: 1990\u00d71134\u00d730mm<\/li>\n<li style='margin-bottom: 5px;'>Peso: 16.3 \u00b13 % Kg<\/li>\n<li style='margin-bottom: 5px;'>Distribuci\u00f3n de celdas: 120 (6\u00d720)<\/li>\n<li style='margin-bottom: 5px;'>M\u00e1xima carga est\u00e1tica frontal: 5400Pa<\/li>\n<li style='margin-bottom: 5px;'>M\u00e1xima carga est\u00e1tica posterior: 2400Pa<\/li>\n<\/ul><\/div>\n<\/p><\/div>\n<div style='flex: 1 1 300px; min-width: 280px; border: 1px solid rgba(150&comma; 150&comma; 150&comma; 0.4); border-radius: 8px; overflow: hidden; display: flex; flex-direction: column;'>\n<div style='padding: 15px; border-bottom: 1px solid rgba(150&comma; 150&comma; 150&comma; 0.2); font-weight: bold; font-size: 18px; color: inherit;'>Funcionalidades<\/div>\n<div style='padding: 15px; color: inherit;'>\n<ul style='padding-left: 20px; margin: 0; font-size: 14px; list-style-type: disc;'>\n<li style='margin-bottom: 5px;'>Eficiencia m\u00e1xima del m\u00f3dulo: 23.9%<\/li>\n<li style='margin-bottom: 5px;'>Degradaci\u00f3n de potencia primer a\u00f1o: &lt;1%<\/li>\n<li style='margin-bottom: 5px;'>Degradaci\u00f3n de potencia a\u00f1os 2-30: 0.35%<\/li>\n<li style='margin-bottom: 5px;'>Temperatura de operaci\u00f3n nominal: 45\u00b12\u2103<\/li>\n<li style='margin-bottom: 5px;'>Tolerancia de potencia: 0~3%<\/li>\n<li style='margin-bottom: 5px;'>Protecci\u00f3n IP68 en caja de conexiones<\/li>\n<li style='margin-bottom: 5px;'>Clasificaci\u00f3n de resistencia al fuego: IEC Clase C<\/li>\n<\/ul><\/div>\n<\/p><\/div>\n<\/p><\/div>\n<h2 style='font-size: 24px; font-weight: 600; margin: 30px 0 20px 0; color: inherit; border-bottom: 2px solid rgba(150&comma;150&comma;150&comma;0.3); padding-bottom: 8px;'>Especificaciones Avanzadas<\/h2>\n<div style='display: flex; flex-wrap: wrap; gap: 20px; margin-bottom: 30px;'>\n<div style='flex: 1 1 300px; min-width: 280px; border: 1px solid rgba(150&comma; 150&comma; 150&comma; 0.4); border-radius: 8px; overflow: hidden; display: flex; flex-direction: column;'>\n<div style='padding: 15px; border-bottom: 1px solid rgba(150&comma; 150&comma; 150&comma; 0.2); font-weight: bold; font-size: 18px; color: inherit;'>Interfaces y Conectividad<\/div>\n<div style='padding: 15px; color: inherit;'>\n<ul style='padding-left: 20px; margin: 0; font-size: 14px; list-style-type: disc;'>\n<li style='margin-bottom: 5px;'>Caja de conexiones con tres diodos<\/li>\n<li style='margin-bottom: 5px;'>Conectores PV-LR5<\/li>\n<li style='margin-bottom: 5px;'>Cables: 4mm2&comma; +400&comma; -200mm\/\u00b11400mm&comma; longitud personalizable<\/li>\n<\/ul><\/div>\n<\/p><\/div>\n<div style='flex: 1 1 300px; min-width: 280px; border: 1px solid rgba(150&comma; 150&comma; 150&comma; 0.4); border-radius: 8px; overflow: hidden; display: flex; flex-direction: column;'>\n<div style='padding: 15px; border-bottom: 1px solid rgba(150&comma; 150&comma; 150&comma; 0.2); font-weight: bold; font-size: 18px; color: inherit;'>Requisitos y Compatibilidad<\/div>\n<div style='padding: 15px; color: inherit;'>\n<ul style='padding-left: 20px; margin: 0; font-size: 14px; list-style-type: disc;'>\n<li style='margin-bottom: 5px;'>Voltaje m\u00e1ximo del sistema: DC1500V (IEC)<\/li>\n<li style='margin-bottom: 5px;'>Capacidad m\u00e1xima del fusible: 25A<\/li>\n<li style='margin-bottom: 5px;'>Sistemas de calidad y gesti\u00f3n: ISO9001:2015&comma; ISO14001: 2015&comma; ISO45001: 2018&comma; IEC62941<\/li>\n<\/ul><\/div>\n<\/p><\/div>\n<\/p><\/div>\n<h2 style='font-size: 24px; font-weight: 600; margin: 30px 0 20px 0; color: inherit; border-bottom: 2px solid rgba(150&comma;150&comma;150&comma;0.3); padding-bottom: 8px;'>Aplicaciones y Casos de Uso<\/h2>\n<div style='display: grid; grid-template-columns: repeat(auto-fill&comma; minmax(250px&comma; 1fr)); gap: 20px; margin-bottom: 30px;'>\n<div style='border: 1px solid rgba(150&comma; 150&comma; 150&comma; 0.4); border-radius: 8px; padding: 15px; font-size: 14px; color: inherit;'>Optimizado para instalaci\u00f3n en mercados de generaci\u00f3n distribuida.<\/div>\n<div style='border: 1px solid rgba(150&comma; 150&comma; 150&comma; 0.4); border-radius: 8px; padding: 15px; font-size: 14px; color: inherit;'>Ideal para aplicaciones que requieren alta eficiencia y durabilidad extendida.<\/div>\n<div style='border: 1px solid rgba(150&comma; 150&comma; 150&comma; 0.4); border-radius: 8px; padding: 15px; font-size: 14px; color: inherit;'>Adecuado para climas variados gracias a su temperatura de operaci\u00f3n extendida de -40\u2103 a +85\u2103.<\/div>\n<\/p><\/div>\n<\/p><\/div>\n","protected":false},"excerpt":{"rendered":"<p>M\u00f3dulo Solar HI-MO X10 LIGHT DESIGN, 540 W, 44.88 Vcc, HPBC 2.0<\/p>\n","protected":false},"featured_media":40432,"comment_status":"open","ping_status":"closed","template":"","meta":[],"product_brand":[],"product_cat":[1152],"product_tag":[964,1154,1153],"class_list":{"0":"post-40433","1":"product","2":"type-product","3":"status-publish","4":"has-post-thumbnail","6":"product_cat-modulos-solares","7":"product_tag-energia-solar","8":"product_tag-longi","9":"product_tag-modulos-solares","11":"first","12":"instock","13":"sale","14":"shipping-taxable","15":"purchasable","16":"product-type-simple"},"_links":{"self":[{"href":"https:\/\/soydeaqui.ddns.net\/pachuca\/index.php\/wp-json\/wp\/v2\/product\/40433","targetHints":{"allow":["GET"]}}],"collection":[{"href":"https:\/\/soydeaqui.ddns.net\/pachuca\/index.php\/wp-json\/wp\/v2\/product"}],"about":[{"href":"https:\/\/soydeaqui.ddns.net\/pachuca\/index.php\/wp-json\/wp\/v2\/types\/product"}],"replies":[{"embeddable":true,"href":"https:\/\/soydeaqui.ddns.net\/pachuca\/index.php\/wp-json\/wp\/v2\/comments?post=40433"}],"wp:featuredmedia":[{"embeddable":true,"href":"https:\/\/soydeaqui.ddns.net\/pachuca\/index.php\/wp-json\/wp\/v2\/media\/40432"}],"wp:attachment":[{"href":"https:\/\/soydeaqui.ddns.net\/pachuca\/index.php\/wp-json\/wp\/v2\/media?parent=40433"}],"wp:term":[{"taxonomy":"product_brand","embeddable":true,"href":"https:\/\/soydeaqui.ddns.net\/pachuca\/index.php\/wp-json\/wp\/v2\/product_brand?post=40433"},{"taxonomy":"product_cat","embeddable":true,"href":"https:\/\/soydeaqui.ddns.net\/pachuca\/index.php\/wp-json\/wp\/v2\/product_cat?post=40433"},{"taxonomy":"product_tag","embeddable":true,"href":"https:\/\/soydeaqui.ddns.net\/pachuca\/index.php\/wp-json\/wp\/v2\/product_tag?post=40433"}],"curies":[{"name":"wp","href":"https:\/\/api.w.org\/{rel}","templated":true}]}}