{"id":40417,"date":"2026-03-18T17:47:43","date_gmt":"2026-03-18T17:47:43","guid":{"rendered":"https:\/\/soydeaqui.ddns.net\/pachuca\/index.php\/producto\/ups-de-6000-va-6000-w-online-doble-conversion-200-240-vac-de-entrada-nema-l6-30p-onda-senoidal-pura-torre-o-rack-de-2-ur-alta-densidad-con-2-tomas-nema-l6-20r-y-2-nema-l6-30r\/"},"modified":"2026-03-18T17:47:47","modified_gmt":"2026-03-18T17:47:47","slug":"ups-de-6000-va-6000-w-online-doble-conversion-200-240-vac-de-entrada-nema-l6-30p-onda-senoidal-pura-torre-o-rack-de-2-ur-alta-densidad-con-2-tomas-nema-l6-20r-y-2-nema-l6-30r","status":"publish","type":"product","link":"https:\/\/soydeaqui.ddns.net\/pachuca\/index.php\/producto\/ups-de-6000-va-6000-w-online-doble-conversion-200-240-vac-de-entrada-nema-l6-30p-onda-senoidal-pura-torre-o-rack-de-2-ur-alta-densidad-con-2-tomas-nema-l6-20r-y-2-nema-l6-30r\/","title":{"rendered":"UPS de 6000 VA\/6000 W, Online Doble Conversi\u00f3n, 200 &#8211; 240 Vac de Entrada NEMA L6-30P, Onda Senoidal Pura, Torre o Rack de 2 UR (Alta Densidad), Con 2 Tomas NEMA L6-20R y 2 NEMA L6-30R"},"content":{"rendered":"<div style='width: 100%; max-width: 1200px; margin: 0 auto; font-family: sans-serif; line-height: 1.6; color: inherit; background-color: transparent;'>\n<div style='display: flex; flex-direction: column; align-items: center; margin-bottom: 30px;'> <img style='width: 100%; max-width: 430px; height: auto; border: 1px solid rgba(150&comma;150&comma;150&comma;0.3); border-radius: 8px;' src='http:\/\/ftp3.syscom.mx\/usuarios\/fotos\/CP1500AVRLCD\/80784-cyber-power.jpg' alt=''> <\/div>\n<div style='margin-bottom: 30px;'>\n<div style='background-color: rgba(255&comma; 0&comma; 0&comma; 0.05); border-left: 4px solid #ff0000; padding: 15px; margin-bottom: 15px;'> <strong style='color: inherit;'>Nota:<\/strong> Este equipo debe ser arrancado por un experto de CyberPower para hacer efectiva la garant\u00eda. Para m\u00e1s informaci\u00f3n comunicarse con el departamento de Ingenier\u00eda. <\/div>\n<div style='background-color: rgba(255&comma; 0&comma; 0&comma; 0.05); border-left: 4px solid #ff0000; padding: 15px;'> <strong style='color: inherit;'>Nota 2:<\/strong> Este equipo entrega voltaje a la salida de 200-240 Vca y NO deriva a 120 Vca por fase. S\u00ed se requiere voltaje de salida a 120 Vca se requiere forzosamente el transformador modelo OL6KSTF. <\/div>\n<\/p><\/div>\n<div style='margin-bottom: 30px;'>\n<h3 style='font-size: 20px; border-bottom: 2px solid currentColor; padding-bottom: 5px; margin-top: 0; color: inherit; opacity: 0.8;'>Requisitos para arranque<\/h3>\n<ul style='padding-left: 20px; font-size: 15px; color: inherit;'>\n<li>Cable 8 AWG del cableado al UPS.<\/li>\n<li>Nivel de voltaje de alimentaci\u00f3n adecuado de 200-240 VAC.<\/li>\n<li>Interruptor de entrada de 80 Ampers (2&#215;40).<\/li>\n<li>Sistema de aterrizaje aislado bien referenciado a tierra.<\/li>\n<\/ul><\/div>\n<div style='margin-bottom: 30px;'>\n<h3 style='font-size: 20px; border-bottom: 2px solid currentColor; padding-bottom: 5px; margin-top: 0; color: inherit; opacity: 0.8;'>Aplicaciones<\/h3>\n<p>El UPS Smart App Online OL6KRTHD de CyberPower ofrece m\u00e1s potencia en menos espacio. De hecho&comma; se puede configurar en 2U de espacio en rack o como torre&comma; en comparaci\u00f3n con montajes de 3U y 4U para modelos de UPS similares&comma; lo que le brinda m\u00e1s espacio para expandirse. El OL6KRTHD presenta una topolog\u00eda de doble conversi\u00f3n para una protecci\u00f3n de energ\u00eda perfecta y un RMCARD205 preinstalado.<\/p>\n<p>Para el monitoreo&comma; este UPS ofrece una nueva pantalla LCD de matriz de color multifunci\u00f3n de \u00faltima generaci\u00f3n que es simple de configurar y f\u00e1cil de usar. Las alertas codificadas por colores proporcionan un estado claro del UPS y la orientaci\u00f3n de la pantalla gira autom\u00e1ticamente cuando se coloca en una configuraci\u00f3n de torre.<\/p>\n<p>El OL6KRTHD garantiza la m\u00e1xima eficiencia y capacidad de salida con una clasificaci\u00f3n de factor de potencia (PF) de 1. El modo ECO GreenPower UPS\u2122 de ahorro de energ\u00eda permite hasta un 96% de eficiencia al tiempo que reduce el consumo de energ\u00eda y disipaci\u00f3n t\u00e9rmica. El ventilador variable de 7 velocidades proporciona una gesti\u00f3n t\u00e9rmica autom\u00e1tica&comma; basada en la carga de energ\u00eda&comma; para reducir el ruido.<\/p>\n<p>El m\u00f3dulo de bater\u00eda extendido (EBM) BP144VL2U01 opcional ampl\u00eda el tiempo de respaldo y se pueden conectar hasta diez EBM al UPS para obtener m\u00e1s tiempo de respaldo. Adem\u00e1s&comma; todo est\u00e1 respaldado por una garant\u00eda de tres a\u00f1os (incluidas las bater\u00edas).<\/p>\n<\/p><\/div>\n<hr style='border: 0; border-top: 1px solid rgba(150&comma; 150&comma; 150&comma; 0.3); margin: 30px 0;'>\n<div>\n<h3 style='font-size: 20px; border-bottom: 2px solid currentColor; padding-bottom: 5px; margin-top: 0; color: inherit; opacity: 0.8;'>Especificaciones t\u00e9cnicas<\/h3>\n<div style='display: grid; grid-template-columns: repeat(auto-fill&comma; minmax(250px&comma; 1fr)); gap: 20px; margin-top: 20px;'>\n<div style='border: 1px solid rgba(150&comma; 150&comma; 150&comma; 0.4); border-radius: 8px; overflow: hidden; display: flex; flex-direction: column;'>\n<div style='padding: 15px; border-bottom: 1px solid rgba(150&comma; 150&comma; 150&comma; 0.2); font-weight: bold; font-size: 18px; color: inherit;'>Entrada<\/div>\n<div style='padding: 15px; color: inherit;'>\n<ul style='padding-left: 20px; margin: 0; font-size: 14px; list-style-type: disc;'>\n<li style='margin-bottom: 5px;'><strong>Voltaje:<\/strong> 200 &#8211; 240 Vac<\/li>\n<li style='margin-bottom: 5px;'><strong>Frecuencia:<\/strong> 50 &#8211; 60 Hz<\/li>\n<li style='margin-bottom: 5px;'><strong>Enchufe:<\/strong> NEMA L6-30P<\/li>\n<li style='margin-bottom: 5px;'><img style='width: 40px; height: 40px; border: 1px solid rgba(150&comma;150&comma;150&comma;0.3); border-radius: 4px; vertical-align: middle; margin-right: 8px;' src='https:\/\/www.cyberpower.com\/mx\/es\/File\/GetImageByDocId\/GeneralAttribute-246' alt=''> NEMA L6-30P<\/li>\n<li style='margin-bottom: 5px;'><strong>Longitud del cable:<\/strong> 3 m<\/li>\n<\/ul><\/div>\n<\/p><\/div>\n<div style='border: 1px solid rgba(150&comma; 150&comma; 150&comma; 0.4); border-radius: 8px; overflow: hidden; display: flex; flex-direction: column;'>\n<div style='padding: 15px; border-bottom: 1px solid rgba(150&comma; 150&comma; 150&comma; 0.2); font-weight: bold; font-size: 18px; color: inherit;'>Salida<\/div>\n<div style='padding: 15px; color: inherit;'>\n<ul style='padding-left: 20px; margin: 0; font-size: 14px; list-style-type: disc;'>\n<li style='margin-bottom: 5px;'><strong>Salida VA:<\/strong> 6&comma;000<\/li>\n<li style='margin-bottom: 5px;'><strong>Salida Watts:<\/strong> 6&comma;000<\/li>\n<li style='margin-bottom: 5px;'><strong>Factor de Potencia:<\/strong> 0.99<\/li>\n<li style='margin-bottom: 5px;'><strong>No entrega salida:<\/strong> 120 Vca<\/li>\n<li style='margin-bottom: 5px;'><strong>Transformadores reductores:<\/strong> OL6KSTF<\/li>\n<li style='margin-bottom: 5px;'><strong>Total de tomas:<\/strong> 4<\/li>\n<li style='margin-bottom: 5px;'><strong>Tomas:<\/strong> NEMA L6-20R (2) y NEMA L6-30R (2)<\/li>\n<li style='margin-bottom: 5px;'><img style='width: 40px; height: 40px; border: 1px solid rgba(150&comma;150&comma;150&comma;0.3); border-radius: 4px; vertical-align: middle; margin-right: 8px;' src='https:\/\/www.cyberpower.com\/mx\/es\/File\/GetImageByDocId\/GeneralAttribute-245' alt=''> NEMA L6-20R<\/li>\n<li style='margin-bottom: 5px;'><img style='width: 40px; height: 40px; border: 1px solid rgba(150&comma;150&comma;150&comma;0.3); border-radius: 4px; vertical-align: middle; margin-right: 8px;' src='https:\/\/www.cyberpower.com\/mx\/es\/File\/GetImageByDocId\/GeneralAttribute-247' alt=''> NEMA L6-30R<\/li>\n<\/ul><\/div>\n<\/p><\/div>\n<div style='border: 1px solid rgba(150&comma; 150&comma; 150&comma; 0.4); border-radius: 8px; overflow: hidden; display: flex; flex-direction: column;'>\n<div style='padding: 15px; border-bottom: 1px solid rgba(150&comma; 150&comma; 150&comma; 0.2); font-weight: bold; font-size: 18px; color: inherit;'>Bater\u00edas<\/div>\n<div style='padding: 15px; color: inherit;'>\n<ul style='padding-left: 20px; margin: 0; font-size: 14px; list-style-type: disc;'>\n<li style='margin-bottom: 5px;'><strong>Tipo:<\/strong> 12 x 12V\/6Ah<\/li>\n<li style='margin-bottom: 5px;'><strong>Voltaje:<\/strong> 200&comma; 208&comma; 220&comma; 230&comma; 240 Vac (Configurable) \u00b12%<\/li>\n<li style='margin-bottom: 5px;'><strong>Tiempo de respaldo (6000 W):<\/strong> 1.4 Minutos<\/li>\n<li style='margin-bottom: 5px;'><strong>Tiempo de respaldo (3000 W):<\/strong> 4.9 Minutos<\/li>\n<\/ul><\/div>\n<\/p><\/div>\n<div style='border: 1px solid rgba(150&comma; 150&comma; 150&comma; 0.4); border-radius: 8px; overflow: hidden; display: flex; flex-direction: column;'>\n<div style='padding: 15px; border-bottom: 1px solid rgba(150&comma; 150&comma; 150&comma; 0.2); font-weight: bold; font-size: 18px; color: inherit;'>F\u00edsicas<\/div>\n<div style='padding: 15px; color: inherit;'>\n<ul style='padding-left: 20px; margin: 0; font-size: 14px; list-style-type: disc;'>\n<li style='margin-bottom: 5px;'><strong>Protecci\u00f3n:<\/strong> Grado de red<\/li>\n<li style='margin-bottom: 5px;'><strong>Administraci\u00f3n Remota:<\/strong> SNMP \/ HTTP (RMCARD205 incluida)<\/li>\n<li style='margin-bottom: 5px;'><strong>Indicadores:<\/strong> Pantalla LCD de lectura<\/li>\n<li style='margin-bottom: 5px;'><strong>Tama\u00f1o en Rack:<\/strong> 2 UR<\/li>\n<li style='margin-bottom: 5px;'><strong>Dimensiones:<\/strong> 433 x 86 x 719 mm (Ancho x Alto x Profundidad)<\/li>\n<li style='margin-bottom: 5px;'><strong>Peso:<\/strong> 41.91 Kg (incluye bater\u00eda)<\/li>\n<\/ul><\/div>\n<\/p><\/div>\n<\/p><\/div>\n<\/p><\/div>\n<\/p><\/div>\n","protected":false},"excerpt":{"rendered":"<p>UPS de 6000 VA\/6000 W, Online Doble Conversi\u00f3n, 200 &#8211; 240 Vac de Entrada NEMA L6-30P, Onda Senoidal Pura, Torre o Rack de 2 UR (Alta Densidad), Con 2 Tomas NEMA L6-20R y 2 NEMA L6-30R<\/p>\n","protected":false},"featured_media":40416,"comment_status":"open","ping_status":"closed","template":"","meta":[],"product_brand":[],"product_cat":[1100],"product_tag":[677,1101,1102],"class_list":{"0":"post-40417","1":"product","2":"type-product","3":"status-publish","4":"has-post-thumbnail","6":"product_cat-ups-no-break","7":"product_tag-cyberpower","8":"product_tag-respaldo-de-energia","9":"product_tag-ups-no-break","11":"first","12":"outofstock","13":"sale","14":"shipping-taxable","15":"purchasable","16":"product-type-simple"},"_links":{"self":[{"href":"https:\/\/soydeaqui.ddns.net\/pachuca\/index.php\/wp-json\/wp\/v2\/product\/40417","targetHints":{"allow":["GET"]}}],"collection":[{"href":"https:\/\/soydeaqui.ddns.net\/pachuca\/index.php\/wp-json\/wp\/v2\/product"}],"about":[{"href":"https:\/\/soydeaqui.ddns.net\/pachuca\/index.php\/wp-json\/wp\/v2\/types\/product"}],"replies":[{"embeddable":true,"href":"https:\/\/soydeaqui.ddns.net\/pachuca\/index.php\/wp-json\/wp\/v2\/comments?post=40417"}],"wp:featuredmedia":[{"embeddable":true,"href":"https:\/\/soydeaqui.ddns.net\/pachuca\/index.php\/wp-json\/wp\/v2\/media\/40416"}],"wp:attachment":[{"href":"https:\/\/soydeaqui.ddns.net\/pachuca\/index.php\/wp-json\/wp\/v2\/media?parent=40417"}],"wp:term":[{"taxonomy":"product_brand","embeddable":true,"href":"https:\/\/soydeaqui.ddns.net\/pachuca\/index.php\/wp-json\/wp\/v2\/product_brand?post=40417"},{"taxonomy":"product_cat","embeddable":true,"href":"https:\/\/soydeaqui.ddns.net\/pachuca\/index.php\/wp-json\/wp\/v2\/product_cat?post=40417"},{"taxonomy":"product_tag","embeddable":true,"href":"https:\/\/soydeaqui.ddns.net\/pachuca\/index.php\/wp-json\/wp\/v2\/product_tag?post=40417"}],"curies":[{"name":"wp","href":"https:\/\/api.w.org\/{rel}","templated":true}]}}