{"id":40402,"date":"2026-03-18T17:47:21","date_gmt":"2026-03-18T17:47:21","guid":{"rendered":"https:\/\/soydeaqui.ddns.net\/pachuca\/index.php\/producto\/contacto-duplex-15-a-250-v-2-polos-3-hilos-nema-6-15r-grado-industrial-color-marfil\/"},"modified":"2026-03-18T17:47:21","modified_gmt":"2026-03-18T17:47:21","slug":"contacto-duplex-15-a-250-v-2-polos-3-hilos-nema-6-15r-grado-industrial-color-marfil","status":"publish","type":"product","link":"https:\/\/soydeaqui.ddns.net\/pachuca\/index.php\/producto\/contacto-duplex-15-a-250-v-2-polos-3-hilos-nema-6-15r-grado-industrial-color-marfil\/","title":{"rendered":"Contacto D\u00faplex 15 A 250 V \/ 2 Polos 3 Hilos \/ Nema 6-15R \/ Grado Industrial \/Color Marfil."},"content":{"rendered":"<div style='width: 100%; max-width: 1200px; margin: 0 auto; font-family: sans-serif; line-height: 1.6; color: inherit; background-color: transparent;'> <!-- Secci\u00f3n de caracter\u00edsticas --> <\/p>\n<div style='display: flex; flex-wrap: wrap; gap: 30px; margin-bottom: 30px;'>\n<div style='flex: 1 1 300px; min-width: 280px;'>\n<h3 style='font-size: 22px; border-bottom: 2px solid currentColor; padding-bottom: 5px; margin-top: 0; color: inherit; opacity: 0.8;'>Especificaciones<\/h3>\n<ul style='padding-left: 20px; font-size: 15px; color: inherit;'>\n<li style='margin-bottom: 5px;'><strong>Aplicaci\u00f3n:<\/strong> Servicio extra pesado<\/li>\n<li style='margin-bottom: 5px;'><strong>Color:<\/strong> Marfil<\/li>\n<li style='margin-bottom: 5px;'><strong>Ambientes de trabajo:<\/strong> Interior seco a menos que se encuentre protegido por medios adicionales.<\/li>\n<li style='margin-bottom: 5px;'><strong>Potencia m\u00e1x.:<\/strong> 1.5<\/li>\n<li style='margin-bottom: 5px;'><strong>Tipo de equipo:<\/strong> Duplex tradicional<\/li>\n<li style='margin-bottom: 5px;'><strong>Montaje:<\/strong> Montaje con tornillos<\/li>\n<li style='margin-bottom: 5px;'><strong>N\u00famero de Polos:<\/strong> 2 Polos<\/li>\n<li style='margin-bottom: 5px;'><strong>Temperatura de Operaci\u00f3n:<\/strong> M\u00e1xima continua de 75 \u00b0C y m\u00ednima de -40 \u00b0C sin impactos.<\/li>\n<li style='margin-bottom: 5px;'><strong>Serie:<\/strong> Servicio pesado<\/li>\n<li style='margin-bottom: 5px;'><strong>Dimensiones:<\/strong> 3.28 in x 1.65 in x 1.19 in \/ 83.31 mm x 41.91 mm x 30.22 mm<\/li>\n<li style='margin-bottom: 5px;'><strong>Altura:<\/strong> 1.19 in (30.22 mm)<\/li>\n<li style='margin-bottom: 5px;'><strong>Largo:<\/strong> 3.28 in (83.31 mm)<\/li>\n<li style='margin-bottom: 5px;'><strong>Ancho:<\/strong> 1.65 in (41.91 mm)<\/li>\n<li style='margin-bottom: 5px;'><strong>Peso:<\/strong> 0.25 lb (0.11 kg)<\/li>\n<li style='margin-bottom: 5px;'><strong>Rango de amperaje:<\/strong> 15 A<\/li>\n<li style='margin-bottom: 5px;'><strong>Rango de Voltaje:<\/strong> 250 V<\/li>\n<li style='margin-bottom: 5px;'><strong>Potencia:<\/strong> 3750 W<\/li>\n<li style='margin-bottom: 5px;'><strong>N\u00famero de Cables:<\/strong> 3- Hilos<\/li>\n<li style='margin-bottom: 5px;'><strong>Tama\u00f1o de Cable:<\/strong> #14 AWG a #10 AWG<\/li>\n<li style='margin-bottom: 5px;'><strong>Nema:<\/strong> 6 &#8211; 15 R<\/li>\n<\/ul><\/div>\n<\/p><\/div>\n<p> <!-- Secci\u00f3n de rendimiento --> <\/p>\n<div style='display: flex; flex-wrap: wrap; gap: 20px; margin-bottom: 30px;'>\n<div style='flex: 1 1 250px; border: 1px solid rgba(150&comma; 150&comma; 150&comma; 0.4); border-radius: 8px; overflow: hidden; display: flex; flex-direction: column;'>\n<div style='padding: 15px; border-bottom: 1px solid rgba(150&comma; 150&comma; 150&comma; 0.2); font-weight: bold; font-size: 18px; color: inherit;'>Rendimiento<\/div>\n<div style='padding: 15px; color: inherit;'>\n<ul style='padding-left: 20px; margin: 0; font-size: 14px; list-style-type: disc;'>\n<li style='margin-bottom: 5px;'>El\u00e9ctrico &#8211; Interrupci\u00f3n de corriente: Certificado para interrupci\u00f3n de corriente a corriente nominal completa.<\/li>\n<li style='margin-bottom: 5px;'>El\u00e9ctrico &#8211; Voltaje diel\u00e9ctrico: Soporta un m\u00ednimo de 2000 V.<\/li>\n<li style='margin-bottom: 5px;'>Ambiental &#8211; Inflamabilidad: Superior: UL 94V-2&comma; Base: UL 94V-0.<\/li>\n<li style='margin-bottom: 5px;'>Ambiental &#8211; Temperaturas de funcionamiento: M\u00e1xima continua de 75 \u00b0C y m\u00ednima de -40 \u00b0C sin impactos.<\/li>\n<li style='margin-bottom: 5px;'>Mec\u00e1nica &#8211; Identificaci\u00f3n del producto: Las clasificaciones son una parte permanente del dispositivo.<\/li>\n<li style='margin-bottom: 5px;'>Mec\u00e1nica &#8211; Alojamiento de terminales: S\u00f3lo conductor s\u00f3lido o trenzado de cobre #14 #10 AWG.<\/li>\n<li style='margin-bottom: 5px;'>Mec\u00e1nico: Identificaci\u00f3n de terminales: Terminales identificados de acuerdo con UL 498 y CSA.<\/li>\n<\/ul><\/div>\n<\/p><\/div>\n<\/p><\/div>\n<p> <!-- Secci\u00f3n de est\u00e1ndares --> <\/p>\n<div style='display: flex; flex-wrap: wrap; gap: 20px; margin-bottom: 30px;'>\n<div style='flex: 1 1 250px; border: 1px solid rgba(150&comma; 150&comma; 150&comma; 0.4); border-radius: 8px; overflow: hidden; display: flex; flex-direction: column;'>\n<div style='padding: 15px; border-bottom: 1px solid rgba(150&comma; 150&comma; 150&comma; 0.2); font-weight: bold; font-size: 18px; color: inherit;'>Est\u00e1ndares de la Industria<\/div>\n<div style='padding: 15px; color: inherit;'>\n<ul style='padding-left: 20px; margin: 0; font-size: 14px; list-style-type: disc;'>\n<li style='margin-bottom: 5px;'>Certificado para CNo. 42 Archivo 285<\/li>\n<li style='margin-bottom: 5px;'>Gu\u00eda RTRT Especificaciones de alimentaci\u00f3n WC596G<\/li>\n<li style='margin-bottom: 5px;'>Cumple con NEMA WD-6<\/li>\n<li style='margin-bottom: 5px;'>Listado en UL seg\u00fan UL498 Archivo no. E2186<\/li>\n<\/ul><\/div>\n<\/p><\/div>\n<\/p><\/div>\n<p> <!-- Separador --> <\/p>\n<hr style='border: 0; border-top: 1px solid rgba(150&comma; 150&comma; 150&comma; 0.3); margin: 30px 0;'> <\/div>\n","protected":false},"excerpt":{"rendered":"<p>Contacto D\u00faplex 15 A 250 V \/ 2 Polos 3 Hilos \/ Nema 6-15R \/ Grado Industrial \/Color Marfil.<\/p>\n","protected":false},"featured_media":40401,"comment_status":"open","ping_status":"closed","template":"","meta":[],"product_brand":[],"product_cat":[1071],"product_tag":[1066,1072,705],"class_list":{"0":"post-40402","1":"product","2":"type-product","3":"status-publish","4":"has-post-thumbnail","6":"product_cat-extensiones-y-multicontactos","7":"product_tag-area-electrica","8":"product_tag-extensiones-y-multicontactos","9":"product_tag-hubbell","11":"first","12":"instock","13":"sale","14":"shipping-taxable","15":"purchasable","16":"product-type-simple"},"_links":{"self":[{"href":"https:\/\/soydeaqui.ddns.net\/pachuca\/index.php\/wp-json\/wp\/v2\/product\/40402","targetHints":{"allow":["GET"]}}],"collection":[{"href":"https:\/\/soydeaqui.ddns.net\/pachuca\/index.php\/wp-json\/wp\/v2\/product"}],"about":[{"href":"https:\/\/soydeaqui.ddns.net\/pachuca\/index.php\/wp-json\/wp\/v2\/types\/product"}],"replies":[{"embeddable":true,"href":"https:\/\/soydeaqui.ddns.net\/pachuca\/index.php\/wp-json\/wp\/v2\/comments?post=40402"}],"wp:featuredmedia":[{"embeddable":true,"href":"https:\/\/soydeaqui.ddns.net\/pachuca\/index.php\/wp-json\/wp\/v2\/media\/40401"}],"wp:attachment":[{"href":"https:\/\/soydeaqui.ddns.net\/pachuca\/index.php\/wp-json\/wp\/v2\/media?parent=40402"}],"wp:term":[{"taxonomy":"product_brand","embeddable":true,"href":"https:\/\/soydeaqui.ddns.net\/pachuca\/index.php\/wp-json\/wp\/v2\/product_brand?post=40402"},{"taxonomy":"product_cat","embeddable":true,"href":"https:\/\/soydeaqui.ddns.net\/pachuca\/index.php\/wp-json\/wp\/v2\/product_cat?post=40402"},{"taxonomy":"product_tag","embeddable":true,"href":"https:\/\/soydeaqui.ddns.net\/pachuca\/index.php\/wp-json\/wp\/v2\/product_tag?post=40402"}],"curies":[{"name":"wp","href":"https:\/\/api.w.org\/{rel}","templated":true}]}}