{"id":40387,"date":"2026-03-18T17:46:53","date_gmt":"2026-03-18T17:46:53","guid":{"rendered":"https:\/\/soydeaqui.ddns.net\/pachuca\/index.php\/producto\/medidor-compacto-laser-de-distancias-rango-5-1-cm-a-30-5-m-opcion-cm-o-pulg-o-combinado-clip-para-bolsillo\/"},"modified":"2026-03-18T17:46:53","modified_gmt":"2026-03-18T17:46:53","slug":"medidor-compacto-laser-de-distancias-rango-5-1-cm-a-30-5-m-opcion-cm-o-pulg-o-combinado-clip-para-bolsillo","status":"publish","type":"product","link":"https:\/\/soydeaqui.ddns.net\/pachuca\/index.php\/producto\/medidor-compacto-laser-de-distancias-rango-5-1-cm-a-30-5-m-opcion-cm-o-pulg-o-combinado-clip-para-bolsillo\/","title":{"rendered":"Medidor Compacto L\u00e1ser de Distancias. Rango: 5.1 cm a 30.5 m \/ Opci\u00f3n cm o pulg. o Combinado \/  Clip para Bolsillo."},"content":{"rendered":"<div style='width: 100%; max-width: 1200px; margin: 0 auto; font-family: sans-serif; line-height: 1.6; color: inherit; background-color: transparent;'>\n<div style='display: flex; flex-wrap: wrap; gap: 30px; margin-bottom: 30px;'>\n<div style='flex: 1 1 300px; min-width: 280px;'>\n<h3 style='font-size: 22px; border-bottom: 2px solid currentColor; padding-bottom: 5px; margin-top: 0; color: inherit; opacity: 0.8;'>Descripci\u00f3n<\/h3>\n<p style='font-size: 15px; color: inherit;'>El medidor de distancia l\u00e1ser compacto de Klein Tools proporciona mediciones r\u00e1pidas y precisas hasta 30&comma;5 m con una precisi\u00f3n de 1\/8&#8221; (0&comma;3 cm) y de 1\/16&#8221; (0&comma;2 cm) para los primeros 9 m. Este compacto dise\u00f1o cabe en el bolsillo de un chaleco de seguridad o camisa para llevarlo f\u00e1cilmente en el lugar de trabajo. La unidad guarda autom\u00e1ticamente las \u00faltimas dos mediciones en la pantalla LCD&comma; lo que permite comparar r\u00e1pidamente mediciones anteriores.<\/p>\n<\/p><\/div>\n<\/p><\/div>\n<div style='display: flex; flex-wrap: wrap; gap: 20px; margin-bottom: 30px;'>\n<div style='flex: 1 1 250px; border: 1px solid rgba(150&comma; 150&comma; 150&comma; 0.4); border-radius: 8px; overflow: hidden; display: flex; flex-direction: column;'>\n<div style='padding: 15px; border-bottom: 1px solid rgba(150&comma; 150&comma; 150&comma; 0.2); font-weight: bold; font-size: 18px; color: inherit;'>Caracter\u00edsticas<\/div>\n<div style='padding: 15px; color: inherit;'>\n<ul style='padding-left: 20px; margin: 0; font-size: 14px; list-style-type: disc;'>\n<li style='margin-bottom: 5px;'>Mide de 5&comma;1 cm hasta 30&comma;5 m con una precisi\u00f3n de 1\/16&#8221; (0&comma;16 cm) para los primeros 9 m y con precisi\u00f3n de m\u00e1s o menos 1\/8&#8221; (0&comma;32 cm) hasta 30&comma;5 m<\/li>\n<li style='margin-bottom: 5px;'>El medidor de distancia l\u00e1ser tiene un dise\u00f1o liviano y un clip de bolsillo que hace m\u00e1s f\u00e1cil llevarlo en el lugar del trabajo<\/li>\n<li style='margin-bottom: 5px;'>Registre una medici\u00f3n de una sola distancia o mediciones continuas con solo pulsar un bot\u00f3n<\/li>\n<li style='margin-bottom: 5px;'>Compare r\u00e1pidamente las \u00faltimas mediciones con las \u00faltimas 2 distancias medidas que se guardaron autom\u00e1ticamente en la pantalla LCD<\/li>\n<li style='margin-bottom: 5px;'>Pantalla LCD de alta visibilidad y contraste invertido para mejorar la visualizaci\u00f3n en condiciones con poca luz<\/li>\n<li style='margin-bottom: 5px;'>Alterne entre pulgadas&comma; pies y pulgadas y metros para mediciones m\u00e1s precisas<\/li>\n<li style='margin-bottom: 5px;'>L\u00e1ser Clase 2 que se apaga autom\u00e1ticamente despu\u00e9s de 30 segundos para ahorrar bater\u00eda<\/li>\n<li style='margin-bottom: 5px;'>Emite una alerta de audio cuando se realiza una medici\u00f3n&comma; el sonido se puede desactivar<\/li>\n<li style='margin-bottom: 5px;'>Cambie el punto de partida de la medici\u00f3n desde la parte superior o inferior del dispositivo para obtener lecturas m\u00e1s precisas<\/li>\n<li style='margin-bottom: 5px;'>Dise\u00f1ado con un anclaje para fijar la unidad a una maleta o un cintur\u00f3n para herramientas; cuerda no incluida<\/li>\n<\/ul><\/div>\n<\/p><\/div>\n<div style='flex: 1 1 250px; border: 1px solid rgba(150&comma; 150&comma; 150&comma; 0.4); border-radius: 8px; overflow: hidden; display: flex; flex-direction: column;'>\n<div style='padding: 15px; border-bottom: 1px solid rgba(150&comma; 150&comma; 150&comma; 0.2); font-weight: bold; font-size: 18px; color: inherit;'>Target<\/div>\n<div style='padding: 15px; color: inherit; font-size: 14px;'>Electricistas&comma; HVAC&comma; Profesional o h\u00e1galo usted mismo<\/div>\n<\/p><\/div>\n<\/p><\/div>\n<div style='margin-bottom: 30px;'>\n<div style='position: relative; padding-bottom: 56.25%; height: 0; overflow: hidden;'>   <\/div>\n<\/p><\/div>\n<\/p><\/div>\n","protected":false},"excerpt":{"rendered":"<p>Medidor Compacto L\u00e1ser de Distancias. Rango: 5.1 cm a 30.5 m \/ Opci\u00f3n cm o pulg. o Combinado \/  Clip para Bolsillo.<\/p>\n","protected":false},"featured_media":40386,"comment_status":"open","ping_status":"closed","template":"","meta":[],"product_brand":[],"product_cat":[130],"product_tag":[25,131,432],"class_list":{"0":"post-40387","1":"product","2":"type-product","3":"status-publish","4":"has-post-thumbnail","6":"product_cat-herramientas-electricas","7":"product_tag-herramientas","8":"product_tag-herramientas-electricas","9":"product_tag-klein-tools","11":"first","12":"instock","13":"sale","14":"shipping-taxable","15":"purchasable","16":"product-type-simple"},"_links":{"self":[{"href":"https:\/\/soydeaqui.ddns.net\/pachuca\/index.php\/wp-json\/wp\/v2\/product\/40387","targetHints":{"allow":["GET"]}}],"collection":[{"href":"https:\/\/soydeaqui.ddns.net\/pachuca\/index.php\/wp-json\/wp\/v2\/product"}],"about":[{"href":"https:\/\/soydeaqui.ddns.net\/pachuca\/index.php\/wp-json\/wp\/v2\/types\/product"}],"replies":[{"embeddable":true,"href":"https:\/\/soydeaqui.ddns.net\/pachuca\/index.php\/wp-json\/wp\/v2\/comments?post=40387"}],"wp:featuredmedia":[{"embeddable":true,"href":"https:\/\/soydeaqui.ddns.net\/pachuca\/index.php\/wp-json\/wp\/v2\/media\/40386"}],"wp:attachment":[{"href":"https:\/\/soydeaqui.ddns.net\/pachuca\/index.php\/wp-json\/wp\/v2\/media?parent=40387"}],"wp:term":[{"taxonomy":"product_brand","embeddable":true,"href":"https:\/\/soydeaqui.ddns.net\/pachuca\/index.php\/wp-json\/wp\/v2\/product_brand?post=40387"},{"taxonomy":"product_cat","embeddable":true,"href":"https:\/\/soydeaqui.ddns.net\/pachuca\/index.php\/wp-json\/wp\/v2\/product_cat?post=40387"},{"taxonomy":"product_tag","embeddable":true,"href":"https:\/\/soydeaqui.ddns.net\/pachuca\/index.php\/wp-json\/wp\/v2\/product_tag?post=40387"}],"curies":[{"name":"wp","href":"https:\/\/api.w.org\/{rel}","templated":true}]}}