{"id":40384,"date":"2026-03-18T17:46:49","date_gmt":"2026-03-18T17:46:49","guid":{"rendered":"https:\/\/soydeaqui.ddns.net\/pachuca\/index.php\/producto\/manguera-hermetica-tipo-polytuff-no-metalica-gris-de-3-4-100-pies-uso-comercial-industrial\/"},"modified":"2026-03-18T17:46:51","modified_gmt":"2026-03-18T17:46:51","slug":"manguera-hermetica-tipo-polytuff-no-metalica-gris-de-3-4-100-pies-uso-comercial-industrial","status":"publish","type":"product","link":"https:\/\/soydeaqui.ddns.net\/pachuca\/index.php\/producto\/manguera-hermetica-tipo-polytuff-no-metalica-gris-de-3-4-100-pies-uso-comercial-industrial\/","title":{"rendered":"Manguera herm\u00e9tica tipo PolyTuff no met\u00e1lica gris de 3\/4&#8243;, 100 pies. Uso comercial\/industrial."},"content":{"rendered":"<div style='width: 100%; max-width: 1200px; margin: 0 auto; font-family: sans-serif; line-height: 1.6; color: inherit; background-color: transparent;'>\n<div style='display: flex; flex-wrap: wrap; gap: 30px; margin-bottom: 30px;'>\n<div style='flex: 1 1 300px; min-width: 280px;'>\n<h3 style='font-size: 22px; border-bottom: 2px solid currentColor; padding-bottom: 5px; margin-top: 0; color: inherit; opacity: 0.8;'>Especificaciones<\/h3>\n<ul style='padding-left: 20px; font-size: 15px; color: inherit;'>\n<li style='margin-bottom: 5px;'><strong>Montaje:<\/strong> Montado en cable<\/li>\n<li style='margin-bottom: 5px;'><strong>Color:<\/strong> Gris<\/li>\n<li style='margin-bottom: 5px;'><strong>Material:<\/strong> PVC r\u00edgido y flexible coextruido<\/li>\n<li style='margin-bottom: 5px;'><strong>Aplicaci\u00f3n:<\/strong> La tuber\u00eda herm\u00e9tica a l\u00edquidos est\u00e1 dise\u00f1ada para albergar y proteger permanentemente el cable subterr\u00e1neo de la humedad&comma; la arena&comma; los roedores y otros peligros ambientales que pueden da\u00f1ar el cable con el tiempo.<\/li>\n<li style='margin-bottom: 5px;'><strong>Capacidad de carga:<\/strong> Extra flexible&comma; alta resistencia y excelente manejabilidad.<\/li>\n<li style='margin-bottom: 5px;'><strong>Rendimiento:<\/strong> El\u00e9ctrico &#8211; Voltaje nominal &#8211; 600 V m\u00e1ximo. Ambiente &#8211; Temperatura de funcionamiento. Ambiente seco 0\u00b0F a +140\u00b0F (-18\u00b0C a +60\u00b0C). Entorno de aceite 0\u00b0F a +158\u00b0F (-18\u00b0C a +70\u00b0C). Ambiente h\u00famedo 0\u00b0F a +140\u00b0F (-18\u00b0C a +60\u00b0C)<\/li>\n<li style='margin-bottom: 5px;'><strong>Tipo de Acabado:<\/strong> Liso<\/li>\n<li style='margin-bottom: 5px;'><strong>Longitud:<\/strong> 100 ft (30.48 m)<\/li>\n<li style='margin-bottom: 5px;'><strong>Tama\u00f1o:<\/strong> 3\/4 in<\/li>\n<li style='margin-bottom: 5px;'><strong>Ancho:<\/strong> 1.04 in<\/li>\n<li style='margin-bottom: 5px;'><strong>Tensi\u00f3n nominal:<\/strong> 600 V<\/li>\n<li style='margin-bottom: 5px;'><strong>Certificado:<\/strong> Cumple con los requisitos de NEC. Listado por UL 1660. Aprobado para exteriores y enterrado directamente<\/li>\n<\/ul><\/div>\n<\/p><\/div>\n<\/p><\/div>\n","protected":false},"excerpt":{"rendered":"<p>Manguera herm\u00e9tica tipo PolyTuff no met\u00e1lica gris de 3\/4&#8243;, 100 pies. Uso comercial\/industrial.<\/p>\n","protected":false},"featured_media":40383,"comment_status":"open","ping_status":"closed","template":"","meta":[],"product_brand":[],"product_cat":[648],"product_tag":[572,705,649],"class_list":{"0":"post-40384","1":"product","2":"type-product","3":"status-publish","4":"has-post-thumbnail","6":"product_cat-tuberia-pvc-registros-pvc","7":"product_tag-canalizacion","8":"product_tag-hubbell","9":"product_tag-tuberia-pvc-registros-pvc","11":"first","12":"outofstock","13":"sale","14":"shipping-taxable","15":"purchasable","16":"product-type-simple"},"_links":{"self":[{"href":"https:\/\/soydeaqui.ddns.net\/pachuca\/index.php\/wp-json\/wp\/v2\/product\/40384","targetHints":{"allow":["GET"]}}],"collection":[{"href":"https:\/\/soydeaqui.ddns.net\/pachuca\/index.php\/wp-json\/wp\/v2\/product"}],"about":[{"href":"https:\/\/soydeaqui.ddns.net\/pachuca\/index.php\/wp-json\/wp\/v2\/types\/product"}],"replies":[{"embeddable":true,"href":"https:\/\/soydeaqui.ddns.net\/pachuca\/index.php\/wp-json\/wp\/v2\/comments?post=40384"}],"wp:featuredmedia":[{"embeddable":true,"href":"https:\/\/soydeaqui.ddns.net\/pachuca\/index.php\/wp-json\/wp\/v2\/media\/40383"}],"wp:attachment":[{"href":"https:\/\/soydeaqui.ddns.net\/pachuca\/index.php\/wp-json\/wp\/v2\/media?parent=40384"}],"wp:term":[{"taxonomy":"product_brand","embeddable":true,"href":"https:\/\/soydeaqui.ddns.net\/pachuca\/index.php\/wp-json\/wp\/v2\/product_brand?post=40384"},{"taxonomy":"product_cat","embeddable":true,"href":"https:\/\/soydeaqui.ddns.net\/pachuca\/index.php\/wp-json\/wp\/v2\/product_cat?post=40384"},{"taxonomy":"product_tag","embeddable":true,"href":"https:\/\/soydeaqui.ddns.net\/pachuca\/index.php\/wp-json\/wp\/v2\/product_tag?post=40384"}],"curies":[{"name":"wp","href":"https:\/\/api.w.org\/{rel}","templated":true}]}}