{"id":40353,"date":"2026-03-18T17:45:48","date_gmt":"2026-03-18T17:45:48","guid":{"rendered":"https:\/\/soydeaqui.ddns.net\/pachuca\/index.php\/producto\/gabinete-atornillado-de-aluminio-fundido-serie-exblt-a-prueba-de-explosin-e-ignfugo-de-8-x-8-x-6-pulgadas-203-2-x-203-2-x-152-4-mm-clase-i-ii-iii-bcdefg\/"},"modified":"2026-03-18T17:45:50","modified_gmt":"2026-03-18T17:45:50","slug":"gabinete-atornillado-de-aluminio-fundido-serie-exblt-a-prueba-de-explosin-e-ignfugo-de-8-x-8-x-6-pulgadas-203-2-x-203-2-x-152-4-mm-clase-i-ii-iii-bcdefg","status":"publish","type":"product","link":"https:\/\/soydeaqui.ddns.net\/pachuca\/index.php\/producto\/gabinete-atornillado-de-aluminio-fundido-serie-exblt-a-prueba-de-explosin-e-ignfugo-de-8-x-8-x-6-pulgadas-203-2-x-203-2-x-152-4-mm-clase-i-ii-iii-bcdefg\/","title":{"rendered":"Gabinete Atornillado de Aluminio Fundido\/Serie EXBLT a Prueba de Explosi?n e Ign?fugo de 8 x 8 x 6 Pulgadas (203.2 x 203.2 x 152.4 mm)\/CLASE I, II, III, BCDEFG"},"content":{"rendered":"<div style='width: 100%; max-width: 1200px; margin: 0 auto; font-family: sans-serif; line-height: 1.6; color: inherit; background-color: transparent;'> <!-- Secci\u00f3n de descripci\u00f3n --> <\/p>\n<div style='margin-bottom: 30px;'>\n<p style='margin: 0 0 15px; font-size: 15px; color: inherit; text-align: justify;'> Las cajas EXBLT est\u00e1n hechas de aluminio fundido sin cobre&comma; con un contenido de cobre inferior a 4\/10 del 1%. La serie EXBLT es hasta un 35% m\u00e1s ligera que la serie EXB. <\/p>\n<p style='margin: 0 0 15px; font-size: 15px; color: inherit; text-align: justify;'> Los gabinetes atornillados de la serie EXBLT son para uso en ubicaciones que son peligrosas y corrosivas&comma; h\u00famedas o con manguera&comma; polvorientas o sucias&comma; en condiciones ambientales severas de calor o fr\u00edo. <\/p>\n<p style='margin: 0 0 15px; font-size: 15px; color: inherit; text-align: justify;'> Las cubiertas de los EXBLT est\u00e1n hechas de placa de aluminio 6061-T6&comma; que tambi\u00e9n contiene menos de 4\/10 del 1% de contenido de cobre. Los gabinetes se suministran de manera est\u00e1ndar con una junta t\u00f3rica de nitrilo (BUNA-N) y orejetas de montaje d\u00factiles. Las cajas tienen protuberancias de montaje internas pretaladradas para bandejas de montaje instaladas en f\u00e1brica o en campo. Las opciones incluyen ventanas de visualizaci\u00f3n&comma; operadores de control&comma; manijas giratorias&comma; manijas de disyuntores&comma; aberturas de conductos NPT y aberturas de prensaestopas m\u00e9tricas. <\/p>\n<\/p><\/div>\n<p> <!-- Secci\u00f3n de especificaciones --> <\/p>\n<div style='display: flex; flex-wrap: wrap; gap: 20px; margin-bottom: 30px;'>\n<div style='flex: 1 1 250px; border: 1px solid rgba(150&comma; 150&comma; 150&comma; 0.4); border-radius: 8px; overflow: hidden; display: flex; flex-direction: column;'>\n<div style='padding: 15px; border-bottom: 1px solid rgba(150&comma; 150&comma; 150&comma; 0.2); font-weight: bold; font-size: 18px; color: inherit; background-color: rgba(0&comma; 0&comma; 0&comma; 0.05);'>Especificaciones<\/div>\n<div style='padding: 15px; color: inherit;'>\n<ul style='padding-left: 20px; margin: 0; font-size: 14px; list-style-type: disc;'>\n<li style='margin-bottom: 5px;'><strong>Color:<\/strong> Gris<\/li>\n<li style='margin-bottom: 5px;'><strong>Tipo de Tapa:<\/strong> Atornillada<\/li>\n<li style='margin-bottom: 5px;'><strong>Material:<\/strong> Menos de 4\/10 del 1%<\/li>\n<li style='margin-bottom: 5px;'><strong>Tama\u00f1o:<\/strong> 8 x 8 x 6 in<\/li>\n<li style='margin-bottom: 5px;'><strong>Tipo:<\/strong> Caja de conexiones<\/li>\n<li style='margin-bottom: 5px;'><strong>N\u00famero de archivo CSA:<\/strong> LR11716<\/li>\n<li style='margin-bottom: 5px;'><strong>Nema:<\/strong> 3&comma; 4&comma; 4X<\/li>\n<\/ul><\/div>\n<\/p><\/div>\n<div style='flex: 1 1 250px; border: 1px solid rgba(150&comma; 150&comma; 150&comma; 0.4); border-radius: 8px; overflow: hidden; display: flex; flex-direction: column;'>\n<div style='padding: 15px; border-bottom: 1px solid rgba(150&comma; 150&comma; 150&comma; 0.2); font-weight: bold; font-size: 18px; color: inherit; background-color: rgba(0&comma; 0&comma; 0&comma; 0.05);'>Clasificaci\u00f3n para \u00e1reas peligrosas<\/div>\n<div style='padding: 15px; color: inherit;'>\n<ul style='padding-left: 20px; margin: 0; font-size: 14px; list-style-type: disc;'>\n<li style='margin-bottom: 5px;'>Clase I&comma; Divisiones 1 &#038; 2&comma; Grupos B&comma;C&comma;D<\/li>\n<li style='margin-bottom: 5px;'>Clase I&comma; Zonas 1 &#038; 2&comma; Grupos IIB + H2&comma; IIA<\/li>\n<li style='margin-bottom: 5px;'>Clase II&comma; Divisiones 1 &#038; 2&comma; Grupos E&comma;F&comma;G<\/li>\n<li style='margin-bottom: 5px;'>Clase III&comma; Divisiones 1 &#038; 2<\/li>\n<\/ul><\/div>\n<\/p><\/div>\n<\/p><\/div>\n<p> <!-- Separador --> <\/p>\n<hr style='border: 0; border-top: 1px solid rgba(150&comma; 150&comma; 150&comma; 0.3); margin: 30px 0;'> <\/div>\n","protected":false},"excerpt":{"rendered":"<p>Gabinete Atornillado de Aluminio Fundido\/Serie EXBLT a Prueba de Explosi?n e Ign?fugo de 8 x 8 x 6 Pulgadas (203.2 x 203.2 x 152.4 mm)\/CLASE I, II, III, BCDEFG<\/p>\n","protected":false},"featured_media":40352,"comment_status":"open","ping_status":"closed","template":"","meta":[],"product_brand":[],"product_cat":[1076],"product_tag":[1078,1077,704],"class_list":{"0":"post-40353","1":"product","2":"type-product","3":"status-publish","4":"has-post-thumbnail","6":"product_cat-gabinetes-y-accesorios-antiexplosion","7":"product_tag-gabinetes-y-accesorios-antiexplosion","8":"product_tag-gabinetes-y-cajas","9":"product_tag-hubbell-killark","11":"first","12":"instock","13":"sale","14":"shipping-taxable","15":"purchasable","16":"product-type-simple"},"_links":{"self":[{"href":"https:\/\/soydeaqui.ddns.net\/pachuca\/index.php\/wp-json\/wp\/v2\/product\/40353","targetHints":{"allow":["GET"]}}],"collection":[{"href":"https:\/\/soydeaqui.ddns.net\/pachuca\/index.php\/wp-json\/wp\/v2\/product"}],"about":[{"href":"https:\/\/soydeaqui.ddns.net\/pachuca\/index.php\/wp-json\/wp\/v2\/types\/product"}],"replies":[{"embeddable":true,"href":"https:\/\/soydeaqui.ddns.net\/pachuca\/index.php\/wp-json\/wp\/v2\/comments?post=40353"}],"wp:featuredmedia":[{"embeddable":true,"href":"https:\/\/soydeaqui.ddns.net\/pachuca\/index.php\/wp-json\/wp\/v2\/media\/40352"}],"wp:attachment":[{"href":"https:\/\/soydeaqui.ddns.net\/pachuca\/index.php\/wp-json\/wp\/v2\/media?parent=40353"}],"wp:term":[{"taxonomy":"product_brand","embeddable":true,"href":"https:\/\/soydeaqui.ddns.net\/pachuca\/index.php\/wp-json\/wp\/v2\/product_brand?post=40353"},{"taxonomy":"product_cat","embeddable":true,"href":"https:\/\/soydeaqui.ddns.net\/pachuca\/index.php\/wp-json\/wp\/v2\/product_cat?post=40353"},{"taxonomy":"product_tag","embeddable":true,"href":"https:\/\/soydeaqui.ddns.net\/pachuca\/index.php\/wp-json\/wp\/v2\/product_tag?post=40353"}],"curies":[{"name":"wp","href":"https:\/\/api.w.org\/{rel}","templated":true}]}}