{"id":4032,"date":"2026-03-18T06:14:50","date_gmt":"2026-03-18T06:14:50","guid":{"rendered":"https:\/\/soydeaqui.ddns.net\/pachuca\/index.php\/producto\/pulsador-de-boton-de-apagador-u-otro-similar-comunicacion-bluetooth\/"},"modified":"2026-03-18T06:14:53","modified_gmt":"2026-03-18T06:14:53","slug":"pulsador-de-boton-de-apagador-u-otro-similar-comunicacion-bluetooth","status":"publish","type":"product","link":"https:\/\/soydeaqui.ddns.net\/pachuca\/index.php\/producto\/pulsador-de-boton-de-apagador-u-otro-similar-comunicacion-bluetooth\/","title":{"rendered":"Pulsador de boton de apagador u otro similar \/ comunicacion Bluetooth"},"content":{"rendered":"<div style='width: 100%; max-width: 1200px; margin: 0 auto; font-family: sans-serif; line-height: 1.6; color: inherit; background-color: transparent;'>\n<p style='text-align: justify; font-size: 15px; color: inherit;'>SwitchBotBot es compatible con casi cualquier interruptor de iluminaci\u00f3n o bot\u00f3n de cualquier electrodom\u00e9stico que se encuentre en el hogar&comma; lo que le permite transformar instant\u00e1neamente dispositivos antiguos en algo mucho m\u00e1s inteligente.<\/p>\n<div style='display: flex; flex-wrap: wrap; gap: 30px; margin-top: 30px; margin-bottom: 30px;'>\n<div style='flex: 1 1 300px; min-width: 280px;'>\n<div style='border-left: 5px solid #0091ff; border-radius: 8px; padding: 15px; box-shadow: 2px 2px 10px rgba(216&comma;216&comma;216&comma;0.5);'> <strong style='font-size: 16px; color: inherit;'>Caracter\u00edsticas principales:<\/strong> <\/p>\n<ul style='padding-left: 20px; font-size: 14px; color: inherit; list-style-type: disc;'>\n<li style='margin-bottom: 5px; color: inherit;'>Color: Blanco<\/li>\n<li style='margin-bottom: 5px; color: inherit;'>Material: ABS<\/li>\n<li style='margin-bottom: 5px; color: inherit;'>Compatibilidad: Android 4.3+&comma; iOS 14.0+&comma; watchOS 1.0+<\/li>\n<li style='margin-bottom: 5px; color: inherit;'>Entorno de trabajo: 0\u00b0C~55\u00b0C \/ 20-85%RH<\/li>\n<li style='margin-bottom: 5px; color: inherit;'>Entrada de energ\u00eda: Bater\u00eda: CR2 x 1 3V<\/li>\n<li style='margin-bottom: 5px; color: inherit;'>Duraci\u00f3n de la bater\u00eda: 600 d\u00edas (25 \u00b0C&comma; dos veces al d\u00eda)<\/li>\n<li style='margin-bottom: 5px; color: inherit;'>BLE: 4.2 o superior<\/li>\n<\/ul><\/div>\n<\/p><\/div>\n<div style='flex: 1 1 300px; min-width: 280px;'>\n<div style='border-left: 5px solid #0091ff; border-radius: 8px; padding: 15px; box-shadow: 2px 2px 10px rgba(216&comma;216&comma;216&comma;0.5);'> <strong style='font-size: 16px; color: inherit;'>Caracter\u00edsticas principales:<\/strong> <\/p>\n<ul style='padding-left: 20px; font-size: 14px; color: inherit; list-style-type: disc;'>\n<li style='margin-bottom: 5px; color: inherit;'>Alcance de Bluetooth: l\u00ednea de visi\u00f3n de 80 m\/260 pies en condiciones ideales con obstrucciones.<\/li>\n<li style='margin-bottom: 5px; color: inherit;'>Tecnolog\u00eda Bluetooth: BLE patentado de ahorro de energ\u00eda con soporte de malla<\/li>\n<li style='margin-bottom: 5px; color: inherit;'>Servicios de terceros: Alexa&comma; Google Assistant&comma; Siri Shortcuts&comma; IFTTT&comma; SmartThings<\/li>\n<\/ul><\/div>\n<\/p><\/div>\n<div style='flex: 1 1 300px; min-width: 280px;'>\n<div style='border-left: 5px solid #0091ff; border-radius: 8px; padding: 15px; box-shadow: 2px 2px 10px rgba(216&comma;216&comma;216&comma;0.5);'> <strong style='font-size: 16px; color: inherit;'>Caracter\u00edsticas principales:<\/strong> <\/p>\n<ul style='padding-left: 20px; font-size: 14px; color: inherit; list-style-type: disc;'>\n<li style='margin-bottom: 5px; color: inherit;'>Modo de conmutaci\u00f3n\/Modo de presi\u00f3n<\/li>\n<li style='margin-bottom: 5px; color: inherit;'>Modo de acci\u00f3n: Presionar\/Encender\/Apagar<\/li>\n<li style='margin-bottom: 5px; color: inherit;'>Torsi\u00f3n m\u00e1xima: Arriba hasta 1&comma;15 kgf<\/li>\n<li style='margin-bottom: 5px; color: inherit;'>Fuerza: Hasta 8 N al presionar<\/li>\n<li style='margin-bottom: 5px; color: inherit;'>\u00c1ngulo de movimiento m\u00e1ximo del brazo rob\u00f3tico: 135\u00b0<\/li>\n<li style='margin-bottom: 5px; color: inherit;'>Dimensi\u00f3n: 43 \u00d7 37 \u00d7 24 mm<\/li>\n<li style='margin-bottom: 5px; color: inherit;'>Peso: 42 g<\/li>\n<\/ul><\/div>\n<\/p><\/div>\n<\/p><\/div>\n<p> <!-- Im\u00e1genes --> <\/p>\n<div style='display: flex; flex-wrap: wrap; justify-content: center; gap: 20px; margin-top: 30px;'> <img style='width: 100%; max-width: 600px; height: auto; border: 1px solid rgba(150&comma;150&comma;150&comma;0.3); border-radius: 8px;' src='https:\/\/i.ibb.co\/SXGfKSV\/swx1.jpg' alt=''> <img style='width: 100%; max-width: 600px; height: auto; border: 1px solid rgba(150&comma;150&comma;150&comma;0.3); border-radius: 8px;' src='https:\/\/i.ibb.co\/g4WF3T4\/swx2.jpg' alt=''> <img style='width: 100%; max-width: 480px; height: auto; border: 1px solid rgba(150&comma;150&comma;150&comma;0.3); border-radius: 8px;' src='https:\/\/cdn.shopify.com\/s\/files\/1\/0335\/7333\/9269\/t\/24\/assets\/asset_157589_image_big_4aaa800e3fe94092abb6f3ec007e9205-1650265284392.gif?v=1650265301' alt=''> <img style='width: 100%; max-width: 480px; height: auto; border: 1px solid rgba(150&comma;150&comma;150&comma;0.3); border-radius: 8px;' src='https:\/\/cdn.shopify.com\/s\/files\/1\/0335\/7333\/9269\/t\/24\/assets\/asset_157746_image_big-1650266843499.gif?v=1650266855' alt=''> <\/div>\n<\/p><\/div>\n","protected":false},"excerpt":{"rendered":"<p>Pulsador de boton de apagador u otro similar \/ comunicacion Bluetooth<\/p>\n","protected":false},"featured_media":4031,"comment_status":"open","ping_status":"closed","template":"","meta":[],"product_brand":[],"product_cat":[56],"product_tag":[30,57,37],"class_list":{"0":"post-4032","1":"product","2":"type-product","3":"status-publish","4":"has-post-thumbnail","6":"product_cat-control-de-iluminacion","7":"product_tag-automatizacion-casa-inteligente","8":"product_tag-control-de-iluminacion","9":"product_tag-switchbot","11":"first","12":"outofstock","13":"sale","14":"shipping-taxable","15":"purchasable","16":"product-type-simple"},"_links":{"self":[{"href":"https:\/\/soydeaqui.ddns.net\/pachuca\/index.php\/wp-json\/wp\/v2\/product\/4032","targetHints":{"allow":["GET"]}}],"collection":[{"href":"https:\/\/soydeaqui.ddns.net\/pachuca\/index.php\/wp-json\/wp\/v2\/product"}],"about":[{"href":"https:\/\/soydeaqui.ddns.net\/pachuca\/index.php\/wp-json\/wp\/v2\/types\/product"}],"replies":[{"embeddable":true,"href":"https:\/\/soydeaqui.ddns.net\/pachuca\/index.php\/wp-json\/wp\/v2\/comments?post=4032"}],"wp:featuredmedia":[{"embeddable":true,"href":"https:\/\/soydeaqui.ddns.net\/pachuca\/index.php\/wp-json\/wp\/v2\/media\/4031"}],"wp:attachment":[{"href":"https:\/\/soydeaqui.ddns.net\/pachuca\/index.php\/wp-json\/wp\/v2\/media?parent=4032"}],"wp:term":[{"taxonomy":"product_brand","embeddable":true,"href":"https:\/\/soydeaqui.ddns.net\/pachuca\/index.php\/wp-json\/wp\/v2\/product_brand?post=4032"},{"taxonomy":"product_cat","embeddable":true,"href":"https:\/\/soydeaqui.ddns.net\/pachuca\/index.php\/wp-json\/wp\/v2\/product_cat?post=4032"},{"taxonomy":"product_tag","embeddable":true,"href":"https:\/\/soydeaqui.ddns.net\/pachuca\/index.php\/wp-json\/wp\/v2\/product_tag?post=4032"}],"curies":[{"name":"wp","href":"https:\/\/api.w.org\/{rel}","templated":true}]}}