{"id":40253,"date":"2026-03-18T17:43:02","date_gmt":"2026-03-18T17:43:02","guid":{"rendered":"https:\/\/soydeaqui.ddns.net\/pachuca\/index.php\/producto\/ups-smartzone-de-6000-va-6000-w-online-doble-conversion-entrada-208-240-vca-con-terminal-l1l2g-onda-senoidal-pura-6-ur-con-2-tomas-nema-l6-30r-y-terminal-l1l2g-incluye-tarjeta-de-red-y-kit-d\/"},"modified":"2026-03-18T17:43:10","modified_gmt":"2026-03-18T17:43:10","slug":"ups-smartzone-de-6000-va-6000-w-online-doble-conversion-entrada-208-240-vca-con-terminal-l1l2g-onda-senoidal-pura-6-ur-con-2-tomas-nema-l6-30r-y-terminal-l1l2g-incluye-tarjeta-de-red-y-kit-d","status":"publish","type":"product","link":"https:\/\/soydeaqui.ddns.net\/pachuca\/index.php\/producto\/ups-smartzone-de-6000-va-6000-w-online-doble-conversion-entrada-208-240-vca-con-terminal-l1l2g-onda-senoidal-pura-6-ur-con-2-tomas-nema-l6-30r-y-terminal-l1l2g-incluye-tarjeta-de-red-y-kit-d\/","title":{"rendered":"UPS SmartZone de 6000 VA\/6000 W, Online Doble Conversi\u00f3n, Entrada 208\/240 Vca Con Terminal L1+L2+G, Onda Senoidal Pura, 6 UR, Con 2 Tomas NEMA L6-30R y Terminal L1+L2+G, Incluye Tarjeta de Red y Kit de Rieles"},"content":{"rendered":"<div style='width: 100%; max-width: 1200px; margin: 0 auto; font-family: sans-serif; line-height: 1.6; color: inherit; background-color: transparent;'> <!-- Imagen del producto --> <\/p>\n<div style='width: 100%; margin-bottom: 30px;'> <img style='width: 100%; height: auto; border: 1px solid rgba(150&comma;150&comma;150&comma;0.3); border-radius: 8px;' src='https:\/\/ftp3.syscom.mx\/usuarios\/fotos\/U01S11V\/211237-descarga.png' alt=''> <\/div>\n<p> <!-- Descripci\u00f3n principal --> <\/p>\n<div style='margin-bottom: 30px; font-size: 15px; color: inherit;'> La UPS SmartZone\u2122 de Panduit\u00ae&comma; con bater\u00edas VRLA libres de mantenimiento y unidades monof\u00e1sicas de 5\u201310kVA de 208 V y 230 V&comma; es un sistema puro de Doble Conversi\u00f3n en L\u00ednea que brinda protecci\u00f3n y respaldo de alimentaci\u00f3n el\u00e9ctrica altamente eficientes y seguros para su equipo IT. Con su excelente rendimiento el\u00e9ctrico&comma; monitoreo inteligente mejorado y funciones de red&comma; cumple con ENERGY STAR\u00ae 2.0&comma; de compatibilidad electromagn\u00e9tica (EMC) y est\u00e1ndares de seguridad con el fin de satisfacer las crecientes demandas energ\u00e9ticas de los centros de datos&comma; las empresas y los equipos de IT Edge. <\/div>\n<p> <!-- Nota importante --> <\/p>\n<div style='margin-bottom: 30px; font-size: 15px; color: inherit;'> <strong>Nota:<\/strong> Este equipo entrega voltaje a la salida de 208-240 Vca y NO deriva a 120 Vca por fase. <\/div>\n<p> <!-- Especificaciones t\u00e9cnicas --> <\/p>\n<div style='display: flex; flex-wrap: wrap; gap: 20px; margin-bottom: 30px;'>\n<div style='flex: 1 1 250px; border: 1px solid rgba(150&comma; 150&comma; 150&comma; 0.4); border-radius: 8px; overflow: hidden; display: flex; flex-direction: column;'>\n<div style='padding: 15px; border-bottom: 1px solid rgba(150&comma; 150&comma; 150&comma; 0.2); font-weight: bold; font-size: 18px; color: inherit;'>Especificaciones T\u00e9cnicas<\/div>\n<div style='padding: 15px; color: inherit;'>\n<ul style='padding-left: 20px; margin: 0; font-size: 14px; list-style-type: disc; color: inherit;'>\n<li style='margin-bottom: 5px;'><strong>Topolog\u00eda:<\/strong> Online Doble Conversi\u00f3n<\/li>\n<li style='margin-bottom: 5px;'><strong>Tiempo de transferencia:<\/strong> 0 ms<\/li>\n<li style='margin-bottom: 5px;'><strong>Voltaje de entrada carga completa:<\/strong> 185 &#8211; 264 VCA<\/li>\n<li style='margin-bottom: 5px;'><strong>Voltaje de entrada media carga:<\/strong> 110 &#8211; 285 VCA<\/li>\n<li style='margin-bottom: 5px;'><strong>Voltaje de salida:<\/strong> 208 VCA (240 VCA seleccionable)<\/li>\n<li style='margin-bottom: 5px;'><strong>Frecuencia de entrada:<\/strong> 40 &#8211; 70 Hz<\/li>\n<li style='margin-bottom: 5px;'><strong>Frecuencia de salida:<\/strong> 50\/60 \u00b1 4 Hz<\/li>\n<li style='margin-bottom: 5px;'><strong>Tipo de enchufe de entrada:<\/strong> Terminal al\u00e1mbrica (L1+L2+G)<\/li>\n<li style='margin-bottom: 5px;'><strong>Longitud del cable:<\/strong> N\/A<\/li>\n<li style='margin-bottom: 5px;'><strong>Salida VA:<\/strong> 6000<\/li>\n<li style='margin-bottom: 5px;'><strong>Salida Watts:<\/strong> 6000<\/li>\n<li style='margin-bottom: 5px;'><strong>Factor de potencia:<\/strong> 1.0<\/li>\n<\/ul><\/div>\n<\/p><\/div>\n<div style='flex: 1 1 250px; border: 1px solid rgba(150&comma; 150&comma; 150&comma; 0.4); border-radius: 8px; overflow: hidden; display: flex; flex-direction: column;'>\n<div style='padding: 15px; border-bottom: 1px solid rgba(150&comma; 150&comma; 150&comma; 0.2); font-weight: bold; font-size: 18px; color: inherit;'>Conexiones y F\u00edsicas<\/div>\n<div style='padding: 15px; color: inherit;'>\n<ul style='padding-left: 20px; margin: 0; font-size: 14px; list-style-type: disc; color: inherit;'>\n<li style='margin-bottom: 5px;'><strong>Total de tomas de salida:<\/strong> 3<\/li>\n<li style='margin-bottom: 5px;'><strong>Tipo de Tomas de Salida:<\/strong> NEMA L6-30R (2) <img style='width: 40px; height: auto; border: 1px solid rgba(150&comma;150&comma;150&comma;0.3); border-radius: 4px; vertical-align: middle;' src='https:\/\/www.cyberpower.com\/mx\/es\/File\/GetImageByDocId\/GeneralAttribute-245' alt=''> Programables y Terminal Alambrica (L1+L2+G) No programable<\/li>\n<li style='margin-bottom: 5px;'><strong>Tiempo de respaldo con carga completa (6000 W):<\/strong> 9.7 Minutos<\/li>\n<li style='margin-bottom: 5px;'><strong>Tiempo de respaldo con media carga (3000 W):<\/strong> 25.3 Minutos<\/li>\n<li style='margin-bottom: 5px;'><strong>Protecci\u00f3n de picos:<\/strong> Protecci\u00f3n de picos grado de red<\/li>\n<li style='margin-bottom: 5px;'><strong>Administraci\u00f3n Remota SNMP \/ HTTP:<\/strong> UNCP01 (incluida)<\/li>\n<li style='margin-bottom: 5px;'><strong>Tipo de bater\u00edas:<\/strong> VRLA<\/li>\n<li style='margin-bottom: 5px;'><strong>M\u00f3dulo de Bater\u00edas Extendidas:<\/strong> UVP240<\/li>\n<li style='margin-bottom: 5px;'><strong>Indicadores:<\/strong> Pantalla LCD de lectura<\/li>\n<li style='margin-bottom: 5px;'><strong>Tama\u00f1o en Rack:<\/strong> 6 UR<\/li>\n<li style='margin-bottom: 5px;'><strong>Dimensiones:<\/strong> 440 x 262 x 666 mm (Ancho x Alto x Profundidad)<\/li>\n<li style='margin-bottom: 5px;'><strong>Peso:<\/strong> 85 Kg<\/li>\n<li style='margin-bottom: 5px;'><strong>Garant\u00eda:<\/strong> 2 a\u00f1os en bater\u00edas<\/li>\n<\/ul><\/div>\n<\/p><\/div>\n<\/p><\/div>\n<p> <!-- Separador --> <\/p>\n<hr style='border: 0; border-top: 1px solid rgba(150&comma; 150&comma; 150&comma; 0.3); margin: 30px 0;'> <\/div>\n","protected":false},"excerpt":{"rendered":"<p>UPS SmartZone de 6000 VA\/6000 W, Online Doble Conversi\u00f3n, Entrada 208\/240 Vca Con Terminal L1+L2+G, Onda Senoidal Pura, 6 UR, Con 2 Tomas NEMA L6-30R y Terminal L1+L2+G, Incluye Tarjeta de Red y Kit de Rieles<\/p>\n","protected":false},"featured_media":40252,"comment_status":"open","ping_status":"closed","template":"","meta":[],"product_brand":[],"product_cat":[1100],"product_tag":[445,1101,1102],"class_list":{"0":"post-40253","1":"product","2":"type-product","3":"status-publish","4":"has-post-thumbnail","6":"product_cat-ups-no-break","7":"product_tag-panduit","8":"product_tag-respaldo-de-energia","9":"product_tag-ups-no-break","11":"first","12":"outofstock","13":"sale","14":"shipping-taxable","15":"purchasable","16":"product-type-simple"},"_links":{"self":[{"href":"https:\/\/soydeaqui.ddns.net\/pachuca\/index.php\/wp-json\/wp\/v2\/product\/40253","targetHints":{"allow":["GET"]}}],"collection":[{"href":"https:\/\/soydeaqui.ddns.net\/pachuca\/index.php\/wp-json\/wp\/v2\/product"}],"about":[{"href":"https:\/\/soydeaqui.ddns.net\/pachuca\/index.php\/wp-json\/wp\/v2\/types\/product"}],"replies":[{"embeddable":true,"href":"https:\/\/soydeaqui.ddns.net\/pachuca\/index.php\/wp-json\/wp\/v2\/comments?post=40253"}],"wp:featuredmedia":[{"embeddable":true,"href":"https:\/\/soydeaqui.ddns.net\/pachuca\/index.php\/wp-json\/wp\/v2\/media\/40252"}],"wp:attachment":[{"href":"https:\/\/soydeaqui.ddns.net\/pachuca\/index.php\/wp-json\/wp\/v2\/media?parent=40253"}],"wp:term":[{"taxonomy":"product_brand","embeddable":true,"href":"https:\/\/soydeaqui.ddns.net\/pachuca\/index.php\/wp-json\/wp\/v2\/product_brand?post=40253"},{"taxonomy":"product_cat","embeddable":true,"href":"https:\/\/soydeaqui.ddns.net\/pachuca\/index.php\/wp-json\/wp\/v2\/product_cat?post=40253"},{"taxonomy":"product_tag","embeddable":true,"href":"https:\/\/soydeaqui.ddns.net\/pachuca\/index.php\/wp-json\/wp\/v2\/product_tag?post=40253"}],"curies":[{"name":"wp","href":"https:\/\/api.w.org\/{rel}","templated":true}]}}