{"id":40247,"date":"2026-03-18T17:42:50","date_gmt":"2026-03-18T17:42:50","guid":{"rendered":"https:\/\/soydeaqui.ddns.net\/pachuca\/index.php\/producto\/ups-smartzone-de-5000-va-5000-w-online-doble-conversion-entrada-208-240-vca-nema-l6-30p-onda-senoidal-pura-6-ur-con-4-tomas-nema-l6-30r-incluye-tarjeta-de-red-y-kit-de-rieles\/"},"modified":"2026-03-18T17:42:57","modified_gmt":"2026-03-18T17:42:57","slug":"ups-smartzone-de-5000-va-5000-w-online-doble-conversion-entrada-208-240-vca-nema-l6-30p-onda-senoidal-pura-6-ur-con-4-tomas-nema-l6-30r-incluye-tarjeta-de-red-y-kit-de-rieles","status":"publish","type":"product","link":"https:\/\/soydeaqui.ddns.net\/pachuca\/index.php\/producto\/ups-smartzone-de-5000-va-5000-w-online-doble-conversion-entrada-208-240-vca-nema-l6-30p-onda-senoidal-pura-6-ur-con-4-tomas-nema-l6-30r-incluye-tarjeta-de-red-y-kit-de-rieles\/","title":{"rendered":"UPS SmartZone de 5000 VA\/5000 W, Online Doble Conversi\u00f3n, Entrada 208\/240 Vca NEMA L6-30P, Onda Senoidal Pura, 6 UR, Con 4 Tomas NEMA L6-30R, Incluye Tarjeta de Red y Kit de Rieles"},"content":{"rendered":"<div style='width: 100%; max-width: 1200px; margin: 0 auto; font-family: sans-serif; line-height: 1.6; color: inherit; background-color: transparent;'>\n<div style='display: flex; flex-wrap: wrap; gap: 30px; margin-bottom: 30px;'>\n<div style='flex: 1 1 300px; min-width: 280px;'> <img style='width: 100%; height: auto; border: 1px solid rgba(150&comma;150&comma;150&comma;0.3); border-radius: 8px;' src='https:\/\/ftp3.syscom.mx\/usuarios\/fotos\/U01S11V\/211237-descarga.png' alt=''> <\/div>\n<\/p><\/div>\n<div style='display: flex; flex-wrap: wrap; gap: 30px; margin-bottom: 30px;'>\n<div style='flex: 1 1 300px; min-width: 280px;'>\n<h3 style='font-size: 22px; border-bottom: 2px solid currentColor; padding-bottom: 5px; margin-top: 0; color: inherit; opacity: 0.8;'>Descripci\u00f3n<\/h3>\n<p style='font-size: 15px; color: inherit; margin-top: 0; margin-bottom: 15px;'>La UPS SmartZone\u2122 de Panduit\u00ae&comma; con bater\u00edas VRLA libres de mantenimiento y unidades monof\u00e1sicas de 5\u201310kVA de 208 V y 230 V&comma; es un sistema puro de Doble Conversi\u00f3n en L\u00ednea que brinda protecci\u00f3n y respaldo de alimentaci\u00f3n el\u00e9ctrica altamente eficientes y seguros para su equipo IT. Con su excelente rendimiento el\u00e9ctrico&comma; monitoreo inteligente mejorado y funciones de red&comma; cumple con ENERGY STAR\u00ae 2.0&comma; de compatibilidad electromagn\u00e9tica (EMC) y est\u00e1ndares de seguridad con el fin de satisfacer las crecientes demandas energ\u00e9ticas de los centros de datos&comma; las empresas y los equipos de IT Edge.<\/p>\n<p style='font-size: 15px; color: inherit; margin-top: 0; margin-bottom: 15px;'><strong style='color: inherit;'>Nota:<\/strong> Este equipo entrega voltaje a la salida de 208-240 Vca y NO deriva a 120 Vca por fase.<\/p>\n<\/p><\/div>\n<\/p><\/div>\n<div style='display: flex; flex-wrap: wrap; gap: 20px; margin-bottom: 30px;'>\n<div style='flex: 1 1 250px; border: 1px solid rgba(150&comma; 150&comma; 150&comma; 0.4); border-radius: 8px; overflow: hidden; display: flex; flex-direction: column;'>\n<div style='padding: 15px; border-bottom: 1px solid rgba(150&comma; 150&comma; 150&comma; 0.2); font-weight: bold; font-size: 18px; color: inherit;'>Especificaciones T\u00e9cnicas<\/div>\n<div style='padding: 15px; color: inherit;'>\n<ul style='padding-left: 20px; margin: 0; font-size: 14px; list-style-type: disc;'>\n<li style='margin-bottom: 5px;'><strong style='color: inherit;'>Topolog\u00eda:<\/strong> Online Doble Conversi\u00f3n<\/li>\n<li style='margin-bottom: 5px;'><strong style='color: inherit;'>Tiempo de transferencia:<\/strong> 0 ms<\/li>\n<li style='margin-bottom: 5px;'><strong style='color: inherit;'>Voltaje de entrada carga completa:<\/strong> 185 &#8211; 264 VCA<\/li>\n<li style='margin-bottom: 5px;'><strong style='color: inherit;'>Voltaje de entrada media carga:<\/strong> 110 &#8211; 285 VCA<\/li>\n<li style='margin-bottom: 5px;'><strong style='color: inherit;'>Voltaje de salida:<\/strong> 208 VCA (240 VCA seleccionable)<\/li>\n<li style='margin-bottom: 5px;'><strong style='color: inherit;'>Frecuencia de entrada:<\/strong> 40 &#8211; 70 Hz<\/li>\n<li style='margin-bottom: 5px;'><strong style='color: inherit;'>Frecuencia de salida:<\/strong> 50\/60 \u00b1 4 Hz<\/li>\n<li style='margin-bottom: 5px;'><strong style='color: inherit;'>Tipo de enchufe de entrada:<\/strong> NEMA L6-30P<\/li>\n<li style='margin-bottom: 5px;'><img style='width: 40px; height: auto; border: 1px solid rgba(150&comma;150&comma;150&comma;0.3); margin-right: 8px; vertical-align: middle;' src='https:\/\/www.cyberpower.com\/mx\/es\/File\/GetImageByDocId\/GeneralAttribute-246' alt=''> <strong style='color: inherit;'>Longitud del cable:<\/strong> 3 m.<\/li>\n<li style='margin-bottom: 5px;'><strong style='color: inherit;'>Salida VA:<\/strong> 5000<\/li>\n<li style='margin-bottom: 5px;'><strong style='color: inherit;'>Salida Watts:<\/strong> 5000<\/li>\n<li style='margin-bottom: 5px;'><strong style='color: inherit;'>Factor de potencia:<\/strong> 1.0<\/li>\n<li style='margin-bottom: 5px;'><strong style='color: inherit;'>Total de tomas de salida:<\/strong> 4<\/li>\n<li style='margin-bottom: 5px;'><img style='width: 40px; height: auto; border: 1px solid rgba(150&comma;150&comma;150&comma;0.3); margin-right: 8px; vertical-align: middle;' src='https:\/\/www.cyberpower.com\/mx\/es\/File\/GetImageByDocId\/GeneralAttribute-245' alt=''> <strong style='color: inherit;'>Tipo de Tomas de Salida:<\/strong> NEMA L6-30R (2) Programables y <img style='width: 40px; height: auto; border: 1px solid rgba(150&comma;150&comma;150&comma;0.3); margin-right: 8px; vertical-align: middle;' src='https:\/\/www.cyberpower.com\/mx\/es\/File\/GetImageByDocId\/GeneralAttribute-245' alt=''> No programables<\/li>\n<li style='margin-bottom: 5px;'><strong style='color: inherit;'>Tiempo de respaldo con carga completa (5000 W):<\/strong> 14.5 Minutos<\/li>\n<li style='margin-bottom: 5px;'><strong style='color: inherit;'>Tiempo de respaldo con media carga (2500 W):<\/strong> 37.1 Minutos<\/li>\n<li style='margin-bottom: 5px;'><strong style='color: inherit;'>Protecci\u00f3n de picos:<\/strong> Protecci\u00f3n de picos grado de red<\/li>\n<li style='margin-bottom: 5px;'><strong style='color: inherit;'>Administraci\u00f3n Remota SNMP \/ HTTP:<\/strong> UNCP01 (incluida)<\/li>\n<li style='margin-bottom: 5px;'><strong style='color: inherit;'>Tipo de bater\u00edas:<\/strong> VRLA<\/li>\n<li style='margin-bottom: 5px;'><strong style='color: inherit;'>M\u00f3dulo de Bater\u00edas Extendidas:<\/strong> UVP240<\/li>\n<li style='margin-bottom: 5px;'><strong style='color: inherit;'>Indicadores:<\/strong> Pantalla LCD de lectura<\/li>\n<li style='margin-bottom: 5px;'><strong style='color: inherit;'>Tama\u00f1o en Rack:<\/strong> 6 UR<\/li>\n<li style='margin-bottom: 5px;'><strong style='color: inherit;'>Dimensiones:<\/strong> 440 x 262 x 666 mm (Ancho x Alto x Profundidad)<\/li>\n<li style='margin-bottom: 5px;'><strong style='color: inherit;'>Peso:<\/strong> 85 Kg<\/li>\n<li style='margin-bottom: 5px;'><strong style='color: inherit;'>Garant\u00eda:<\/strong> 2 a\u00f1os en bater\u00edas<\/li>\n<\/ul><\/div>\n<\/p><\/div>\n<\/p><\/div>\n<\/p><\/div>\n","protected":false},"excerpt":{"rendered":"<p>UPS SmartZone de 5000 VA\/5000 W, Online Doble Conversi\u00f3n, Entrada 208\/240 Vca NEMA L6-30P, Onda Senoidal Pura, 6 UR, Con 4 Tomas NEMA L6-30R, Incluye Tarjeta de Red y Kit de Rieles<\/p>\n","protected":false},"featured_media":40246,"comment_status":"open","ping_status":"closed","template":"","meta":[],"product_brand":[],"product_cat":[1100],"product_tag":[445,1101,1102],"class_list":{"0":"post-40247","1":"product","2":"type-product","3":"status-publish","4":"has-post-thumbnail","6":"product_cat-ups-no-break","7":"product_tag-panduit","8":"product_tag-respaldo-de-energia","9":"product_tag-ups-no-break","11":"first","12":"instock","13":"sale","14":"shipping-taxable","15":"purchasable","16":"product-type-simple"},"_links":{"self":[{"href":"https:\/\/soydeaqui.ddns.net\/pachuca\/index.php\/wp-json\/wp\/v2\/product\/40247","targetHints":{"allow":["GET"]}}],"collection":[{"href":"https:\/\/soydeaqui.ddns.net\/pachuca\/index.php\/wp-json\/wp\/v2\/product"}],"about":[{"href":"https:\/\/soydeaqui.ddns.net\/pachuca\/index.php\/wp-json\/wp\/v2\/types\/product"}],"replies":[{"embeddable":true,"href":"https:\/\/soydeaqui.ddns.net\/pachuca\/index.php\/wp-json\/wp\/v2\/comments?post=40247"}],"wp:featuredmedia":[{"embeddable":true,"href":"https:\/\/soydeaqui.ddns.net\/pachuca\/index.php\/wp-json\/wp\/v2\/media\/40246"}],"wp:attachment":[{"href":"https:\/\/soydeaqui.ddns.net\/pachuca\/index.php\/wp-json\/wp\/v2\/media?parent=40247"}],"wp:term":[{"taxonomy":"product_brand","embeddable":true,"href":"https:\/\/soydeaqui.ddns.net\/pachuca\/index.php\/wp-json\/wp\/v2\/product_brand?post=40247"},{"taxonomy":"product_cat","embeddable":true,"href":"https:\/\/soydeaqui.ddns.net\/pachuca\/index.php\/wp-json\/wp\/v2\/product_cat?post=40247"},{"taxonomy":"product_tag","embeddable":true,"href":"https:\/\/soydeaqui.ddns.net\/pachuca\/index.php\/wp-json\/wp\/v2\/product_tag?post=40247"}],"curies":[{"name":"wp","href":"https:\/\/api.w.org\/{rel}","templated":true}]}}