{"id":40240,"date":"2026-03-18T17:42:41","date_gmt":"2026-03-18T17:42:41","guid":{"rendered":"https:\/\/soydeaqui.ddns.net\/pachuca\/index.php\/producto\/cable-electrico-de-uso-rudo-3-hilos-calibre-10-awg-hasta-600-v-rollo-de-300-m\/"},"modified":"2026-03-18T17:42:41","modified_gmt":"2026-03-18T17:42:41","slug":"cable-electrico-de-uso-rudo-3-hilos-calibre-10-awg-hasta-600-v-rollo-de-300-m","status":"publish","type":"product","link":"https:\/\/soydeaqui.ddns.net\/pachuca\/index.php\/producto\/cable-electrico-de-uso-rudo-3-hilos-calibre-10-awg-hasta-600-v-rollo-de-300-m\/","title":{"rendered":"Cable El\u00e9ctrico de Uso Rudo 3 Hilos Calibre 10 AWG, Hasta 600 V. Rollo de 300 m."},"content":{"rendered":"<div style='width: 100%; max-width: 1200px; margin: 0 auto; font-family: sans-serif; line-height: 1.6; color: inherit; background-color: transparent;'>\n<div style='display: flex; flex-wrap: wrap; gap: 30px; margin-bottom: 30px;'>\n<div style='flex: 1 1 300px; min-width: 280px;'> <img style='width: 100%; height: auto; border: 1px solid rgba(150&comma;150&comma;150&comma;0.3); border-radius: 8px;' src='https:\/\/ftp3.syscom.mx\/usuarios\/fotos\/RQ39\/141943-logo-indiana.png' alt=''> <\/div>\n<\/p><\/div>\n<div style='display: flex; flex-wrap: wrap; gap: 30px; margin-bottom: 30px;'>\n<div style='flex: 1 1 300px; min-width: 280px;'>\n<h3 style='font-size: 22px; border-bottom: 2px solid currentColor; padding-bottom: 5px; margin-top: 0; color: inherit; opacity: 0.8;'>Descripci\u00f3n General<\/h3>\n<p>Cable formado por conductores de cobre suave en construcci\u00f3n flexible&comma; con aislamiento individual de policloruro de vinilo (PVC) identificados por colores y cubierta exterior de policloruro de vinilo (PVC) en color negro con traza de color.<\/p>\n<ul style='padding-left: 20px; font-size: 15px; color: inherit;'>\n<li style='margin-bottom: 5px;'>Temperatura m\u00e1xima de operaci\u00f3n: 60 \u00b0C.<\/li>\n<li style='margin-bottom: 5px;'>Cord\u00f3n de cobre suave en construcci\u00f3n flexible en cableado clase K<\/li>\n<li style='margin-bottom: 5px;'>Aislamiento y cubierta de PVC resistentes a la propagaci\u00f3n de la flama<\/li>\n<li style='margin-bottom: 5px;'>Cubierta exterior de PVC&comma; estriada&comma; resistente a la luz solar&comma; en color negro con traza de color y con secuencia num\u00e9rica por cada metro.<\/li>\n<\/ul><\/div>\n<div style='flex: 1 1 300px; min-width: 280px;'>\n<h3 style='font-size: 22px; border-bottom: 2px solid currentColor; padding-bottom: 5px; margin-top: 0; color: inherit; opacity: 0.8;'>Caracter\u00edsticas<\/h3>\n<ul style='padding-left: 20px; font-size: 15px; color: inherit;'>\n<li style='margin-bottom: 5px;'><strong>Tensi\u00f3n m\u00e1xima de operaci\u00f3n:<\/strong> 600 V<\/li>\n<li style='margin-bottom: 5px;'><strong>Designaci\u00f3n AWG:<\/strong> 3 X10<\/li>\n<li style='margin-bottom: 5px;'><strong>\u00c1rea nominal de secci\u00f3n transversal:<\/strong> 5.26 mm\u00b2<\/li>\n<li style='margin-bottom: 5px;'><strong>Capacidad de conducci\u00f3n:<\/strong> 25 A<\/li>\n<li style='margin-bottom: 5px;'><strong>Espesor de aislamiento:<\/strong> 1.14 mm<\/li>\n<li style='margin-bottom: 5px;'><strong>Di\u00e1metro exterior:<\/strong> 13.8 mm<\/li>\n<li style='margin-bottom: 5px;'><strong>C\u00f3digo de colores:<\/strong><br \/>2 conductores: Negro y blanco.<br \/>3 conductores: Negro&comma; blanco y verde.<br \/>4 conductores: Negro&comma; blanco&comma; rojo y verde.<\/li>\n<\/ul><\/div>\n<div style='flex: 1 1 300px; min-width: 280px;'>\n<h3 style='font-size: 22px; border-bottom: 2px solid currentColor; padding-bottom: 5px; margin-top: 0; color: inherit; opacity: 0.8;'>Ventajas<\/h3>\n<ul style='padding-left: 20px; font-size: 15px; color: inherit;'>\n<li style='margin-bottom: 5px;'>Marcado secuencial num\u00e9rico cada metro para mejor administraci\u00f3n de longitudes durante la instalaci\u00f3n&comma; mejoras en el control de inventarios y desperdicios.<\/li>\n<li style='margin-bottom: 5px;'>Cubierta con traza de color para identificaci\u00f3n r\u00e1pida del calibre en la instalaci\u00f3n&comma; resistente a la luz solar.<\/li>\n<li style='margin-bottom: 5px;'>Cumplen con la prueba de resistencia a la propagaci\u00f3n de la flama (NMX-J-192-ANCE)<\/li>\n<li style='margin-bottom: 5px;'>Los conductores son cordones de cobre suave&comma; lo cual facilita su manejo e instalaci\u00f3n&comma; d\u00e1ndoles mayor flexibilidad durante su uso<\/li>\n<\/ul><\/div>\n<\/p><\/div>\n<div style='display: flex; flex-wrap: wrap; gap: 30px; margin-bottom: 30px;'>\n<div style='flex: 1 1 300px; min-width: 280px;'> <img style='width: 100%; height: auto; border: 1px solid rgba(150&comma;150&comma;150&comma;0.3); border-radius: 8px;' src='https:\/\/ftp3.syscom.mx\/usuarios\/fotos\/RQ39\/141943-uso_rudo_39.png' alt=''> <\/div>\n<\/p><\/div>\n<\/p><\/div>\n","protected":false},"excerpt":{"rendered":"<p>Cable El\u00e9ctrico de Uso Rudo 3 Hilos Calibre 10 AWG, Hasta 600 V. Rollo de 300 m.<\/p>\n","protected":false},"featured_media":32,"comment_status":"open","ping_status":"closed","template":"","meta":[],"product_brand":[],"product_cat":[1122],"product_tag":[1066,1123,1124],"class_list":{"0":"post-40240","1":"product","2":"type-product","3":"status-publish","4":"has-post-thumbnail","6":"product_cat-cableado-electrico","7":"product_tag-area-electrica","8":"product_tag-cableado-electrico","9":"product_tag-indiana","11":"first","12":"outofstock","13":"sale","14":"shipping-taxable","15":"purchasable","16":"product-type-simple"},"_links":{"self":[{"href":"https:\/\/soydeaqui.ddns.net\/pachuca\/index.php\/wp-json\/wp\/v2\/product\/40240","targetHints":{"allow":["GET"]}}],"collection":[{"href":"https:\/\/soydeaqui.ddns.net\/pachuca\/index.php\/wp-json\/wp\/v2\/product"}],"about":[{"href":"https:\/\/soydeaqui.ddns.net\/pachuca\/index.php\/wp-json\/wp\/v2\/types\/product"}],"replies":[{"embeddable":true,"href":"https:\/\/soydeaqui.ddns.net\/pachuca\/index.php\/wp-json\/wp\/v2\/comments?post=40240"}],"wp:featuredmedia":[{"embeddable":true,"href":"https:\/\/soydeaqui.ddns.net\/pachuca\/index.php\/wp-json\/wp\/v2\/media\/32"}],"wp:attachment":[{"href":"https:\/\/soydeaqui.ddns.net\/pachuca\/index.php\/wp-json\/wp\/v2\/media?parent=40240"}],"wp:term":[{"taxonomy":"product_brand","embeddable":true,"href":"https:\/\/soydeaqui.ddns.net\/pachuca\/index.php\/wp-json\/wp\/v2\/product_brand?post=40240"},{"taxonomy":"product_cat","embeddable":true,"href":"https:\/\/soydeaqui.ddns.net\/pachuca\/index.php\/wp-json\/wp\/v2\/product_cat?post=40240"},{"taxonomy":"product_tag","embeddable":true,"href":"https:\/\/soydeaqui.ddns.net\/pachuca\/index.php\/wp-json\/wp\/v2\/product_tag?post=40240"}],"curies":[{"name":"wp","href":"https:\/\/api.w.org\/{rel}","templated":true}]}}