{"id":40230,"date":"2026-03-18T17:42:25","date_gmt":"2026-03-18T17:42:25","guid":{"rendered":"https:\/\/soydeaqui.ddns.net\/pachuca\/index.php\/producto\/clavija-entrada-recta-15a-125v-2-polos-3-hilos-nema-5-15p-grado-industrial-comercial\/"},"modified":"2026-03-18T17:42:31","modified_gmt":"2026-03-18T17:42:31","slug":"clavija-entrada-recta-15a-125v-2-polos-3-hilos-nema-5-15p-grado-industrial-comercial","status":"publish","type":"product","link":"https:\/\/soydeaqui.ddns.net\/pachuca\/index.php\/producto\/clavija-entrada-recta-15a-125v-2-polos-3-hilos-nema-5-15p-grado-industrial-comercial\/","title":{"rendered":"Clavija Entrada Recta\/ 15A 125V\/ 2 Polos 3 Hilos\/ Nema 5-15P\/ Grado Industrial- Comercial."},"content":{"rendered":"<div style='width: 100%; max-width: 1200px; margin: 0 auto; font-family: sans-serif; line-height: 1.6; color: inherit; background-color: transparent;'>\n<h4 style='font-size: 18px; margin-top: 0; color: inherit; opacity: 0.9;'><strong>Enchufe de entrada recta \/15 A 125 V CA \/2 polos 3 hilos \/Nema 5-15P \/Grado Comercial &#8211; Industrial<\/strong><\/h4>\n<div style='display: flex; flex-wrap: wrap; gap: 30px; margin-bottom: 30px;'>\n<div style='flex: 1 1 300px; min-width: 280px;'>\n<h3 style='font-size: 22px; border-bottom: 2px solid currentColor; padding-bottom: 5px; margin-top: 0; color: inherit; opacity: 0.8;'>Especificaciones<\/h3>\n<ul style='padding-left: 20px; font-size: 15px; color: inherit;'>\n<li style='margin-bottom: 5px;'><strong>Color:<\/strong> Blanco y negro<\/li>\n<li style='margin-bottom: 5px;'><strong>Material:<\/strong> Policarbonato<\/li>\n<li style='margin-bottom: 5px;'><strong>N\u00famero de polos:<\/strong> 2<\/li>\n<li style='margin-bottom: 5px;'><strong>Temperatura de Operaci\u00f3n:<\/strong> M\u00e1xima continua de 75 \u00b0C y m\u00ednima de -40 \u00b0C sin impactos<\/li>\n<li style='margin-bottom: 5px;'><strong>Estilo:<\/strong> Est\u00e1ndar<\/li>\n<li style='margin-bottom: 5px;'><strong>Dimensiones:<\/strong> 1.52 in x 1.52 in x 1.96 in<\/li>\n<li style='margin-bottom: 5px;'><strong>Altura:<\/strong> 1.96 in<\/li>\n<li style='margin-bottom: 5px;'><strong>Largo:<\/strong> 1.52 in<\/li>\n<li style='margin-bottom: 5px;'><strong>Ancho:<\/strong> 1.52 in<\/li>\n<li style='margin-bottom: 5px;'><strong>Peso:<\/strong> 0.15 lb<\/li>\n<li style='margin-bottom: 5px;'><strong>Rango de amperaje:<\/strong> 15 A<\/li>\n<li style='margin-bottom: 5px;'><strong>Rango de Voltaje:<\/strong> 125 V<\/li>\n<li style='margin-bottom: 5px;'><strong>Resistencia diel\u00e9ctrica:<\/strong> Soporta 2000V m\u00ednimo<\/li>\n<li style='margin-bottom: 5px;'><strong>N\u00famero de cables:<\/strong> 3 hilos<\/li>\n<li style='margin-bottom: 5px;'><strong>Tama\u00f1o del cable:<\/strong> #18 AWG a #10 AWG<\/li>\n<li style='margin-bottom: 5px;'><strong>Nema:<\/strong> 5-15 P<\/li>\n<\/ul><\/div>\n<div style='flex: 1 1 250px; border: 1px solid rgba(150&comma; 150&comma; 150&comma; 0.4); border-radius: 8px; overflow: hidden; display: flex; flex-direction: column;'>\n<div style='padding: 15px; border-bottom: 1px solid rgba(150&comma; 150&comma; 150&comma; 0.2); font-weight: bold; font-size: 18px; color: inherit;'>Rendimiento<\/div>\n<div style='padding: 15px; color: inherit;'>\n<ul style='padding-left: 20px; margin: 0; font-size: 14px; list-style-type: disc;'>\n<li style='margin-bottom: 5px;'>El\u00e9ctrico &#8211; Interrupci\u00f3n de corriente &#8211; Certificado para interrupci\u00f3n de corriente a corriente nominal completa<\/li>\n<li style='margin-bottom: 5px;'>El\u00e9ctrico &#8211; Voltaje diel\u00e9ctrico &#8211; Soporta un m\u00ednimo de 2000 V<\/li>\n<li style='margin-bottom: 5px;'>Ambiental &#8211; Inflamabilidad &#8211; UL 94 HB o mejor<\/li>\n<li style='margin-bottom: 5px;'>Ambiental &#8211; Idoneidad IP &#8211; IP20<\/li>\n<li style='margin-bottom: 5px;'>Ambiental &#8211; Temperaturas de funcionamiento &#8211; M\u00e1ximo continuo 75 \u00b0C m\u00ednimo -40 \u00b0C (sin impacto)<\/li>\n<li style='margin-bottom: 5px;'>Mec\u00e1nico &#8211; Alojamiento de terminales &#8211; #18-10 AWG. Solo cable de cobre con soporte<\/li>\n<li style='margin-bottom: 5px;'>Mec\u00e1nico &#8211; Identificaci\u00f3n de terminales &#8211; Terminales identificados de acuerdo con UL 498 y CSA<\/li>\n<\/ul><\/div>\n<\/p><\/div>\n<div style='flex: 1 1 250px; border: 1px solid rgba(150&comma; 150&comma; 150&comma; 0.4); border-radius: 8px; overflow: hidden; display: flex; flex-direction: column;'>\n<div style='padding: 15px; border-bottom: 1px solid rgba(150&comma; 150&comma; 150&comma; 0.2); font-weight: bold; font-size: 18px; color: inherit;'>Est\u00e1ndares<\/div>\n<div style='padding: 15px; color: inherit;'>\n<ul style='padding-left: 20px; margin: 0; font-size: 14px; list-style-type: disc;'>\n<li style='margin-bottom: 5px;'>Certificaci\u00f3n CSA para C22.2 No. 42 Archivo 280<\/li>\n<li style='margin-bottom: 5px;'>Alimentados. Especificaciones. W-C596G<\/li>\n<li style='margin-bottom: 5px;'>Cumple con NEMA\u00ae WD-6<\/li>\n<li style='margin-bottom: 5px;'>Listado en UL para el archivo UL498 E1706<\/li>\n<\/ul><\/div>\n<\/p><\/div>\n<\/p><\/div>\n<\/p><\/div>\n","protected":false},"excerpt":{"rendered":"<p>Clavija Entrada Recta\/ 15A 125V\/ 2 Polos 3 Hilos\/ Nema 5-15P\/ Grado Industrial- Comercial.<\/p>\n","protected":false},"featured_media":40229,"comment_status":"open","ping_status":"closed","template":"","meta":[],"product_brand":[],"product_cat":[1071],"product_tag":[1066,1072,705],"class_list":{"0":"post-40230","1":"product","2":"type-product","3":"status-publish","4":"has-post-thumbnail","6":"product_cat-extensiones-y-multicontactos","7":"product_tag-area-electrica","8":"product_tag-extensiones-y-multicontactos","9":"product_tag-hubbell","11":"first","12":"instock","13":"sale","14":"shipping-taxable","15":"purchasable","16":"product-type-simple"},"_links":{"self":[{"href":"https:\/\/soydeaqui.ddns.net\/pachuca\/index.php\/wp-json\/wp\/v2\/product\/40230","targetHints":{"allow":["GET"]}}],"collection":[{"href":"https:\/\/soydeaqui.ddns.net\/pachuca\/index.php\/wp-json\/wp\/v2\/product"}],"about":[{"href":"https:\/\/soydeaqui.ddns.net\/pachuca\/index.php\/wp-json\/wp\/v2\/types\/product"}],"replies":[{"embeddable":true,"href":"https:\/\/soydeaqui.ddns.net\/pachuca\/index.php\/wp-json\/wp\/v2\/comments?post=40230"}],"wp:featuredmedia":[{"embeddable":true,"href":"https:\/\/soydeaqui.ddns.net\/pachuca\/index.php\/wp-json\/wp\/v2\/media\/40229"}],"wp:attachment":[{"href":"https:\/\/soydeaqui.ddns.net\/pachuca\/index.php\/wp-json\/wp\/v2\/media?parent=40230"}],"wp:term":[{"taxonomy":"product_brand","embeddable":true,"href":"https:\/\/soydeaqui.ddns.net\/pachuca\/index.php\/wp-json\/wp\/v2\/product_brand?post=40230"},{"taxonomy":"product_cat","embeddable":true,"href":"https:\/\/soydeaqui.ddns.net\/pachuca\/index.php\/wp-json\/wp\/v2\/product_cat?post=40230"},{"taxonomy":"product_tag","embeddable":true,"href":"https:\/\/soydeaqui.ddns.net\/pachuca\/index.php\/wp-json\/wp\/v2\/product_tag?post=40230"}],"curies":[{"name":"wp","href":"https:\/\/api.w.org\/{rel}","templated":true}]}}