{"id":4022,"date":"2026-03-18T06:14:43","date_gmt":"2026-03-18T06:14:43","guid":{"rendered":"https:\/\/soydeaqui.ddns.net\/pachuca\/index.php\/producto\/controlador-hub-principal-para-dispositivos-switchbot-senal-wifi-y-bluetooth\/"},"modified":"2026-03-18T06:14:46","modified_gmt":"2026-03-18T06:14:46","slug":"controlador-hub-principal-para-dispositivos-switchbot-senal-wifi-y-bluetooth","status":"publish","type":"product","link":"https:\/\/soydeaqui.ddns.net\/pachuca\/index.php\/producto\/controlador-hub-principal-para-dispositivos-switchbot-senal-wifi-y-bluetooth\/","title":{"rendered":"Controlador HUB principal para dispositivos SwitchBot, Se\u00f1al Wifi y BLUETOOTH"},"content":{"rendered":"<div style='width: 100%; max-width: 1200px; margin: 0 auto; font-family: sans-serif; line-height: 1.6; color: inherit; background-color: transparent;'>\n<p style='text-align: justify;'>SwitchBot Hub 2 admite dispositivos infrarrojos antiguos y puede ayudar a hacerlos m\u00e1s inteligentes; adem\u00e1s&comma; tambi\u00e9n puede conectar otros productos SwitchBot a trav\u00e9s de Bluetooth y Wi-Fi para crear una experiencia de hogar inteligente m\u00e1s completa.<\/p>\n<p style='text-align: justify;'>Para productos existentes solo con Bluetooth&comma; como SwitchBot Curtain&comma; SwitchBot Lock y SwitchBot Blind Tilt&comma; puede conectar Hub 2 a su ecosistema de hogar inteligente para implementar Matter a trav\u00e9s de Wi-Fi en el futuro&comma; eliminando la necesidad de comprar nuevos dispositivos para hacerlos compatibles con Matter.<\/p>\n<div style='display: flex; flex-wrap: wrap; gap: 30px; margin: 30px 0;'>\n<div style='flex: 1 1 300px; min-width: 280px;'>\n<div style='border-left: 5px solid #0091ff; border-radius: 5px; padding: 15px; border: 1px solid rgba(150&comma;150&comma;150&comma;0.3); background-color: rgba(255&comma;255&comma;255&comma;0.02);'> <strong style='font-size: 16px; display: block; margin-bottom: 10px; color: inherit;'>Caracter\u00edsticas principales:<\/strong> <\/p>\n<ul style='padding-left: 20px; font-size: 15px; color: inherit; list-style-position: inside;'>\n<li style='margin-bottom: 5px;'><span style='color: inherit;'>Material: pl\u00e1stico ABS&comma; transparente infrarrojo<\/span><\/li>\n<li style='margin-bottom: 5px;'><span style='color: inherit;'>Requisitos del sistema: Android OS 5.0+&comma; iOS 14.0+<\/span><\/li>\n<li style='margin-bottom: 5px;'><span style='color: inherit;'>Entorno de trabajo: Interior<\/span><\/li>\n<li style='margin-bottom: 5px;'><span style='color: inherit;'>Temperatura de funcionamiento: \u221220 \u00b0C a 40 \u00b0C<\/span><\/li>\n<li style='margin-bottom: 5px;'><span style='color: inherit;'>Humedad de funcionamiento: 0 % a 90 % RH<\/span><\/li>\n<li style='margin-bottom: 5px;'><span style='color: inherit;'>Entrada: 5 V \u2393 2 A<\/span><\/li>\n<li style='margin-bottom: 5px;'><span style='color: inherit;'>BLE : 4.2<\/span><\/li>\n<li style='margin-bottom: 5px;'><span style='color: inherit;'>Alcance de transmisi\u00f3n: M\u00e1ximo 120 m (131&comma;2 yd.) en \u00e1reas abiertas<\/span><\/li>\n<li style='margin-bottom: 5px;'><span style='color: inherit;'>Caracter\u00edstica Bluetooth: Red patentada de malla BLE de bajo consumo<\/span><\/li>\n<\/ul><\/div>\n<\/p><\/div>\n<div style='flex: 1 1 300px; min-width: 280px;'>\n<div style='border-left: 5px solid #0091ff; border-radius: 5px; padding: 15px; border: 1px solid rgba(150&comma;150&comma;150&comma;0.3); background-color: rgba(255&comma;255&comma;255&comma;0.02);'> <strong style='font-size: 16px; display: block; margin-bottom: 10px; color: inherit;'>Caracter\u00edsticas principales:<\/strong> <\/p>\n<ul style='padding-left: 20px; font-size: 15px; color: inherit; list-style-position: inside;'>\n<li style='margin-bottom: 5px;'><span style='color: inherit;'>Wi-Fi: 802.11 b\/g\/n (2&comma;4 GHz)<\/span><\/li>\n<li style='margin-bottom: 5px;'><span style='color: inherit;'>Alcance de emisi\u00f3n de infrarrojos: M\u00e1ximo 30 m (32&comma;8 yd.)<\/span><\/li>\n<li style='margin-bottom: 5px;'><span style='color: inherit;'>Alcance de recepci\u00f3n de infrarrojos: M\u00e1ximo 15 m (16&comma;4 yardas)<\/span><\/li>\n<li style='margin-bottom: 5px;'><span style='color: inherit;'>Integraci\u00f3n de terceros: Alexa&comma; Asistente de Google&comma; accesos directos de Siri&comma; IFTTT<\/span><\/li>\n<li style='margin-bottom: 5px;'><span style='color: inherit;'>Unidad de temperatura: \u2103\/\u2109<\/span><\/li>\n<li style='margin-bottom: 5px;'><span style='color: inherit;'>Sensor de temperatura y humedad: Resoluci\u00f3n: 0&comma;1 \u2103\/0&comma;1 \u2109&comma; 1 % HR<\/span><\/li>\n<li style='margin-bottom: 5px;'><span style='color: inherit;'>Rango de temperatura: \u221220 \u2103 a 80 \u2103 (\u22124 \u2109 a 176 \u2109)<\/span><\/li>\n<\/ul><\/div>\n<\/p><\/div>\n<div style='flex: 1 1 300px; min-width: 280px;'>\n<div style='border-left: 5px solid #0091ff; border-radius: 5px; padding: 15px; border: 1px solid rgba(150&comma;150&comma;150&comma;0.3); background-color: rgba(255&comma;255&comma;255&comma;0.02);'> <strong style='font-size: 16px; display: block; margin-bottom: 10px; color: inherit;'>Caracter\u00edsticas principales:<\/strong> <\/p>\n<ul style='padding-left: 20px; font-size: 15px; color: inherit; list-style-position: inside;'>\n<li style='margin-bottom: 5px;'><span style='color: inherit;'>Rango de humedad: 0 a 99 % HR<\/span><\/li>\n<li style='margin-bottom: 5px;'><span style='color: inherit;'>Precisi\u00f3n de temperatura: \u221220 \u2103 a 0 \u2103 (\u22124 \u00b0F a 32 \u00b0F) [\u00b10&comma;4 \u2103 \/ 0&comma;7 \u2109]<\/span><\/li>\n<li style='margin-bottom: 5px;'><span style='color: inherit;'>Precisi\u00f3n de la humedad: 0 a 10 % RH (\u00b14 % RH)<\/span><\/li>\n<li style='margin-bottom: 5px;'><span style='color: inherit;'>10 % a 90 % RH (\u00b12 % RH)<\/span><\/li>\n<li style='margin-bottom: 5px;'><span style='color: inherit;'>90 % a 99 % RH (\u00b14 % RH )<\/span><\/li>\n<li style='margin-bottom: 5px;'><span style='color: inherit;'>Tama\u00f1o: 80 \u00d7 70 \u00d7 23 mm<\/span><\/li>\n<li style='margin-bottom: 5px;'><span style='color: inherit;'>Peso: 63 g (2&comma;2 onzas)<\/span><\/li>\n<li style='margin-bottom: 5px;'><span style='color: inherit;'>Longitud del cable de datos: 2 metros<\/span><\/li>\n<li style='margin-bottom: 5px;'><a href='https:\/\/support.switch-bot.com\/hc\/es' style='color: inherit; text-decoration: underline;'><strong>Material de ayuda tecnica.<\/strong><\/a><\/li>\n<\/ul><\/div>\n<\/p><\/div>\n<\/p><\/div>\n<div style='position: relative; padding-bottom: 56.25%; height: 0; overflow: hidden; margin: 30px 0;'>   <\/div>\n<\/p><\/div>\n","protected":false},"excerpt":{"rendered":"<p>Controlador HUB principal para dispositivos SwitchBot, Se\u00f1al Wifi y BLUETOOTH<\/p>\n","protected":false},"featured_media":4021,"comment_status":"open","ping_status":"closed","template":"","meta":[],"product_brand":[],"product_cat":[74],"product_tag":[30,75,37],"class_list":{"0":"post-4022","1":"product","2":"type-product","3":"status-publish","4":"has-post-thumbnail","6":"product_cat-controlador-inteligente-hub","7":"product_tag-automatizacion-casa-inteligente","8":"product_tag-controlador-inteligente-hub","9":"product_tag-switchbot","11":"first","12":"instock","13":"sale","14":"shipping-taxable","15":"purchasable","16":"product-type-simple"},"_links":{"self":[{"href":"https:\/\/soydeaqui.ddns.net\/pachuca\/index.php\/wp-json\/wp\/v2\/product\/4022","targetHints":{"allow":["GET"]}}],"collection":[{"href":"https:\/\/soydeaqui.ddns.net\/pachuca\/index.php\/wp-json\/wp\/v2\/product"}],"about":[{"href":"https:\/\/soydeaqui.ddns.net\/pachuca\/index.php\/wp-json\/wp\/v2\/types\/product"}],"replies":[{"embeddable":true,"href":"https:\/\/soydeaqui.ddns.net\/pachuca\/index.php\/wp-json\/wp\/v2\/comments?post=4022"}],"wp:featuredmedia":[{"embeddable":true,"href":"https:\/\/soydeaqui.ddns.net\/pachuca\/index.php\/wp-json\/wp\/v2\/media\/4021"}],"wp:attachment":[{"href":"https:\/\/soydeaqui.ddns.net\/pachuca\/index.php\/wp-json\/wp\/v2\/media?parent=4022"}],"wp:term":[{"taxonomy":"product_brand","embeddable":true,"href":"https:\/\/soydeaqui.ddns.net\/pachuca\/index.php\/wp-json\/wp\/v2\/product_brand?post=4022"},{"taxonomy":"product_cat","embeddable":true,"href":"https:\/\/soydeaqui.ddns.net\/pachuca\/index.php\/wp-json\/wp\/v2\/product_cat?post=4022"},{"taxonomy":"product_tag","embeddable":true,"href":"https:\/\/soydeaqui.ddns.net\/pachuca\/index.php\/wp-json\/wp\/v2\/product_tag?post=4022"}],"curies":[{"name":"wp","href":"https:\/\/api.w.org\/{rel}","templated":true}]}}