{"id":40214,"date":"2026-03-18T17:42:01","date_gmt":"2026-03-18T17:42:01","guid":{"rendered":"https:\/\/soydeaqui.ddns.net\/pachuca\/index.php\/producto\/cable-de-alimentacin-elctrica-para-120-240-vca-1-8-metros-5-91-pies-3-fases-cables-libres\/"},"modified":"2026-03-18T17:42:09","modified_gmt":"2026-03-18T17:42:09","slug":"cable-de-alimentacin-elctrica-para-120-240-vca-1-8-metros-5-91-pies-3-fases-cables-libres","status":"publish","type":"product","link":"https:\/\/soydeaqui.ddns.net\/pachuca\/index.php\/producto\/cable-de-alimentacin-elctrica-para-120-240-vca-1-8-metros-5-91-pies-3-fases-cables-libres\/","title":{"rendered":"Cable de Alimentaci?n El?ctrica para 120-240 Vca \/ 1.8 Metros (5.91 Pies) \/ 3 Fases \/ Cables Libres"},"content":{"rendered":"<div style='width: 100%; max-width: 1200px; margin: 0 auto; font-family: sans-serif; line-height: 1.6; color: inherit; background-color: transparent;'>\n<div style='width: 100%; margin-bottom: 30px;'>\n<h1 style='font-size: 28px; text-align: center; color: inherit; margin: 0 0 10px;'><strong>AC-CORDP-1.8M<\/strong><\/h1>\n<h3 style='font-size: 20px; text-align: center; color: inherit; margin: 0 0 20px;'>Cable de alimentaci\u00f3n el\u00e9ctrica para 120-240 Vca&comma; de 1.8 metros con Puntas Libres<\/h3>\n<p style='text-align: center; font-size: 16px; color: inherit; margin: 0 70px;'>Cable de alimentaci\u00f3n para Vca&comma; cable de alimentaci\u00f3n el\u00e9ctrica que utilizan la mayor\u00eda de los equipos el\u00e9ctricos y electr\u00f3nicos.<\/p>\n<\/p><\/div>\n<div style='display: flex; flex-wrap: wrap; gap: 30px; margin-bottom: 30px;'>\n<div style='flex: 1 1 300px; min-width: 280px;'>\n<div style='border: 1px solid rgba(150&comma; 150&comma; 150&comma; 0.3); border-radius: 8px; overflow: hidden; display: flex; flex-direction: column;'>\n<div style='padding: 15px; border-bottom: 1px solid rgba(150&comma; 150&comma; 150&comma; 0.2); font-weight: bold; font-size: 18px; color: inherit; background-color: rgba(150&comma; 150&comma; 150&comma; 0.1);'>Caracter\u00edsticas Principales:<\/div>\n<div style='padding: 15px; color: inherit;'>\n<ul style='padding-left: 20px; margin: 0; font-size: 14px; list-style-type: disc;'>\n<li style='margin-bottom: 5px;'><strong>Longitud:<\/strong> 1.8 metros<\/li>\n<li style='margin-bottom: 5px;'><strong>Fases:<\/strong> Linea&comma; Neutro y Tierra<\/li>\n<li style='margin-bottom: 5px;'><strong>Diametro del jacket:<\/strong> 6.8 mm<\/li>\n<li style='margin-bottom: 5px;'><strong>Color exterior:<\/strong> Negro<\/li>\n<li style='margin-bottom: 5px;'><strong>Colores de los Cables:<\/strong> Negro&comma; Blanco y Verde<\/li>\n<\/ul><\/div>\n<\/p><\/div>\n<\/p><\/div>\n<div style='flex: 1 1 300px; min-width: 280px;'>\n<div style='border: 1px solid rgba(150&comma; 150&comma; 150&comma; 0.3); border-radius: 8px; overflow: hidden; display: flex; flex-direction: column;'>\n<div style='padding: 15px; border-bottom: 1px solid rgba(150&comma; 150&comma; 150&comma; 0.2); font-weight: bold; font-size: 18px; color: inherit; background-color: rgba(150&comma; 150&comma; 150&comma; 0.1);'>Caracter\u00edsticas F\u00edsicas y El\u00e9ctricas:<\/div>\n<div style='padding: 15px; color: inherit;'>\n<ul style='padding-left: 20px; margin: 0; font-size: 14px; list-style-type: disc;'>\n<li style='margin-bottom: 5px;'><strong>Clavija:<\/strong> Tipo B (2 clavijas planas en paralelo y 1 redonda para Tierra)<\/li>\n<li style='margin-bottom: 5px;'><strong>Certificado:<\/strong> UL<\/li>\n<\/ul><\/div>\n<\/p><\/div>\n<\/p><\/div>\n<div style='flex: 1 1 300px; min-width: 280px;'>\n<div style='border: 1px solid rgba(150&comma; 150&comma; 150&comma; 0.3); border-radius: 8px; overflow: hidden; display: flex; flex-direction: column;'>\n<div style='padding: 15px; border-bottom: 1px solid rgba(150&comma; 150&comma; 150&comma; 0.2); font-weight: bold; font-size: 18px; color: inherit; background-color: rgba(150&comma; 150&comma; 150&comma; 0.1);'>Caracter\u00edsticas Destacadas:<\/div>\n<div style='padding: 15px; color: inherit;'>\n<ul style='padding-left: 20px; margin: 0; font-size: 14px; list-style-type: disc;'>\n<li style='margin-bottom: 5px;'>Cable de alimentaci\u00f3n universal de 18 AWG (calibre de cable americano)<\/li>\n<li style='margin-bottom: 5px;'>Funciona con la mayor\u00eda de equipos electr\u00f3nicos y otros dispositivos&comma; cuenta con puntas libres para su adaptaci\u00f3n a cualquier conector o conexi\u00f3n en terminales.<\/li>\n<li style='margin-bottom: 5px;'><strong>Dise\u00f1o duradero para resistencia y rendimiento duraderos<\/strong><\/li>\n<\/ul><\/div>\n<\/p><\/div>\n<\/p><\/div>\n<\/p><\/div>\n<div style='width: 100%; margin-bottom: 30px;'> <img style='width: 100%; height: auto; border: 1px solid rgba(150&comma;150&comma;150&comma;0.3); border-radius: 8px;' src='http:\/\/ftp3.syscom.mx\/usuarios\/maguilar\/Epcom%20Power%20Line\/Cables%20electricos.jpg' alt=''> <\/div>\n<\/p><\/div>\n","protected":false},"excerpt":{"rendered":"<p>Cable de Alimentaci?n El?ctrica para 120-240 Vca \/ 1.8 Metros (5.91 Pies) \/ 3 Fases \/ Cables Libres<\/p>\n","protected":false},"featured_media":40213,"comment_status":"open","ping_status":"closed","template":"","meta":[],"product_brand":[],"product_cat":[487],"product_tag":[488,454,489],"class_list":{"0":"post-40214","1":"product","2":"type-product","3":"status-publish","4":"has-post-thumbnail","6":"product_cat-para-alimentacion-y-electricidad","7":"product_tag-cables-y-conectores","8":"product_tag-epcom-powerline","9":"product_tag-para-alimentacion-y-electricidad","11":"first","12":"instock","13":"sale","14":"shipping-taxable","15":"purchasable","16":"product-type-simple"},"_links":{"self":[{"href":"https:\/\/soydeaqui.ddns.net\/pachuca\/index.php\/wp-json\/wp\/v2\/product\/40214","targetHints":{"allow":["GET"]}}],"collection":[{"href":"https:\/\/soydeaqui.ddns.net\/pachuca\/index.php\/wp-json\/wp\/v2\/product"}],"about":[{"href":"https:\/\/soydeaqui.ddns.net\/pachuca\/index.php\/wp-json\/wp\/v2\/types\/product"}],"replies":[{"embeddable":true,"href":"https:\/\/soydeaqui.ddns.net\/pachuca\/index.php\/wp-json\/wp\/v2\/comments?post=40214"}],"wp:featuredmedia":[{"embeddable":true,"href":"https:\/\/soydeaqui.ddns.net\/pachuca\/index.php\/wp-json\/wp\/v2\/media\/40213"}],"wp:attachment":[{"href":"https:\/\/soydeaqui.ddns.net\/pachuca\/index.php\/wp-json\/wp\/v2\/media?parent=40214"}],"wp:term":[{"taxonomy":"product_brand","embeddable":true,"href":"https:\/\/soydeaqui.ddns.net\/pachuca\/index.php\/wp-json\/wp\/v2\/product_brand?post=40214"},{"taxonomy":"product_cat","embeddable":true,"href":"https:\/\/soydeaqui.ddns.net\/pachuca\/index.php\/wp-json\/wp\/v2\/product_cat?post=40214"},{"taxonomy":"product_tag","embeddable":true,"href":"https:\/\/soydeaqui.ddns.net\/pachuca\/index.php\/wp-json\/wp\/v2\/product_tag?post=40214"}],"curies":[{"name":"wp","href":"https:\/\/api.w.org\/{rel}","templated":true}]}}