{"id":4020,"date":"2026-03-18T06:14:42","date_gmt":"2026-03-18T06:14:42","guid":{"rendered":"https:\/\/soydeaqui.ddns.net\/pachuca\/index.php\/producto\/comunicador-dual-con-modulo-universal-para-convertir-panel-de-alarma-de-linea-telefonica-a-ip-o-gsm\/"},"modified":"2026-03-18T06:14:42","modified_gmt":"2026-03-18T06:14:42","slug":"comunicador-dual-con-modulo-universal-para-convertir-panel-de-alarma-de-linea-telefonica-a-ip-o-gsm","status":"publish","type":"product","link":"https:\/\/soydeaqui.ddns.net\/pachuca\/index.php\/producto\/comunicador-dual-con-modulo-universal-para-convertir-panel-de-alarma-de-linea-telefonica-a-ip-o-gsm\/","title":{"rendered":"Comunicador Dual con Modulo Universal para convertir Panel de Alarma de L\u00cdnea Telef\u00f3nica a IP o GSM"},"content":{"rendered":"<div style='width: 100%; max-width: 1200px; margin: 0 auto; font-family: sans-serif; line-height: 1.6; color: inherit;'>\n<div style='display: flex; flex-wrap: wrap; gap: 30px; margin-bottom: 30px;'>\n<div style='flex: 1 1 300px; min-width: 280px;'>\n<h3 style='font-size: 22px; border-bottom: 2px solid currentColor; padding-bottom: 5px; margin-top: 0; color: inherit; opacity: 0.8;'>Descripci\u00f3n<\/h3>\n<p style='margin-bottom: 15px; font-size: 15px; color: inherit;'>El comunicador de la serie LTEM-P utiliza la \u00faltima tecnolog\u00eda LTE especialmente dise\u00f1ada para que los dispositivos IoT se comuniquen con AlarmNet. La tecnolog\u00eda LTE CAT-M1 proporciona mayor eficiencia energ\u00e9tica y potencia de se\u00f1al en el interior de los edificios.<\/p>\n<\/p><\/div>\n<\/p><\/div>\n<div style='display: flex; flex-wrap: wrap; gap: 20px; margin-bottom: 30px;'>\n<div style='flex: 1 1 250px; border: 1px solid rgba(150&comma; 150&comma; 150&comma; 0.4); border-radius: 8px; overflow: hidden; display: flex; flex-direction: column;'>\n<div style='padding: 15px; border-bottom: 1px solid rgba(150&comma; 150&comma; 150&comma; 0.2); font-weight: bold; font-size: 18px; color: inherit;'>Funciones Opcionales<\/div>\n<div style='padding: 15px; color: inherit;'>\n<ul style='padding-left: 20px; margin: 0; font-size: 14px; list-style-type: disc;'>\n<li style='margin-bottom: 5px;'>M\u00f3dulo de radio celular LTE CAT-1 para funciones de radio celular mejoradas (serie PROLTE)<\/li>\n<li style='margin-bottom: 5px;'>M\u00f3dulo Wi-Fi\/Zwave para conexiones Wi-Fi a internet y\/o control de dispositivos dom\u00f3ticos (modelo PROWIFIZW)<\/li>\n<li style='margin-bottom: 5px;'>M\u00f3dulo de captura de marcador para uso con paneles de control que env\u00edan se\u00f1ales de ID de contacto a trav\u00e9s del marcador (modelo PRODCM)<\/li>\n<li style='margin-bottom: 5px;'>Admite conexiones ECP y Bus a paneles de control compatibles<\/li>\n<li style='margin-bottom: 5px;'>Admite conexi\u00f3n a Internet mediante cable Ethernet o Wi-Fi (Wi-Fi requiere un m\u00f3dulo PROWIFI o PROWIFiZW): solo se puede utilizar un m\u00e9todo&comma; Ethernet o Wi-Fi&comma; no ambos<\/li>\n<li style='margin-bottom: 5px;'>Soporta control remoto de sistemas de alarma a trav\u00e9s de servicios de servicios remotos (TC2)<\/li>\n<li style='margin-bottom: 5px;'>Denunciar incendios&comma; robos y mensajes de estado a trav\u00e9s de Internet<\/li>\n<\/ul><\/div>\n<\/p><\/div>\n<div style='flex: 1 1 250px; border: 1px solid rgba(150&comma; 150&comma; 150&comma; 0.4); border-radius: 8px; overflow: hidden; display: flex; flex-direction: column;'>\n<div style='padding: 15px; border-bottom: 1px solid rgba(150&comma; 150&comma; 150&comma; 0.2); font-weight: bold; font-size: 18px; color: inherit;'>Incluye<\/div>\n<div style='padding: 15px; color: inherit;'>\n<ul style='padding-left: 20px; margin: 0; font-size: 14px; list-style-type: disc;'>\n<li style='margin-bottom: 5px;'>LTEMPA<\/li>\n<li style='margin-bottom: 5px;'>PRODCM<\/li>\n<\/ul><\/div>\n<\/p><\/div>\n<\/p><\/div>\n<hr style='border: 0; border-top: 1px solid rgba(150&comma; 150&comma; 150&comma; 0.3); margin: 30px 0;'> <\/div>\n","protected":false},"excerpt":{"rendered":"<p>Comunicador Dual con Modulo Universal para convertir Panel de Alarma de L\u00cdnea Telef\u00f3nica a IP o GSM<\/p>\n","protected":false},"featured_media":4019,"comment_status":"open","ping_status":"closed","template":"","meta":[],"product_brand":[],"product_cat":[386],"product_tag":[40,207,45],"class_list":{"0":"post-4020","1":"product","2":"type-product","3":"status-publish","4":"has-post-thumbnail","6":"product_cat-comunicadores-centrales-de-monitoreo","7":"product_tag-centrales-de-monitoreo","8":"product_tag-comunicadores","9":"product_tag-honeywell-home-resideo","11":"first","12":"instock","13":"sale","14":"shipping-taxable","15":"purchasable","16":"product-type-simple"},"_links":{"self":[{"href":"https:\/\/soydeaqui.ddns.net\/pachuca\/index.php\/wp-json\/wp\/v2\/product\/4020","targetHints":{"allow":["GET"]}}],"collection":[{"href":"https:\/\/soydeaqui.ddns.net\/pachuca\/index.php\/wp-json\/wp\/v2\/product"}],"about":[{"href":"https:\/\/soydeaqui.ddns.net\/pachuca\/index.php\/wp-json\/wp\/v2\/types\/product"}],"replies":[{"embeddable":true,"href":"https:\/\/soydeaqui.ddns.net\/pachuca\/index.php\/wp-json\/wp\/v2\/comments?post=4020"}],"wp:featuredmedia":[{"embeddable":true,"href":"https:\/\/soydeaqui.ddns.net\/pachuca\/index.php\/wp-json\/wp\/v2\/media\/4019"}],"wp:attachment":[{"href":"https:\/\/soydeaqui.ddns.net\/pachuca\/index.php\/wp-json\/wp\/v2\/media?parent=4020"}],"wp:term":[{"taxonomy":"product_brand","embeddable":true,"href":"https:\/\/soydeaqui.ddns.net\/pachuca\/index.php\/wp-json\/wp\/v2\/product_brand?post=4020"},{"taxonomy":"product_cat","embeddable":true,"href":"https:\/\/soydeaqui.ddns.net\/pachuca\/index.php\/wp-json\/wp\/v2\/product_cat?post=4020"},{"taxonomy":"product_tag","embeddable":true,"href":"https:\/\/soydeaqui.ddns.net\/pachuca\/index.php\/wp-json\/wp\/v2\/product_tag?post=4020"}],"curies":[{"name":"wp","href":"https:\/\/api.w.org\/{rel}","templated":true}]}}