{"id":40182,"date":"2026-03-18T17:41:11","date_gmt":"2026-03-18T17:41:11","guid":{"rendered":"https:\/\/soydeaqui.ddns.net\/pachuca\/index.php\/producto\/linterna-de-mano-maglite-led-ultrabrillante-200-lm-con-3-funciones-alto-poder-modo-ahorro-e-intermitente-resistente-a-la-corrosion\/"},"modified":"2026-03-18T17:41:15","modified_gmt":"2026-03-18T17:41:15","slug":"linterna-de-mano-maglite-led-ultrabrillante-200-lm-con-3-funciones-alto-poder-modo-ahorro-e-intermitente-resistente-a-la-corrosion","status":"publish","type":"product","link":"https:\/\/soydeaqui.ddns.net\/pachuca\/index.php\/producto\/linterna-de-mano-maglite-led-ultrabrillante-200-lm-con-3-funciones-alto-poder-modo-ahorro-e-intermitente-resistente-a-la-corrosion\/","title":{"rendered":"Linterna de Mano Maglite LED Ultrabrillante 200 lm. con 3 Funciones: Alto Poder, Modo Ahorro e Intermitente. Resistente a la Corrosi\u00f3n."},"content":{"rendered":"<div style='width: 100%; max-width: 1200px; margin: 0 auto; font-family: sans-serif; line-height: 1.6; color: inherit; background-color: transparent;'> <!-- Imagen principal --> <\/p>\n<div style='width: 100%; text-align: center; margin-bottom: 30px;'> <img style='width: 100%; max-width: 520px; height: auto; border: 1px solid rgba(150&comma;150&comma;150&comma;0.3); border-radius: 8px;' src='https:\/\/ftp3.syscom.mx\/usuarios\/fotos\/ML25LT\/91796-mglite.jpg' alt=''> <\/div>\n<p> <!-- Descripci\u00f3n principal --> <\/p>\n<div style='margin-bottom: 30px;'>\n<h2 style='font-size: 22px; margin-bottom: 20px; color: inherit; text-align: center; font-weight: bold;'> Linterna de Mano Maglite LED Ultrabrillante 200 lm. con 3 Funciones Especiales. <\/h2>\n<p style='font-size: 15px; margin-bottom: 15px; color: inherit;'> La linterna Maglite XL50 LED es un avance revolucionario en la tecnolog\u00eda de la iluminaci\u00f3n&comma; dise\u00f1ada especialmente para aquellos que desean lo \u00faltimo en tecnolog\u00eda. Su dise\u00f1o elegante y t\u00e1ctico de principio a fin es perfecto para llevarla siempre contigo&comma; ya que por su peque\u00f1o tama\u00f1o (12 cm) se puede guardar en cualquier lugar. <\/p>\n<p style='font-size: 15px; margin-bottom: 15px; color: inherit;'> La l\u00e1mpara de mano Maglite XL50 LED es f\u00e1cil de usar&comma; ya que con s\u00f3lo presionar un bot\u00f3n brinda 3 diferentes funciones. <\/p>\n<p style='font-size: 15px; margin-bottom: 15px; color: inherit;'><strong>Presionando r\u00e1pidamente 1&comma; 2 \u00f3 3 veces el bot\u00f3n de encendido y apagado obtienes:<\/strong><\/p>\n<ul style='font-size: 15px; margin-bottom: 15px; padding-left: 20px; color: inherit;'>\n<li style='margin-bottom: 5px;'>1 vez: alto poder<\/li>\n<li style='margin-bottom: 5px;'>2 veces: ahorra energ\u00eda&comma; s\u00f3lo utilizando el 25%<\/li>\n<li style='margin-bottom: 5px;'>3 veces: funci\u00f3n intermitente<\/li>\n<\/ul><\/div>\n<p> <!-- Especificaciones t\u00e9cnicas --> <\/p>\n<div style='display: flex; flex-wrap: wrap; gap: 20px; margin-bottom: 30px;'>\n<div style='flex: 1 1 250px; border: 1px solid rgba(150&comma; 150&comma; 150&comma; 0.4); border-radius: 8px; overflow: hidden; display: flex; flex-direction: column;'>\n<div style='padding: 15px; border-bottom: 1px solid rgba(150&comma; 150&comma; 150&comma; 0.2); font-weight: bold; font-size: 18px; color: inherit; background-color: #000000; color: white;'>CARACTER\u00cdSTICAS<\/div>\n<div style='padding: 15px; color: inherit;'>\n<ul style='padding-left: 20px; margin: 0; font-size: 14px; list-style-type: disc;'>\n<li style='margin-bottom: 5px; background-color: #f2f2f2; padding: 8px; border-bottom: 1px solid rgba(150&comma;150&comma;150&comma;0.2);'>Cuerpo de aluminio de alta duraci\u00f3n<\/li>\n<li style='margin-bottom: 5px; padding: 8px; border-bottom: 1px solid rgba(150&comma;150&comma;150&comma;0.2);'>Anodizado por dentro y por fuera&comma; resistente a la corrosi\u00f3n<\/li>\n<li style='margin-bottom: 5px; background-color: #f2f2f2; padding: 8px; border-bottom: 1px solid rgba(150&comma;150&comma;150&comma;0.2);'>Sistema de administraci\u00f3n inteligente de energ\u00eda: constantemente monitorea buscando el justo balance entre m\u00e1xima brillantez y uso eficiente de energ\u00eda para dar la m\u00e1xima vida \u00fatil a las bater\u00edas<\/li>\n<li style='margin-bottom: 5px; padding: 8px; border-bottom: 1px solid rgba(150&comma;150&comma;150&comma;0.2);'>Sellada en el cabezal y la tapa trasera con empaque de goma<\/li>\n<li style='margin-bottom: 5px; background-color: #f2f2f2; padding: 8px; border-bottom: 1px solid rgba(150&comma;150&comma;150&comma;0.2);'>Longitud: 12.19 cm<\/li>\n<li style='margin-bottom: 5px; padding: 8px; border-bottom: 1px solid rgba(150&comma;150&comma;150&comma;0.2);'>Peso sin bater\u00eda: 59 g<\/li>\n<li style='margin-bottom: 5px; background-color: #f2f2f2; padding: 8px; border-bottom: 1px solid rgba(150&comma;150&comma;150&comma;0.2);'>Peso con bater\u00edas: 104 g<\/li>\n<li style='margin-bottom: 5px; padding: 8px; border-bottom: 1px solid rgba(150&comma;150&comma;150&comma;0.2);'>Di\u00e1metro: 2.54 cm<\/li>\n<li style='margin-bottom: 5px; background-color: #f2f2f2; padding: 8px; text-align: center;'>Bater\u00edas requeridas: 3 AAA (incluidas)<\/li>\n<\/ul><\/div>\n<\/p><\/div>\n<\/p><\/div>\n<p> <!-- Imagen secundaria --> <\/p>\n<div style='width: 100%; text-align: center; margin-bottom: 30px;'> <img style='width: 100%; max-width: 520px; height: auto; border: 1px solid rgba(150&comma;150&comma;150&comma;0.3); border-radius: 8px;' src='https:\/\/ftp3.syscom.mx\/usuarios\/ftp\/single_page\/alta_fidelidad\/Maglite-XL50.png' alt=''> <\/div>\n<\/p><\/div>\n","protected":false},"excerpt":{"rendered":"<p>Linterna de Mano Maglite LED Ultrabrillante 200 lm. con 3 Funciones: Alto Poder, Modo Ahorro e Intermitente. Resistente a la Corrosi\u00f3n.<\/p>\n","protected":false},"featured_media":40181,"comment_status":"open","ping_status":"closed","template":"","meta":[],"product_brand":[],"product_cat":[1198],"product_tag":[1167,1199,1135],"class_list":{"0":"post-40182","1":"product","2":"type-product","3":"status-publish","4":"has-post-thumbnail","6":"product_cat-uso-exterior","7":"product_tag-iluminacion","8":"product_tag-uso-exterior","9":"product_tag-victorinox","11":"first","12":"instock","13":"sale","14":"shipping-taxable","15":"purchasable","16":"product-type-simple"},"_links":{"self":[{"href":"https:\/\/soydeaqui.ddns.net\/pachuca\/index.php\/wp-json\/wp\/v2\/product\/40182","targetHints":{"allow":["GET"]}}],"collection":[{"href":"https:\/\/soydeaqui.ddns.net\/pachuca\/index.php\/wp-json\/wp\/v2\/product"}],"about":[{"href":"https:\/\/soydeaqui.ddns.net\/pachuca\/index.php\/wp-json\/wp\/v2\/types\/product"}],"replies":[{"embeddable":true,"href":"https:\/\/soydeaqui.ddns.net\/pachuca\/index.php\/wp-json\/wp\/v2\/comments?post=40182"}],"wp:featuredmedia":[{"embeddable":true,"href":"https:\/\/soydeaqui.ddns.net\/pachuca\/index.php\/wp-json\/wp\/v2\/media\/40181"}],"wp:attachment":[{"href":"https:\/\/soydeaqui.ddns.net\/pachuca\/index.php\/wp-json\/wp\/v2\/media?parent=40182"}],"wp:term":[{"taxonomy":"product_brand","embeddable":true,"href":"https:\/\/soydeaqui.ddns.net\/pachuca\/index.php\/wp-json\/wp\/v2\/product_brand?post=40182"},{"taxonomy":"product_cat","embeddable":true,"href":"https:\/\/soydeaqui.ddns.net\/pachuca\/index.php\/wp-json\/wp\/v2\/product_cat?post=40182"},{"taxonomy":"product_tag","embeddable":true,"href":"https:\/\/soydeaqui.ddns.net\/pachuca\/index.php\/wp-json\/wp\/v2\/product_tag?post=40182"}],"curies":[{"name":"wp","href":"https:\/\/api.w.org\/{rel}","templated":true}]}}