{"id":40175,"date":"2026-03-18T17:41:01","date_gmt":"2026-03-18T17:41:01","guid":{"rendered":"https:\/\/soydeaqui.ddns.net\/pachuca\/index.php\/producto\/gabinete-antiexplosivo-e-ignifugo-de-aluminio-fundido-exb-de-8-x-10-x-6-in-clase-i-ii-iii-bcdefg\/"},"modified":"2026-03-18T17:41:03","modified_gmt":"2026-03-18T17:41:03","slug":"gabinete-antiexplosivo-e-ignifugo-de-aluminio-fundido-exb-de-8-x-10-x-6-in-clase-i-ii-iii-bcdefg","status":"publish","type":"product","link":"https:\/\/soydeaqui.ddns.net\/pachuca\/index.php\/producto\/gabinete-antiexplosivo-e-ignifugo-de-aluminio-fundido-exb-de-8-x-10-x-6-in-clase-i-ii-iii-bcdefg\/","title":{"rendered":"Gabinete Antiexplosivo e Ign\u00edfugo de Aluminio Fundido EXB de 8 x 10 x 6 in Clase I, II, III, BCDEFG."},"content":{"rendered":"<div style='width: 100%; max-width: 1200px; margin: 0 auto; font-family: sans-serif; line-height: 1.6; color: inherit;'> <!-- Secci\u00f3n de contenido con flex\/grid --> <\/p>\n<div style='display: flex; flex-wrap: wrap; gap: 30px; margin-bottom: 30px;'>\n<div style='flex: 1 1 300px; min-width: 280px;'>\n<h3 style='font-size: 22px; border-bottom: 2px solid currentColor; padding-bottom: 5px; margin-top: 0; color: inherit; opacity: 0.8;'>Aplicaciones<\/h3>\n<ul style='padding-left: 20px; font-size: 15px; color: inherit;'>\n<li style='margin-bottom: 5px;'>Ubicaciones que se vuelven peligrosas debido a la presencia de gases o vapores inflamables&comma; polvos combustibles o fibras inflamables f\u00e1cilmente y vol\u00e1tiles y areas que est\u00e1n sujetas climas corrosivos y h\u00famedos.<\/li>\n<li style='margin-bottom: 5px;'>Adecuados para Refiner\u00edas de Petr\u00f3leo&comma; Plantas Qu\u00edmicas y Petroqu\u00edmicas con procesos interiores y exteriores.<\/li>\n<li style='margin-bottom: 5px;'>Aplicaciones que requieren empalme&comma; extracci\u00f3n y caja de empalmes.<\/li>\n<li style='margin-bottom: 5px;'>Gabinetes para albergar estaciones de control&comma; contadores&comma; relevadores&comma; arrancadores&comma; interruptores&comma; bloques de terminales&comma; otros equipos y dispositivos.<\/li>\n<li style='margin-bottom: 5px;'>Aplicaciones globales (ATEX\/IECEx) los gabinetes est\u00e1n disponibles para aplicaciones globales con el sufijo CEN.<\/li>\n<li style='margin-bottom: 5px;'>Los gabinetes est\u00e1n disponibles en blanco o con modificaciones de f\u00e1brica&comma; opciones y accesorios.<\/li>\n<\/ul><\/div>\n<\/p><\/div>\n<p> <!-- Secci\u00f3n de cards con especificaciones --> <\/p>\n<div style='display: flex; flex-wrap: wrap; gap: 20px; margin-bottom: 30px;'>\n<div style='flex: 1 1 250px; border: 1px solid rgba(150&comma; 150&comma; 150&comma; 0.4); border-radius: 8px; overflow: hidden; display: flex; flex-direction: column;'>\n<div style='padding: 15px; border-bottom: 1px solid rgba(150&comma; 150&comma; 150&comma; 0.2); font-weight: bold; font-size: 18px; color: inherit;'>Caracter\u00edsticas<\/div>\n<div style='padding: 15px; color: inherit;'>\n<ul style='padding-left: 20px; margin: 0; font-size: 14px; list-style-type: disc;'>\n<li style='margin-bottom: 5px;'><strong>Color:<\/strong> Gris<\/li>\n<li style='margin-bottom: 5px;'><strong>Tama\u00f1o:<\/strong> 8 x 10 x 6 in (x x mm)<\/li>\n<li style='margin-bottom: 5px;'><strong>Dimensiones externas:<\/strong> 12.32 x 14.32 x 7.94 in (313 x 364 x 202 mm)<\/li>\n<li style='margin-bottom: 5px;'><strong>Dimensiones internas:<\/strong> PAN 7 x 9 in (178 x 229 mm)<\/li>\n<li style='margin-bottom: 5px;'><strong>Disponible para dispositivos:<\/strong> 8 x 10 x 6 in (203 x 254 x 152 mm)<\/li>\n<li style='margin-bottom: 5px;'>Fabricado de Aluminio fundido libre de cobre. Alta resistencia&comma; m\u00e1s ligero en peso&comma; resistente a la corrosi\u00f3n.<\/li>\n<li style='margin-bottom: 5px;'>Menos pernos en cubierta. Su dise\u00f1o asistido por computadora reduce el n\u00famero de pernos de la tapa&comma; eliminando los pernos de la esquina. Reduciendo tiempo de instalaci\u00f3n y mantenimiento.<\/li>\n<li style='margin-bottom: 5px;'>Anillo &#8216;O&#8217; de Nitrilo (BUNA-N) dentro de los pernos para evitar que el agua se filtre dentro del gabinete.<\/li>\n<li style='margin-bottom: 5px;'>Argollas de montaje d\u00factiles. Las argollas son hechas de aleaci\u00f3n de aluminio d\u00factil para ajustarse a superficies de montaje irregulares sin da\u00f1ar el gabinete.<\/li>\n<li style='margin-bottom: 5px;'>Tama\u00f1os de gabinetes desde 8x12x6 y m\u00e1s grandes est\u00e1n equipados con argollas de montaje bidireccionales que pueden ser colocadas vertical o horizontalmente para facilitar el montaje.<\/li>\n<li style='margin-bottom: 5px;'>Tama\u00f1os de gabinetes desde 8x12x6 y m\u00e1s grandes son suministrados con bisagras montadas en el lado izquierdo. Los gabinetes m\u00e1s peque\u00f1os est\u00e1n perforados para la instalaci\u00f3n en el campo de 2 montajes Killark HINGE-9 o pueden ser instalados en planta agregando SU2. Para ubicar las bisagras en otras posiciones se debe especificar al ordenar.<\/li>\n<\/ul><\/div>\n<\/p><\/div>\n<div style='flex: 1 1 250px; border: 1px solid rgba(150&comma; 150&comma; 150&comma; 0.4); border-radius: 8px; overflow: hidden; display: flex; flex-direction: column;'>\n<div style='padding: 15px; border-bottom: 1px solid rgba(150&comma; 150&comma; 150&comma; 0.2); font-weight: bold; font-size: 18px; color: inherit;'>Materiales \/ Acabado<\/div>\n<div style='padding: 15px; color: inherit;'>\n<ul style='padding-left: 20px; margin: 0; font-size: 14px; list-style-type: disc;'>\n<li style='margin-bottom: 5px;'>Gabinetes: Aluminio libre de Cobre (menos del 4\/10 de 1%)<\/li>\n<li style='margin-bottom: 5px;'>Bisagras: Aluminio con acero inoxidable.<\/li>\n<li style='margin-bottom: 5px;'>Pernos de cubierta de acero.<\/li>\n<li style='margin-bottom: 5px;'>Placas de montaje opcionales: L\u00e1mina de Aluminio.<\/li>\n<li style='margin-bottom: 5px;'>Ventanas Opcionales: Vidrio templado sodoc\u00e1lcico.<\/li>\n<li style='margin-bottom: 5px;'>Pintura de laca de Aluminio con acabado est\u00e1ndar.<\/li>\n<\/ul><\/div>\n<\/p><\/div>\n<div style='flex: 1 1 250px; border: 1px solid rgba(150&comma; 150&comma; 150&comma; 0.4); border-radius: 8px; overflow: hidden; display: flex; flex-direction: column;'>\n<div style='padding: 15px; border-bottom: 1px solid rgba(150&comma; 150&comma; 150&comma; 0.2); font-weight: bold; font-size: 18px; color: inherit;'>Certificaciones<\/div>\n<div style='padding: 15px; color: inherit;'>\n<ul style='padding-left: 20px; margin: 0; font-size: 14px; list-style-type: disc;'>\n<li style='margin-bottom: 5px;'>Clasificaciones para \u00e1reas peligrosas:\n<ul style='padding-left: 20px; margin: 0; font-size: 14px; list-style-type: disc;'>\n<li style='margin-bottom: 5px;'>Clase I&comma; Divisiones 1 &#038; 2&comma; Grupos B&comma;C&comma;D<\/li>\n<li style='margin-bottom: 5px;'>Clase I&comma; Zonas 1 &#038; 2&comma; Grupos IIB + H2&comma; IIA<\/li>\n<li style='margin-bottom: 5px;'>Clase II&comma; Divisiones 1 &#038; 2&comma; Grupos E&comma;F&comma;G<\/li>\n<li style='margin-bottom: 5px;'>Clase III&comma; Divisiones 1 &#038; 2<\/li>\n<\/ul>\n<\/li>\n<li style='margin-bottom: 5px;'>N\u00famero de archivo ATEX PTB 07 ATEX 1025U \/ PBT 07 ATEX 1024<\/li>\n<li style='margin-bottom: 5px;'>N\u00famero de archivo CSA LR11716<\/li>\n<li style='margin-bottom: 5px;'>N\u00famero de archivo IECEx IEC E x 07.0022U \/ IEC E x 07.0023<\/li>\n<li style='margin-bottom: 5px;'>Clasificaci\u00f3n NEMA 3&comma; 4&comma; 4X<\/li>\n<li style='margin-bottom: 5px;'>N\u00famero de archivo UL E10514 \/ E83696 \/ E12379<\/li>\n<\/ul><\/div>\n<\/p><\/div>\n<\/p><\/div>\n<p> <!-- Separador --> <\/p>\n<hr style='border: 0; border-top: 1px solid rgba(150&comma; 150&comma; 150&comma; 0.3); margin: 30px 0;'> <\/div>\n","protected":false},"excerpt":{"rendered":"<p>Gabinete Antiexplosivo e Ign\u00edfugo de Aluminio Fundido EXB de 8 x 10 x 6 in Clase I, II, III, BCDEFG.<\/p>\n","protected":false},"featured_media":40174,"comment_status":"open","ping_status":"closed","template":"","meta":[],"product_brand":[],"product_cat":[731],"product_tag":[26,25,704],"class_list":{"0":"post-40175","1":"product","2":"type-product","3":"status-publish","4":"has-post-thumbnail","6":"product_cat-accesorios-de-instalacion-herramientas-deteccion-de-fuego","7":"product_tag-accesorios-de-instalacion","8":"product_tag-herramientas","9":"product_tag-hubbell-killark","11":"first","12":"instock","13":"sale","14":"shipping-taxable","15":"purchasable","16":"product-type-simple"},"_links":{"self":[{"href":"https:\/\/soydeaqui.ddns.net\/pachuca\/index.php\/wp-json\/wp\/v2\/product\/40175","targetHints":{"allow":["GET"]}}],"collection":[{"href":"https:\/\/soydeaqui.ddns.net\/pachuca\/index.php\/wp-json\/wp\/v2\/product"}],"about":[{"href":"https:\/\/soydeaqui.ddns.net\/pachuca\/index.php\/wp-json\/wp\/v2\/types\/product"}],"replies":[{"embeddable":true,"href":"https:\/\/soydeaqui.ddns.net\/pachuca\/index.php\/wp-json\/wp\/v2\/comments?post=40175"}],"wp:featuredmedia":[{"embeddable":true,"href":"https:\/\/soydeaqui.ddns.net\/pachuca\/index.php\/wp-json\/wp\/v2\/media\/40174"}],"wp:attachment":[{"href":"https:\/\/soydeaqui.ddns.net\/pachuca\/index.php\/wp-json\/wp\/v2\/media?parent=40175"}],"wp:term":[{"taxonomy":"product_brand","embeddable":true,"href":"https:\/\/soydeaqui.ddns.net\/pachuca\/index.php\/wp-json\/wp\/v2\/product_brand?post=40175"},{"taxonomy":"product_cat","embeddable":true,"href":"https:\/\/soydeaqui.ddns.net\/pachuca\/index.php\/wp-json\/wp\/v2\/product_cat?post=40175"},{"taxonomy":"product_tag","embeddable":true,"href":"https:\/\/soydeaqui.ddns.net\/pachuca\/index.php\/wp-json\/wp\/v2\/product_tag?post=40175"}],"curies":[{"name":"wp","href":"https:\/\/api.w.org\/{rel}","templated":true}]}}