{"id":40163,"date":"2026-03-18T17:40:41","date_gmt":"2026-03-18T17:40:41","guid":{"rendered":"https:\/\/soydeaqui.ddns.net\/pachuca\/index.php\/producto\/clavija-industrial-con-bloqueo-de-media-vuelta-15-a-125-v-ca-2-polos-3-hilos-color-blanco-y-negro-nema-l5-15p\/"},"modified":"2026-03-18T17:40:41","modified_gmt":"2026-03-18T17:40:41","slug":"clavija-industrial-con-bloqueo-de-media-vuelta-15-a-125-v-ca-2-polos-3-hilos-color-blanco-y-negro-nema-l5-15p","status":"publish","type":"product","link":"https:\/\/soydeaqui.ddns.net\/pachuca\/index.php\/producto\/clavija-industrial-con-bloqueo-de-media-vuelta-15-a-125-v-ca-2-polos-3-hilos-color-blanco-y-negro-nema-l5-15p\/","title":{"rendered":"Clavija Industrial con Bloqueo de Media Vuelta \/ 15 A 125 V CA \/ 2 Polos 3 Hilos \/ Color Blanco y Negro \/ Nema L5-15P."},"content":{"rendered":"<div style='width: 100%; max-width: 1200px; margin: 0 auto; font-family: sans-serif; line-height: 1.6; color: inherit; background-color: transparent;'>\n<h3 style='font-size: 22px; border-bottom: 2px solid currentColor; padding-bottom: 5px; margin-top: 0; color: inherit; opacity: 0.8;'>Especificaciones<\/h3>\n<div style='display: flex; flex-wrap: wrap; gap: 20px; margin-bottom: 30px;'>\n<div style='flex: 1 1 250px; border: 1px solid rgba(150&comma; 150&comma; 150&comma; 0.4); border-radius: 8px; overflow: hidden; display: flex; flex-direction: column;'>\n<div style='padding: 15px; border-bottom: 1px solid rgba(150&comma; 150&comma; 150&comma; 0.2); font-weight: bold; font-size: 18px; color: inherit;'>Caracter\u00edsticas Generales<\/div>\n<div style='padding: 15px; color: inherit;'>\n<ul style='padding-left: 20px; margin: 0; font-size: 14px; list-style-type: disc;'>\n<li style='margin-bottom: 5px;'><strong>Aplicaci\u00f3n:<\/strong> Servicio extra pesado<\/li>\n<li style='margin-bottom: 5px;'><strong>Material:<\/strong> Nylon<\/li>\n<li style='margin-bottom: 5px;'><strong>Ambientes de trabajo:<\/strong> Interior seco a menos que se encuentre protegido por medios adicionales<\/li>\n<li style='margin-bottom: 5px;'><strong>Indicador RoHS:<\/strong> S\u00ed<\/li>\n<li style='margin-bottom: 5px;'><strong>Tipo de equipo:<\/strong> Clavija de 15 A<\/li>\n<li style='margin-bottom: 5px;'><strong>Montaje:<\/strong> Montaje en cable<\/li>\n<li style='margin-bottom: 5px;'><strong>Serie:<\/strong> Servicio pesado<\/li>\n<\/ul><\/div>\n<\/p><\/div>\n<div style='flex: 1 1 250px; border: 1px solid rgba(150&comma; 150&comma; 150&comma; 0.4); border-radius: 8px; overflow: hidden; display: flex; flex-direction: column;'>\n<div style='padding: 15px; border-bottom: 1px solid rgba(150&comma; 150&comma; 150&comma; 0.2); font-weight: bold; font-size: 18px; color: inherit;'>Especificaciones El\u00e9ctricas<\/div>\n<div style='padding: 15px; color: inherit;'>\n<ul style='padding-left: 20px; margin: 0; font-size: 14px; list-style-type: disc;'>\n<li style='margin-bottom: 5px;'><strong>Rango de amperaje:<\/strong> 15 A<\/li>\n<li style='margin-bottom: 5px;'><strong>Rango de Voltaje:<\/strong> 125 V CA<\/li>\n<li style='margin-bottom: 5px;'><strong>Fase:<\/strong> Fase \u00fanica<\/li>\n<li style='margin-bottom: 5px;'><strong>N\u00famero de Polos:<\/strong> 2 Polos<\/li>\n<li style='margin-bottom: 5px;'><strong>N\u00famero de Hilos:<\/strong> 3- Hilos<\/li>\n<li style='margin-bottom: 5px;'><strong>Nema:<\/strong> L5-15P<\/li>\n<\/ul><\/div>\n<\/p><\/div>\n<div style='flex: 1 1 250px; border: 1px solid rgba(150&comma; 150&comma; 150&comma; 0.4); border-radius: 8px; overflow: hidden; display: flex; flex-direction: column;'>\n<div style='padding: 15px; border-bottom: 1px solid rgba(150&comma; 150&comma; 150&comma; 0.2); font-weight: bold; font-size: 18px; color: inherit;'>Caracter\u00edsticas F\u00edsicas<\/div>\n<div style='padding: 15px; color: inherit;'>\n<ul style='padding-left: 20px; margin: 0; font-size: 14px; list-style-type: disc;'>\n<li style='margin-bottom: 5px;'><strong>Temperatura de Operaci\u00f3n:<\/strong> M\u00e1xima continua de 75 \u00b0C y m\u00ednima de -40 \u00b0C sin impactos<\/li>\n<li style='margin-bottom: 5px;'><strong>Rendimiento:<\/strong> Tornillos de montaje: Acero niquelado&comma; Cuchillas: Lat\u00f3n&comma; Sujeta cables: Policarbonato transparente&comma; El\u00e9ctrico &#8211; Voltaje diel\u00e9ctrico- Soporta un m\u00ednimo de 2 000 V<\/li>\n<li style='margin-bottom: 5px;'><strong>Dimensiones:<\/strong> 1.53 in x 1.53 in x 1.97 in (38.86 mm x 38.86 mm x 50.03 mm)<\/li>\n<li style='margin-bottom: 5px;'><strong>Altura:<\/strong> 1.97 in (50.03 mm)<\/li>\n<li style='margin-bottom: 5px;'><strong>Largo:<\/strong> 1.53 in (38.86 mm)<\/li>\n<li style='margin-bottom: 5px;'><strong>Ancho:<\/strong> 1.53 in (38.86 mm)<\/li>\n<li style='margin-bottom: 5px;'><strong>Peso:<\/strong> 0.15 lb (0.068 kg)<\/li>\n<\/ul><\/div>\n<\/p><\/div>\n<div style='flex: 1 1 250px; border: 1px solid rgba(150&comma; 150&comma; 150&comma; 0.4); border-radius: 8px; overflow: hidden; display: flex; flex-direction: column;'>\n<div style='padding: 15px; border-bottom: 1px solid rgba(150&comma; 150&comma; 150&comma; 0.2); font-weight: bold; font-size: 18px; color: inherit;'>Especificaciones de Cable<\/div>\n<div style='padding: 15px; color: inherit;'>\n<ul style='padding-left: 20px; margin: 0; font-size: 14px; list-style-type: disc;'>\n<li style='margin-bottom: 5px;'><strong>Tama\u00f1o de Cable:<\/strong> #16 AWG a #8 AWG<\/li>\n<li style='margin-bottom: 5px;'><strong>Rango de Cables:<\/strong> 0.230 &#8211; 0.720 in<\/li>\n<\/ul><\/div>\n<\/p><\/div>\n<\/p><\/div>\n<\/p><\/div>\n","protected":false},"excerpt":{"rendered":"<p>Clavija Industrial con Bloqueo de Media Vuelta \/ 15 A 125 V CA \/ 2 Polos 3 Hilos \/ Color Blanco y Negro \/ Nema L5-15P.<\/p>\n","protected":false},"featured_media":40162,"comment_status":"open","ping_status":"closed","template":"","meta":[],"product_brand":[],"product_cat":[1073],"product_tag":[1074,1066,705],"class_list":{"0":"post-40163","1":"product","2":"type-product","3":"status-publish","4":"has-post-thumbnail","6":"product_cat-apagadores-y-clavijas","7":"product_tag-apagadores-y-clavijas","8":"product_tag-area-electrica","9":"product_tag-hubbell","11":"first","12":"outofstock","13":"sale","14":"shipping-taxable","15":"purchasable","16":"product-type-simple"},"_links":{"self":[{"href":"https:\/\/soydeaqui.ddns.net\/pachuca\/index.php\/wp-json\/wp\/v2\/product\/40163","targetHints":{"allow":["GET"]}}],"collection":[{"href":"https:\/\/soydeaqui.ddns.net\/pachuca\/index.php\/wp-json\/wp\/v2\/product"}],"about":[{"href":"https:\/\/soydeaqui.ddns.net\/pachuca\/index.php\/wp-json\/wp\/v2\/types\/product"}],"replies":[{"embeddable":true,"href":"https:\/\/soydeaqui.ddns.net\/pachuca\/index.php\/wp-json\/wp\/v2\/comments?post=40163"}],"wp:featuredmedia":[{"embeddable":true,"href":"https:\/\/soydeaqui.ddns.net\/pachuca\/index.php\/wp-json\/wp\/v2\/media\/40162"}],"wp:attachment":[{"href":"https:\/\/soydeaqui.ddns.net\/pachuca\/index.php\/wp-json\/wp\/v2\/media?parent=40163"}],"wp:term":[{"taxonomy":"product_brand","embeddable":true,"href":"https:\/\/soydeaqui.ddns.net\/pachuca\/index.php\/wp-json\/wp\/v2\/product_brand?post=40163"},{"taxonomy":"product_cat","embeddable":true,"href":"https:\/\/soydeaqui.ddns.net\/pachuca\/index.php\/wp-json\/wp\/v2\/product_cat?post=40163"},{"taxonomy":"product_tag","embeddable":true,"href":"https:\/\/soydeaqui.ddns.net\/pachuca\/index.php\/wp-json\/wp\/v2\/product_tag?post=40163"}],"curies":[{"name":"wp","href":"https:\/\/api.w.org\/{rel}","templated":true}]}}