{"id":40159,"date":"2026-03-18T17:40:33","date_gmt":"2026-03-18T17:40:33","guid":{"rendered":"https:\/\/soydeaqui.ddns.net\/pachuca\/index.php\/producto\/fusible-de-11a-1000v-para-multimetros-fluke-107-115-117-233-175-177-179-83-v-87v-287-289-27ii-28ii-88v-77iv-87v-max-28ii-ex\/"},"modified":"2026-03-18T17:40:33","modified_gmt":"2026-03-18T17:40:33","slug":"fusible-de-11a-1000v-para-multimetros-fluke-107-115-117-233-175-177-179-83-v-87v-287-289-27ii-28ii-88v-77iv-87v-max-28ii-ex","status":"publish","type":"product","link":"https:\/\/soydeaqui.ddns.net\/pachuca\/index.php\/producto\/fusible-de-11a-1000v-para-multimetros-fluke-107-115-117-233-175-177-179-83-v-87v-287-289-27ii-28ii-88v-77iv-87v-max-28ii-ex\/","title":{"rendered":"Fusible de 11A\/1000V para Mult\u00edmetros Fluke 107, 115, 117, 233, 175, 177, 179, 83 V, 87V, 287, 289, 27II, 28II, 88V, 77IV, 87V MAX, 28II Ex"},"content":{"rendered":"<div style='width: 100%; max-width: 1200px; margin: 0 auto; font-family: sans-serif; line-height: 1.6; color: inherit; background-color: transparent;'>\n<div style='display: flex; flex-direction: column; gap: 30px;'> <img style='width: 100%; height: auto; border: 1px solid rgba(150&comma;150&comma;150&comma;0.3); border-radius: 8px;' src='https:\/\/www.risoul.com.mx\/hs-fs\/hubfs\/Fluke-Logo.png?width=1557&#038;name=Fluke-Logo.png' alt='Distribuidor productos Fluke' \/> <\/p>\n<div>\n<p>Este fusible de alta energ\u00eda se ha dise\u00f1ado para proteger al usuario frente a descargas el\u00e9ctricas y quemaduras. Para ello&comma; mantiene la energ\u00eda generada por un cortocircuito el\u00e9ctrico dentro de la carcasa. Este fusible est\u00e1 dise\u00f1ado para limitar la cantidad de tiempo que se aplica energ\u00eda y la cantidad de ox\u00edgeno disponible para la combusti\u00f3n.<\/p>\n<p>El fusible est\u00e1 relleno de arena para detener un cortocircuito el\u00e9ctrico. La arena no solo ayudar\u00e1 a absorber la energ\u00eda de descarga creada por la sobrecarga de corriente&comma; sino tambi\u00e9n las altas temperaturas generadas (hasta 5500 \u00b0C [unos 10.000 \u00b0F]). La energ\u00eda fundir\u00e1 la arena y la convertir\u00e1 en vidrio. Esto ayudar\u00e1 a sofocar una posible bola de fuego mediante la interrupci\u00f3n del suministro de ox\u00edgeno disponible&comma; lo cual proteger\u00e1 a\u00fan m\u00e1s al usuario.<\/p>\n<\/p><\/div>\n<div style='overflow-x: auto;'>\n<table style='width: 100%; border-collapse: collapse; border: 1px solid rgba(150&comma;150&comma;150&comma;0.3);'>\n<thead style='background-color: rgba(150&comma;150&comma;150&comma;0.1);'>\n<tr>\n<th style='padding: 0.8rem; border: 1px solid rgba(150&comma;150&comma;150&comma;0.3); text-align: left;'><strong>Modelos<\/strong><\/th>\n<th style='padding: 0.8rem; border: 1px solid rgba(150&comma;150&comma;150&comma;0.3);'>Referencia 203403<br \/>11 A&comma; 1000 V<\/th>\n<th style='padding: 0.8rem; border: 1px solid rgba(150&comma;150&comma;150&comma;0.3); background-color: rgba(211&comma;211&comma;211&comma;0.3);'>Referencia 203411<br \/>440 mA&comma; 1000 V<\/th>\n<th style='padding: 0.8rem; border: 1px solid rgba(150&comma;150&comma;150&comma;0.3); background-color: rgba(211&comma;211&comma;211&comma;0.3);'>Referencia 2279229<br \/>315 mA&comma; 1000 V<\/th>\n<th style='padding: 0.8rem; border: 1px solid rgba(150&comma;150&comma;150&comma;0.3); background-color: rgba(211&comma;211&comma;211&comma;0.3);'>Referencia 4016494<br \/>Portafusibles 440 mA<\/th>\n<\/tr>\n<\/thead>\n<tbody>\n<tr>\n<td style='padding: 0.8rem; border: 1px solid rgba(150&comma;150&comma;150&comma;0.3);'>107&comma; 115&comma; 117&comma; 233<\/td>\n<td style='padding: 0.8rem; border: 1px solid rgba(150&comma;150&comma;150&comma;0.3); text-align: center;'>\u25cf<\/td>\n<td style='padding: 0.8rem; border: 1px solid rgba(150&comma;150&comma;150&comma;0.3); background-color: rgba(211&comma;211&comma;211&comma;0.3);'>&nbsp;<\/td>\n<td style='padding: 0.8rem; border: 1px solid rgba(150&comma;150&comma;150&comma;0.3); background-color: rgba(211&comma;211&comma;211&comma;0.3);'>&nbsp;<\/td>\n<td style='padding: 0.8rem; border: 1px solid rgba(150&comma;150&comma;150&comma;0.3); background-color: rgba(211&comma;211&comma;211&comma;0.3);'>&nbsp;<\/td>\n<\/tr>\n<tr style='background-color: rgba(211&comma;211&comma;211&comma;0.3);'>\n<td style='padding: 0.8rem; border: 1px solid rgba(150&comma;150&comma;150&comma;0.3);'>175&comma; 177&comma; 179&comma; 83V&comma;<br \/>87V&comma; 287&comma; 289&comma; 27II&comma;<br \/>28II&comma; 88V&comma; 77IV&comma; 87V MAX<\/td>\n<td style='padding: 0.8rem; border: 1px solid rgba(150&comma;150&comma;150&comma;0.3); text-align: center;'>\u25cf<\/td>\n<td style='padding: 0.8rem; border: 1px solid rgba(150&comma;150&comma;150&comma;0.3); text-align: center; background-color: rgba(211&comma;211&comma;211&comma;0.3);'>\u25cf<\/td>\n<td style='padding: 0.8rem; border: 1px solid rgba(150&comma;150&comma;150&comma;0.3); background-color: rgba(211&comma;211&comma;211&comma;0.3);'>&nbsp;<\/td>\n<td style='padding: 0.8rem; border: 1px solid rgba(150&comma;150&comma;150&comma;0.3); background-color: rgba(211&comma;211&comma;211&comma;0.3);'>&nbsp;<\/td>\n<\/tr>\n<tr style='background-color: rgba(211&comma;211&comma;211&comma;0.3);'>\n<td style='padding: 0.8rem; border: 1px solid rgba(150&comma;150&comma;150&comma;0.3);'>3000 FC&comma; 1577&comma; 1587 FC&comma;<br \/>BT508&comma; BT510&comma; BT521<\/td>\n<td style='padding: 0.8rem; border: 1px solid rgba(150&comma;150&comma;150&comma;0.3);'>&nbsp;<\/td>\n<td style='padding: 0.8rem; border: 1px solid rgba(150&comma;150&comma;150&comma;0.3); text-align: center;'>\u25cf<\/td>\n<td style='padding: 0.8rem; border: 1px solid rgba(150&comma;150&comma;150&comma;0.3);'>&nbsp;<\/td>\n<td style='padding: 0.8rem; border: 1px solid rgba(150&comma;150&comma;150&comma;0.3);'>&nbsp;<\/td>\n<\/tr>\n<tr style='background-color: rgba(211&comma;211&comma;211&comma;0.3);'>\n<td style='padding: 0.8rem; border: 1px solid rgba(150&comma;150&comma;150&comma;0.3);'>787&comma; 787B&comma; 789<\/td>\n<td style='padding: 0.8rem; border: 1px solid rgba(150&comma;150&comma;150&comma;0.3);'>&nbsp;<\/td>\n<td style='padding: 0.8rem; border: 1px solid rgba(150&comma;150&comma;150&comma;0.3); text-align: center; background-color: rgba(211&comma;211&comma;211&comma;0.3);'>\u25cf cant. 2<\/td>\n<td style='padding: 0.8rem; border: 1px solid rgba(150&comma;150&comma;150&comma;0.3);'>&nbsp;<\/td>\n<td style='padding: 0.8rem; border: 1px solid rgba(150&comma;150&comma;150&comma;0.3);'>&nbsp;<\/td>\n<\/tr>\n<tr style='background-color: rgba(211&comma;211&comma;211&comma;0.3);'>\n<td style='padding: 0.8rem; border: 1px solid rgba(150&comma;150&comma;150&comma;0.3);'>1503&comma; 1507<\/td>\n<td style='padding: 0.8rem; border: 1px solid rgba(150&comma;150&comma;150&comma;0.3);'>&nbsp;<\/td>\n<td style='padding: 0.8rem; border: 1px solid rgba(150&comma;150&comma;150&comma;0.3);'>&nbsp;<\/td>\n<td style='padding: 0.8rem; border: 1px solid rgba(150&comma;150&comma;150&comma;0.3); text-align: center;'>\u25cf<\/td>\n<td style='padding: 0.8rem; border: 1px solid rgba(150&comma;150&comma;150&comma;0.3);'>&nbsp;<\/td>\n<\/tr>\n<tr>\n<td style='padding: 0.8rem; border: 1px solid rgba(150&comma;150&comma;150&comma;0.3);'>28II Ex<\/td>\n<td style='padding: 0.8rem; border: 1px solid rgba(150&comma;150&comma;150&comma;0.3); text-align: center;'>\u25cf<\/td>\n<td style='padding: 0.8rem; border: 1px solid rgba(150&comma;150&comma;150&comma;0.3); background-color: rgba(211&comma;211&comma;211&comma;0.3);'>&nbsp;<\/td>\n<td style='padding: 0.8rem; border: 1px solid rgba(150&comma;150&comma;150&comma;0.3); background-color: rgba(211&comma;211&comma;211&comma;0.3);'>&nbsp;<\/td>\n<td style='padding: 0.8rem; border: 1px solid rgba(150&comma;150&comma;150&comma;0.3); text-align: center; background-color: rgba(211&comma;211&comma;211&comma;0.3);'>\u25cf<\/td>\n<\/tr>\n<\/tbody>\n<\/table><\/div>\n<\/p><\/div>\n<\/p><\/div>\n","protected":false},"excerpt":{"rendered":"<p>Fusible de 11A\/1000V para Mult\u00edmetros Fluke 107, 115, 117, 233, 175, 177, 179, 83 V, 87V, 287, 289, 27II, 28II, 88V, 77IV, 87V MAX, 28II Ex<\/p>\n","protected":false},"featured_media":40158,"comment_status":"open","ping_status":"closed","template":"","meta":[],"product_brand":[],"product_cat":[1149,1148],"product_tag":[1151,1150,1058,393],"class_list":{"0":"post-40159","1":"product","2":"type-product","3":"status-publish","4":"has-post-thumbnail","6":"product_cat-cintas-y-consumibles","7":"product_cat-corbatas","8":"product_tag-cintas-y-consumibles","9":"product_tag-corbatas","10":"product_tag-ferreteria","11":"product_tag-fluke","13":"first","14":"instock","15":"sale","16":"shipping-taxable","17":"purchasable","18":"product-type-simple"},"_links":{"self":[{"href":"https:\/\/soydeaqui.ddns.net\/pachuca\/index.php\/wp-json\/wp\/v2\/product\/40159","targetHints":{"allow":["GET"]}}],"collection":[{"href":"https:\/\/soydeaqui.ddns.net\/pachuca\/index.php\/wp-json\/wp\/v2\/product"}],"about":[{"href":"https:\/\/soydeaqui.ddns.net\/pachuca\/index.php\/wp-json\/wp\/v2\/types\/product"}],"replies":[{"embeddable":true,"href":"https:\/\/soydeaqui.ddns.net\/pachuca\/index.php\/wp-json\/wp\/v2\/comments?post=40159"}],"wp:featuredmedia":[{"embeddable":true,"href":"https:\/\/soydeaqui.ddns.net\/pachuca\/index.php\/wp-json\/wp\/v2\/media\/40158"}],"wp:attachment":[{"href":"https:\/\/soydeaqui.ddns.net\/pachuca\/index.php\/wp-json\/wp\/v2\/media?parent=40159"}],"wp:term":[{"taxonomy":"product_brand","embeddable":true,"href":"https:\/\/soydeaqui.ddns.net\/pachuca\/index.php\/wp-json\/wp\/v2\/product_brand?post=40159"},{"taxonomy":"product_cat","embeddable":true,"href":"https:\/\/soydeaqui.ddns.net\/pachuca\/index.php\/wp-json\/wp\/v2\/product_cat?post=40159"},{"taxonomy":"product_tag","embeddable":true,"href":"https:\/\/soydeaqui.ddns.net\/pachuca\/index.php\/wp-json\/wp\/v2\/product_tag?post=40159"}],"curies":[{"name":"wp","href":"https:\/\/api.w.org\/{rel}","templated":true}]}}