{"id":401,"date":"2026-03-18T05:39:19","date_gmt":"2026-03-18T05:39:19","guid":{"rendered":"https:\/\/soydeaqui.ddns.net\/pachuca\/index.php\/producto\/kit-automatizacion-sistema-alula-1-ano-5g-1-ano-licencia-automatizacion\/"},"modified":"2026-03-18T05:39:19","modified_gmt":"2026-03-18T05:39:19","slug":"kit-automatizacion-sistema-alula-1-ano-5g-1-ano-licencia-automatizacion","status":"publish","type":"product","link":"https:\/\/soydeaqui.ddns.net\/pachuca\/index.php\/producto\/kit-automatizacion-sistema-alula-1-ano-5g-1-ano-licencia-automatizacion\/","title":{"rendered":"KIT AUTOMATIZACION SISTEMA ALULA \/ 1 a\u00f1o 5G + 1 a\u00f1o Licencia Automatizaci\u00f3n"},"content":{"rendered":"<div style='width: 100%; max-width: 1200px; margin: 0 auto; font-family: sans-serif; line-height: 1.6; color: inherit; background-color: transparent;'>\n<div style='width: 100%; margin-bottom: 30px;'> <img style='width: 100%; height: auto; border: 1px solid rgba(150&comma;150&comma;150&comma;0.3); border-radius: 8px;' src='https:\/\/ftp3.syscom.mx\/usuarios\/vvega\/alula\/imagenes\/encabezado.jpg' alt=''> <\/p>\n<h1 style='font-size: 28px; margin: 20px 0 10px; color: inherit;'>KIT Panel Inal\u00e1mbrico Connect+ Pro<\/h1>\n<p style='font-size: 16px; margin-bottom: 15px; color: inherit;'>Seguridad y automatizaci\u00f3n con comunicaci\u00f3n Celular y Wi-Fi (<strong style='color: inherit;'>1 A\u00d1O DE SERVICIO YA INCLUIDO!<\/strong>)<\/p>\n<h3 style='font-size: 22px; border-bottom: 2px solid currentColor; padding-bottom: 5px; margin-top: 25px; margin-bottom: 15px; color: inherit; opacity: 0.8;'>COMPONENTES DEL KIT<\/h3>\n<ol style='padding-left: 20px; font-size: 15px; color: inherit;'>\n<li style='margin-bottom: 5px;'>Panel de alarma CPLUSPRO (1 a\u00f1o servicio 5G Gratis!)<\/li>\n<li style='margin-bottom: 5px;'>Teclado touch RE667XPRO<\/li>\n<li style='margin-bottom: 5px;'>Licencia 1 a\u00f1o Automatizaci\u00f3n (VOUCHERAUT)<\/li>\n<\/ol><\/div>\n<div style='width: 100%; margin-bottom: 30px;'>\n<h2 style='font-size: 24px; margin: 0 0 15px; color: inherit;'>Descripci\u00f3n General<\/h2>\n<p style='font-size: 15px; color: inherit;'>El Connect+ Pro es un panel de seguridad inal\u00e1mbrico profesional dise\u00f1ado para proporcionar servicios de seguridad y automatizaci\u00f3n en el hogar&comma; con capacidades de comunicaci\u00f3n celular y Wi-Fi integradas. Cuenta con un receptor inal\u00e1mbrico encriptado de largo alcance&comma; asegurando cobertura completa en el hogar.<\/p>\n<\/p><\/div>\n<div style='display: flex; flex-wrap: wrap; gap: 30px; margin-bottom: 30px;'>\n<div style='flex: 1 1 250px; min-width: 220px; border: 1px solid rgba(150&comma;150&comma;150&comma;0.4); border-radius: 8px; overflow: hidden; display: flex; flex-direction: column;'>\n<div style='padding: 15px; border-bottom: 1px solid rgba(150&comma;150&comma;150&comma;0.2); font-weight: bold; font-size: 18px; color: inherit;'>Construcciones nuevas<\/div>\n<div style='padding: 15px; color: inherit;'>\n<p style='font-size: 14px; margin: 0; color: inherit;'>professionally installed security systems<\/p>\n<\/p><\/div>\n<\/p><\/div>\n<div style='flex: 1 1 250px; min-width: 220px; border: 1px solid rgba(150&comma;150&comma;150&comma;0.4); border-radius: 8px; overflow: hidden; display: flex; flex-direction: column;'>\n<div style='padding: 15px; border-bottom: 1px solid rgba(150&comma;150&comma;150&comma;0.2); font-weight: bold; font-size: 18px; color: inherit;'>Actualizaci\u00f3n sistemas Inal\u00e1mbricos<\/div>\n<div style='padding: 15px; color: inherit;'>\n<p style='font-size: 14px; margin: 0; color: inherit;'>&nbsp;<\/p>\n<\/p><\/div>\n<\/p><\/div>\n<div style='flex: 1 1 250px; min-width: 220px; border: 1px solid rgba(150&comma;150&comma;150&comma;0.4); border-radius: 8px; overflow: hidden; display: flex; flex-direction: column;'>\n<div style='padding: 15px; border-bottom: 1px solid rgba(150&comma;150&comma;150&comma;0.2); font-weight: bold; font-size: 18px; color: inherit;'>Automatizaci\u00f3n<\/div>\n<div style='padding: 15px; color: inherit;'>\n<p style='font-size: 14px; margin: 0; color: inherit;'>&nbsp;<\/p>\n<\/p><\/div>\n<\/p><\/div>\n<div style='flex: 1 1 250px; min-width: 220px; border: 1px solid rgba(150&comma;150&comma;150&comma;0.4); border-radius: 8px; overflow: hidden; display: flex; flex-direction: column;'>\n<div style='padding: 15px; border-bottom: 1px solid rgba(150&comma;150&comma;150&comma;0.2); font-weight: bold; font-size: 18px; color: inherit;'>Actualizaci\u00f3n de Sistemas Cableados<\/div>\n<div style='padding: 15px; color: inherit;'>\n<p style='font-size: 14px; margin: 0; color: inherit;'>&nbsp;<\/p>\n<\/p><\/div>\n<\/p><\/div>\n<\/p><\/div>\n<div style='display: flex; flex-wrap: wrap; gap: 30px; margin-bottom: 30px;'>\n<div style='flex: 1 1 500px; min-width: 280px;'>\n<h3 style='font-size: 22px; border-bottom: 2px solid currentColor; padding-bottom: 5px; margin-top: 0; color: inherit; opacity: 0.8;'>Especificaciones T\u00e9cnicas<\/h3>\n<ul style='padding-left: 20px; font-size: 15px; color: inherit;'>\n<li style='margin-bottom: 5px;'>Canales de comunicaci\u00f3n Celular MultiCarrier y Wi-Fi 2.4GHz<\/li>\n<li style='margin-bottom: 5px;'>Control por aplicaci\u00f3n desde dispositivo m\u00f3vil<\/li>\n<li style='margin-bottom: 5px;'>Anualidad <strong style='color: inherit;'>VOUCHERLTEM<\/strong><\/li>\n<li style='margin-bottom: 5px;'>1 Partici\u00f3n<\/li>\n<li style='margin-bottom: 5px;'>Hasta 49 usuarios<\/li>\n<li style='margin-bottom: 5px;'>Hasta 96 zonas<\/li>\n<li style='margin-bottom: 5px;'>Certificaciones: FCC&comma; IC&comma; ULC&comma; UL<\/li>\n<li style='margin-bottom: 5px;'>Peso: 284 Gr \/ Dimensiones 22.6 x 22.6 x 3.8 cm<\/li>\n<\/ul><\/div>\n<div style='flex: 1 1 500px; min-width: 280px;'>\n<h3 style='font-size: 22px; border-bottom: 2px solid currentColor; padding-bottom: 5px; margin-top: 0; color: inherit; opacity: 0.8;'>Funcionalidades<\/h3>\n<ul style='padding-left: 20px; font-size: 15px; color: inherit;'>\n<li style='margin-bottom: 5px;'>Control y monitoreo remoto<\/li>\n<li style='margin-bottom: 5px;'>Enrolamiento de sensores y perif\u00e9ricos (mediante APP o con bot\u00f3n de enrolado en panel de alarma)<\/li>\n<li style='margin-bottom: 5px;'>Indicaciones LED de conectividad y estado del sistema<\/li>\n<li style='margin-bottom: 5px;'>Compatible con 2 Frecuencias para sensores Inal\u00e1mbricos (Propia de ALULA 433.92 MHz + una 2da ya sea honeywell o DSC PS)<\/li>\n<\/ul><\/div>\n<\/p><\/div>\n<div style='display: flex; flex-wrap: wrap; gap: 30px; margin-bottom: 30px;'>\n<div style='flex: 1 1 500px; min-width: 280px;'>\n<h3 style='font-size: 22px; border-bottom: 2px solid currentColor; padding-bottom: 5px; margin-top: 0; color: inherit; opacity: 0.8;'>Aplicaciones y Casos de Uso<\/h3>\n<ul style='padding-left: 20px; font-size: 15px; color: inherit;'>\n<li style='margin-bottom: 5px;'><strong style='color: inherit;'>Automatizaci\u00f3n del Hogar:<\/strong> Ideal para integrar sistemas de automatizaci\u00f3n y seguridad en el hogar.<\/li>\n<li style='margin-bottom: 5px;'><strong style='color: inherit;'>Seguridad Residencial:<\/strong> Proporciona una cobertura de seguridad completa para el hogar.<\/li>\n<\/ul><\/div>\n<div style='flex: 1 1 500px; min-width: 280px;'>\n<h3 style='font-size: 22px; border-bottom: 2px solid currentColor; padding-bottom: 5px; margin-top: 0; color: inherit; opacity: 0.8;'>Beneficios de Usar Connect+<\/h3>\n<ul style='padding-left: 20px; font-size: 15px; color: inherit;'>\n<li style='margin-bottom: 5px;'><strong style='color: inherit;'>Instalaci\u00f3n R\u00e1pida:<\/strong> Ofrece el sistema m\u00e1s r\u00e1pido de instalar en la industria y aumenta la productividad de los t\u00e9cnicos.<\/li>\n<li style='margin-bottom: 5px;'><strong style='color: inherit;'>Programaci\u00f3n F\u00e1cil:<\/strong> La plataforma m\u00e1s f\u00e1cil de aprender&comma; operar y gestionar&comma; eliminando dolores de cabeza al cambiar de sistemas.<\/li>\n<li style='margin-bottom: 5px;'><strong style='color: inherit;'>M\u00e1xima Flexibilidad:<\/strong> No es necesario tender cables&comma; con la capacidad de colocar pantallas t\u00e1ctiles en la ubicaci\u00f3n m\u00e1s conveniente para tu cliente.<\/li>\n<li style='margin-bottom: 5px;'><strong style='color: inherit;'>Servicio M\u00e1ximo:<\/strong> Programaci\u00f3n remota&comma; soluci\u00f3n de problemas y actualizaciones de firmware.<\/li>\n<li style='margin-bottom: 5px;'><strong style='color: inherit;'>Maximiza los Ingresos Recurrentes Mensuales (RMR):<\/strong> Aumenta las tasas de adopci\u00f3n con control por smartphone&comma; c\u00e1maras y automatizaci\u00f3n.<\/li>\n<li style='margin-bottom: 5px;'><strong style='color: inherit;'>Preparado para el Futuro:<\/strong> Evita la obsolescencia con un sistema listo para 5G.<\/li>\n<\/ul><\/div>\n<\/p><\/div>\n<div style='display: flex; flex-wrap: wrap; gap: 30px; margin-bottom: 30px;'>\n<div style='flex: 1 1 400px; min-width: 300px;'> <img style='width: 100%; height: auto; border: 1px solid rgba(150&comma;150&comma;150&comma;0.3); border-radius: 8px;' src='https:\/\/alula.com\/wp-content\/uploads\/2019\/10\/panel-icon-e1570987834777.png' alt=''> <\/p>\n<div style='margin-top: 15px; font-size: 14px; color: inherit;'>Adaptarte para Ganar<\/div>\n<p style='font-size: 14px; color: inherit;'>Dise\u00f1ado para una amplia gama de aplicaciones residenciales y de peque\u00f1as empresas&comma; su exclusivo dise\u00f1o inal\u00e1mbrico permite que los distribuidores de alarmas maximicen su tiempo y ahorren dinero sin esfuerzo al aprovechar la instalaci\u00f3n m\u00e1s r\u00e1pida de la industria y la tecnolog\u00eda celular a pedido compatible con 5G.<\/p>\n<\/p><\/div>\n<div style='flex: 1 1 600px; min-width: 300px;'> <img style='width: 100%; height: auto; border: 1px solid rgba(150&comma;150&comma;150&comma;0.3); border-radius: 8px;' src='https:\/\/alula.com\/wp-content\/uploads\/2019\/10\/Slim-line-touchpad-video-counter-640x506.jpg' alt=''> <\/div>\n<\/p><\/div>\n<hr style='border: 0; border-top: 1px solid rgba(150&comma;150&comma;150&comma;0.3); margin: 30px 0;'>\n<div style='width: 100%; margin-bottom: 30px;'>\n<div style='display: flex; flex-wrap: wrap; gap: 30px;'>\n<div style='flex: 1 1 300px; min-width: 280px; border: 1px solid rgba(150&comma;150&comma;150&comma;0.4); border-radius: 8px; overflow: hidden; display: flex; flex-direction: column;'>\n<div style='padding: 15px; border-bottom: 1px solid rgba(150&comma;150&comma;150&comma;0.2); font-weight: bold; font-size: 18px; color: inherit;'>Adaptarte para Ganar<\/div>\n<div style='padding: 15px; color: inherit;'>\n<p style='font-size: 14px; margin: 0; color: inherit;'>Dise\u00f1ado para una amplia gama de aplicaciones residenciales y de peque\u00f1as empresas&comma; su exclusivo dise\u00f1o inal\u00e1mbrico permite que los distribuidores de alarmas maximicen su tiempo y ahorren dinero sin esfuerzo al aprovechar la instalaci\u00f3n m\u00e1s r\u00e1pida de la industria y la tecnolog\u00eda celular a pedido compatible con 5G.<\/p>\n<\/p><\/div>\n<\/p><\/div>\n<\/p><\/div>\n<\/p><\/div>\n<\/p><\/div>\n","protected":false},"excerpt":{"rendered":"<p>KIT AUTOMATIZACION SISTEMA ALULA \/ 1 a\u00f1o 5G + 1 a\u00f1o Licencia Automatizaci\u00f3n<\/p>\n","protected":false},"featured_media":400,"comment_status":"open","ping_status":"closed","template":"","meta":[],"product_brand":[],"product_cat":[60],"product_tag":[188,61,62],"class_list":{"0":"post-401","1":"product","2":"type-product","3":"status-publish","4":"has-post-thumbnail","6":"product_cat-todos","7":"product_tag-m2m-services","8":"product_tag-paneles-de-alarma","9":"product_tag-todos","11":"first","12":"instock","13":"sale","14":"shipping-taxable","15":"purchasable","16":"product-type-simple"},"_links":{"self":[{"href":"https:\/\/soydeaqui.ddns.net\/pachuca\/index.php\/wp-json\/wp\/v2\/product\/401","targetHints":{"allow":["GET"]}}],"collection":[{"href":"https:\/\/soydeaqui.ddns.net\/pachuca\/index.php\/wp-json\/wp\/v2\/product"}],"about":[{"href":"https:\/\/soydeaqui.ddns.net\/pachuca\/index.php\/wp-json\/wp\/v2\/types\/product"}],"replies":[{"embeddable":true,"href":"https:\/\/soydeaqui.ddns.net\/pachuca\/index.php\/wp-json\/wp\/v2\/comments?post=401"}],"wp:featuredmedia":[{"embeddable":true,"href":"https:\/\/soydeaqui.ddns.net\/pachuca\/index.php\/wp-json\/wp\/v2\/media\/400"}],"wp:attachment":[{"href":"https:\/\/soydeaqui.ddns.net\/pachuca\/index.php\/wp-json\/wp\/v2\/media?parent=401"}],"wp:term":[{"taxonomy":"product_brand","embeddable":true,"href":"https:\/\/soydeaqui.ddns.net\/pachuca\/index.php\/wp-json\/wp\/v2\/product_brand?post=401"},{"taxonomy":"product_cat","embeddable":true,"href":"https:\/\/soydeaqui.ddns.net\/pachuca\/index.php\/wp-json\/wp\/v2\/product_cat?post=401"},{"taxonomy":"product_tag","embeddable":true,"href":"https:\/\/soydeaqui.ddns.net\/pachuca\/index.php\/wp-json\/wp\/v2\/product_tag?post=401"}],"curies":[{"name":"wp","href":"https:\/\/api.w.org\/{rel}","templated":true}]}}