{"id":40079,"date":"2026-03-18T17:38:16","date_gmt":"2026-03-18T17:38:16","guid":{"rendered":"https:\/\/soydeaqui.ddns.net\/pachuca\/index.php\/producto\/calibrador-documentador-de-procesos-754\/"},"modified":"2026-03-18T17:38:17","modified_gmt":"2026-03-18T17:38:17","slug":"calibrador-documentador-de-procesos-754","status":"publish","type":"product","link":"https:\/\/soydeaqui.ddns.net\/pachuca\/index.php\/producto\/calibrador-documentador-de-procesos-754\/","title":{"rendered":"Calibrador Documentador de Procesos 754"},"content":{"rendered":"<div style='width: 100%; max-width: 1200px; margin: 0 auto; font-family: sans-serif; line-height: 1.6; color: inherit; background-color: transparent;'> <!-- Logo --> <\/p>\n<div style='display: flex; justify-content: center; margin-bottom: 30px;'> <img style='width: 100%; max-width: 300px; height: auto; border: 1px solid rgba(150&comma;150&comma;150&comma;0.3); border-radius: 8px;' src='https:\/\/www.risoul.com.mx\/hs-fs\/hubfs\/Fluke-Logo.png?width=1557&#038;name=Fluke-Logo.png' alt='Distribuidor productos Fluke'> <\/div>\n<p> <!-- Secci\u00f3n principal --> <\/p>\n<div style='display: flex; flex-wrap: wrap; gap: 30px; margin-bottom: 30px;'>\n<div style='flex: 1 1 300px; min-width: 280px;'>\n<h3 style='font-size: 22px; border-bottom: 2px solid currentColor; padding-bottom: 5px; margin-top: 0; color: inherit; opacity: 0.8;'>Caracter\u00edsticas principales<\/h3>\n<p style='font-size: 15px; color: inherit; margin-top: 15px; margin-bottom: 15px;'>El calibrador multifunci\u00f3n port\u00e1til simplifica el trabajo de calibraci\u00f3n. Ya sea que est\u00e9 calibrando instrumentos&comma; solucionando un problema o realizando un mantenimiento de rutina&comma; el Fluke 754 con comunicaci\u00f3n HART\u00ae puede ayudarlo a hacer el trabajo m\u00e1s r\u00e1pido. Realiza muchas tareas diferentes r\u00e1pidamente y es el \u00fanico calibrador de procesos que debe llevar consigo.<\/p>\n<p style='font-size: 15px; color: inherit; margin-top: 15px; margin-bottom: 15px;'>Este calibrador con comunicaci\u00f3n integrada&comma; confiable y resistente es ideal para calibrar&comma; mantener y solucionar problemas de transmisores inteligentes HART y otros instrumentos.<\/p>\n<h4 style='font-size: 18px; margin-top: 20px; margin-bottom: 10px; color: inherit;'>Capacidades de medici\u00f3n y fuente:<\/h4>\n<ul style='padding-left: 20px; font-size: 15px; color: inherit;'>\n<li style='margin-bottom: 5px;'>Voltaje CA\/CC<\/li>\n<li style='margin-bottom: 5px;'>Lazo de mA con alimentaci\u00f3n de lazo de 24 V<\/li>\n<li style='margin-bottom: 5px;'>Presi\u00f3n<\/li>\n<li style='margin-bottom: 5px;'>Termopares y RTD<\/li>\n<li style='margin-bottom: 5px;'>Frecuencia<\/li>\n<li style='margin-bottom: 5px;'>Resistencia<\/li>\n<\/ul><\/div>\n<p> <!-- Columna derecha --> <\/p>\n<div style='flex: 1 1 300px; min-width: 280px;'>\n<h3 style='font-size: 22px; border-bottom: 2px solid currentColor; padding-bottom: 5px; margin-top: 0; color: inherit; opacity: 0.8;'>Funcionalidades avanzadas<\/h3>\n<p style='font-size: 15px; color: inherit; margin-top: 15px; margin-bottom: 15px;'><strong>Funcionamiento mejorado del calibrador de procesos<\/strong>: Con la pantalla doble de color blanco brillante&comma; podr\u00e1 leer simult\u00e1neamente los par\u00e1metros obtenidos y medidos. La bater\u00eda recargable de iones de litio ofrece hasta 10 horas de uso ininterrumpido&comma; lo que le permite completar una tarea tras otra sin necesidad de detenerse&comma; y tambi\u00e9n incluye capacidades de alimentaci\u00f3n de CA directa si es necesario.<\/p>\n<p style='font-size: 15px; color: inherit; margin-top: 15px; margin-bottom: 15px;'>Finalmente&comma; comun\u00edquese con los transmisores digitales inteligentes HART directamente a trav\u00e9s de los conectores de medici\u00f3n de mA para una calibraci\u00f3n perfecta con menos conexiones.<\/p>\n<p style='font-size: 15px; color: inherit; margin-top: 15px; margin-bottom: 15px;'><strong>Haz m\u00e1s con menos<\/strong>: El 754 hace el trabajo de varias herramientas. Genera&comma; simula y mide la presi\u00f3n&comma; la temperatura y las se\u00f1ales el\u00e9ctricas con un dispositivo port\u00e1til resistente. La poderosa interfaz HART incorporada puede realizar casi todas las tareas diarias que ahora realiza con un comunicador digital separado.<\/p>\n<p style='font-size: 15px; color: inherit; margin-top: 15px; margin-bottom: 15px;'>Puede manejar transmisores RTD de pulso r\u00e1pido y PLC&comma; con pulsos tan cortos como 1 ms. El 754 tambi\u00e9n mide\/genera presi\u00f3n usando cualquiera de los m\u00f3dulos de presi\u00f3n de la serie 750P de Fluke como referencia y cuenta con muchas caracter\u00edsticas adicionales como:<\/p>\n<ul style='padding-left: 20px; font-size: 15px; color: inherit;'>\n<li style='margin-bottom: 5px;'>Auto-paso y rampa personalizados<\/li>\n<li style='margin-bottom: 5px;'>Unidades personalizadas<\/li>\n<li style='margin-bottom: 5px;'>Valores introducidos por el usuario durante la prueba<\/li>\n<li style='margin-bottom: 5px;'>Pruebas de interruptores de uno y dos puntos<\/li>\n<li style='margin-bottom: 5px;'>Prueba de flujo de DP de ra\u00edz cuadrada<\/li>\n<li style='margin-bottom: 5px;'>Retardo de medici\u00f3n programable<\/li>\n<\/ul><\/div>\n<\/p><\/div>\n<p> <!-- Secci\u00f3n documentaci\u00f3n --> <\/p>\n<div style='display: flex; flex-wrap: wrap; gap: 30px; margin-bottom: 30px;'>\n<div style='flex: 1 1 300px; min-width: 280px;'>\n<h3 style='font-size: 22px; border-bottom: 2px solid currentColor; padding-bottom: 5px; margin-top: 0; color: inherit; opacity: 0.8;'>Documentaci\u00f3n y datos<\/h3>\n<p style='font-size: 15px; color: inherit; margin-top: 15px; margin-bottom: 15px;'>El 754 es un calibrador documentador multifunci\u00f3n potente que puede usar para descargar procedimientos&comma; listas e instrucciones creadas con software&comma; o cargar datos para imprimir&comma; archivar y analizar. La herramienta puede contener hasta una semana completa de procedimientos descargados y resultados de calibraci\u00f3n y ofrece compatibilidad con muchos software de gesti\u00f3n de activos.<\/p>\n<p style='font-size: 15px; color: inherit; margin-top: 15px; margin-bottom: 15px;'>Los usuarios tambi\u00e9n pueden crear y ejecutar procedimientos automatizados tal como se encuentran o como se dejan para cumplir con los programas o reglamentos de calidad&comma; y registrar y documentar los resultados.<\/p>\n<p style='font-size: 15px; color: inherit; margin-top: 15px; margin-bottom: 15px;'>Para la documentaci\u00f3n&comma; el 754 automatiza los procedimientos de calibraci\u00f3n y captura sus datos. Y&comma; por supuesto&comma; lo ayuda a cumplir con est\u00e1ndares rigurosos como las normas ISO 9000&comma; FDA&comma; EPA y OSHA. Adem\u00e1s&comma; la pantalla gr\u00e1fica&comma; la bater\u00eda de iones de litio para una vida \u00fatil m\u00e1s prolongada&comma; el puerto USB y los accesorios lo ayudan a trabajar de manera m\u00e1s inteligente y r\u00e1pida.<\/p>\n<\/p><\/div>\n<p> <!-- Especificaciones --> <\/p>\n<div style='flex: 1 1 300px; min-width: 280px;'>\n<h3 style='font-size: 22px; border-bottom: 2px solid currentColor; padding-bottom: 5px; margin-top: 0; color: inherit; opacity: 0.8;'>Especificaciones<\/h3>\n<p> <!-- Tabla de precisi\u00f3n de medici\u00f3n --> <\/p>\n<div style='margin-top: 20px;'>\n<h4 style='font-size: 18px; margin-top: 15px; margin-bottom: 10px; color: inherit;'>Precisi\u00f3n de la medici\u00f3n<\/h4>\n<div style='display: flex; flex-wrap: wrap; gap: 15px; margin-top: 10px;'>\n<div style='flex: 1 1 250px; border: 1px solid rgba(150&comma; 150&comma; 150&comma; 0.4); border-radius: 8px; overflow: hidden; display: flex; flex-direction: column;'>\n<div style='padding: 15px; border-bottom: 1px solid rgba(150&comma; 150&comma; 150&comma; 0.2); font-weight: bold; font-size: 16px; color: inherit;'>Voltaje CC<\/div>\n<div style='padding: 15px; color: inherit;'>\n<ul style='padding-left: 20px; margin: 0; font-size: 14px; list-style-type: disc;'>\n<li style='margin-bottom: 5px;'><strong>100.000mV:<\/strong> 0&comma;02 % + 0&comma;005 mV (1 a\u00f1o)&comma; 0&comma;03 % + 0&comma;005 mV (2 a\u00f1os)<\/li>\n<li style='margin-bottom: 5px;'><strong>3&comma;00000 V:<\/strong> 0&comma;02% + 0&comma;00005 V (1 a\u00f1o)&comma; 0&comma;03% + 0&comma;00005 V (2 a\u00f1os)<\/li>\n<li style='margin-bottom: 5px;'><strong>30.0000 V:<\/strong> 0&comma;02% + 0&comma;0005 V (1 a\u00f1o)&comma; 0&comma;03 % + 0&comma;0005 V (2 a\u00f1os)<\/li>\n<li style='margin-bottom: 5px;'><strong>300&comma;00 V:<\/strong> 0&comma;05 % + 0&comma;05 V (1 a\u00f1o)&comma; 0&comma;07 % + 0&comma;05 V (2 a\u00f1os)<\/li>\n<\/ul><\/div>\n<\/p><\/div>\n<div style='flex: 1 1 250px; border: 1px solid rgba(150&comma; 150&comma; 150&comma; 0.4); border-radius: 8px; overflow: hidden; display: flex; flex-direction: column;'>\n<div style='padding: 15px; border-bottom: 1px solid rgba(150&comma; 150&comma; 150&comma; 0.2); font-weight: bold; font-size: 16px; color: inherit;'>Voltaje CA<\/div>\n<div style='padding: 15px; color: inherit;'>\n<ul style='padding-left: 20px; margin: 0; font-size: 14px; list-style-type: disc;'>\n<li style='margin-bottom: 5px;'><strong>3&comma;000 V (40 Hz a 500 Hz):<\/strong> 0&comma;5 % + 0&comma;002 V (1 a\u00f1o)&comma; 1&comma;0% + 0&comma;004 V (2 a\u00f1os)<\/li>\n<li style='margin-bottom: 5px;'><strong>30&comma;00 V (40 Hz a 500 Hz):<\/strong> 0&comma;5 % + 0&comma;02 V (1 a\u00f1o)&comma; 1&comma;0 % + 0&comma;04 V (2 a\u00f1os)<\/li>\n<li style='margin-bottom: 5px;'><strong>300&comma;0 V (40 Hz a 500 Hz):<\/strong> 0&comma;5 % + 0&comma;2 V (1 a\u00f1o)&comma; 1&comma;0 % + 0&comma;2 V (2 a\u00f1os)<\/li>\n<\/ul><\/div>\n<\/p><\/div>\n<div style='flex: 1 1 250px; border: 1px solid rgba(150&comma; 150&comma; 150&comma; 0.4); border-radius: 8px; overflow: hidden; display: flex; flex-direction: column;'>\n<div style='padding: 15px; border-bottom: 1px solid rgba(150&comma; 150&comma; 150&comma; 0.2); font-weight: bold; font-size: 16px; color: inherit;'>Corriente CC<\/div>\n<div style='padding: 15px; color: inherit;'>\n<ul style='padding-left: 20px; margin: 0; font-size: 14px; list-style-type: disc;'>\n<li style='margin-bottom: 5px;'><strong>30.000mA:<\/strong> 0&comma;01% + 5 uA (1 a\u00f1o)&comma; 0&comma;015% + 7 uA (2 a\u00f1os)<\/li>\n<li style='margin-bottom: 5px;'><strong>110&comma;00mA:<\/strong> 0&comma;01% + 20 uA (1 a\u00f1o)&comma; 0&comma;015% + 30 uA (2 a\u00f1os)<\/li>\n<\/ul><\/div>\n<\/p><\/div>\n<div style='flex: 1 1 250px; border: 1px solid rgba(150&comma; 150&comma; 150&comma; 0.4); border-radius: 8px; overflow: hidden; display: flex; flex-direction: column;'>\n<div style='padding: 15px; border-bottom: 1px solid rgba(150&comma; 150&comma; 150&comma; 0.2); font-weight: bold; font-size: 16px; color: inherit;'>Resistencia<\/div>\n<div style='padding: 15px; color: inherit;'>\n<ul style='padding-left: 20px; margin: 0; font-size: 14px; list-style-type: disc;'>\n<li style='margin-bottom: 5px;'><strong>10.000 \u03a9:<\/strong> 0&comma;05 % + 50 m\u03a9 (1 a\u00f1o)&comma; 0&comma;07 % + 70 m\u03a9 (2 a\u00f1os)<\/li>\n<li style='margin-bottom: 5px;'><strong>100&comma;00 \u03a9:<\/strong> 0&comma;05 % + 50 m\u03a9 (1 a\u00f1o)&comma; 0&comma;07 % + 70 m\u03a9 (2 a\u00f1os)<\/li>\n<li style='margin-bottom: 5px;'><strong>1&comma;0000 k\u03a9:<\/strong> 0&comma;05 % + 500 m\u03a9 (1 a\u00f1o)&comma; 0&comma;07 % + 0&comma;5 \u03a9 (2 a\u00f1os)<\/li>\n<li style='margin-bottom: 5px;'><strong>10.000 k\u03a9:<\/strong> 0&comma;1% + 10 \u03a9 (1 a\u00f1o)&comma; 0&comma;15 % + 15 \u03a9 (2 a\u00f1os)<\/li>\n<\/ul><\/div>\n<\/p><\/div>\n<div style='flex: 1 1 250px; border: 1px solid rgba(150&comma; 150&comma; 150&comma; 0.4); border-radius: 8px; overflow: hidden; display: flex; flex-direction: column;'>\n<div style='padding: 15px; border-bottom: 1px solid rgba(150&comma; 150&comma; 150&comma; 0.2); font-weight: bold; font-size: 16px; color: inherit;'>Frecuencia<\/div>\n<div style='padding: 15px; color: inherit;'>\n<ul style='padding-left: 20px; margin: 0; font-size: 14px; list-style-type: disc;'>\n<li style='margin-bottom: 5px;'><strong>1&comma;00 a 110&comma;00 Hz:<\/strong> 0&comma;05 Hz (2 a\u00f1os)<\/li>\n<li style='margin-bottom: 5px;'><strong>110&comma;1 a 1100&comma;0 Hz:<\/strong> 0&comma;5 Hz (2 a\u00f1os)<\/li>\n<li style='margin-bottom: 5px;'><strong>1&comma;101 a 11&comma;000 kHz:<\/strong> 0&comma;005kHz (2 a\u00f1os)<\/li>\n<li style='margin-bottom: 5px;'><strong>11&comma;01 a 50&comma;00 kHz:<\/strong> 0&comma;05kHz (2 a\u00f1os)<\/li>\n<\/ul><\/div>\n<\/p><\/div>\n<div style='flex: 1 1 250px; border: 1px solid rgba(150&comma; 150&comma; 150&comma; 0.4); border-radius: 8px; overflow: hidden; display: flex; flex-direction: column;'>\n<div style='padding: 15px; border-bottom: 1px solid rgba(150&comma; 150&comma; 150&comma; 0.2); font-weight: bold; font-size: 16px; color: inherit;'>Precisi\u00f3n de fuente<\/div>\n<div style='padding: 15px; color: inherit;'>\n<ul style='padding-left: 20px; margin: 0; font-size: 14px; list-style-type: disc;'>\n<li style='margin-bottom: 5px;'><strong>Voltaje CC 100.000mV:<\/strong> 0&comma;01 % + 0&comma;005 mV (1 a\u00f1o)&comma; 0&comma;015 % + 0&comma;005 mV (2 a\u00f1os)<\/li>\n<li style='margin-bottom: 5px;'><strong>Voltaje CC 1&comma;00000 V:<\/strong> 0&comma;01 % + 0&comma;00005 V (1 a\u00f1o)&comma; 0&comma;015 % + 0&comma;0005 V (2 a\u00f1os)<\/li>\n<li style='margin-bottom: 5px;'><strong>Voltaje CC 15&comma;0000 V:<\/strong> 0&comma;01 % + 0&comma;0005 V (1 a\u00f1o)&comma; 0&comma;015 % + 0&comma;0005 V (2 a\u00f1os)<\/li>\n<li style='margin-bottom: 5px;'><strong>Corriente CC 22.000 mA:<\/strong> 0&comma;01 % + 0&comma;003 mA (1 a\u00f1o)&comma; 0&comma;02 % + 0&comma;003 mA (2 a\u00f1os)<\/li>\n<li style='margin-bottom: 5px;'><strong>Resistencia 10.000 \u03a9:<\/strong> 0&comma;01 % + 10 m\u03a9 (1 a\u00f1o)&comma; 0&comma;015 % + 15 m\u03a9 (2 a\u00f1os)<\/li>\n<li style='margin-bottom: 5px;'><strong>Resistencia 100&comma;00 \u03a9:<\/strong> 0&comma;01 % + 20 m\u03a9 (1 a\u00f1o)&comma; 0&comma;015 % + 30 m\u03a9 (2 a\u00f1os)<\/li>\n<\/ul><\/div>\n<\/p><\/div>\n<div style='flex: 1 1 250px; border: 1px solid rgba(150&comma; 150&comma; 150&comma; 0.4); border-radius: 8px; overflow: hidden; display: flex; flex-direction: column;'>\n<div style='padding: 15px; border-bottom: 1px solid rgba(150&comma; 150&comma; 150&comma; 0.2); font-weight: bold; font-size: 16px; color: inherit;'>Especificaciones ambientales<\/div>\n<div style='padding: 15px; color: inherit;'>\n<ul style='padding-left: 20px; margin: 0; font-size: 14px; list-style-type: disc;'>\n<li style='margin-bottom: 5px;'><strong>Temperatura de funcionamiento:<\/strong> -10\u00b0C a +50\u00b0C<\/li>\n<li style='margin-bottom: 5px;'><strong>Temperatura de almacenamiento:<\/strong> -20\u00b0C a +60\u00b0C<\/li>\n<li style='margin-bottom: 5px;'><strong>Resistencia al polvo\/agua:<\/strong> Cumple con IP52&comma; IEC 529<\/li>\n<li style='margin-bottom: 5px;'><strong>Altitud de funcionamiento:<\/strong> 3000 m sobre el nivel medio del mar (9842 pies)<\/li>\n<\/ul><\/div>\n<\/p><\/div>\n<div style='flex: 1 1 250px; border: 1px solid rgba(150&comma; 150&comma; 150&comma; 0.4); border-radius: 8px; overflow: hidden; display: flex; flex-direction: column;'>\n<div style='padding: 15px; border-bottom: 1px solid rgba(150&comma; 150&comma; 150&comma; 0.2); font-weight: bold; font-size: 16px; color: inherit;'>Especificaciones de seguridad<\/div>\n<div style='padding: 15px; color: inherit;'>\n<ul style='padding-left: 20px; margin: 0; font-size: 14px; list-style-type: disc;'>\n<li style='margin-bottom: 5px;'><strong>Aprobaciones de agencias:<\/strong> CAN\/CSA C22.2 No 1010.1-92&comma; ASNI\/ISA S82.01-1994&comma; UL3111 y EN610-1:1993<\/li>\n<\/ul><\/div>\n<\/p><\/div>\n<\/p><\/div>\n<\/p><\/div>\n<\/p><\/div>\n<\/p><\/div>\n<p> <!-- Secci\u00f3n de detalles --> <\/p>\n<div style='display: flex; flex-wrap: wrap; gap: 30px; margin-bottom: 30px;'>\n<div style='flex: 1 1 300px; min-width: 280px;'>\n<h3 style='font-size: 22px; border-bottom: 2px solid currentColor; padding-bottom: 5px; margin-top: 0; color: inherit; opacity: 0.8;'>Detalles t\u00e9cnicos<\/h3>\n<ul style='padding-left: 20px; font-size: 15px; color: inherit; margin-top: 15px;'>\n<li style='margin-bottom: 5px;'><strong>Funciones de registro de datos:<\/strong> Voltaje&comma; corriente&comma; resistencia&comma; frecuencia&comma; temperatura&comma; presi\u00f3n<\/li>\n<li style='margin-bottom: 5px;'><strong>Tasa de lectura:<\/strong> 1&comma; 2&comma; 5&comma; 10&comma; 20&comma; 30 o 60 lecturas\/minuto<\/li>\n<li style='margin-bottom: 5px;'><strong>Longitud m\u00e1xima de registro:<\/strong> 8000 lecturas (7980 para 30 o 60 lecturas\/minuto)<\/li>\n<li style='margin-bottom: 5px;'><strong>Funciones de rampa:<\/strong> Voltaje&comma; corriente&comma; resistencia&comma; frecuencia&comma; temperatura<\/li>\n<li style='margin-bottom: 5px;'><strong>Tasa:<\/strong> 4 pasos\/segundo<\/li>\n<li style='margin-bottom: 5px;'><strong>Detecci\u00f3n de viaje:<\/strong> Continuidad o voltaje (la detecci\u00f3n de continuidad no est\u00e1 disponible cuando se genera corriente)<\/li>\n<li style='margin-bottom: 5px;'><strong>Funci\u00f3n de potencia de bucle:<\/strong> Voltaje seleccionable&comma; 26 V<\/li>\n<li style='margin-bottom: 5px;'><strong>Exactitud:<\/strong> 10%&comma; 18 V m\u00ednimo a 22 mA<\/li>\n<li style='margin-bottom: 5px;'><strong>Corriente m\u00e1xima:<\/strong> 25 mA&comma; protegido contra cortocircuitos<\/li>\n<li style='margin-bottom: 5px;'><strong>Voltaje m\u00e1ximo de entrada:<\/strong> 50 V CC<\/li>\n<li style='margin-bottom: 5px;'><strong>Funciones de paso:<\/strong> Voltaje&comma; corriente&comma; resistencia&comma; frecuencia&comma; temperatura<\/li>\n<li style='margin-bottom: 5px;'><strong>Paso manual:<\/strong> Paso seleccionable&comma; cambio con botones de flecha<\/li>\n<li style='margin-bottom: 5px;'><strong>Paso autom\u00e1tico:<\/strong> Totalmente programable para funci\u00f3n&comma; retardo de inicio&comma; valor de paso&comma; tiempo por paso&comma; repetici\u00f3n<\/li>\n<\/ul><\/div>\n<\/p><\/div>\n<p> <!-- Separador --> <\/p>\n<hr style='border: 0; border-top: 1px solid rgba(150&comma; 150&comma; 150&comma; 0.3); margin: 30px 0;'> <\/div>\n","protected":false},"excerpt":{"rendered":"<p>Calibrador Documentador de Procesos 754<\/p>\n","protected":false},"featured_media":40078,"comment_status":"open","ping_status":"closed","template":"","meta":[],"product_brand":[],"product_cat":[392],"product_tag":[393,25,131],"class_list":{"0":"post-40079","1":"product","2":"type-product","3":"status-publish","4":"has-post-thumbnail","6":"product_cat-herramientas-electricas-herramientas-deteccion-de-fuego","7":"product_tag-fluke","8":"product_tag-herramientas","9":"product_tag-herramientas-electricas","11":"first","12":"outofstock","13":"sale","14":"shipping-taxable","15":"purchasable","16":"product-type-simple"},"_links":{"self":[{"href":"https:\/\/soydeaqui.ddns.net\/pachuca\/index.php\/wp-json\/wp\/v2\/product\/40079","targetHints":{"allow":["GET"]}}],"collection":[{"href":"https:\/\/soydeaqui.ddns.net\/pachuca\/index.php\/wp-json\/wp\/v2\/product"}],"about":[{"href":"https:\/\/soydeaqui.ddns.net\/pachuca\/index.php\/wp-json\/wp\/v2\/types\/product"}],"replies":[{"embeddable":true,"href":"https:\/\/soydeaqui.ddns.net\/pachuca\/index.php\/wp-json\/wp\/v2\/comments?post=40079"}],"wp:featuredmedia":[{"embeddable":true,"href":"https:\/\/soydeaqui.ddns.net\/pachuca\/index.php\/wp-json\/wp\/v2\/media\/40078"}],"wp:attachment":[{"href":"https:\/\/soydeaqui.ddns.net\/pachuca\/index.php\/wp-json\/wp\/v2\/media?parent=40079"}],"wp:term":[{"taxonomy":"product_brand","embeddable":true,"href":"https:\/\/soydeaqui.ddns.net\/pachuca\/index.php\/wp-json\/wp\/v2\/product_brand?post=40079"},{"taxonomy":"product_cat","embeddable":true,"href":"https:\/\/soydeaqui.ddns.net\/pachuca\/index.php\/wp-json\/wp\/v2\/product_cat?post=40079"},{"taxonomy":"product_tag","embeddable":true,"href":"https:\/\/soydeaqui.ddns.net\/pachuca\/index.php\/wp-json\/wp\/v2\/product_tag?post=40079"}],"curies":[{"name":"wp","href":"https:\/\/api.w.org\/{rel}","templated":true}]}}