{"id":40077,"date":"2026-03-18T17:38:10","date_gmt":"2026-03-18T17:38:10","guid":{"rendered":"https:\/\/soydeaqui.ddns.net\/pachuca\/index.php\/producto\/certificacion-virtual-nom-022-stps-total-ground-valida-ante-secretaria-del-trabajo\/"},"modified":"2026-03-18T17:38:11","modified_gmt":"2026-03-18T17:38:11","slug":"certificacion-virtual-nom-022-stps-total-ground-valida-ante-secretaria-del-trabajo","status":"publish","type":"product","link":"https:\/\/soydeaqui.ddns.net\/pachuca\/index.php\/producto\/certificacion-virtual-nom-022-stps-total-ground-valida-ante-secretaria-del-trabajo\/","title":{"rendered":"Certificaci\u00f3n Virtual NOM-022-STPS Total Ground (V\u00e1lida Ante Secretar\u00eda del Trabajo)"},"content":{"rendered":"<div style='width: 100%; max-width: 1200px; margin: 0 auto; font-family: sans-serif; line-height: 1.6; color: inherit; background-color: transparent;'> <!-- Secci\u00f3n de informaci\u00f3n general --> <\/p>\n<div style='display: flex; flex-wrap: wrap; gap: 30px; margin-bottom: 30px;'>\n<div style='flex: 1 1 300px; min-width: 280px;'>\n<h3 style='font-size: 22px; border-bottom: 2px solid currentColor; padding-bottom: 5px; margin-top: 0; color: inherit; opacity: 0.8;'>Informaci\u00f3n General<\/h3>\n<ul style='padding-left: 20px; font-size: 15px; color: inherit;'>\n<li style='margin-bottom: 5px;'><strong>Calendarizaci\u00f3n:<\/strong> <a style='color: #3598db; text-decoration: none;' href='https:\/\/www.syscom.mx\/calendario\/'>Ver calendarizaci\u00f3n<\/a><\/li>\n<li style='margin-bottom: 5px;'><strong>Duraci\u00f3n:<\/strong> 9 horas (3 d\u00edas)<\/li>\n<li style='margin-bottom: 5px;'><strong>Horario:<\/strong> 4:00 p.m. a 7:00 p.m. (Hora del centro)<\/li>\n<\/ul><\/div>\n<\/p><\/div>\n<p> <!-- Secci\u00f3n de requisitos --> <\/p>\n<div style='display: flex; flex-wrap: wrap; gap: 20px; margin-bottom: 30px;'>\n<div style='flex: 1 1 250px; border: 1px solid rgba(150&comma; 150&comma; 150&comma; 0.4); border-radius: 8px; overflow: hidden; display: flex; flex-direction: column;'>\n<div style='padding: 15px; border-bottom: 1px solid rgba(150&comma; 150&comma; 150&comma; 0.2); font-weight: bold; font-size: 18px; color: inherit;'>Requisitos<\/div>\n<div style='padding: 15px; color: inherit;'>\n<ul style='padding-left: 20px; margin: 0; font-size: 14px; list-style-type: disc;'>\n<li style='margin-bottom: 5px;'>Llenar el formato DC-3 para obtener el certificado con validez en la secretar\u00eda de trabajo<\/li>\n<li style='margin-bottom: 5px;'>Conocimientos b\u00e1sicos de Electricidad<\/li>\n<\/ul><\/div>\n<\/p><\/div>\n<p> <!-- Secci\u00f3n de condicionantes --> <\/p>\n<div style='flex: 1 1 250px; border: 1px solid rgba(150&comma; 150&comma; 150&comma; 0.4); border-radius: 8px; overflow: hidden; display: flex; flex-direction: column;'>\n<div style='padding: 15px; border-bottom: 1px solid rgba(150&comma; 150&comma; 150&comma; 0.2); font-weight: bold; font-size: 18px; color: inherit;'>Condicionantes<\/div>\n<div style='padding: 15px; color: inherit;'>\n<ol style='padding-left: 20px; margin: 0; font-size: 14px;'>\n<li style='margin-bottom: 5px;'>Para obtener el certificado con validez en la secretar\u00eda del trabajo&comma; se debe aprobar el examen y presentar el formato DC-3 con los datos del asistente<\/li>\n<li style='margin-bottom: 5px;'>La certificaci\u00f3n deber\u00e1 ser tomada \u00fanicamente por el participante que realiz\u00f3 el registro<\/li>\n<li style='margin-bottom: 5px;'>Es necesario adjuntar el comprobante de pago&comma; solicitud de registro y formato DC-3 con datos correctos y firmas del representante legal y jefe directo<\/li>\n<li style='margin-bottom: 5px;'>No aplican devoluciones de efectivo<\/li>\n<li style='margin-bottom: 5px;'>El curso puede ser cancelado si no se re\u00fane un grupo m\u00ednimo<\/li>\n<\/ol><\/div>\n<\/p><\/div>\n<p> <!-- Secci\u00f3n de incluye --> <\/p>\n<div style='flex: 1 1 250px; border: 1px solid rgba(150&comma; 150&comma; 150&comma; 0.4); border-radius: 8px; overflow: hidden; display: flex; flex-direction: column;'>\n<div style='padding: 15px; border-bottom: 1px solid rgba(150&comma; 150&comma; 150&comma; 0.2); font-weight: bold; font-size: 18px; color: inherit;'>Incluye<\/div>\n<div style='padding: 15px; color: inherit;'>\n<ul style='padding-left: 20px; margin: 0; font-size: 14px; list-style-type: disc;'>\n<li style='margin-bottom: 5px;'>Informaci\u00f3n del curso correspondiente<\/li>\n<li style='margin-bottom: 5px;'>Documentos de apoyo<\/li>\n<li style='margin-bottom: 5px;'>Portafolio<\/li>\n<li style='margin-bottom: 5px;'>Examen<\/li>\n<li style='margin-bottom: 5px;'>Evaluaci\u00f3n del curso<\/li>\n<li style='margin-bottom: 5px;'>Certificado Total Ground con vigencia de 2 a\u00f1os (requisito: pasar el examen)<\/li>\n<\/ul><\/div>\n<\/p><\/div>\n<\/p><\/div>\n<p> <!-- Secci\u00f3n de a qui\u00e9n va dirigido --> <\/p>\n<div style='margin-bottom: 30px;'>\n<h3 style='font-size: 22px; border-bottom: 2px solid currentColor; padding-bottom: 5px; margin-top: 0; color: inherit; opacity: 0.8;'>A qui\u00e9n est\u00e1 dirigido<\/h3>\n<p style='font-size: 15px; color: inherit; margin-bottom: 15px;'>Distribuidores interesados en realizar una completa y eficiente instalaci\u00f3n de Sistema de Tierra F\u00edsica para maximizar la eficiencia y protecci\u00f3n del equipo en caso de variaci\u00f3n de energ\u00eda:<\/p>\n<ul style='padding-left: 20px; font-size: 15px; color: inherit;'>\n<li style='margin-bottom: 5px;'>Instaladores de Equipo de Radiocomunicaci\u00f3n<\/li>\n<li style='margin-bottom: 5px;'>Integradores de Sistemas Profesionales de CCTV<\/li>\n<li style='margin-bottom: 5px;'>Torreros&comma; Ing. Civiles&comma; Arquitectos enfocados en la planeaci\u00f3n de Edificaciones<\/li>\n<li style='margin-bottom: 5px;'>T\u00e9cnicos El\u00e9ctricos y Electr\u00f3nicos encargados de realizar estudios e instalaciones de Tierras F\u00edsicas<\/li>\n<li style='margin-bottom: 5px;'>Organismos dedicados a certificar o realizar mediciones de resistencia de suelo<\/li>\n<\/ul><\/div>\n<p> <!-- Secci\u00f3n de objetivos --> <\/p>\n<div style='margin-bottom: 30px;'>\n<h3 style='font-size: 22px; border-bottom: 2px solid currentColor; padding-bottom: 5px; margin-top: 0; color: inherit; opacity: 0.8;'>Objetivos<\/h3>\n<ul style='padding-left: 20px; font-size: 15px; color: inherit;'>\n<li style='margin-bottom: 5px;'>Conocer medidas necesarias de prevenci\u00f3n para centros de trabajo&comma; principalmente electricidad est\u00e1tica y sistemas de protecci\u00f3n como sistemas de puesta tierra y pararrayos&comma; seg\u00fan normativas aplicables en M\u00e9xico seg\u00fan NOM-022-STPS-2015<\/li>\n<li style='margin-bottom: 5px;'>Analizar proyectos comerciales&comma; industriales&comma; residenciales y de construcci\u00f3n para identificar riesgos y proponer soluciones contra descargas atmosf\u00e9ricas&comma; est\u00e1tica y perturbaciones<\/li>\n<li style='margin-bottom: 5px;'>Conocer medidas necesarias de prevenci\u00f3n para centros de trabajo&comma; principalmente electricidad est\u00e1tica y sistemas de protecci\u00f3n como sistemas de puesta tierra y pararrayos&comma; seg\u00fan normativas aplicables en M\u00e9xico seg\u00fan NOM-022-STPS-2015<\/li>\n<li style='margin-bottom: 5px;'>Ejecutar conforme a procedimientos la instalaci\u00f3n de soluciones de Total Ground con personal ejecutivo verificando su desempe\u00f1o<\/li>\n<li style='margin-bottom: 5px;'>Realizar memorias t\u00e9cnicas de instalaci\u00f3n de las diferentes soluciones de Total Ground<\/li>\n<\/ul><\/div>\n<p> <!-- Secci\u00f3n de temario --> <\/p>\n<div style='margin-bottom: 30px;'>\n<h3 style='font-size: 22px; border-bottom: 2px solid currentColor; padding-bottom: 5px; margin-top: 0; color: inherit; opacity: 0.8;'>Temario<\/h3>\n<div style='margin-top: 15px;'>\n<h4 style='font-size: 18px; color: inherit; margin-top: 0;'>1. Aplicaci\u00f3n de medidas preventivas para controlar la generaci\u00f3n y acumulaci\u00f3n de electricidad est\u00e1tica<\/h4>\n<ul style='padding-left: 20px; margin: 10px 0; font-size: 14px; color: inherit;'>\n<li style='margin-bottom: 5px;'>Introducci\u00f3n<\/li>\n<li style='margin-bottom: 5px;'>Energ\u00eda est\u00e1tica &#8211; temperatura<\/li>\n<li style='margin-bottom: 5px;'>Productos explosivos y energ\u00eda est\u00e1tica<\/li>\n<li style='margin-bottom: 5px;'>Leyendas y signos de advertencia<\/li>\n<\/ul><\/div>\n<div style='margin-top: 15px;'>\n<h4 style='font-size: 18px; color: inherit; margin-top: 0;'>2. Verificaci\u00f3n de condiciones de seguridad para sistemas de puesta tierra<\/h4>\n<ul style='padding-left: 20px; margin: 10px 0; font-size: 14px; color: inherit;'>\n<li style='margin-bottom: 5px;'>Qu\u00e9 es tierra f\u00edsica?<\/li>\n<li style='margin-bottom: 5px;'>Para qu\u00e9 sirve?<\/li>\n<li style='margin-bottom: 5px;'>Uso de la tierra f\u00edsica<\/li>\n<li style='margin-bottom: 5px;'>Tipos de electrodos<\/li>\n<li style='margin-bottom: 5px;'>Resistencia de los sistemas<\/li>\n<li style='margin-bottom: 5px;'>Componentes<\/li>\n<li style='margin-bottom: 5px;'>Eficiencia de los sistemas de tierra<\/li>\n<li style='margin-bottom: 5px;'>Aplicaciones de tierra f\u00edsica<\/li>\n<li style='margin-bottom: 5px;'>Uni\u00f3n equipotencial<\/li>\n<\/ul><\/div>\n<div style='margin-top: 15px;'>\n<h4 style='font-size: 18px; color: inherit; margin-top: 0;'>3. Condiciones de seguridad para funcionamiento de pararrayos<\/h4>\n<ul style='padding-left: 20px; margin: 10px 0; font-size: 14px; color: inherit;'>\n<li style='margin-bottom: 5px;'>El rayo<\/li>\n<li style='margin-bottom: 5px;'>Problem\u00e1tica<\/li>\n<li style='margin-bottom: 5px;'>Tipos de protecci\u00f3n<\/li>\n<li style='margin-bottom: 5px;'>Instalaci\u00f3n<\/li>\n<\/ul><\/div>\n<\/p><\/div>\n<p> <!-- Separador final --> <\/p>\n<hr style='border: 0; border-top: 1px solid rgba(150&comma; 150&comma; 150&comma; 0.3); margin: 30px 0;'> <\/div>\n","protected":false},"excerpt":{"rendered":"<p>Certificaci\u00f3n Virtual NOM-022-STPS Total Ground (V\u00e1lida Ante Secretar\u00eda del Trabajo)<\/p>\n","protected":false},"featured_media":40076,"comment_status":"open","ping_status":"closed","template":"","meta":[],"product_brand":[],"product_cat":[1161],"product_tag":[1088,1162,635],"class_list":{"0":"post-40077","1":"product","2":"type-product","3":"status-publish","4":"has-post-thumbnail","6":"product_cat-pararrayos","7":"product_tag-calidad-de-la-energia","8":"product_tag-pararrayos","9":"product_tag-total-ground","11":"first","12":"instock","13":"sale","14":"shipping-taxable","15":"purchasable","16":"product-type-simple"},"_links":{"self":[{"href":"https:\/\/soydeaqui.ddns.net\/pachuca\/index.php\/wp-json\/wp\/v2\/product\/40077","targetHints":{"allow":["GET"]}}],"collection":[{"href":"https:\/\/soydeaqui.ddns.net\/pachuca\/index.php\/wp-json\/wp\/v2\/product"}],"about":[{"href":"https:\/\/soydeaqui.ddns.net\/pachuca\/index.php\/wp-json\/wp\/v2\/types\/product"}],"replies":[{"embeddable":true,"href":"https:\/\/soydeaqui.ddns.net\/pachuca\/index.php\/wp-json\/wp\/v2\/comments?post=40077"}],"wp:featuredmedia":[{"embeddable":true,"href":"https:\/\/soydeaqui.ddns.net\/pachuca\/index.php\/wp-json\/wp\/v2\/media\/40076"}],"wp:attachment":[{"href":"https:\/\/soydeaqui.ddns.net\/pachuca\/index.php\/wp-json\/wp\/v2\/media?parent=40077"}],"wp:term":[{"taxonomy":"product_brand","embeddable":true,"href":"https:\/\/soydeaqui.ddns.net\/pachuca\/index.php\/wp-json\/wp\/v2\/product_brand?post=40077"},{"taxonomy":"product_cat","embeddable":true,"href":"https:\/\/soydeaqui.ddns.net\/pachuca\/index.php\/wp-json\/wp\/v2\/product_cat?post=40077"},{"taxonomy":"product_tag","embeddable":true,"href":"https:\/\/soydeaqui.ddns.net\/pachuca\/index.php\/wp-json\/wp\/v2\/product_tag?post=40077"}],"curies":[{"name":"wp","href":"https:\/\/api.w.org\/{rel}","templated":true}]}}