{"id":40065,"date":"2026-03-18T17:37:55","date_gmt":"2026-03-18T17:37:55","guid":{"rendered":"https:\/\/soydeaqui.ddns.net\/pachuca\/index.php\/producto\/tubo-conduit-cedula-40-de-3-103-mm-sin-cople\/"},"modified":"2026-03-18T17:37:56","modified_gmt":"2026-03-18T17:37:56","slug":"tubo-conduit-cedula-40-de-3-103-mm-sin-cople","status":"publish","type":"product","link":"https:\/\/soydeaqui.ddns.net\/pachuca\/index.php\/producto\/tubo-conduit-cedula-40-de-3-103-mm-sin-cople\/","title":{"rendered":"Tubo Conduit C\u00e9dula 40 de 3&#8243; (103 mm) \/ Sin Cople."},"content":{"rendered":"<div style='width: 100%; max-width: 1200px; margin: 0 auto; font-family: sans-serif; line-height: 1.6; color: inherit; background-color: transparent;'> <!-- Secci\u00f3n de aplicaciones --> <\/p>\n<div style='margin-bottom: 30px;'>\n<h3 style='font-size: 22px; border-bottom: 2px solid currentColor; padding-bottom: 5px; margin-top: 0; color: inherit; opacity: 0.8;'>Aplicaciones<\/h3>\n<p style='font-size: 15px; color: inherit; margin-top: 15px; margin-bottom: 0;'> La tuber\u00eda conduit Cedula 40 se utiliza para la conducci\u00f3n de cableado el\u00e9ctrico tanto en instalaciones ocultas&comma; ya sea empotradas en concreto o paredes como en instalaciones visibles o en la industria. Es utilizado en hospitales&comma; industrias&comma; cuartos de c\u00f3mputo y tableros de aislamiento&comma; entre otros. <\/p>\n<\/p><\/div>\n<p> <!-- Secci\u00f3n de caracter\u00edsticas --> <\/p>\n<div style='display: flex; flex-wrap: wrap; gap: 20px; margin-bottom: 30px;'>\n<div style='flex: 1 1 300px; min-width: 280px;'>\n<h3 style='font-size: 22px; border-bottom: 2px solid currentColor; padding-bottom: 5px; margin-top: 0; color: inherit; opacity: 0.8;'>Caracter\u00edsticas destacadas<\/h3>\n<ul style='padding-left: 20px; font-size: 15px; color: inherit; margin-top: 15px; margin-bottom: 0;'>\n<li style='margin-bottom: 5px;'><strong style='color: inherit;'>Tipo:<\/strong> Cedula 40 (Etiqueta Naranja)&comma; con rosca sin cople<\/li>\n<li style='margin-bottom: 5px;'><strong style='color: inherit;'>Di\u00e1metro:<\/strong> 4&#8242; (103 mm)<\/li>\n<li style='margin-bottom: 5px;'><strong style='color: inherit;'>Longitud:<\/strong> 3.20 m<\/li>\n<li style='margin-bottom: 5px;'><strong style='color: inherit;'>Peso unitario:<\/strong> 44.10 Kg<\/li>\n<li style='margin-bottom: 5px;'><strong style='color: inherit;'>Espesor nominal:<\/strong> 5.72 mm (0.225&#8242;)<\/li>\n<li style='margin-bottom: 5px;'><strong style='color: inherit;'>Di\u00e1metro exterior:<\/strong> 114.30 mm (4.5&#8242;)<\/li>\n<li style='margin-bottom: 5px;'><strong style='color: inherit;'>No. de Hilos por pulgada:<\/strong> 8<\/li>\n<li style='margin-bottom: 5px;'><strong style='color: inherit;'>Longitud efectiva de rosca:<\/strong> 43.90 mm<\/li>\n<li style='margin-bottom: 5px;'><strong style='color: inherit;'>Extremos:<\/strong> Rosca comercial NPSM (Rosca Recta)<\/li>\n<li style='margin-bottom: 5px;'><strong style='color: inherit;'>Material:<\/strong> Acero al carb\u00f3n galvanizado por inmersi\u00f3n en caliente en el exterior y con un recubrimiento interno de pintura tipo esmalte para una mayor resistencia a la corrosi\u00f3n<\/li>\n<li style='margin-bottom: 5px;'><strong style='color: inherit;'>No incluye:<\/strong> Cople<\/li>\n<li style='margin-bottom: 5px;'><strong style='color: inherit;'>Color de tap\u00f3n:<\/strong> Azul<\/li>\n<li style='margin-bottom: 5px;'><strong style='color: inherit;'>Norma:<\/strong> NMX-J-534-ANCE-2016<\/li>\n<\/ul><\/div>\n<\/p><\/div>\n<p> <!-- Secci\u00f3n de notas --> <\/p>\n<div style='margin-bottom: 30px;'>\n<h3 style='font-size: 22px; border-bottom: 2px solid currentColor; padding-bottom: 5px; margin-top: 0; color: inherit; opacity: 0.8;'>Notas<\/h3>\n<ul style='padding-left: 20px; font-size: 15px; color: inherit; margin-top: 15px; margin-bottom: 0;'>\n<li style='margin-bottom: 5px;'>Equipo recomendado para interior. Instalaciones en exterior deben ser en zonas de nula salinidad&comma; nula corrosi\u00f3n y muy baja humedad relativa (menos del 40%). No recomendado para instalaciones subterr\u00e1neas.<\/li>\n<li style='margin-bottom: 5px;'><strong style='color: inherit;'>Unidad de venta:<\/strong> 1 tubo de 3.2 metros cada uno<\/li>\n<\/ul><\/div>\n<p> <!-- Separador final --> <\/p>\n<hr style='border: 0; border-top: 1px solid rgba(150&comma; 150&comma; 150&comma; 0.3); margin: 30px 0;'> <\/div>\n","protected":false},"excerpt":{"rendered":"<p>Tubo Conduit C\u00e9dula 40 de 3&#8243; (103 mm) \/ Sin Cople.<\/p>\n","protected":false},"featured_media":40064,"comment_status":"open","ping_status":"closed","template":"","meta":[],"product_brand":[],"product_cat":[655],"product_tag":[572,657,656],"class_list":{"0":"post-40065","1":"product","2":"type-product","3":"status-publish","4":"has-post-thumbnail","6":"product_cat-tuberia-metalica-conduit-accesorios","7":"product_tag-canalizacion","8":"product_tag-jupiter","9":"product_tag-tuberia-metalica-conduit-accesorios","11":"first","12":"outofstock","13":"sale","14":"shipping-taxable","15":"purchasable","16":"product-type-simple"},"_links":{"self":[{"href":"https:\/\/soydeaqui.ddns.net\/pachuca\/index.php\/wp-json\/wp\/v2\/product\/40065","targetHints":{"allow":["GET"]}}],"collection":[{"href":"https:\/\/soydeaqui.ddns.net\/pachuca\/index.php\/wp-json\/wp\/v2\/product"}],"about":[{"href":"https:\/\/soydeaqui.ddns.net\/pachuca\/index.php\/wp-json\/wp\/v2\/types\/product"}],"replies":[{"embeddable":true,"href":"https:\/\/soydeaqui.ddns.net\/pachuca\/index.php\/wp-json\/wp\/v2\/comments?post=40065"}],"wp:featuredmedia":[{"embeddable":true,"href":"https:\/\/soydeaqui.ddns.net\/pachuca\/index.php\/wp-json\/wp\/v2\/media\/40064"}],"wp:attachment":[{"href":"https:\/\/soydeaqui.ddns.net\/pachuca\/index.php\/wp-json\/wp\/v2\/media?parent=40065"}],"wp:term":[{"taxonomy":"product_brand","embeddable":true,"href":"https:\/\/soydeaqui.ddns.net\/pachuca\/index.php\/wp-json\/wp\/v2\/product_brand?post=40065"},{"taxonomy":"product_cat","embeddable":true,"href":"https:\/\/soydeaqui.ddns.net\/pachuca\/index.php\/wp-json\/wp\/v2\/product_cat?post=40065"},{"taxonomy":"product_tag","embeddable":true,"href":"https:\/\/soydeaqui.ddns.net\/pachuca\/index.php\/wp-json\/wp\/v2\/product_tag?post=40065"}],"curies":[{"name":"wp","href":"https:\/\/api.w.org\/{rel}","templated":true}]}}