{"id":40048,"date":"2026-03-18T17:37:27","date_gmt":"2026-03-18T17:37:27","guid":{"rendered":"https:\/\/soydeaqui.ddns.net\/pachuca\/index.php\/producto\/tubo-conduit-cedula-40-de-3-78-mm-sin-cople\/"},"modified":"2026-03-18T17:37:28","modified_gmt":"2026-03-18T17:37:28","slug":"tubo-conduit-cedula-40-de-3-78-mm-sin-cople","status":"publish","type":"product","link":"https:\/\/soydeaqui.ddns.net\/pachuca\/index.php\/producto\/tubo-conduit-cedula-40-de-3-78-mm-sin-cople\/","title":{"rendered":"Tubo Conduit C\u00e9dula 40 de 3&#8243; (78 mm) \/ Sin Cople."},"content":{"rendered":"<div style='width: 100%; max-width: 1200px; margin: 0 auto; font-family: sans-serif; line-height: 1.6; color: inherit; background-color: transparent;'>\n<div style='display: flex; flex-wrap: wrap; gap: 30px; margin-bottom: 30px;'>\n<div style='flex: 1 1 300px; min-width: 280px;'>\n<h3 style='font-size: 22px; border-bottom: 2px solid currentColor; padding-bottom: 5px; margin-top: 0; color: inherit; opacity: 0.8;'>Aplicaciones<\/h3>\n<p style='font-size: 15px; color: inherit; margin-top: 10px; margin-bottom: 20px;'>La tuber\u00eda conduit Cedula 40&comma; se utiliza para la conducci\u00f3n de cableado el\u00e9ctrico tanto en instalaciones ocultas&comma; ya sea empotrados en concreto o paredes como en instalaciones visibles o en la industria. Es utilizado en hospitales&comma; industrias&comma; cuartos de c\u00f3mputo y tableros de aislamiento&comma; entre otros.<\/p>\n<\/p><\/div>\n<\/p><\/div>\n<div style='display: flex; flex-wrap: wrap; gap: 20px; margin-bottom: 30px;'>\n<div style='flex: 1 1 250px; border: 1px solid rgba(150&comma; 150&comma; 150&comma; 0.4); border-radius: 8px; overflow: hidden; display: flex; flex-direction: column;'>\n<div style='padding: 15px; border-bottom: 1px solid rgba(150&comma; 150&comma; 150&comma; 0.2); font-weight: bold; font-size: 18px; color: inherit;'>Caracter\u00edsticas t\u00e9cnicas<\/div>\n<div style='padding: 15px; color: inherit;'>\n<ul style='padding-left: 20px; margin: 0; font-size: 14px; list-style-type: disc;'>\n<li style='margin-bottom: 5px;'><strong>Tipo:<\/strong> C\u00e9dula 40 (Etiqueta Naranja)&comma; con rosca sin cople<\/li>\n<li style='margin-bottom: 5px;'><strong>Di\u00e1metro:<\/strong> 3&#8242; (78 mm)<\/li>\n<li style='margin-bottom: 5px;'><strong>Longitud:<\/strong> 3.20 m<\/li>\n<li style='margin-bottom: 5px;'><strong>Peso unitario:<\/strong> 30.96 Kg<\/li>\n<li style='margin-bottom: 5px;'><strong>Espesor nominal:<\/strong> 4.90 mm (0.193&#8242;)<\/li>\n<li style='margin-bottom: 5px;'><strong>Di\u00e1metro exterior:<\/strong> 88.90 mm (3.5&#8242;)<\/li>\n<li style='margin-bottom: 5px;'><strong>No. de Hilos por pulgada:<\/strong> 8<\/li>\n<li style='margin-bottom: 5px;'><strong>Longitud efectiva de rosca:<\/strong> 41.40 mm<\/li>\n<li style='margin-bottom: 5px;'><strong>Extremos con rosca:<\/strong> Comercial NPSM &#8216;Rosca Recta&#8217;<\/li>\n<li style='margin-bottom: 5px;'><strong>Material:<\/strong> Acero al carb\u00f3n galvanizado por inmersi\u00f3n en caliente en el exterior y con un recubrimiento interno de pintura tipo esmalte para una mayor resistencia a la corrosi\u00f3n<\/li>\n<li style='margin-bottom: 5px;'><strong>Color de tap\u00f3n:<\/strong> Azul<\/li>\n<li style='margin-bottom: 5px;'><strong>Norma:<\/strong> NMX-J-534-ANCE-2016<\/li>\n<\/ul><\/div>\n<\/p><\/div>\n<div style='flex: 1 1 250px; border: 1px solid rgba(150&comma; 150&comma; 150&comma; 0.4); border-radius: 8px; overflow: hidden; display: flex; flex-direction: column;'>\n<div style='padding: 15px; border-bottom: 1px solid rgba(150&comma; 150&comma; 150&comma; 0.2); font-weight: bold; font-size: 18px; color: inherit;'>Notas de instalaci\u00f3n<\/div>\n<div style='padding: 15px; color: inherit;'>\n<ul style='padding-left: 20px; margin: 0; font-size: 14px; list-style-type: disc;'>\n<li style='margin-bottom: 5px;'><strong>Nota 1:<\/strong> Equipo recomendado para interior. Instalaciones en exterior deben ser en zonas de nula salinidad&comma; nula corrosi\u00f3n y muy baja humedad relativa (menos del 40%). No recomendado para instalaciones subterr\u00e1neas.<\/li>\n<li style='margin-bottom: 5px;'><strong>Nota 2:<\/strong> Unidad de venta: 1 tubo de 3.2 metros cada uno.<\/li>\n<\/ul><\/div>\n<\/p><\/div>\n<\/p><\/div>\n<hr style='border: 0; border-top: 1px solid rgba(150&comma; 150&comma; 150&comma; 0.3); margin: 30px 0;'> <\/div>\n","protected":false},"excerpt":{"rendered":"<p>Tubo Conduit C\u00e9dula 40 de 3&#8243; (78 mm) \/ Sin Cople.<\/p>\n","protected":false},"featured_media":40047,"comment_status":"open","ping_status":"closed","template":"","meta":[],"product_brand":[],"product_cat":[655],"product_tag":[572,657,656],"class_list":{"0":"post-40048","1":"product","2":"type-product","3":"status-publish","4":"has-post-thumbnail","6":"product_cat-tuberia-metalica-conduit-accesorios","7":"product_tag-canalizacion","8":"product_tag-jupiter","9":"product_tag-tuberia-metalica-conduit-accesorios","11":"first","12":"outofstock","13":"sale","14":"shipping-taxable","15":"purchasable","16":"product-type-simple"},"_links":{"self":[{"href":"https:\/\/soydeaqui.ddns.net\/pachuca\/index.php\/wp-json\/wp\/v2\/product\/40048","targetHints":{"allow":["GET"]}}],"collection":[{"href":"https:\/\/soydeaqui.ddns.net\/pachuca\/index.php\/wp-json\/wp\/v2\/product"}],"about":[{"href":"https:\/\/soydeaqui.ddns.net\/pachuca\/index.php\/wp-json\/wp\/v2\/types\/product"}],"replies":[{"embeddable":true,"href":"https:\/\/soydeaqui.ddns.net\/pachuca\/index.php\/wp-json\/wp\/v2\/comments?post=40048"}],"wp:featuredmedia":[{"embeddable":true,"href":"https:\/\/soydeaqui.ddns.net\/pachuca\/index.php\/wp-json\/wp\/v2\/media\/40047"}],"wp:attachment":[{"href":"https:\/\/soydeaqui.ddns.net\/pachuca\/index.php\/wp-json\/wp\/v2\/media?parent=40048"}],"wp:term":[{"taxonomy":"product_brand","embeddable":true,"href":"https:\/\/soydeaqui.ddns.net\/pachuca\/index.php\/wp-json\/wp\/v2\/product_brand?post=40048"},{"taxonomy":"product_cat","embeddable":true,"href":"https:\/\/soydeaqui.ddns.net\/pachuca\/index.php\/wp-json\/wp\/v2\/product_cat?post=40048"},{"taxonomy":"product_tag","embeddable":true,"href":"https:\/\/soydeaqui.ddns.net\/pachuca\/index.php\/wp-json\/wp\/v2\/product_tag?post=40048"}],"curies":[{"name":"wp","href":"https:\/\/api.w.org\/{rel}","templated":true}]}}