{"id":40038,"date":"2026-03-18T17:37:13","date_gmt":"2026-03-18T17:37:13","guid":{"rendered":"https:\/\/soydeaqui.ddns.net\/pachuca\/index.php\/producto\/tubo-conduit-rigido-de-aluminio-de-3-76-2-mm-de-3-05-mts-con-cople\/"},"modified":"2026-03-18T17:37:14","modified_gmt":"2026-03-18T17:37:14","slug":"tubo-conduit-rigido-de-aluminio-de-3-76-2-mm-de-3-05-mts-con-cople","status":"publish","type":"product","link":"https:\/\/soydeaqui.ddns.net\/pachuca\/index.php\/producto\/tubo-conduit-rigido-de-aluminio-de-3-76-2-mm-de-3-05-mts-con-cople\/","title":{"rendered":"Tubo conduit r\u00edgido de aluminio de 3\u201d (76.2 mm) de 3.05 mts con cople."},"content":{"rendered":"<div style='width: 100%; max-width: 1200px; margin: 0 auto; font-family: sans-serif; line-height: 1.6; color: inherit; background-color: transparent;'> <!-- Secci\u00f3n de caracter\u00edsticas --> <\/p>\n<div style='display: flex; flex-wrap: wrap; gap: 30px; margin-bottom: 30px;'>\n<div style='flex: 1 1 300px; min-width: 280px;'>\n<h3 style='font-size: 22px; border-bottom: 2px solid currentColor; padding-bottom: 5px; margin-top: 0; color: inherit; opacity: 0.8;'>Caracter\u00edsticas<\/h3>\n<ul style='padding-left: 20px; font-size: 15px; color: inherit;'>\n<li style='margin-bottom: 5px;'>Fabricado en Aluminio 6063&comma; sin costura<\/li>\n<li style='margin-bottom: 5px;'>Medida nominal: 76.2 mm (3&#8242;)<\/li>\n<li style='margin-bottom: 5px;'>Di\u00e1metro exterior: 88.90 mm (3.5&#8242;)<\/li>\n<li style='margin-bottom: 5px;'>Di\u00e1metro interior: 77.92 mm (3.068&#8242;)<\/li>\n<li style='margin-bottom: 5px;'>Espesor de la pared: 5.486 mm (0.216&#8242;)<\/li>\n<li style='margin-bottom: 5px;'>Peso por pieza: 14.37 kg (31.61 lb)<\/li>\n<li style='margin-bottom: 5px;'>Longitud sin cople: 3.005 m (9&#8217;10 1\/4&#8242;)<\/li>\n<li style='margin-bottom: 5px;'>Cada tubo se surte en longitud de 3.05 m (10&#8242;) con cople y un protector de pl\u00e1stico con el c\u00f3digo de colores para la facil identificaci\u00f3n del di\u00e1metro del tubo<\/li>\n<\/ul>\n<p style='font-size: 14px; margin-top: 15px; color: inherit;'>*Cumple especificaciones de: Underwriters Laboratories UL-6A&comma; ANSI C80.5<\/p>\n<\/p><\/div>\n<\/p><\/div>\n<p> <!-- Separador --> <\/p>\n<hr style='border: 0; border-top: 1px solid rgba(150&comma; 150&comma; 150&comma; 0.3); margin: 30px 0;'> <!-- Secci\u00f3n de ventajas --> <\/p>\n<div style='display: flex; flex-wrap: wrap; gap: 30px; margin-bottom: 30px;'>\n<div style='flex: 1 1 300px; min-width: 280px;'>\n<h3 style='font-size: 22px; border-bottom: 2px solid currentColor; padding-bottom: 5px; margin-top: 0; color: inherit; opacity: 0.8;'>Ventajas del Tubo Conduit R\u00edgido de Aluminio<\/h3>\n<ul style='padding-left: 20px; font-size: 15px; color: inherit;'>\n<li style='margin-bottom: 5px;'><strong style='color: inherit;'>Liviano<\/strong>. &#8211; Su peso ligero&comma; aunado a su alta resistencia&comma; lo hace ideal para cualquier instalaci\u00f3n de tuber\u00eda de aluminio.<\/li>\n<li style='margin-bottom: 5px;'><strong style='color: inherit;'>Resistente a la corrosi\u00f3n<\/strong>. &#8211; El tubo de aluminio es resistente a los ambientes corrosivos&comma; industriales y atmosf\u00e9ricos&comma; que atacan normalmente tuber\u00eda met\u00e1lica de otro tipo. Bajo estas condiciones&comma; el aluminio no requiere pintura&comma; ni ser reemplazado&comma; lo que resulta un considerable ahorro en el costo de mantenimiento.<\/li>\n<li style='margin-bottom: 5px;'><strong style='color: inherit;'>Excelente apariencia<\/strong>. &#8211; El aluminio no se mancha o decolora.<\/li>\n<li style='margin-bottom: 5px;'><strong style='color: inherit;'>Antiest\u00e1tico<\/strong>. &#8211; El aluminio no genera electricidad est\u00e1tica&comma; eliminando el peligro en atm\u00f3sferas explosivas.<\/li>\n<li style='margin-bottom: 5px;'><strong style='color: inherit;'>No magn\u00e9tico<\/strong>. &#8211; El aluminio no es magn\u00e9tico&comma; reduce la p\u00e9rdida de potencia por ca\u00edda de voltaje&comma; resultando un ahorro de energ\u00eda a lo largo de la vida \u00fatil de la instalaci\u00f3n.<\/li>\n<li style='margin-bottom: 5px;'><strong style='color: inherit;'>Interior terso<\/strong>. &#8211; Su acabado interior es fino&comma; liso y sin costura. No causa da\u00f1o al forro del cable y permite el deslizamiento f\u00e1cil del cableado.<\/li>\n<li style='margin-bottom: 5px;'><strong style='color: inherit;'>F\u00e1cil instalaci\u00f3n<\/strong>. &#8211; El tubo de aluminio puede ser f\u00e1cil y r\u00e1pidamente cortado&comma; doblado o roscado&comma; y no requiere herramientas o equipo especial para su instalaci\u00f3n.<\/li>\n<\/ul><\/div>\n<\/p><\/div>\n<\/p><\/div>\n","protected":false},"excerpt":{"rendered":"<p>Tubo conduit r\u00edgido de aluminio de 3\u201d (76.2 mm) de 3.05 mts con cople.<\/p>\n","protected":false},"featured_media":40037,"comment_status":"open","ping_status":"closed","template":"","meta":[],"product_brand":[],"product_cat":[655],"product_tag":[572,661,656],"class_list":{"0":"post-40038","1":"product","2":"type-product","3":"status-publish","4":"has-post-thumbnail","6":"product_cat-tuberia-metalica-conduit-accesorios","7":"product_tag-canalizacion","8":"product_tag-rawelt","9":"product_tag-tuberia-metalica-conduit-accesorios","11":"first","12":"outofstock","13":"sale","14":"shipping-taxable","15":"purchasable","16":"product-type-simple"},"_links":{"self":[{"href":"https:\/\/soydeaqui.ddns.net\/pachuca\/index.php\/wp-json\/wp\/v2\/product\/40038","targetHints":{"allow":["GET"]}}],"collection":[{"href":"https:\/\/soydeaqui.ddns.net\/pachuca\/index.php\/wp-json\/wp\/v2\/product"}],"about":[{"href":"https:\/\/soydeaqui.ddns.net\/pachuca\/index.php\/wp-json\/wp\/v2\/types\/product"}],"replies":[{"embeddable":true,"href":"https:\/\/soydeaqui.ddns.net\/pachuca\/index.php\/wp-json\/wp\/v2\/comments?post=40038"}],"wp:featuredmedia":[{"embeddable":true,"href":"https:\/\/soydeaqui.ddns.net\/pachuca\/index.php\/wp-json\/wp\/v2\/media\/40037"}],"wp:attachment":[{"href":"https:\/\/soydeaqui.ddns.net\/pachuca\/index.php\/wp-json\/wp\/v2\/media?parent=40038"}],"wp:term":[{"taxonomy":"product_brand","embeddable":true,"href":"https:\/\/soydeaqui.ddns.net\/pachuca\/index.php\/wp-json\/wp\/v2\/product_brand?post=40038"},{"taxonomy":"product_cat","embeddable":true,"href":"https:\/\/soydeaqui.ddns.net\/pachuca\/index.php\/wp-json\/wp\/v2\/product_cat?post=40038"},{"taxonomy":"product_tag","embeddable":true,"href":"https:\/\/soydeaqui.ddns.net\/pachuca\/index.php\/wp-json\/wp\/v2\/product_tag?post=40038"}],"curies":[{"name":"wp","href":"https:\/\/api.w.org\/{rel}","templated":true}]}}