{"id":40028,"date":"2026-03-18T17:36:56","date_gmt":"2026-03-18T17:36:56","guid":{"rendered":"https:\/\/soydeaqui.ddns.net\/pachuca\/index.php\/producto\/foco-wifi-multicolor-intensidad-color-regulables-comandos-de-voz-alexa-assisten\/"},"modified":"2026-03-18T17:36:59","modified_gmt":"2026-03-18T17:36:59","slug":"foco-wifi-multicolor-intensidad-color-regulables-comandos-de-voz-alexa-assisten","status":"publish","type":"product","link":"https:\/\/soydeaqui.ddns.net\/pachuca\/index.php\/producto\/foco-wifi-multicolor-intensidad-color-regulables-comandos-de-voz-alexa-assisten\/","title":{"rendered":"Foco WIFI Multicolor, Intensidad\/color regulables, Comandos de voz Alexa\/Assisten"},"content":{"rendered":"<div style='width: 100%; max-width: 1200px; margin: 0 auto; font-family: sans-serif; line-height: 1.6; color: inherit; background-color: transparent;'> <!-- Secci\u00f3n de imagen + descripci\u00f3n --> <\/p>\n<div style='display: flex; flex-wrap: wrap; gap: 20px; margin-bottom: 30px;'> <!-- Columna de imagen --> <\/p>\n<div style='flex: 1 1 300px; min-width: 300px;'>\n<div style='display: flex; justify-content: center; height: 100%;'> <img style='width: 100%; height: auto; border: 1px solid rgba(150&comma;150&comma;150&comma;0.3); border-radius: 8px;' src='https:\/\/ftp3.syscom.mx\/usuarios\/fotos\/TAPOL530E\/208795-2.jpeg' alt='Tapo L530E Smart RGB WiFi Bulb'> <\/div>\n<\/p><\/div>\n<p> <!-- Columna de descripci\u00f3n --> <\/p>\n<div style='flex: 1 1 300px; min-width: 300px;'>\n<h1 style='margin: 0 0 15px; padding: 0; font-size: 22px; font-weight: 500; color: inherit; text-align: center;'> Foco Multicolor WiFi Tapo L530E <\/h1>\n<div style='margin: 0 0 20px; padding: 0 0 1.25em; border-bottom: 1px solid rgba(150&comma;150&comma;150&comma;0.3); width: 100%;'><\/div>\n<ul style='padding-left: 20px; margin: 0 0 15px 0; color: inherit;'>\n<li style='margin-bottom: 10px; font-size: 14px; text-align: justify;'> <strong>Multicolor:<\/strong> Dise\u00f1e f\u00e1cilmente escenarios para su rutina o actividades diarias&comma; personalizando el brillo&comma; la temperatura de la luz y los colores&comma; con 16&comma;000&comma;000 de tonos para elegir. <\/li>\n<li style='margin-bottom: 10px; font-size: 14px; text-align: justify;'> <strong>Administraci\u00f3n remota:<\/strong> El foco se puede controlar mediante la aplicaci\u00f3n TAPO&comma; la instalamos en nuestro celular y podemos administrar todos los focos que tengamos agregados. <\/li>\n<li style='margin-bottom: 10px; font-size: 14px; text-align: justify;'> <strong>Brillo del Foco:<\/strong> La bombilla LED produce un brillo blanco de hasta 806 l\u00famenes y tiene un rango de atenuaci\u00f3n del 1% al 100%. <\/li>\n<li style='margin-bottom: 10px; font-size: 14px; text-align: justify;'> <strong>Horario y temporizador:<\/strong> Puede crear horarios para encender\/apagar el foco LED&comma; o bien el brillo\/color que establezca en la configuraci\u00f3n. <\/li>\n<li style='margin-bottom: 10px; font-size: 14px; text-align: justify;'> <strong>Control de Voz:<\/strong> Administre las luces que tengamos sincronizadas&comma; mediante comandos de voz a trav\u00e9s de Amazon Alexa y Google Assistant. <\/li>\n<li style='margin-bottom: 10px; font-size: 14px; text-align: justify;'> <strong>No necesita concentrador:<\/strong> Conecte el foco L530E a la luz y al WiFi de su hogar y estar\u00e1 listo para su funcionamiento. <\/li>\n<\/ul>\n<p style='font-size: 14px; text-align: justify; margin-top: 15px; color: inherit;'> Con el Foco WiFi multicolor&comma; podemos salir de vacaciones con tranquilidad&comma; simulando que alguien enciende y apaga las luces dentro del hogar&comma; generando intervalos aleatorios para dicha funci\u00f3n&comma; disuadiendo a cualquier persona con malas intenciones. <\/p>\n<\/p><\/div>\n<\/p><\/div>\n<p> <!-- Secci\u00f3n de especificaciones en 3 columnas --> <\/p>\n<div style='display: flex; flex-wrap: wrap; gap: 20px; margin-bottom: 30px;'> <!-- Columna 1 - Caracter\u00edsticas principales --> <\/p>\n<div style='flex: 1 1 250px; border: 1px solid rgba(150&comma;150&comma;150&comma;0.3); border-radius: 8px; overflow: hidden;'>\n<div style='padding: 15px; border-bottom: 1px solid rgba(150&comma;150&comma;150&comma;0.3); font-weight: bold; font-size: 16px; color: inherit; background-color: rgba(200&comma;200&comma;200&comma;0.05);'>Caracter\u00edsticas principales<\/div>\n<div style='padding: 15px; color: inherit;'>\n<ul style='padding-left: 20px; margin: 0; font-size: 14px; list-style-type: disc;'>\n<li style='margin-bottom: 8px;'>Controlable desde la App TAPO<\/li>\n<li style='margin-bottom: 8px;'>WiFi: 2.4 GHz<\/li>\n<li style='margin-bottom: 8px;'>Iluminaci\u00f3n: 806 l\u00famenes<\/li>\n<li style='margin-bottom: 8px;'>\u00c1ngulo de haz: 220 grados<\/li>\n<li style='margin-bottom: 8px;'>Regulable mediante la aplicaci\u00f3n<\/li>\n<li style='margin-bottom: 8px;'>Control de voz mediante Alexa\/Google Assistant<\/li>\n<li style='margin-bottom: 8px;'>Ahorrador de energ\u00eda<\/li>\n<li style='margin-bottom: 8px;'>Modo Ausente<\/li>\n<li style='margin-bottom: 8px;'>Multicolor (16 millones de colores)<\/li>\n<li style='margin-bottom: 8px;'>Regulaci\u00f3n de la intensidad (1%-100%)<\/li>\n<li style='margin-bottom: 8px;'>Horario y temporizador<\/li>\n<\/ul><\/div>\n<\/p><\/div>\n<p> <!-- Columna 2 - Caracter\u00edsticas f\u00edsicas y el\u00e9ctricas --> <\/p>\n<div style='flex: 1 1 250px; border: 1px solid rgba(150&comma;150&comma;150&comma;0.3); border-radius: 8px; overflow: hidden;'>\n<div style='padding: 15px; border-bottom: 1px solid rgba(150&comma;150&comma;150&comma;0.3); font-weight: bold; font-size: 16px; color: inherit; background-color: rgba(200&comma;200&comma;200&comma;0.05);'>Caracter\u00edsticas F\u00edsicas y El\u00e9ctricas<\/div>\n<div style='padding: 15px; color: inherit;'>\n<ul style='padding-left: 20px; margin: 0; font-size: 14px; list-style-type: disc;'>\n<li style='margin-bottom: 8px;'>Alimentaci\u00f3n: 110V&comma; 50\/60 Hz<\/li>\n<li style='margin-bottom: 8px;'>Consumo: 73 mA<\/li>\n<li style='margin-bottom: 8px;'>Dimensiones: 115 x 60 mm<\/li>\n<li style='margin-bottom: 8px;'>Vida \u00fatil: 15&comma;000 horas<\/li>\n<li style='margin-bottom: 8px;'>Temperatura de color: 2700K-6500K<\/li>\n<li style='margin-bottom: 8px;'>Base: E27<\/li>\n<\/ul><\/div>\n<\/p><\/div>\n<p> <!-- Columna 3 - Contenido del paquete --> <\/p>\n<div style='flex: 1 1 250px; border: 1px solid rgba(150&comma;150&comma;150&comma;0.3); border-radius: 8px; overflow: hidden;'>\n<div style='padding: 15px; border-bottom: 1px solid rgba(150&comma;150&comma;150&comma;0.3); font-weight: bold; font-size: 16px; color: inherit; background-color: rgba(200&comma;200&comma;200&comma;0.05);'>Contenido<\/div>\n<div style='padding: 15px; color: inherit;'>\n<ul style='padding-left: 20px; margin: 0; font-size: 14px; list-style-type: disc;'>\n<li style='margin-bottom: 8px;'>1 Foco Tapo L530E<\/li>\n<li style='margin-bottom: 8px;'>1 Gu\u00eda de configuraci\u00f3n<\/li>\n<\/ul><\/div>\n<\/p><\/div>\n<\/p><\/div>\n<p> <!-- Galer\u00eda de im\u00e1genes --> <\/p>\n<div style='display: grid; grid-template-columns: repeat(auto-fit&comma; minmax(280px&comma; 1fr)); gap: 20px; margin-bottom: 30px;'>\n<div style='text-align: center;'> <img style='width: 100%; height: auto; border: 1px solid rgba(150&comma;150&comma;150&comma;0.3); border-radius: 8px;' src='https:\/\/ftp3.syscom.mx\/usuarios\/fotos\/TAPOL530E\/208795-image_(42).png' alt='Tapo L530E - Vista 1'> <\/div>\n<div style='text-align: center;'> <img style='width: 100%; height: auto; border: 1px solid rgba(150&comma;150&comma;150&comma;0.3); border-radius: 8px;' src='https:\/\/ftp3.syscom.mx\/usuarios\/fotos\/TAPOL530E\/208795-image_(41).png' alt='Tapo L530E - Vista 2'> <\/div>\n<div style='text-align: center;'> <img style='width: 100%; height: auto; border: 1px solid rgba(150&comma;150&comma;150&comma;0.3); border-radius: 8px;' src='https:\/\/ftp3.syscom.mx\/usuarios\/fotos\/TAPOL530E\/208795-image_(44).png' alt='Tapo L530E - Vista 3'> <\/div>\n<div style='text-align: center;'> <img style='width: 100%; height: auto; border: 1px solid rgba(150&comma;150&comma;150&comma;0.3); border-radius: 8px;' src='https:\/\/ftp3.syscom.mx\/usuarios\/fotos\/TAPOL530E\/208795-image_(43).png' alt='Tapo L530E - Vista 4'> <\/div>\n<\/p><\/div>\n<\/p><\/div>\n","protected":false},"excerpt":{"rendered":"<p>Foco WIFI Multicolor, Intensidad\/color regulables, Comandos de voz Alexa\/Assisten<\/p>\n","protected":false},"featured_media":40027,"comment_status":"open","ping_status":"closed","template":"","meta":[],"product_brand":[],"product_cat":[56],"product_tag":[30,57,71],"class_list":{"0":"post-40028","1":"product","2":"type-product","3":"status-publish","4":"has-post-thumbnail","6":"product_cat-control-de-iluminacion","7":"product_tag-automatizacion-casa-inteligente","8":"product_tag-control-de-iluminacion","9":"product_tag-tp-link","11":"first","12":"outofstock","13":"sale","14":"shipping-taxable","15":"purchasable","16":"product-type-simple"},"_links":{"self":[{"href":"https:\/\/soydeaqui.ddns.net\/pachuca\/index.php\/wp-json\/wp\/v2\/product\/40028","targetHints":{"allow":["GET"]}}],"collection":[{"href":"https:\/\/soydeaqui.ddns.net\/pachuca\/index.php\/wp-json\/wp\/v2\/product"}],"about":[{"href":"https:\/\/soydeaqui.ddns.net\/pachuca\/index.php\/wp-json\/wp\/v2\/types\/product"}],"replies":[{"embeddable":true,"href":"https:\/\/soydeaqui.ddns.net\/pachuca\/index.php\/wp-json\/wp\/v2\/comments?post=40028"}],"wp:featuredmedia":[{"embeddable":true,"href":"https:\/\/soydeaqui.ddns.net\/pachuca\/index.php\/wp-json\/wp\/v2\/media\/40027"}],"wp:attachment":[{"href":"https:\/\/soydeaqui.ddns.net\/pachuca\/index.php\/wp-json\/wp\/v2\/media?parent=40028"}],"wp:term":[{"taxonomy":"product_brand","embeddable":true,"href":"https:\/\/soydeaqui.ddns.net\/pachuca\/index.php\/wp-json\/wp\/v2\/product_brand?post=40028"},{"taxonomy":"product_cat","embeddable":true,"href":"https:\/\/soydeaqui.ddns.net\/pachuca\/index.php\/wp-json\/wp\/v2\/product_cat?post=40028"},{"taxonomy":"product_tag","embeddable":true,"href":"https:\/\/soydeaqui.ddns.net\/pachuca\/index.php\/wp-json\/wp\/v2\/product_tag?post=40028"}],"curies":[{"name":"wp","href":"https:\/\/api.w.org\/{rel}","templated":true}]}}