{"id":40026,"date":"2026-03-18T17:36:54","date_gmt":"2026-03-18T17:36:54","guid":{"rendered":"https:\/\/soydeaqui.ddns.net\/pachuca\/index.php\/producto\/kit-2-focos-wifi-multicolor-intensidad-y-color-regulables-comandos-de-voz-mediante-amazon-alexa-google-assisten\/"},"modified":"2026-03-18T17:36:54","modified_gmt":"2026-03-18T17:36:54","slug":"kit-2-focos-wifi-multicolor-intensidad-y-color-regulables-comandos-de-voz-mediante-amazon-alexa-google-assisten","status":"publish","type":"product","link":"https:\/\/soydeaqui.ddns.net\/pachuca\/index.php\/producto\/kit-2-focos-wifi-multicolor-intensidad-y-color-regulables-comandos-de-voz-mediante-amazon-alexa-google-assisten\/","title":{"rendered":"Kit 2 Focos WIFI Multicolor, Intensidad y Color Regulables, Comandos de Voz Mediante Amazon Alexa\/Google Assisten"},"content":{"rendered":"<div style='width: 100%; max-width: 1200px; margin: 0 auto; font-family: sans-serif; line-height: 1.6; color: inherit; background-color: transparent;'> <!-- Imagen principal --> <\/p>\n<div style='text-align: center; width: 100%;'> <img style='width: 100%; max-width: 1200px; height: auto; border: 1px solid rgba(150&comma;150&comma;150&comma;0.3); border-radius: 8px;' src='https:\/\/ftp3.syscom.mx\/usuarios\/fotos\/TAPOL530E2PACK\/208805-image_(45).png' alt=''> <\/div>\n<p> <!-- Secci\u00f3n de imagen + descripci\u00f3n (2 columnas) --> <\/p>\n<div style='display: flex; flex-wrap: wrap; gap: 30px; margin: 30px 0;'> <!-- Columna de imagen --> <\/p>\n<div style='flex: 1 1 300px; min-width: 280px; display: flex; justify-content: center;'> <img style='width: 100%; max-width: 500px; height: auto; border: 1px solid rgba(150&comma;150&comma;150&comma;0.3); border-radius: 8px;' src='https:\/\/ftp3.syscom.mx\/usuarios\/fotos\/TAPOL530E2PACK\/208805-image_(45).png' alt=''> <\/div>\n<p> <!-- Columna de descripci\u00f3n --> <\/p>\n<div style='flex: 1 1 300px; min-width: 280px;'>\n<h2 style='font-size: 20px; border-bottom: 2px solid currentColor; padding-bottom: 5px; margin-top: 0; color: inherit; opacity: 0.8;'>Descripci\u00f3n<\/h2>\n<ul style='padding-left: 20px; font-size: 15px; color: inherit; list-style-type: disc;'>\n<li style='margin-bottom: 10px;'><strong>Multicolor:<\/strong> Dise\u00f1e f\u00e1cilmente escenarios para su rutina o actividades diarias&comma; personalizando el brillo&comma; la temperatura de la luz y los colores&comma; con 16&comma;000&comma;000 de tonos para elegir.<\/li>\n<li style='margin-bottom: 10px;'><strong>Administraci\u00f3n remota:<\/strong> El foco se puede controlar mediante la aplicaci\u00f3n TAPO&comma; la instalamos en nuestro celular y podemos administrar todos los focos que tengamos agregados.<\/li>\n<li style='margin-bottom: 10px;'><strong>Brillo del Foco:<\/strong> La bombilla LED produce un brillo blanco de hasta 806 l\u00famenes y tiene un rango de atenuaci\u00f3n del 1% al 100%.<\/li>\n<li style='margin-bottom: 10px;'><strong>Horario y temporizador:<\/strong> Puede crear horarios para encender\/apagar el foco LED&comma; o bien el brillo\/color que establezca en la configuraci\u00f3n.<\/li>\n<li style='margin-bottom: 10px;'><strong>Control de Voz:<\/strong> Administre las luces que tengamos sincronizadas&comma; mediante comandos de voz a trav\u00e9s de Amazon Alexa y Google Assistant.<\/li>\n<li style='margin-bottom: 10px;'><strong>No necesitamos concentrador:<\/strong> Conecte el foco L530E a la luz y al WiFi de su hogar y estar\u00e1 listo para su funcionamiento.<\/li>\n<\/ul>\n<p style='margin-top: 20px; font-size: 15px; color: inherit;'>Con el Foco WiFi multicolor&comma; podemos salir de vacaciones con tranquilidad&comma; simulando que alguien enciende y apaga las luces dentro del hogar&comma; generando intervalos aleatorios para dicha funci\u00f3n&comma; disuadiendo a cualquier persona con malas intenciones.<\/p>\n<\/p><\/div>\n<\/p><\/div>\n<p> <!-- Separador --> <\/p>\n<hr style='border: 0; border-top: 1px solid rgba(150&comma; 150&comma; 150&comma; 0.3); margin: 30px 0;'> <!-- Secci\u00f3n de especificaciones --> <\/p>\n<div style='display: flex; flex-wrap: wrap; gap: 20px; margin-bottom: 30px;'> <!-- Caracter\u00edsticas principales --> <\/p>\n<div style='flex: 1 1 250px; min-width: 250px; border: 1px solid rgba(150&comma; 150&comma; 150&comma; 0.4); border-radius: 8px; overflow: hidden; display: flex; flex-direction: column;'>\n<div style='padding: 15px; border-bottom: 1px solid rgba(150&comma; 150&comma; 150&comma; 0.2); font-weight: bold; font-size: 18px; color: inherit;'>Caracter\u00edsticas principales<\/div>\n<div style='padding: 15px; color: inherit; flex: 1 1 auto;'>\n<ul style='padding-left: 20px; margin: 0; font-size: 14px; list-style-type: disc;'>\n<li style='margin-bottom: 5px;'>Controlable desde la App TAPO<\/li>\n<li style='margin-bottom: 5px;'>WiFi: 2.4 GHz<\/li>\n<li style='margin-bottom: 5px;'>Iluminaci\u00f3n: 806 l\u00famenes<\/li>\n<li style='margin-bottom: 5px;'>\u00c1ngulo de haz: 220 grados<\/li>\n<li style='margin-bottom: 5px;'>Regulable mediante la aplicaci\u00f3n<\/li>\n<li style='margin-bottom: 5px;'>Control de voz mediante Alexa \/ Google Assistant<\/li>\n<li style='margin-bottom: 5px;'>Ahorrador de energ\u00eda<\/li>\n<li style='margin-bottom: 5px;'>Modo Ausente<\/li>\n<li style='margin-bottom: 5px;'>Multicolor<\/li>\n<li style='margin-bottom: 5px;'>Regulaci\u00f3n de la intensidad<\/li>\n<li style='margin-bottom: 5px;'>Horario y temporizador<\/li>\n<\/ul><\/div>\n<\/p><\/div>\n<p> <!-- Caracter\u00edsticas F\u00edsicas y El\u00e9ctricas --> <\/p>\n<div style='flex: 1 1 250px; min-width: 250px; border: 1px solid rgba(150&comma; 150&comma; 150&comma; 0.4); border-radius: 8px; overflow: hidden; display: flex; flex-direction: column;'>\n<div style='padding: 15px; border-bottom: 1px solid rgba(150&comma; 150&comma; 150&comma; 0.2); font-weight: bold; font-size: 18px; color: inherit;'>Caracter\u00edsticas F\u00edsicas y El\u00e9ctricas<\/div>\n<div style='padding: 15px; color: inherit; flex: 1 1 auto;'>\n<ul style='padding-left: 20px; margin: 0; font-size: 14px; list-style-type: disc;'>\n<li style='margin-bottom: 5px;'>Alimentaci\u00f3n: 110V. 50\/60 Hz 73 mA<\/li>\n<li style='margin-bottom: 5px;'>Dimensiones: 115 x 60 mm<\/li>\n<li style='margin-bottom: 5px;'>Vida \u00fatil: 15&comma;000 horas<\/li>\n<\/ul><\/div>\n<\/p><\/div>\n<p> <!-- Contenido --> <\/p>\n<div style='flex: 1 1 250px; min-width: 250px; border: 1px solid rgba(150&comma; 150&comma; 150&comma; 0.4); border-radius: 8px; overflow: hidden; display: flex; flex-direction: column;'>\n<div style='padding: 15px; border-bottom: 1px solid rgba(150&comma; 150&comma; 150&comma; 0.2); font-weight: bold; font-size: 18px; color: inherit;'>Contenido<\/div>\n<div style='padding: 15px; color: inherit; flex: 1 1 auto;'>\n<ul style='padding-left: 20px; margin: 0; font-size: 14px; list-style-type: disc;'>\n<li style='margin-bottom: 5px;'>2 Focos Tapo L530E<\/li>\n<li style='margin-bottom: 5px;'>2 Gu\u00eda de configuraci\u00f3n<\/li>\n<\/ul><\/div>\n<\/p><\/div>\n<\/p><\/div>\n<p> <!-- Separador --> <\/p>\n<hr style='border: 0; border-top: 1px solid rgba(150&comma; 150&comma; 150&comma; 0.3); margin: 30px 0;'> <!-- Im\u00e1genes adicionales --> <\/p>\n<div style='display: flex; flex-wrap: wrap; gap: 20px; justify-content: center; margin-bottom: 30px;'> <img style='width: 100%; max-width: 580px; height: auto; border: 1px solid rgba(150&comma;150&comma;150&comma;0.3); border-radius: 8px;' src='https:\/\/ftp3.syscom.mx\/usuarios\/fotos\/TAPOL530E\/208795-image_(42).png' alt=''> <img style='width: 100%; max-width: 580px; height: auto; border: 1px solid rgba(150&comma;150&comma;150&comma;0.3); border-radius: 8px;' src='https:\/\/ftp3.syscom.mx\/usuarios\/fotos\/TAPOL530E\/208795-image_(41).png' alt=''> <img style='width: 100%; max-width: 580px; height: auto; border: 1px solid rgba(150&comma;150&comma;150&comma;0.3); border-radius: 8px;' src='https:\/\/ftp3.syscom.mx\/usuarios\/fotos\/TAPOL530E\/208795-image_(44).png' alt=''> <img style='width: 100%; max-width: 580px; height: auto; border: 1px solid rgba(150&comma;150&comma;150&comma;0.3); border-radius: 8px;' src='https:\/\/ftp3.syscom.mx\/usuarios\/fotos\/TAPOL530E\/208795-image_(43).png' alt=''> <\/div>\n<\/p><\/div>\n","protected":false},"excerpt":{"rendered":"<p>Kit 2 Focos WIFI Multicolor, Intensidad y Color Regulables, Comandos de Voz Mediante Amazon Alexa\/Google Assisten<\/p>\n","protected":false},"featured_media":40025,"comment_status":"open","ping_status":"closed","template":"","meta":[],"product_brand":[],"product_cat":[56],"product_tag":[30,57,71],"class_list":{"0":"post-40026","1":"product","2":"type-product","3":"status-publish","4":"has-post-thumbnail","6":"product_cat-control-de-iluminacion","7":"product_tag-automatizacion-casa-inteligente","8":"product_tag-control-de-iluminacion","9":"product_tag-tp-link","11":"first","12":"instock","13":"sale","14":"shipping-taxable","15":"purchasable","16":"product-type-simple"},"_links":{"self":[{"href":"https:\/\/soydeaqui.ddns.net\/pachuca\/index.php\/wp-json\/wp\/v2\/product\/40026","targetHints":{"allow":["GET"]}}],"collection":[{"href":"https:\/\/soydeaqui.ddns.net\/pachuca\/index.php\/wp-json\/wp\/v2\/product"}],"about":[{"href":"https:\/\/soydeaqui.ddns.net\/pachuca\/index.php\/wp-json\/wp\/v2\/types\/product"}],"replies":[{"embeddable":true,"href":"https:\/\/soydeaqui.ddns.net\/pachuca\/index.php\/wp-json\/wp\/v2\/comments?post=40026"}],"wp:featuredmedia":[{"embeddable":true,"href":"https:\/\/soydeaqui.ddns.net\/pachuca\/index.php\/wp-json\/wp\/v2\/media\/40025"}],"wp:attachment":[{"href":"https:\/\/soydeaqui.ddns.net\/pachuca\/index.php\/wp-json\/wp\/v2\/media?parent=40026"}],"wp:term":[{"taxonomy":"product_brand","embeddable":true,"href":"https:\/\/soydeaqui.ddns.net\/pachuca\/index.php\/wp-json\/wp\/v2\/product_brand?post=40026"},{"taxonomy":"product_cat","embeddable":true,"href":"https:\/\/soydeaqui.ddns.net\/pachuca\/index.php\/wp-json\/wp\/v2\/product_cat?post=40026"},{"taxonomy":"product_tag","embeddable":true,"href":"https:\/\/soydeaqui.ddns.net\/pachuca\/index.php\/wp-json\/wp\/v2\/product_tag?post=40026"}],"curies":[{"name":"wp","href":"https:\/\/api.w.org\/{rel}","templated":true}]}}