{"id":3997,"date":"2026-03-18T06:14:26","date_gmt":"2026-03-18T06:14:26","guid":{"rendered":"https:\/\/soydeaqui.ddns.net\/pachuca\/index.php\/producto\/panel-de-alarma-ax-hybrid-pro-wi-fi-8-zonas-cableadas-directas-al-panel-56-zonas-expandibles-inalambricas-o-cableadas-por-medio-de-modulos-soporta-integracion-de-bateria-de-respaldo-32-part-2\/"},"modified":"2026-03-18T06:14:28","modified_gmt":"2026-03-18T06:14:28","slug":"panel-de-alarma-ax-hybrid-pro-wi-fi-8-zonas-cableadas-directas-al-panel-56-zonas-expandibles-inalambricas-o-cableadas-por-medio-de-modulos-soporta-integracion-de-bateria-de-respaldo-32-part-2","status":"publish","type":"product","link":"https:\/\/soydeaqui.ddns.net\/pachuca\/index.php\/producto\/panel-de-alarma-ax-hybrid-pro-wi-fi-8-zonas-cableadas-directas-al-panel-56-zonas-expandibles-inalambricas-o-cableadas-por-medio-de-modulos-soporta-integracion-de-bateria-de-respaldo-32-part-2\/","title":{"rendered":"Panel de Alarma AX HYBRID PRO \/ Wi-Fi \/ 8 Zonas Cableadas Directas al Panel \/ 56 Zonas Expandibles: Inal\u00e1mbricas o Cableadas por Medio de M\u00f3dulos \/ Soporta Integraci\u00f3n de Bater\u00eda de Respaldo \/ 32 Particiones (\u00c1reas)"},"content":{"rendered":"<div style='width: 100%; max-width: 1200px; margin: 0 auto; font-family: sans-serif; line-height: 1.6; color: inherit; background-color: transparent;'> <!-- Logo --> <\/p>\n<div style='width: 100%; text-align: center; margin-bottom: 30px;'> <img style='width: 45%; height: auto; border: 1px solid rgba(150&comma;150&comma;150&comma;0.3); border-radius: 8px;' src='https:\/\/ftp3.syscom.mx\/usuarios\/jsosa\/HIKVISION\/imagenes\/logo\/hikvision%20see%20far.png' alt='Logo Hikvision'> <\/div>\n<p> <!-- Video Unboxing --> <\/p>\n<div style='position: relative; padding-bottom: 56.25%; height: 0; overflow: hidden; margin-bottom: 30px;'>   <\/div>\n<p> <!-- Videos Presentaci\u00f3n y Configuraci\u00f3n --> <\/p>\n<div style='display: flex; flex-wrap: wrap; gap: 30px; margin-bottom: 30px;'>\n<div style='flex: 1 1 300px; min-width: 280px;'>\n<h3 style='font-size: 22px; border-bottom: 2px solid currentColor; padding-bottom: 5px; margin-top: 0; color: inherit; opacity: 0.8;'>Conozca el Panel Hybrid AX PRO<\/h3>\n<div style='position: relative; padding-bottom: 56.25%; height: 0; overflow: hidden;'>   <\/div>\n<\/p><\/div>\n<div style='flex: 1 1 300px; min-width: 280px;'>\n<h3 style='font-size: 22px; border-bottom: 2px solid currentColor; padding-bottom: 5px; margin-top: 0; color: inherit; opacity: 0.8;'>Configuraci\u00f3n y puesta en marcha<\/h3>\n<div style='position: relative; padding-bottom: 56.25%; height: 0; overflow: hidden;'>   <\/div>\n<\/p><\/div>\n<\/p><\/div>\n<p> <!-- Videos Instalaci\u00f3n y Reset --> <\/p>\n<div style='display: flex; flex-wrap: wrap; gap: 30px; margin-bottom: 30px;'>\n<div style='flex: 1 1 300px; min-width: 280px;'>\n<h3 style='font-size: 22px; border-bottom: 2px solid currentColor; padding-bottom: 5px; margin-top: 0; color: inherit; opacity: 0.8;'>Instalaci\u00f3n y Cableado<\/h3>\n<div style='position: relative; padding-bottom: 56.25%; height: 0; overflow: hidden;'>   <\/div>\n<\/p><\/div>\n<div style='flex: 1 1 300px; min-width: 280px;'>\n<h3 style='font-size: 22px; border-bottom: 2px solid currentColor; padding-bottom: 5px; margin-top: 0; color: inherit; opacity: 0.8;'>Reset del Panel<\/h3>\n<div style='position: relative; padding-bottom: 56.25%; height: 0; overflow: hidden;'>   <\/div>\n<\/p><\/div>\n<\/p><\/div>\n<p> <!-- Caracter\u00edsticas Principales --> <\/p>\n<div style='display: flex; flex-wrap: wrap; gap: 30px; margin-bottom: 30px;'>\n<div style='flex: 1 1 300px; min-width: 280px;'>\n<h3 style='font-size: 22px; border-bottom: 2px solid currentColor; padding-bottom: 5px; margin-top: 0; color: inherit; opacity: 0.8;'>Caracter\u00edsticas principales<\/h3>\n<ul style='padding-left: 20px; font-size: 15px; color: inherit;'>\n<li style='margin-bottom: 5px;'><span style='font-family: verdana&comma; geneva&comma; sans-serif;'>8 zonas cableadas directo a la tablilla del panel.<\/span><\/li>\n<li style='margin-bottom: 5px;'><span style='font-family: verdana&comma; geneva&comma; sans-serif;'>Expandible hasta 56 zonas inalambricas o cableadas agregando expansores.<\/span><\/li>\n<li style='margin-bottom: 5px;'><span style='font-family: verdana&comma; geneva&comma; sans-serif;'>Soporta expansores de 32 zonas inalambricas modelo <a href='https:\/\/www.syscom.mx\/producto\/DS-PM1-RT-HWB-HIKVISION-210061.html' target='_blank' rel='noopener' style='color: inherit; text-decoration: underline;'>DS-PM1-RT-HWB<\/a>. (<strong style='color: inherit;'>NOTA: Revisar lista de equipos inalambricos compatibles<\/strong>).<\/span><\/li>\n<li style='margin-bottom: 5px;'><span style='font-family: verdana&comma; geneva&comma; sans-serif;'>Soporta expansores de 8 zonas cableadas <a href='https:\/\/www.syscom.mx\/producto\/DS-PM1-I8O2-H-HIKVISION-208968.html' target='_blank' rel='noopener' style='color: inherit; text-decoration: underline;'>DS-PM1-I8O2-H<\/a>.<\/span><\/li>\n<li style='margin-bottom: 5px;'><span style='font-family: verdana&comma; geneva&comma; sans-serif;'>Soporta 1 sirena cableada directa al panel <strong style='color: inherit;'>(soporta maximo 12vcc 1Amp)<\/strong>&comma; 16 sirenas inal\u00e1mbricas agregando expansores <a href='https:\/\/www.syscom.mx\/producto\/DS-PM1-RT-HWB-HIKVISION-210061.html' target='_blank' rel='noopener' style='color: inherit; text-decoration: underline;'>DS-PM1-RT-HWB<\/a>.<\/span><\/li>\n<li style='margin-bottom: 5px;'><span style='font-family: verdana&comma; geneva&comma; sans-serif;'>Soporta hasta 64 controles remotos p\/ armar y desarmar agregando el modulo <a href='https:\/\/www.syscom.mx\/producto\/DS-PM1-RT-HWB-HIKVISION-210061.html' target='_blank' rel='noopener' style='color: inherit; text-decoration: underline;'>DS-PM1-RT-HWB<\/a> o el teclado <a href='https:\/\/www.syscom.mx\/producto\/DS-PK1-LTR-HWB' target='_blank' rel='noopener' style='color: inherit; text-decoration: underline;'>DS-PK1-LTR-HWB<\/a>.<\/span><\/li>\n<li style='margin-bottom: 5px;'><span style='font-family: verdana&comma; geneva&comma; sans-serif;'>Notifiaciones por medio de la aplicaci\u00f3n Hik-Connect&comma; SMS <a href='https:\/\/www.syscom.mx\/producto\/DS-PM2-S(AU)-HIKVISION-208801.html' target='_blank' rel='noopener' style='color: inherit; text-decoration: underline;'>DS-PM2-S(AU)<\/a> y local.<\/span><\/li>\n<li style='margin-bottom: 5px;'><span style='font-family: verdana&comma; geneva&comma; sans-serif;'>Hasta 32 particiones.<\/span><\/li>\n<li style='margin-bottom: 5px;'><span style='font-family: verdana&comma; geneva&comma; sans-serif;'>Soporta modulos de relay <a href='https:\/\/www.syscom.mx\/producto\/DS-PM1-O4H-H-HIKVISION-210409.html' target='_blank' rel='noopener' style='color: inherit; text-decoration: underline;'>DS-PM1-O4H-H<\/a> \/ <a href='https:\/\/www.syscom.mx\/producto\/hikvision-ds-pm1-o4l-h-210410.html' target='_blank' rel='noopener' style='color: inherit; text-decoration: underline;'>DS-PM1-O4L-H<\/a>.<\/span><\/li>\n<li style='margin-bottom: 5px;'><span style='font-family: verdana&comma; geneva&comma; sans-serif; color: #333333; font-size: 12pt; background-color: #ffffff; color: inherit;'>IVAAS (Intruder Verificartion As A Service): Soporta agregar 4 c\u00e1maras al panel para una grabaci\u00f3n 7 segundos al accionar un sensor (2 Megapixel m\u00e1ximo).<\/span><\/li>\n<li style='margin-bottom: 5px;'><span style='font-family: verdana&comma; geneva&comma; sans-serif; color: #333333; font-size: 12pt; background-color: #ffffff; color: inherit;'>Soporta hasta 8 teclados.<\/span><\/li>\n<li style='margin-bottom: 5px;'><span style='font-family: verdana&comma; geneva&comma; sans-serif; color: #333333; font-size: 12pt; background-color: #ffffff; color: inherit;'><strong style='color: inherit;'>No incluye bater\u00eda de respaldo&comma; se cotiza por separado (modelo sugerido: PL-7-12).<\/strong><\/span><\/li>\n<\/ul><\/div>\n<p> <!-- Caracter\u00edsticas F\u00edsicas y El\u00e9ctricas --> <\/p>\n<div style='flex: 1 1 300px; min-width: 280px;'>\n<h3 style='font-size: 22px; border-bottom: 2px solid currentColor; padding-bottom: 5px; margin-top: 0; color: inherit; opacity: 0.8;'>Caracter\u00edsticas F\u00edsicas y El\u00e9ctricas<\/h3>\n<ul style='padding-left: 20px; font-size: 15px; color: inherit;'>\n<li style='margin-bottom: 5px;'><span style='font-family: verdana&comma; geneva&comma; sans-serif;'>Conexi\u00f3n: 10M \/ 100M.<\/span><\/li>\n<li style='margin-bottom: 5px;'><span style='font-family: verdana&comma; geneva&comma; sans-serif;'>Alimentaci\u00f3n 110-240 VCA (Incluye cable).<\/span><\/li>\n<li style='margin-bottom: 5px;'><span style='font-family: verdana&comma; geneva&comma; sans-serif;'>Soporta conexi\u00f3n LAN&comma; Wi-Fi (2.4 GHz)&comma; RS-485 bus&comma; GPRS&comma; 3G\/4G <strong style='color: inherit;'>(no incluye comunicador 3G\/4G<\/strong>&comma; modelo recomendado <a href='https:\/\/www.syscom.mx\/producto\/DS-PM2-S(AU)-HIKVISION-208801.html' target='_blank' rel='noopener' style='color: inherit; text-decoration: underline;'>DS-PM2-S(AU)<\/a>)<\/span><\/li>\n<li style='margin-bottom: 5px;'><span style='font-family: verdana&comma; geneva&comma; sans-serif;'>Temperatura de operaci\u00f3n: &#8211; 10\u00b0C a 40\u00b0C.<\/span><\/li>\n<li style='margin-bottom: 5px;'><span style='font-family: verdana&comma; geneva&comma; sans-serif;'>Dimensiones: 261 x 199 x 86.4 mm.<\/span><\/li>\n<li style='margin-bottom: 5px;'><span style='font-family: verdana&comma; geneva&comma; sans-serif;'>Peso 997 gramos.<\/span><\/li>\n<\/ul>\n<h3 style='font-size: 22px; border-bottom: 2px solid currentColor; padding-bottom: 5px; margin-top: 25px; margin-bottom: 15px; color: inherit; opacity: 0.8;'>Caracter\u00edsticas Destacadas<\/h3>\n<ul style='padding-left: 20px; font-size: 15px; color: inherit;'>\n<li style='margin-bottom: 5px;'><span style='font-family: verdana&comma; geneva&comma; sans-serif;'>Panel de control de seguridad&comma; admite Wi-Fi&comma; LAN&comma; GPRS y 3G \/ 4G&comma; as\u00ed como ISAPI&comma; y SIA-Contacto Protocolo de identificaci\u00f3n&comma; es aplicable a los escenarios de mercado&comma; tienda&comma; casa&comma; f\u00e1brica&comma; almac\u00e9n&comma; oficina&comma; etc.<\/span><\/li>\n<li style='margin-bottom: 5px;'><strong style='color: inherit;'><span style='font-family: verdana&comma; geneva&comma; sans-serif;'>NOTA: Al cargar algun firmware es importante borrar la memoria cache de su navegador&comma; ya que al no hacerlo puede generar problemas para entrar a programacion por medio de la interfase web.<\/span><\/strong><\/li>\n<\/ul><\/div>\n<\/p><\/div>\n<p> <!-- Banner --> <\/p>\n<div style='width: 100%; text-align: center; margin-bottom: 30px;'> <a title='Serie AX PRO' href='https:\/\/www.syscom.mx\/principal\/listadoproductosazul\/intrusion-hikvision-paneles-de-alarma-y-accesorios-ax-hybrid-pro-66400.html?ordenar=Precio_de_Menor_a_Mayor&#038;pag=1'> <img style='width: 100%; height: auto; border: 1px solid rgba(150&comma;150&comma;150&comma;0.3); border-radius: 8px;' src='https:\/\/ftp3.syscom.mx\/usuarios\/jsosa\/HIKVISION\/alarmas\/hybridpro\/AX%20HYBRID%20PRO.png' alt='Serie AX PRO'> <\/a> <\/div>\n<\/p><\/div>\n","protected":false},"excerpt":{"rendered":"<p>Panel de Alarma AX HYBRID PRO \/ Wi-Fi \/ 8 Zonas Cableadas Directas al Panel \/ 56 Zonas Expandibles: Inal\u00e1mbricas o Cableadas por Medio de M\u00f3dulos \/ Soporta Integraci\u00f3n de Bater\u00eda de Respaldo \/ 32 Particiones (\u00c1reas)<\/p>\n","protected":false},"featured_media":3996,"comment_status":"open","ping_status":"closed","template":"","meta":[],"product_brand":[],"product_cat":[413],"product_tag":[414,54,69],"class_list":{"0":"post-3997","1":"product","2":"type-product","3":"status-publish","4":"has-post-thumbnail","6":"product_cat-ax-hybrid-pro-series","7":"product_tag-ax-hybrid-pro-series","8":"product_tag-hikvision","9":"product_tag-paneles-de-alarma-y-accesorios-hikvision","11":"first","12":"outofstock","13":"sale","14":"shipping-taxable","15":"purchasable","16":"product-type-simple"},"_links":{"self":[{"href":"https:\/\/soydeaqui.ddns.net\/pachuca\/index.php\/wp-json\/wp\/v2\/product\/3997","targetHints":{"allow":["GET"]}}],"collection":[{"href":"https:\/\/soydeaqui.ddns.net\/pachuca\/index.php\/wp-json\/wp\/v2\/product"}],"about":[{"href":"https:\/\/soydeaqui.ddns.net\/pachuca\/index.php\/wp-json\/wp\/v2\/types\/product"}],"replies":[{"embeddable":true,"href":"https:\/\/soydeaqui.ddns.net\/pachuca\/index.php\/wp-json\/wp\/v2\/comments?post=3997"}],"wp:featuredmedia":[{"embeddable":true,"href":"https:\/\/soydeaqui.ddns.net\/pachuca\/index.php\/wp-json\/wp\/v2\/media\/3996"}],"wp:attachment":[{"href":"https:\/\/soydeaqui.ddns.net\/pachuca\/index.php\/wp-json\/wp\/v2\/media?parent=3997"}],"wp:term":[{"taxonomy":"product_brand","embeddable":true,"href":"https:\/\/soydeaqui.ddns.net\/pachuca\/index.php\/wp-json\/wp\/v2\/product_brand?post=3997"},{"taxonomy":"product_cat","embeddable":true,"href":"https:\/\/soydeaqui.ddns.net\/pachuca\/index.php\/wp-json\/wp\/v2\/product_cat?post=3997"},{"taxonomy":"product_tag","embeddable":true,"href":"https:\/\/soydeaqui.ddns.net\/pachuca\/index.php\/wp-json\/wp\/v2\/product_tag?post=3997"}],"curies":[{"name":"wp","href":"https:\/\/api.w.org\/{rel}","templated":true}]}}