{"id":39952,"date":"2026-03-18T17:34:52","date_gmt":"2026-03-18T17:34:52","guid":{"rendered":"https:\/\/soydeaqui.ddns.net\/pachuca\/index.php\/producto\/rotomart-atorn-1-2inv-v-r-0-600-0-1900-rpm\/"},"modified":"2026-03-18T17:34:53","modified_gmt":"2026-03-18T17:34:53","slug":"rotomart-atorn-1-2inv-v-r-0-600-0-1900-rpm","status":"publish","type":"product","link":"https:\/\/soydeaqui.ddns.net\/pachuca\/index.php\/producto\/rotomart-atorn-1-2inv-v-r-0-600-0-1900-rpm\/","title":{"rendered":"ROTOMART. ATORN. 1\/2INV.V.R. 0-600 0-1900 RPM"},"content":{"rendered":"<div style='width: 100%; max-width: 1200px; margin: 0 auto; font-family: sans-serif; line-height: 1.6; color: inherit; background-color: transparent;'> <!-- Logo de la marca --> <\/p>\n<div style='display: flex; justify-content: center; margin: 20px 0;'> <img style='width: 100%; max-width: 500px; height: auto; border: 1px solid rgba(150&comma;150&comma;150&comma;0.3); border-radius: 8px;' src='https:\/\/ftp3.syscom.mx\/usuarios\/nortega\/makita\/imagenes\/makita.png' alt='Logo Makita'> <\/div>\n<p> <!-- Secci\u00f3n de caracter\u00edsticas destacadas --> <\/p>\n<div style='display: flex; flex-wrap: wrap; gap: 30px; margin-bottom: 30px;'>\n<div style='flex: 1 1 300px; min-width: 280px;'>\n<h3 style='font-size: 22px; border-bottom: 2px solid currentColor; padding-bottom: 5px; margin-top: 0; color: inherit; opacity: 0.8;'>Caracter\u00edsticas destacadas<\/h3>\n<ul style='padding-left: 20px; font-size: 15px; color: inherit;'>\n<li style='margin-bottom: 5px;'>Alta velocidad de 1.900 rpm (Alta) y 600 rpm (Baja).<\/li>\n<li style='margin-bottom: 5px;'>Empu\u00f1adura dise\u00f1ada ergonomicamente<\/li>\n<li style='margin-bottom: 5px;'>Alta luminosidad con Luz LED doble para trabajo con funciones pre y post accionamiento.<\/li>\n<li style='margin-bottom: 5px;'>Mandril de 13 mm (1\/2&#8242;)<\/li>\n<\/ul><\/div>\n<\/p><\/div>\n<p> <!-- Secci\u00f3n de especificaciones t\u00e9cnicas --> <\/p>\n<div style='display: flex; flex-wrap: wrap; gap: 20px; margin-bottom: 30px;'>\n<div style='flex: 1 1 250px; border: 1px solid rgba(150&comma; 150&comma; 150&comma; 0.4); border-radius: 8px; overflow: hidden; display: flex; flex-direction: column;'>\n<div style='padding: 15px; border-bottom: 1px solid rgba(150&comma; 150&comma; 150&comma; 0.2); font-weight: bold; font-size: 18px; color: inherit;'>Caracter\u00edsticas de operaci\u00f3n<\/div>\n<div style='padding: 15px; color: inherit;'>\n<ul style='padding-left: 20px; margin: 0; font-size: 14px; list-style-type: disc;'>\n<li style='margin-bottom: 5px;'><strong>Capacidad de perforaci\u00f3n:<\/strong> Acero: 13mm (1\/2&#8242;)&comma; Madera: 38mm (1-1\/2&#8242;)&comma; Mamposter\u00eda: 13mm (1\/2&#8242;)<\/li>\n<li style='margin-bottom: 5px;'><strong>Velocidad sin carga:<\/strong> Alta: 0-1&comma;900 RPM. Baja: 0-600 RPM<\/li>\n<li style='margin-bottom: 5px;'><strong>Impactos por minuto:<\/strong> Alta: 0-28&comma;500. Baja: 0-9&comma;000.<\/li>\n<li style='margin-bottom: 5px;'><strong>Torque m\u00e1ximo:<\/strong> Fuerte\/Suave: 62\/36N.m (550 \/ 320 in.lbs.)<\/li>\n<li style='margin-bottom: 5px;'><strong>M\u00e1ximo Torque de Bloqueo:<\/strong> 54 N\u00b7m (480 in.lbs.)<\/li>\n<li style='margin-bottom: 5px;'><strong>Voltaje de Bater\u00eda:<\/strong> 18 Vcc<\/li>\n<\/ul><\/div>\n<\/p><\/div>\n<p> <!-- Secci\u00f3n de caracter\u00edsticas f\u00edsicas --> <\/p>\n<div style='flex: 1 1 250px; border: 1px solid rgba(150&comma; 150&comma; 150&comma; 0.4); border-radius: 8px; overflow: hidden; display: flex; flex-direction: column;'>\n<div style='padding: 15px; border-bottom: 1px solid rgba(150&comma; 150&comma; 150&comma; 0.2); font-weight: bold; font-size: 18px; color: inherit;'>Caracter\u00edsticas F\u00edsicas<\/div>\n<div style='padding: 15px; color: inherit;'>\n<ul style='padding-left: 20px; margin: 0; font-size: 14px; list-style-type: disc;'>\n<li style='margin-bottom: 5px;'><strong>Dimensiones:<\/strong> 198x79x249mm (7-3\/4&#8242; x 3-1\/8&#8242; x 9-3\/4&#8242;)<\/li>\n<li style='margin-bottom: 5px;'><strong>Peso neto:<\/strong> 1&comma;5kg (3&comma;4lbs)<\/li>\n<\/ul><\/div>\n<\/p><\/div>\n<\/p><\/div>\n<p> <!-- Nota importante --> <\/p>\n<div style='margin-top: 30px; padding: 15px; border-left: 4px solid currentColor; opacity: 0.8;'>\n<p style='margin: 0; font-size: 15px; color: inherit;'><strong>*No incluye Bater\u00eda ni Cargador<\/strong><\/p>\n<\/p><\/div>\n<p> <!-- Separador final --> <\/p>\n<hr style='border: 0; border-top: 1px solid rgba(150&comma; 150&comma; 150&comma; 0.3); margin: 30px 0;'> <\/div>\n","protected":false},"excerpt":{"rendered":"<p>ROTOMART. ATORN. 1\/2INV.V.R. 0-600 0-1900 RPM<\/p>\n","protected":false},"featured_media":39951,"comment_status":"open","ping_status":"closed","template":"","meta":[],"product_brand":[],"product_cat":[1227],"product_tag":[1058,1228,252],"class_list":{"0":"post-39952","1":"product","2":"type-product","3":"status-publish","4":"has-post-thumbnail","6":"product_cat-herramienta-electrica-a-bateria","7":"product_tag-ferreteria","8":"product_tag-herramienta-electrica-a-bateria","9":"product_tag-makita","11":"first","12":"outofstock","13":"sale","14":"shipping-taxable","15":"purchasable","16":"product-type-simple"},"_links":{"self":[{"href":"https:\/\/soydeaqui.ddns.net\/pachuca\/index.php\/wp-json\/wp\/v2\/product\/39952","targetHints":{"allow":["GET"]}}],"collection":[{"href":"https:\/\/soydeaqui.ddns.net\/pachuca\/index.php\/wp-json\/wp\/v2\/product"}],"about":[{"href":"https:\/\/soydeaqui.ddns.net\/pachuca\/index.php\/wp-json\/wp\/v2\/types\/product"}],"replies":[{"embeddable":true,"href":"https:\/\/soydeaqui.ddns.net\/pachuca\/index.php\/wp-json\/wp\/v2\/comments?post=39952"}],"wp:featuredmedia":[{"embeddable":true,"href":"https:\/\/soydeaqui.ddns.net\/pachuca\/index.php\/wp-json\/wp\/v2\/media\/39951"}],"wp:attachment":[{"href":"https:\/\/soydeaqui.ddns.net\/pachuca\/index.php\/wp-json\/wp\/v2\/media?parent=39952"}],"wp:term":[{"taxonomy":"product_brand","embeddable":true,"href":"https:\/\/soydeaqui.ddns.net\/pachuca\/index.php\/wp-json\/wp\/v2\/product_brand?post=39952"},{"taxonomy":"product_cat","embeddable":true,"href":"https:\/\/soydeaqui.ddns.net\/pachuca\/index.php\/wp-json\/wp\/v2\/product_cat?post=39952"},{"taxonomy":"product_tag","embeddable":true,"href":"https:\/\/soydeaqui.ddns.net\/pachuca\/index.php\/wp-json\/wp\/v2\/product_tag?post=39952"}],"curies":[{"name":"wp","href":"https:\/\/api.w.org\/{rel}","templated":true}]}}