{"id":39948,"date":"2026-03-18T17:34:47","date_gmt":"2026-03-18T17:34:47","guid":{"rendered":"https:\/\/soydeaqui.ddns.net\/pachuca\/index.php\/producto\/kit-de-martillo-rotatorio-sds-plus-hr2475x4-y-esmeriladora-angular-9557nb-de-4-1-2-in\/"},"modified":"2026-03-18T17:34:48","modified_gmt":"2026-03-18T17:34:48","slug":"kit-de-martillo-rotatorio-sds-plus-hr2475x4-y-esmeriladora-angular-9557nb-de-4-1-2-in","status":"publish","type":"product","link":"https:\/\/soydeaqui.ddns.net\/pachuca\/index.php\/producto\/kit-de-martillo-rotatorio-sds-plus-hr2475x4-y-esmeriladora-angular-9557nb-de-4-1-2-in\/","title":{"rendered":"Kit de Martillo Rotatorio SDS PLUS HR2475X4  y Esmeriladora Angular 9557NB de 4-1\/2 in"},"content":{"rendered":"<p style='text-align: center;'><img class='fr-fic fr-dii' src='data:image\/png;base64&comma;iVBORw0KGgoAAAANSUhEUgAAAO8AAABTCAIAAAD4GsfgAAAWYElEQVR4Ae1d93tUxfq\/\/8GGBNhNI6EHAUNROipF6dKUIojSiwL3igoCV0BAKdJRURTECyKWbVk22WRTNr0Q0vumZ5PsJpvt5Zzzy\/dZ1+\/hcM47xyRbiHkOz\/wwO3nLzGc+OzvzznsO\/yK4fxwC\/QWBf\/WXgXDj4BAgODZzJOg\/CHBs7j9zyY2EYzPHgf6DAMfm\/jOX3Eg4NnMc6D8IcGzuP3PJjYRjM8eB\/oMAx+b+M5fcSDg2cxzoPwhwbO4\/c8mNhGMzx4H+gwDH5v4zl9xIODZzHOg\/CHBs7j9zyY2EYzPHgf6DAMfm\/jOX3Eg4NnMc6D8IcGzuP3PJjYRjM8eB\/oMAx+b+M5fcSDg2\/1M5gNkd2rSMup\/ugaVJLLVqWpFjw3FjVXX93fugbv3PD4yVVUjdPvyHnrAZx831DcbKKq+V6mqbVteHwfGoa1aNpuT46bTla4Cycq29s9Mj6wRhrKrOXL9JFhkFlKFR6avXW1qQbHYYjaWnz8qGQrqRUYroKfrCYg+790zUe8Bmp8WSOGuukMf3VomJHF374\/+eybD94FSbkSWPeh7ESrXwdc870Cx9KBv+HGhfPDCs8JNPWVyYauuSXlkA6gp5\/ORXF7Po9uU\/PUs2J0x9yVRb15fR6XXfMLu94tJVmC4BgsY\/RL227FZ0GI3F\/z0B2+fxYyJGazOyWFxo4uJFgcGweoCg\/ucHLLp9+U\/Pks35ez\/oy9B40jd7R2fKa0tBusjHTnSazZ4YJwjCpK5NfGk+aF\/I46sWLcftDhYXeTvfR+nKn5vg6Opi0e3Lf3p2bA4QtKek9mVoPOmbNj1Twh8CMqbw4FFPLLt1myUx4kHhoH0hj1937xcWF3adTjY0CqVbdPQ4i24f\/9MzY7MkdHj1N9+pf\/ixm6Xuzl3Mau3jaJLdy9\/\/IUgX8eAh2rQMUqzXldxtu0H7Qh5fNmKs08S29td8+z1KVzx4SFdZea979cwVnxmbUYCi2lMWLHvmYHWzA5jVKhFEggNRLV1pbmzsph2UmNNiQdkX8vhFh9nOfwSGKSZOA\/sm5PEz1mxwdBlQfvt++z+GzQ2\/\/Nr30XT3sO7OXZAuosCQ8nMXnBaLhwPRpqanr1qHKoayChb77anpYN+EPL54YFjtrTu4g23DzWK5L\/zpn8FmeVS0w\/DPWDMwu121aDnImLhxk1sTEp\/lrON4\/r4DYN+EPH7CtJc6Hxc8y+557LsHbMYdDvWtH8vOnO9mSZqDjGiiAEW1Pz5w0OOR+slAR05uTMRocCCZ6zdZmpo97IfTarV1dIDFrtfjTidpvzUhMW\/X3pzNO56Ud3c8HD4W7JuQx5ePGp+xZiMpXPLZ5+b6BtLaP6LSAzYTBIHZbJjV2q1iscRPmo4CrqftRYeP1f90r\/tFE5fAhj6O2zv1upy8lrj4Xhczgpclx0+B0QZJ8NCK85dwDGN2TKNIUEychio5W3dSVYo\/\/Szu+RfAkrVxs7G6xi3s6Ooq+PAT0QBBT6Em5XO377G1a6mu3XWn2WysrNLEK3sNXUdOHtOsV1p6xubuu9SmZZC4+L9S\/uVlsKu4w2EoK0dFgrvfT1FgMMkbqiNbW1vKgmWgHcWEqdr0TKqwa3Ww2+t+ugey37WRDQpNf2O9ta2d1LK1tSdMmQ3aFwYICg8ecRiMbmF9cUnSy6\/Ckt24zZWGjai5cZP066rguL2js\/DQ0V7bJBVLT515yrL3PviKzSzxeXJUPqrEhI8w\/f8SRQXKYTSqb96OHTvJc7+py1ZTLZP1ZnFM7HMTAfsBgozV6zHLUxFGm05XeemqbNgYQJ7Hl4YOy9u9j3ZX2nD\/V5T8w1HjG38TunuCY1jjb0LxwDDQcncaldNf6cx\/sofGHQ5dVk7Kq0uFAb1f7N1+xUGh+uJSEjHvVnzCZktjo3x0NIxagEA4IBgo3VgwYIMMxayNW5hHRtyJ1d29Lx8NJ0500zIp1iyVMafBaTYXHTkuGhhKipEV8cAw9Xe3qCo2rbbo6AnZUJjKEkFk8dET5oanYnlOkzl\/7weiIMC+6\/5v8QpTXb3bhcNoyt2xh\/Te04ooMCR3225qdL+rtCzlNfg3p6fGvZKjQkWSWvcJm9U3b0mCgYCreHB47rbdzZIYWik\/f8mThYQKqGhAcN3d+9TDkHu01ta2uAlTqJK9rsdFvwheTRvKK1SLV4BmpeEjqfmZmM2Ws3WXNHQYKCwKDKn+5qZd10GdJ4IgOvMLUAdrMX9I8aefkZtyc2OjbBickAR6pDVKQ4Y13P+N9I7Z7QUfHfZ8VXZ7aRJKSMter3ifzZjNlrF2Izj42LGTNHIFcwzl5y6ilhwa0H\/7UTntZTDMVHH52t\/qdlMAlZ7WEiOXBA8FjeRt30OO2mE0Kqe\/LAoKASXFg8I1cfGY3U7Kk5W6O3clIbD9hyPHUTfl6pu3QOPdbHw4arxd\/yRVw6brkIYO76Yuu5g8Khqz2cgReb3ifTZr0zPjX5gJjkq1YBlzD+AwmVLmLwHle9wYIMjfd8DeQU8dxh3O+EnIC7AeeRENDAXT0xwGQ8HHh0FTogHBusxs1zkKw0w1auX0l0ExYYBAPmp8a3wigePMabZptXm798OKPH7Ka09dlGau3yQfM+FJiYpmuTsUDx7yRPJPreL\/nqB2oOqrGyi\/PW0vPHiEatnrdS+zGXc6Ky9dBZcQUVBo+bkLzAFo4uK9cjITujIhR9Xduct00ZaUgsJdGjJMHhUdO2YCtUjDkEtR6tJV5sYmpgtTXX385Bmgl4RpL7nDF+2p6clzF4EyosBg5cy5mlgFSGWCIPQFhYoJU0FdV5rRT\/eYXSJbMKs1dekqlG7+3gOkJLOC2WwJiK+fKCj04chxVNxix0x4OHIcypEkOLI9WcV04cUWL7PZ0tSctXEzOB5JyFBDBf35HMxmL\/70pHgwnG4G2mFpTJqzoAs6L+ftgBMgRQOC83a+3ySSNEtl1JI4G062FA0ILj93kRaacE9G4+9CcHMl5PErL1\/HMaxZHIMy687hZMkoxDGs9tYdlH35qPE2xiabSpGuomJUQp94UDg1dkHVctfbVWkowBNnz6+9dYeKW7NUVnjwCEpetXgF7VzLdOdhi5fZ3J6SCoeoePz0N95iLjyGyqrUZavB8cdEjG4SSVtkclrJ3\/8huD0VBYU+2neAuS0zqWsV0fD5L3bspBZZLA1BU129fMwEsEuxYye1xitp8u6P6W+8BarIhj\/XVVKq\/uHHuOdfAAWEPH7Whs3smWuY1Zq2Yg1KvYj1MROCIAoPIoPEqUtXUWMXzKHl7doL+w0QlBw\/xTwNZ7+9FSVffu4Cuy+m9562eJPNmNVacfEqaglpiZEzO9cskaGiVLnb9jDZj9nsj\/bsFw0AnpuQDY1qEgHnZfX3t6VhI0CI01etszC2Dervb4MBGVeK2dqN4OpibmxEnWJjx01OW7aaZduav+8D5kafBpShshoV8xEFCGgxaZouZrOBGz83ILW375CREJoiQRDm+oa4518EoYsdM6FZ+pCmYlKrH46Ab87jxr2AWghoRjz56E02WzWtqkVwiEoeFc2kpsNgLDpyHARLGCBoVwG5\/J2PC5PmLARV4l+cxcxmxKzWrI1bwC+YhB9RepJ+KYXZ7Blr4ICMhB9RduZLEOvSU2fALrE3SgQRRUeO2zv1oE1qY9FRBEo8fvrq9ewLXv3PD1DdUEyapi8qoTqi1dU3b6EXgrXMLI6q6zckggjQXea6t5kLB82d5x+9yWZtRpZ4EHz\/VHzsJLOvJnWtEvHYrGLydJxxtHdtH3\/8X0z4SBCvkuOnmC50mdkJ0+AYQuzYSdrUdJqKNiMr\/sVZoP246CntqjSaPEEQDoOB5XwGmhLy+NKQoSXHTtn1f09lR1eXPAq+ihIFhdbducuyuGI2e\/qb8BZIyOPn7\/\/Q3kGPapMDdBpNWZu2uu65GPdTroXgs89py5PDYHRtt6DLQonAtRAwJ5T05a2KN9lccOAQc+SumQsf2ZELJJo0S2TgzZnr5HTpGnOENq3u0Xv\/Bl2IAkOYW0\/c6ay+fkMaAl9SpK1YQ3tGA8ewykvXwE25MECQvmodM7xIEERLjFw8GHqoKUAQO26yfEw0OMGxz01kOfZRx970uwgcspDHj58yq6uE7Za489Fj1KWsbGhU\/f0HNEZS\/WrTMxOmvgS6di0EjCdo2pJVCkSemStHhSFP9eWtutfY7DRbUPdP6W+st7U\/SZ0hu56zZScIVkxklLGqmhQjK\/qiYtQqmLp0FXOJsrRosjfvAF0Iefyab78nLbsrLAEZ8cCw6q+\/pcm7P+Zu34Pax1devl76+Vnw6yQNGVZx8QpokNbIsrg+PnCQfaNS9sWXqC27auHrhnJkXr\/ri331azEf3ja4FgLzU88c4BhWfvYCHJv6cyFgnhdpw\/TKR6+xueH+ryy8YT7R4DAY4cHz+FmbtpK5YOQg3dsMcJ0T8vhN0DP9uqwcVCRbNCCY+SPrCsggcpIkwZGW5hayM2TFUF6B2skkzp7fVVrWkf8YlRyS\/c62v306Wl9UjAqwyIaNaXjwO8viamtrS1+5FpwU1ws3Dh1lfv\/Jcbm+2KjoBI+vvvlUzsmf58XGzHWbUL5qbtAXDtKRdyveYTPudKYshB+4iJ80XQe926Hq2tfg4EVBofX3fmEmWmBWa\/qqdaCKfMwEh\/GvTEgSHcxur76OvMTK2bKLlHRXMJut8hLy9jtrw7s0eddHHFffvB0TCeTmiwJD8nbtJXAcx7CkefCNSeKsebrsXMAs2YTjFRevoCISqsUrDBWVpCyzopErUBEJeVR0q4ItBVyblhGLCFNKBBH0vGecaFUmyaPgsGZMxChLo6fPKDBHB7Z4h82djwtQv2g5W3dZW9tovp0WSwLisJUw\/ZXOgkKaPEEQhsoqMeK8XPDxYWZig12vVy1ZCbJfFBjivmqmerG2tqqWwAEZYYAAfALK3qnP3fEe+HMhDR3eLI5x26+4cAXsRkz4SNcdHgbcY7sVbTpd+ur1oK54UHjR4WPM7zw5IsxqKz11BhU3VC1ewfz+P9G1211fbOg8J+TxH+3aR0q6K5jFUn72Ako+d8tTTxvQdL370TtsLjl+ShQIpNFIw0dUf\/0d89ewNSkFNfg\/D9r0RAuCIEpOnAbnVRo2XBMXz3TRkfsIFS1SzppHMJ4B0aZloMLM8S\/MZF7KEAShy8pWzngF7FXClNlkFNlQUQlGBoQ8fsFHn1Dze2hT25qgVEyEb7NdiyvrI4bG6pq05W+AfRPy+KgzgLsD9s7O5PmLYd0Bwcy7Q6tGk\/IqMtPGP+c\/d8+9wGarphU1mD+Tvh\/TJokgCFRoQjY0yrVcMWJzmMX6cNR4EN\/UJStN6lqmC5anJCouXmXKu5IeGaEod0vp6bNMedzhqLl5C7X1Lzn5BamCY1jiy6+BxpPnLkS9jROz2cvOfIm6NFEtWu40mUgX9AqOtyqUqGwTCT\/Cxvi1pFrQpmWgHodJnreYudtuS0pB4aCcPgdjfesS1a\/ndS+wuUksBQOiogHB2e9sY\/4ammrrUEl2SXMXdpWUMUfVLI0B2SDk8ctOn2VeH+BOJyrsL+FHVF\/7pkUWSysxEaNAF+LBQwylQJesbW3Z72wDVYQ8vrn+qUT7yivXQUnxwLAmkdTS3MIsupy81NeRi2tM+EjF5BnIMmk6S\/aPeHC4YvJ0pO7kGaj7PCGPn7fzfRpuLbLYzLVvg6MT8vjl5y8xZ9N3LZ6yGbPbCz8+Am8zQoaB7+ervf0TfHIKCsl\/\/z\/Mrz7udGZvgm\/\/RYEhionTkl9bQiuoSxkU6N5tT1+5ljZhZnUtarXzrmu3NdHAMNRGzhfuemez+OhxpxH980JDsHsfPWVzV2kZ6vURiugpzPOfw2DM3fEeKkALJloYyitQgbPe4cjUkiACq0xJd4soMASVXiIMEDT+Tn8FKGaxpix8HWWN2S4KCkVF1pnCtBbxoPC83fuQrwBF7Kb+MhIgSJzZs5ca9\/pb2ufYjON4w29\/oH6jCz86zPxG6bJzUS+BVs6YA76cvOrqV+AFBG0WyY8SQWQ86sFmaC4TZ83LeRd5yUKaJSuioNDSk2dix04mW6gVxaRp1Iem3AjgTmfFl5epYuz1vD37Ki70QJ60JgoMKTl20qSuQ0UzSEmwkrFmY8OD38E\/gY2SkGFlX5wH\/\/S3jX2OzXa9\/vGBQ8IA+P3k+hJ6RguOYTXf\/YAKNRRDiRb2jg5XWB4RLWJCJhFEVly4Uvb5OeafwJaEqbNblUmN6NtjmpZ48JDKK9dblcng5krI4xceOgq+m6s9NQ2VYUJz8ej9f9vatZq4+J7+YrheQvDJp\/bOTptWh4o003xRP6YuXdn5uNDc0EhtZKlL+BFV1284TWbUEYVFV8jj9zk2G6tqUOe55FeXMBdmq6Y1Z8su1CAN0P+10Z6Ugnqmg2lHPDC05NhJp8mkLyxi\/pXZEjt2siutEccdXV1ixLPQVC3xoLDKy9cwqzV3K\/yKTklwpEaRwIzJuN64XKNWLYYvmKgust\/Z7r4g1BcVs7yhmapC1nO373Fv7ZwmU97ufWR7dyrKGa\/osnPcU5YwFfHKDsovm2hgaNkX59z32xnrNnbHBU2mz7G58dc\/4FUzQAD+FxAduY9QO+DUxSuY7McdzooLV7q5M5MIIgo\/PuxwP56J41kbNoO7cxLT2DETXAlozr9ePlR46L+ocJhbJWbIqLLTZ51Go7W1DRWQSl26CswwcaXaGY2uxE70j4x4UHjm+ndMNWo3Dq5k8QtXurnFEgWGZLz51pPlAMfbk1WuxybQ7kgchDy+YuI0zcM4Ev\/6+w\/YH2t1Q03+1y2tCYmo3SbVC63e59hccuK0cuYcZklZsMzaoiHRcVdcTxNJZMpZc5nyyplzmoRimjxBELZ210snQHlmY8GBQyS+rrWwti53666kOQuYksqZcxJnzVN\/f4uaPWJpbsnf\/2HyvMWw\/Ox55ecvubNHNHHxsMysuVVXvqKl4zwZFI43S2XJ8xH2Z83N2bJTX1BIXdetmtayL85nrtuU8eZb7CV3+57O\/Kfi+k6zpeH+r9mbtma8uYFdN+PNDa5jKyXG7zSZK85dVC1aDg5TOXPO4\/98TD3fO02m6q+\/Uy1ZqZwJTy5op+r6N0isnqDWs5pHMY2uktKOnDxm6SopZYaZCRw3NzQyhd0t4F2A02LpKitHqdDaqVR2YYDjdl2HvqCIJvbXx7x8jPZqVxx36Lv0xSUI+Uck9JamJpQM8\/xHnQ17Z6e+oBDWzX3kSn6nUMqtiNls1tY2S1Mze3ElTjB0cafTrtO5Itns6s0tzKio02IxVFTCXc3Jo+dpEARmtRqrqjtyATKgjJgbGpl+qXD1ou4Rm3vhj1PhEPAdAhybfYctZ9nfCHBs9jfinD\/fIcCx2XfYcpb9jQDHZn8jzvnzHQIcm32HLWfZ3whwbPY34pw\/3yHAsdl32HKW\/Y0Ax2Z\/I8758x0CHJt9hy1n2d8IcGz2N+KcP98hwLHZd9hylv2NAMdmfyPO+fMdAhybfYctZ9nfCHBs9jfinD\/fIcCx2XfYcpb9jQDHZn8jzvnzHQIcm32HLWfZ3whwbPY34pw\/3yHAsdl32HKW\/Y0Ax2Z\/I8758x0C\/we+lPgAK4XlLQAAAABJRU5ErkJggg==' alt='' \/><\/p>\n<p style='text-align: center;'>\n<p style='text-align: left;'><span style='font-family: helvetica&comma; arial&comma; sans-serif;'><strong>Martillo Rotatorio HR2475<\/strong><\/span><\/p>\n<p><span style='font-family: helvetica&comma; arial&comma; sans-serif;'>Gran duraci\u00f3n en partes mec\u00e1nicas&comma; motor y carb\u00f3n.<\/span><\/p>\n<ul>\n<li><span style='font-family: helvetica&comma; arial&comma; sans-serif;'>3 Modos de operaci\u00f3n: s\u00f3lo percusi\u00f3n&comma; percusi\u00f3n con rotaci\u00f3n y s\u00f3lo rotaci\u00f3n.<\/span><\/li>\n<li><span style='font-family: helvetica&comma; arial&comma; sans-serif;'>Empu\u00f1adura ergon\u00f3mica en forma de D con neopreno que provee mayor confort y control minimizando la fatiga y dolor de la mano del operador. <\/span><\/li>\n<li><span style='font-family: helvetica&comma; arial&comma; sans-serif;'>Broquero deslizable de un toque para f\u00e1cil cambio de punta.<\/span><\/li>\n<\/ul>\n<p><span style='font-family: helvetica&comma; arial&comma; sans-serif;'><strong>Esmeriliadora Angular 9557NB<\/strong><\/span><\/p>\n<p><span style='font-family: helvetica&comma; arial&comma; sans-serif;'>Motor de gran eficiencia suficiente para corte en concreto y alta resistencia al calor<\/span><\/p>\n<ul>\n<li><span style='font-family: helvetica&comma; arial&comma; sans-serif;'>Construcci\u00f3n de laberinto que protege todos los rodamientos del polvo y restos de material.<\/span><\/li>\n<li><span style='font-family: helvetica&comma; arial&comma; sans-serif;'>Cuerpo de peque\u00f1a circunferencia para una f\u00e1cil manipulaci\u00f3n<\/span><\/li>\n<\/ul>\n<p style='text-align: center;'>\n<p style='text-align: center;'><img class='fr-fic fr-dii' src='https:\/\/ftp3.syscom.mx\/usuarios\/fotos\/HR2475X4\/206234-spe.jpg' alt='' width='685' height='293' \/><\/p>\n","protected":false},"excerpt":{"rendered":"<p>Kit de Martillo Rotatorio SDS PLUS HR2475X4  y Esmeriladora Angular 9557NB de 4-1\/2 in<\/p>\n","protected":false},"featured_media":39947,"comment_status":"open","ping_status":"closed","template":"","meta":[],"product_brand":[],"product_cat":[1057],"product_tag":[1058,1059,252],"class_list":{"0":"post-39948","1":"product","2":"type-product","3":"status-publish","4":"has-post-thumbnail","6":"product_cat-herramientas-electrica-cableada","7":"product_tag-ferreteria","8":"product_tag-herramientas-electrica-cableada","9":"product_tag-makita","11":"first","12":"outofstock","13":"sale","14":"shipping-taxable","15":"purchasable","16":"product-type-simple"},"_links":{"self":[{"href":"https:\/\/soydeaqui.ddns.net\/pachuca\/index.php\/wp-json\/wp\/v2\/product\/39948","targetHints":{"allow":["GET"]}}],"collection":[{"href":"https:\/\/soydeaqui.ddns.net\/pachuca\/index.php\/wp-json\/wp\/v2\/product"}],"about":[{"href":"https:\/\/soydeaqui.ddns.net\/pachuca\/index.php\/wp-json\/wp\/v2\/types\/product"}],"replies":[{"embeddable":true,"href":"https:\/\/soydeaqui.ddns.net\/pachuca\/index.php\/wp-json\/wp\/v2\/comments?post=39948"}],"wp:featuredmedia":[{"embeddable":true,"href":"https:\/\/soydeaqui.ddns.net\/pachuca\/index.php\/wp-json\/wp\/v2\/media\/39947"}],"wp:attachment":[{"href":"https:\/\/soydeaqui.ddns.net\/pachuca\/index.php\/wp-json\/wp\/v2\/media?parent=39948"}],"wp:term":[{"taxonomy":"product_brand","embeddable":true,"href":"https:\/\/soydeaqui.ddns.net\/pachuca\/index.php\/wp-json\/wp\/v2\/product_brand?post=39948"},{"taxonomy":"product_cat","embeddable":true,"href":"https:\/\/soydeaqui.ddns.net\/pachuca\/index.php\/wp-json\/wp\/v2\/product_cat?post=39948"},{"taxonomy":"product_tag","embeddable":true,"href":"https:\/\/soydeaqui.ddns.net\/pachuca\/index.php\/wp-json\/wp\/v2\/product_tag?post=39948"}],"curies":[{"name":"wp","href":"https:\/\/api.w.org\/{rel}","templated":true}]}}