{"id":39944,"date":"2026-03-18T17:34:40","date_gmt":"2026-03-18T17:34:40","guid":{"rendered":"https:\/\/soydeaqui.ddns.net\/pachuca\/index.php\/producto\/cortadora-d-varilla-cap-corte-1-8in-1in-2200-rpm-m-bl-li-ion-s-bat-y-carg-c-maletin-18v\/"},"modified":"2026-03-18T17:34:40","modified_gmt":"2026-03-18T17:34:40","slug":"cortadora-d-varilla-cap-corte-1-8in-1in-2200-rpm-m-bl-li-ion-s-bat-y-carg-c-maletin-18v","status":"publish","type":"product","link":"https:\/\/soydeaqui.ddns.net\/pachuca\/index.php\/producto\/cortadora-d-varilla-cap-corte-1-8in-1in-2200-rpm-m-bl-li-ion-s-bat-y-carg-c-maletin-18v\/","title":{"rendered":"CORTADORA D\/VARILLA CAP.CORTE 1\/8IN-1IN 2200 RPM M\/BL LI-ION S\/BAT Y CARG C\/MALETIN 18V"},"content":{"rendered":"<div style='width: 100%; max-width: 1200px; margin: 0 auto; font-family: sans-serif; line-height: 1.6; color: inherit; background-color: transparent;'>\n<div style='display: flex; flex-wrap: wrap; gap: 30px; margin-bottom: 30px;'>\n<div style='flex: 1 1 300px; min-width: 280px;'>\n<h3 style='font-size: 22px; border-bottom: 2px solid currentColor; padding-bottom: 5px; margin-top: 0; color: inherit; opacity: 0.8;'>Caracter\u00edsticas<\/h3>\n<ul style='padding-left: 20px; font-size: 15px; color: inherit;'>\n<li style='margin-bottom: 5px;'>Cortadora de varilla a bater\u00eda de 18V litio-ion con motor BL sin escobillas.<\/li>\n<li style='margin-bottom: 5px;'>Sistema de control de velocidad autom\u00e1tico&comma; cambia la velocidad de corte ajust\u00e1ndose a la carga de trabajo.<\/li>\n<li style='margin-bottom: 5px;'>Soporta grandes cargas de trabajo protegiendo la herramienta.<\/li>\n<li style='margin-bottom: 5px;'>Corte mediante disco de corte en frio de 110mm.<\/li>\n<li style='margin-bottom: 5px;'>Con una capacidad de corte de 10 a 25 mm de varilla&comma; dejando un corte de 3&comma;5 mm de altura.<\/li>\n<li style='margin-bottom: 5px;'>Cubierta de la base protegida contra abrasiones durante el corte.<\/li>\n<li style='margin-bottom: 5px;'>Cuerpo estrecho y ergon\u00f3mico recubierto de elast\u00f3mero antideslizante para un agarre mas c\u00f3modo.<\/li>\n<li style='margin-bottom: 5px;'>La empu\u00f1adura auxiliar puede colocarse en tres posiciones distintas seg\u00fan el trabajo a desempe\u00f1ar.<\/li>\n<\/ul><\/div>\n<\/p><\/div>\n<div style='display: flex; flex-wrap: wrap; gap: 20px; margin-bottom: 30px;'>\n<div style='flex: 1 1 250px; border: 1px solid rgba(150&comma; 150&comma; 150&comma; 0.4); border-radius: 8px; overflow: hidden; display: flex; flex-direction: column;'>\n<div style='padding: 15px; border-bottom: 1px solid rgba(150&comma; 150&comma; 150&comma; 0.2); font-weight: bold; font-size: 18px; color: inherit;'>Especificaciones<\/div>\n<div style='padding: 15px; color: inherit;'>\n<ul style='padding-left: 20px; margin: 0; font-size: 14px; list-style-type: disc;'>\n<li style='margin-bottom: 5px;'><strong>Tensi\u00f3n:<\/strong> D.c. 18 V.<\/li>\n<li style='margin-bottom: 5px;'><strong>Peso:<\/strong> 4.0 Kg.<\/li>\n<li style='margin-bottom: 5px;'><strong>Dimensiones (Largo x ancho x alto):<\/strong> 741 mm x 137 mm x 139 mm.<\/li>\n<li style='margin-bottom: 5px;'><strong>Capacidad de corte de una varilla corrrugada:<\/strong> De \u03c610 a \u03c625 mm.<\/li>\n<li style='margin-bottom: 5px;'><strong>Velocidad en vac\u00edo:<\/strong> 2200 min<sup>-1<\/sup>.<\/li>\n<li style='margin-bottom: 5px;'><strong>Di\u00e1metro externo del disco:<\/strong> 110 mm\/4&comma;3&#8242;.<\/li>\n<li style='margin-bottom: 5px;'><strong>Di\u00e1metro interior de disco:<\/strong> 15 mm.<\/li>\n<li style='margin-bottom: 5px;'><strong>R.p.m:<\/strong> 2 200 rpm.<\/li>\n<\/ul><\/div>\n<\/p><\/div>\n<div style='flex: 1 1 250px; border: 1px solid rgba(150&comma; 150&comma; 150&comma; 0.4); border-radius: 8px; overflow: hidden; display: flex; flex-direction: column;'>\n<div style='padding: 15px; border-bottom: 1px solid rgba(150&comma; 150&comma; 150&comma; 0.2); font-weight: bold; font-size: 18px; color: inherit;'>Bater\u00eda y Cargador<\/div>\n<div style='padding: 15px; color: inherit;'>\n<ul style='padding-left: 20px; margin: 0; font-size: 14px; list-style-type: disc;'>\n<li style='margin-bottom: 5px;'><strong>Bater\u00eda:<\/strong> <a style='color: #2880b9; text-decoration: none;' href='https:\/\/www.syscom.mx\/producto\/BL1830B-MAKITA-208127.html' target='_blank' rel='noopener'>BL1830B<\/a> \/ BL1840B \/ <a style='color: #2880b9; text-decoration: none;' href='https:\/\/www.syscom.mx\/producto\/BL-1850-B-MAKITA-186538.html' target='_blank' rel='noopener'>BL1850B<\/a> \/ <a style='color: #2880b9; text-decoration: none;' href='https:\/\/www.syscom.mx\/producto\/BL-1860-B-MAKITA-207590.html' target='_blank' rel='noopener'>BL1860B<\/a><\/li>\n<li style='margin-bottom: 5px;'><strong>Cargador:<\/strong> <a style='color: #2880b9; text-decoration: none;' href='https:\/\/www.syscom.mx\/producto\/DC18RC-MAKITA-186539.html' target='_blank' rel='noopener'>DC18RC<\/a> \/ DC18RD \/ DC18RE \/ DC18SE \/ DC18SF \/ <a style='color: #2880b9; text-decoration: none;' href='https:\/\/www.syscom.mx\/producto\/DC18SD-MAKITA-186534.html' target='_blank' rel='noopener'>DC18SD<\/a><\/li>\n<\/ul><\/div>\n<\/p><\/div>\n<div style='flex: 1 1 250px; border: 1px solid rgba(150&comma; 150&comma; 150&comma; 0.4); border-radius: 8px; overflow: hidden; display: flex; flex-direction: column;'>\n<div style='padding: 15px; border-bottom: 1px solid rgba(150&comma; 150&comma; 150&comma; 0.2); font-weight: bold; font-size: 18px; color: inherit;'>Incluye<\/div>\n<div style='padding: 15px; color: inherit;'>\n<ul style='padding-left: 20px; margin: 0; font-size: 14px; list-style-type: disc;'>\n<li style='margin-bottom: 5px;'>Disco de corte.<\/li>\n<li style='margin-bottom: 5px;'>Adaptador para disco de corte.<\/li>\n<\/ul><\/div>\n<\/p><\/div>\n<\/p><\/div>\n<div style='display: flex; flex-wrap: wrap; gap: 30px; margin-bottom: 30px;'>\n<div style='flex: 1 1 300px; min-width: 280px;'> <img style='width: 100%; height: auto; border: 1px solid rgba(150&comma;150&comma;150&comma;0.3); border-radius: 8px;' src='https:\/\/ftp3.syscom.mx\/usuarios\/fotos\/DSC251ZK\/206392-logo.png' alt=''> <\/div>\n<div style='flex: 1 1 300px; min-width: 280px;'> <img style='width: 100%; height: auto; border: 1px solid rgba(150&comma;150&comma;150&comma;0.3); border-radius: 8px;' src='https:\/\/ftp3.syscom.mx\/usuarios\/fotos\/DSC251ZK\/206392-dsc251zk_imagen_2.jpg.png' alt=''> <\/div>\n<\/p><\/div>\n<hr style='border: 0; border-top: 1px solid rgba(150&comma; 150&comma; 150&comma; 0.3); margin: 30px 0;'> <\/div>\n","protected":false},"excerpt":{"rendered":"<p>CORTADORA D\/VARILLA CAP.CORTE 1\/8IN-1IN 2200 RPM M\/BL LI-ION S\/BAT Y CARG C\/MALETIN 18V<\/p>\n","protected":false},"featured_media":39943,"comment_status":"open","ping_status":"closed","template":"","meta":[],"product_brand":[],"product_cat":[1227],"product_tag":[1058,1228,252],"class_list":{"0":"post-39944","1":"product","2":"type-product","3":"status-publish","4":"has-post-thumbnail","6":"product_cat-herramienta-electrica-a-bateria","7":"product_tag-ferreteria","8":"product_tag-herramienta-electrica-a-bateria","9":"product_tag-makita","11":"first","12":"outofstock","13":"sale","14":"shipping-taxable","15":"purchasable","16":"product-type-simple"},"_links":{"self":[{"href":"https:\/\/soydeaqui.ddns.net\/pachuca\/index.php\/wp-json\/wp\/v2\/product\/39944","targetHints":{"allow":["GET"]}}],"collection":[{"href":"https:\/\/soydeaqui.ddns.net\/pachuca\/index.php\/wp-json\/wp\/v2\/product"}],"about":[{"href":"https:\/\/soydeaqui.ddns.net\/pachuca\/index.php\/wp-json\/wp\/v2\/types\/product"}],"replies":[{"embeddable":true,"href":"https:\/\/soydeaqui.ddns.net\/pachuca\/index.php\/wp-json\/wp\/v2\/comments?post=39944"}],"wp:featuredmedia":[{"embeddable":true,"href":"https:\/\/soydeaqui.ddns.net\/pachuca\/index.php\/wp-json\/wp\/v2\/media\/39943"}],"wp:attachment":[{"href":"https:\/\/soydeaqui.ddns.net\/pachuca\/index.php\/wp-json\/wp\/v2\/media?parent=39944"}],"wp:term":[{"taxonomy":"product_brand","embeddable":true,"href":"https:\/\/soydeaqui.ddns.net\/pachuca\/index.php\/wp-json\/wp\/v2\/product_brand?post=39944"},{"taxonomy":"product_cat","embeddable":true,"href":"https:\/\/soydeaqui.ddns.net\/pachuca\/index.php\/wp-json\/wp\/v2\/product_cat?post=39944"},{"taxonomy":"product_tag","embeddable":true,"href":"https:\/\/soydeaqui.ddns.net\/pachuca\/index.php\/wp-json\/wp\/v2\/product_tag?post=39944"}],"curies":[{"name":"wp","href":"https:\/\/api.w.org\/{rel}","templated":true}]}}