{"id":39938,"date":"2026-03-18T17:34:32","date_gmt":"2026-03-18T17:34:32","guid":{"rendered":"https:\/\/soydeaqui.ddns.net\/pachuca\/index.php\/producto\/llave-impacto-1-2in-v-v-r-0-1800-0-2600-0-3500-ipm-280-n-m-m-bl-ind-bat-li-ion-s-bat-y-carg-c-luzfreno-18v\/"},"modified":"2026-03-18T17:34:32","modified_gmt":"2026-03-18T17:34:32","slug":"llave-impacto-1-2in-v-v-r-0-1800-0-2600-0-3500-ipm-280-n-m-m-bl-ind-bat-li-ion-s-bat-y-carg-c-luzfreno-18v","status":"publish","type":"product","link":"https:\/\/soydeaqui.ddns.net\/pachuca\/index.php\/producto\/llave-impacto-1-2in-v-v-r-0-1800-0-2600-0-3500-ipm-280-n-m-m-bl-ind-bat-li-ion-s-bat-y-carg-c-luzfreno-18v\/","title":{"rendered":"LLAVE IMPACTO 1\/2IN V.V.R. 0-1800 0-2600 0-3500 IPM 280 N.M M\/BL IND BAT LI-ION S\/BAT Y CARG C\/LUZFRENO 18V"},"content":{"rendered":"<div style='width: 100%; max-width: 1200px; margin: 0 auto; font-family: sans-serif; line-height: 1.6; color: inherit; background-color: transparent;'> <!-- Logo del producto --> <\/p>\n<div style='width: 100%; margin-bottom: 30px;'> <img style='width: 100%; height: auto; border: 1px solid rgba(150&comma;150&comma;150&comma;0.3); border-radius: 8px;' src='https:\/\/ftp3.syscom.mx\/usuarios\/fotos\/DTW285Z\/206182-logo.png' alt=''> <\/div>\n<p> <!-- Caracter\u00edsticas destacadas --> <\/p>\n<div style='display: flex; flex-wrap: wrap; gap: 30px; margin-bottom: 30px;'>\n<div style='flex: 1 1 300px; min-width: 280px;'>\n<h3 style='font-size: 22px; border-bottom: 2px solid currentColor; padding-bottom: 5px; margin-top: 0; color: inherit; opacity: 0.8;'>Caracter\u00edsticas destacadas<\/h3>\n<ul style='padding-left: 20px; font-size: 15px; color: inherit;'>\n<li style='margin-bottom: 5px;'>La energ\u00eda producida es m\u00e1s eficiente y proporciona mayor potencia y duraci\u00f3n con el mismo amperaje<\/li>\n<li style='margin-bottom: 5px;'>Funci\u00f3n Auto Stop en modo inverso para desatornillar<\/li>\n<li style='margin-bottom: 5px;'>Velocidad variable. Detiene la m\u00e1quina 0&comma;2 segundos despu\u00e9s de que el sistema de impacto deja de actuar<\/li>\n<li style='margin-bottom: 5px;'>Luz LED para mejor visibilidad en lugares con baja luminosidad<\/li>\n<li style='margin-bottom: 5px;'>Anillo fosforescente&comma; ayuda a ver la m\u00e1quina en la oscuridad<\/li>\n<li style='margin-bottom: 5px;'>Indicador de bater\u00eda:<\/li>\n<\/ul>\n<ul style='padding-left: 40px; font-size: 15px; color: inherit; list-style-type: circle;'>\n<li style='margin-bottom: 5px;'>3 luces: m\u00e1s del 50%<\/li>\n<li style='margin-bottom: 5px;'>2 luces: entre el 20% y el 50%<\/li>\n<li style='margin-bottom: 5px;'>1 luz: menos del 20%<\/li>\n<\/ul>\n<ul style='padding-left: 20px; font-size: 15px; color: inherit;'>\n<li style='margin-bottom: 5px;'>Empu\u00f1adura antideslizante&comma; mejor agarre para mayor control&comma; reduciendo la fatiga y el dolor en la mano<\/li>\n<li style='margin-bottom: 5px;'>Gancho para cintur\u00f3n<\/li>\n<li style='margin-bottom: 5px;'>Protecci\u00f3n XPT&comma; para aplicaciones en exterior. Protege la herramienta de polvo y lluvia<\/li>\n<\/ul><\/div>\n<\/p><\/div>\n<p> <!-- Especificaciones --> <\/p>\n<div style='display: flex; flex-wrap: wrap; gap: 20px; margin-bottom: 30px;'>\n<div style='flex: 1 1 250px; border: 1px solid rgba(150&comma; 150&comma; 150&comma; 0.4); border-radius: 8px; overflow: hidden; display: flex; flex-direction: column;'>\n<div style='padding: 15px; border-bottom: 1px solid rgba(150&comma; 150&comma; 150&comma; 0.2); font-weight: bold; font-size: 18px; color: inherit;'>Especificaciones<\/div>\n<div style='padding: 15px; color: inherit;'>\n<ul style='padding-left: 20px; margin: 0; font-size: 14px; list-style-type: disc;'>\n<li style='margin-bottom: 5px;'><strong>Tensi\u00f3n de la bater\u00eda:<\/strong> 18 V<\/li>\n<li style='margin-bottom: 5px;'><strong>Tipo de bater\u00eda:<\/strong> LXT<\/li>\n<li style='margin-bottom: 5px;'><strong>Motor:<\/strong> BL<\/li>\n<li style='margin-bottom: 5px;'><strong>R.p.m alta:<\/strong> 0 &#8211; 2.800 Rpm<\/li>\n<li style='margin-bottom: 5px;'><strong>R.p.m media:<\/strong> 0 &#8211; 2.100 Rpm<\/li>\n<li style='margin-bottom: 5px;'><strong>R.p.m baja:<\/strong> 0 &#8211; 1.600 Rpm<\/li>\n<li style='margin-bottom: 5px;'><strong>I.p.m alta:<\/strong> 0 &#8211; 3.500 ipm<\/li>\n<li style='margin-bottom: 5px;'><strong>I.p.m media:<\/strong> 0 &#8211; 2.600 ipm<\/li>\n<li style='margin-bottom: 5px;'><strong>I.p.m baja:<\/strong> 0 &#8211; 1.800 ipm<\/li>\n<li style='margin-bottom: 5px;'><strong>Par m\u00e1x. de apriete:<\/strong> 280 Nm<\/li>\n<li style='margin-bottom: 5px;'><strong>Capacidad m\u00e1x de tornillo:<\/strong> M10 &#8211; M20<\/li>\n<li style='margin-bottom: 5px;'><strong>Inserci\u00f3n:<\/strong> 1\/2&#8242;<\/li>\n<li style='margin-bottom: 5px;'><strong>Dimensiones (LxAxA):<\/strong> 147 x 79 x 249 mm<\/li>\n<li style='margin-bottom: 5px;'><strong>Peso segun EPTA:<\/strong> 1.8 Kg<\/li>\n<li style='margin-bottom: 5px;'><strong>Emisi\u00f3n de vibraci\u00f3n:<\/strong> 11.50 m\/seg\u00b2<\/li>\n<li style='margin-bottom: 5px;'><strong>Incertidumbre (K) de vibraci\u00f3n:<\/strong> 1&comma;50 m\/seg\u00b2<\/li>\n<li style='margin-bottom: 5px;'><strong>Presi\u00f3n sonora:<\/strong> 96&comma;00 dB(A)<\/li>\n<li style='margin-bottom: 5px;'><strong>Potencia sonora:<\/strong> 107&comma;00 dB(A)<\/li>\n<li style='margin-bottom: 5px;'><strong>Incertidumbre (K) sonora:<\/strong> 3&comma;00 dB(A)<\/li>\n<\/ul><\/div>\n<\/p><\/div>\n<\/p><\/div>\n<p> <!-- Nota importante --> <\/p>\n<div style='margin-bottom: 30px; padding: 15px; border-left: 4px solid rgba(255&comma; 0&comma; 0&comma; 0.5); background-color: rgba(255&comma; 0&comma; 0&comma; 0.05); color: inherit;'>\n<p style='margin: 0; font-weight: bold; font-size: 15px;'><em>NO incluye bater\u00edas&comma; cargador y malet\u00edn.<\/em><\/p>\n<\/p><\/div>\n<p> <!-- Imagen principal del producto --> <\/p>\n<div style='width: 100%; margin-bottom: 30px;'> <img style='width: 100%; height: auto; border: 1px solid rgba(150&comma;150&comma;150&comma;0.3); border-radius: 8px;' src='https:\/\/ftp3.syscom.mx\/usuarios\/fotos\/DTW285Z\/206182-imagen.jpg' alt=''> <\/div>\n<\/p><\/div>\n","protected":false},"excerpt":{"rendered":"<p>LLAVE IMPACTO 1\/2IN V.V.R. 0-1800 0-2600 0-3500 IPM 280 N.M M\/BL IND BAT LI-ION S\/BAT Y CARG C\/LUZFRENO 18V<\/p>\n","protected":false},"featured_media":32,"comment_status":"open","ping_status":"closed","template":"","meta":[],"product_brand":[],"product_cat":[1057],"product_tag":[1058,1059,252],"class_list":{"0":"post-39938","1":"product","2":"type-product","3":"status-publish","4":"has-post-thumbnail","6":"product_cat-herramientas-electrica-cableada","7":"product_tag-ferreteria","8":"product_tag-herramientas-electrica-cableada","9":"product_tag-makita","11":"first","12":"outofstock","13":"sale","14":"shipping-taxable","15":"purchasable","16":"product-type-simple"},"_links":{"self":[{"href":"https:\/\/soydeaqui.ddns.net\/pachuca\/index.php\/wp-json\/wp\/v2\/product\/39938","targetHints":{"allow":["GET"]}}],"collection":[{"href":"https:\/\/soydeaqui.ddns.net\/pachuca\/index.php\/wp-json\/wp\/v2\/product"}],"about":[{"href":"https:\/\/soydeaqui.ddns.net\/pachuca\/index.php\/wp-json\/wp\/v2\/types\/product"}],"replies":[{"embeddable":true,"href":"https:\/\/soydeaqui.ddns.net\/pachuca\/index.php\/wp-json\/wp\/v2\/comments?post=39938"}],"wp:featuredmedia":[{"embeddable":true,"href":"https:\/\/soydeaqui.ddns.net\/pachuca\/index.php\/wp-json\/wp\/v2\/media\/32"}],"wp:attachment":[{"href":"https:\/\/soydeaqui.ddns.net\/pachuca\/index.php\/wp-json\/wp\/v2\/media?parent=39938"}],"wp:term":[{"taxonomy":"product_brand","embeddable":true,"href":"https:\/\/soydeaqui.ddns.net\/pachuca\/index.php\/wp-json\/wp\/v2\/product_brand?post=39938"},{"taxonomy":"product_cat","embeddable":true,"href":"https:\/\/soydeaqui.ddns.net\/pachuca\/index.php\/wp-json\/wp\/v2\/product_cat?post=39938"},{"taxonomy":"product_tag","embeddable":true,"href":"https:\/\/soydeaqui.ddns.net\/pachuca\/index.php\/wp-json\/wp\/v2\/product_tag?post=39938"}],"curies":[{"name":"wp","href":"https:\/\/api.w.org\/{rel}","templated":true}]}}