{"id":39929,"date":"2026-03-18T17:34:15","date_gmt":"2026-03-18T17:34:15","guid":{"rendered":"https:\/\/soydeaqui.ddns.net\/pachuca\/index.php\/producto\/gafas-de-seguridad-profesionales-marco-completo-cristales-grises\/"},"modified":"2026-03-18T17:34:19","modified_gmt":"2026-03-18T17:34:19","slug":"gafas-de-seguridad-profesionales-marco-completo-cristales-grises","status":"publish","type":"product","link":"https:\/\/soydeaqui.ddns.net\/pachuca\/index.php\/producto\/gafas-de-seguridad-profesionales-marco-completo-cristales-grises\/","title":{"rendered":"Gafas de seguridad profesionales, marco completo, cristales grises"},"content":{"rendered":"<div style='width: 100%; max-width: 1200px; margin: 0 auto; font-family: sans-serif; line-height: 1.6; color: inherit; background-color: transparent;'>\n<div style='display: flex; flex-wrap: wrap; gap: 30px; margin-bottom: 30px;'>\n<div style='flex: 1 1 300px; min-width: 280px;'>\n<h3 style='font-size: 22px; border-bottom: 2px solid currentColor; padding-bottom: 5px; margin-top: 0; color: inherit; opacity: 0.8;'>Caracter\u00edsticas<\/h3>\n<ul style='padding-left: 20px; font-size: 15px; color: inherit;'>\n<li style='margin-bottom: 5px;'>Gafas de seguridad que brindan cobertura adicional con marco completo; cristales anchos y dise\u00f1o de las patillas para cobertura ajustada en la parte frontal y costados del rostro<\/li>\n<li style='margin-bottom: 5px;'>Protecci\u00f3n superior contra impactos: sometida a pruebas de impacto conforme a las m\u00e1s recientes normas ANSI Z87.1+&comma; CSA Z94.3 y MIL-PRF-32432A (Clase 1-fragmentaci\u00f3n bal\u00edstica) Cl\u00e1usula 3.8.4.1<\/li>\n<li style='margin-bottom: 5px;'>Cristales resistentes a los rayones&comma; con tratamiento especial que ofrece mayor durabilidad para resistir en los lugares de trabajo exigentes<\/li>\n<li style='margin-bottom: 5px;'>Revestimiento duradero y eficaz con caracter\u00edstica antivaho que no se desgasta y funciona incluso con m\u00e1scaras contra polvo<\/li>\n<li style='margin-bottom: 5px;'>Protecci\u00f3n contra rayos UV: sometidos a pruebas de conformidad con la norma ANSI Z87.1 U6; bloquean de manera eficaz el 99.9 % de los nocivos rayos UV<\/li>\n<li style='margin-bottom: 5px;'>Cristales de policarbonato sombreado de alta calidad; sometidos a pruebas para bloquear la cantidad adecuada de luz de forma uniforme y con claridad sin igual<\/li>\n<li style='margin-bottom: 5px;'>Comodidad a largo plazo; dise\u00f1ado con materiales livianos y flexibles para ajustarse a su rostro<\/li>\n<li style='margin-bottom: 5px;'>Ajuste antideslizante&comma; pieza de goma para la nariz y puntas de las patillas que brindan un ajuste y agarre seguros<\/li>\n<li style='margin-bottom: 5px;'>Incluye estuche de almacenamiento de microfibra que funciona como pa\u00f1o para limpiar<\/li>\n<li style='margin-bottom: 5px;'>Cuerda desprendible (Cat. n.\u00ba 60177) y estuche r\u00edgido (Cat. n.\u00ba 60176) opcionales que se venden por separado<\/li>\n<\/ul><\/div>\n<\/p><\/div>\n<div style='display: flex; flex-wrap: wrap; gap: 20px; margin-bottom: 30px;'>\n<div style='flex: 1 1 250px; border: 1px solid rgba(150&comma; 150&comma; 150&comma; 0.4); border-radius: 8px; overflow: hidden; display: flex; flex-direction: column;'>\n<div style='padding: 15px; border-bottom: 1px solid rgba(150&comma; 150&comma; 150&comma; 0.2); font-weight: bold; font-size: 18px; color: inherit;'>Certificaciones<\/div>\n<div style='padding: 15px; color: inherit;'>\n<div style='display: flex; flex-wrap: wrap; gap: 15px; justify-content: flex-start; align-items: center;'>\n<div style='flex: 1 1 100px; min-width: 100px; text-align: center;'> <img style='width: 100%; height: auto; border: 1px solid rgba(150&comma;150&comma;150&comma;0.3); border-radius: 8px;' src='https:\/\/www.kleintools.com.mx\/sites\/default\/files\/product-assets\/icons\/klein\/wp_uv.jpg' alt='uv Product Icon'> <\/div>\n<div style='flex: 1 1 100px; min-width: 100px; text-align: center;'> <img style='width: 100%; height: auto; border: 1px solid rgba(150&comma;150&comma;150&comma;0.3); border-radius: 8px;' src='https:\/\/www.kleintools.com.mx\/sites\/default\/files\/product-assets\/icons\/klein\/wp_milprf_class1.jpg' alt='milprf_class1 Product Icon'> <\/div>\n<div style='flex: 1 1 100px; min-width: 100px; text-align: center;'> <img style='width: 100%; height: auto; border: 1px solid rgba(150&comma;150&comma;150&comma;0.3); border-radius: 8px;' src='https:\/\/www.kleintools.com.mx\/sites\/default\/files\/product-assets\/icons\/klein\/wp_csa_z943.jpg' alt='csa_z943 Product Icon'> <\/div>\n<div style='flex: 1 1 100px; min-width: 100px; text-align: center;'> <img style='width: 100%; height: auto; border: 1px solid rgba(150&comma;150&comma;150&comma;0.3); border-radius: 8px;' src='https:\/\/www.kleintools.com.mx\/sites\/default\/files\/product-assets\/icons\/klein\/wp_ansi_z871.jpg' alt='ansi_z871 Product Icon'> <\/div>\n<\/p><\/div>\n<\/p><\/div>\n<\/p><\/div>\n<\/p><\/div>\n<\/p><\/div>\n","protected":false},"excerpt":{"rendered":"<p>Gafas de seguridad profesionales, marco completo, cristales grises<\/p>\n","protected":false},"featured_media":39928,"comment_status":"open","ping_status":"closed","template":"","meta":[],"product_brand":[],"product_cat":[1133],"product_tag":[1058,432,1134],"class_list":{"0":"post-39929","1":"product","2":"type-product","3":"status-publish","4":"has-post-thumbnail","6":"product_cat-seguridad-personal","7":"product_tag-ferreteria","8":"product_tag-klein-tools","9":"product_tag-seguridad-personal","11":"first","12":"instock","13":"sale","14":"shipping-taxable","15":"purchasable","16":"product-type-simple"},"_links":{"self":[{"href":"https:\/\/soydeaqui.ddns.net\/pachuca\/index.php\/wp-json\/wp\/v2\/product\/39929","targetHints":{"allow":["GET"]}}],"collection":[{"href":"https:\/\/soydeaqui.ddns.net\/pachuca\/index.php\/wp-json\/wp\/v2\/product"}],"about":[{"href":"https:\/\/soydeaqui.ddns.net\/pachuca\/index.php\/wp-json\/wp\/v2\/types\/product"}],"replies":[{"embeddable":true,"href":"https:\/\/soydeaqui.ddns.net\/pachuca\/index.php\/wp-json\/wp\/v2\/comments?post=39929"}],"wp:featuredmedia":[{"embeddable":true,"href":"https:\/\/soydeaqui.ddns.net\/pachuca\/index.php\/wp-json\/wp\/v2\/media\/39928"}],"wp:attachment":[{"href":"https:\/\/soydeaqui.ddns.net\/pachuca\/index.php\/wp-json\/wp\/v2\/media?parent=39929"}],"wp:term":[{"taxonomy":"product_brand","embeddable":true,"href":"https:\/\/soydeaqui.ddns.net\/pachuca\/index.php\/wp-json\/wp\/v2\/product_brand?post=39929"},{"taxonomy":"product_cat","embeddable":true,"href":"https:\/\/soydeaqui.ddns.net\/pachuca\/index.php\/wp-json\/wp\/v2\/product_cat?post=39929"},{"taxonomy":"product_tag","embeddable":true,"href":"https:\/\/soydeaqui.ddns.net\/pachuca\/index.php\/wp-json\/wp\/v2\/product_tag?post=39929"}],"curies":[{"name":"wp","href":"https:\/\/api.w.org\/{rel}","templated":true}]}}