{"id":39909,"date":"2026-03-18T17:33:42","date_gmt":"2026-03-18T17:33:42","guid":{"rendered":"https:\/\/soydeaqui.ddns.net\/pachuca\/index.php\/producto\/sopladora-inalambrica-de-18v-con-velocidad-variable-incluye-1-bateria-y-cargador\/"},"modified":"2026-03-18T17:33:42","modified_gmt":"2026-03-18T17:33:42","slug":"sopladora-inalambrica-de-18v-con-velocidad-variable-incluye-1-bateria-y-cargador","status":"publish","type":"product","link":"https:\/\/soydeaqui.ddns.net\/pachuca\/index.php\/producto\/sopladora-inalambrica-de-18v-con-velocidad-variable-incluye-1-bateria-y-cargador\/","title":{"rendered":"Sopladora inal\u00e1mbrica de 18V con velocidad variable, incluye 1 Bater\u00eda y Cargador."},"content":{"rendered":"<div style='width: 100%; max-width: 1200px; margin: 0 auto; font-family: sans-serif; line-height: 1.6; color: inherit; background-color: transparent;'>\n<div style='display: flex; flex-wrap: wrap; gap: 30px; margin-bottom: 30px;'>\n<div style='flex: 1 1 300px; min-width: 280px;'>\n<h3 style='font-size: 22px; border-bottom: 2px solid currentColor; padding-bottom: 5px; margin-top: 0; color: inherit; opacity: 0.8;'>Caracter\u00edsticas<\/h3>\n<p style='font-size: 15px; color: inherit; margin-bottom: 15px;'> Kit combinado de sopladora inal\u00e1mbrica sin escobillas Makita DUB184Z con bater\u00eda de 18V Li-ion LXT <\/p>\n<p style='font-size: 15px; color: inherit; margin-bottom: 15px;'> El \u00e1ngulo de agarre es id\u00e9ntico al \u00e1ngulo entre la boquilla y la parte inferior. Punto de presi\u00f3n del interruptor ajustable de manera independiente&comma; bajo nivel de ruido. El orificio en la carcasa se usa para ahorrar espacio en el almacenamiento en ganchos de pared. Motor sin escobillas para mayor resistencia&comma; vida m\u00e1s larga y dise\u00f1o m\u00e1s compacto. XPT &#8211; Xtreme Protection Technology. Protecci\u00f3n \u00f3ptima contra el polvo y las salpicaduras de agua&comma; incluso en condiciones adversas. <\/p>\n<p style='font-size: 15px; color: inherit; margin-bottom: 15px;'> Operaci\u00f3n ambidiestra. <\/p>\n<\/p><\/div>\n<\/p><\/div>\n<div style='display: flex; flex-wrap: wrap; gap: 20px; margin-bottom: 30px;'>\n<div style='flex: 1 1 250px; border: 1px solid rgba(150&comma; 150&comma; 150&comma; 0.4); border-radius: 8px; overflow: hidden; display: flex; flex-direction: column;'>\n<div style='padding: 15px; border-bottom: 1px solid rgba(150&comma; 150&comma; 150&comma; 0.2); font-weight: bold; font-size: 18px; color: inherit;'>Especificaciones<\/div>\n<div style='padding: 15px; color: inherit;'>\n<ul style='padding-left: 20px; margin: 0; font-size: 14px; list-style-type: disc; color: inherit;'>\n<li style='margin-bottom: 5px;'><strong>Dimensiones:<\/strong> 810 mm x 160 mm x 285 mm<\/li>\n<li style='margin-bottom: 5px;'><strong>Peso:<\/strong> 2&comma;15 kg<\/li>\n<li style='margin-bottom: 5px;'><strong>Largo:<\/strong> 32-1\/2&#8242;<\/li>\n<li style='margin-bottom: 5px;'><strong>Velocidad:<\/strong> 459 CFM<\/li>\n<li style='margin-bottom: 5px;'><strong>Flujo de Aire:<\/strong> 52.1 m\/s<\/li>\n<li style='margin-bottom: 5px;'><strong>Voltaje:<\/strong> 18V<\/li>\n<\/ul><\/div>\n<\/p><\/div>\n<div style='flex: 1 1 250px; border: 1px solid rgba(150&comma; 150&comma; 150&comma; 0.4); border-radius: 8px; overflow: hidden; display: flex; flex-direction: column;'>\n<div style='padding: 15px; border-bottom: 1px solid rgba(150&comma; 150&comma; 150&comma; 0.2); font-weight: bold; font-size: 18px; color: inherit;'>Incluye<\/div>\n<div style='padding: 15px; color: inherit;'>\n<ul style='padding-left: 20px; margin: 0; font-size: 14px; list-style-type: disc; color: inherit;'>\n<li style='margin-bottom: 5px;'>Bater\u00eda de 18V<\/li>\n<li style='margin-bottom: 5px;'>Boquilla<\/li>\n<li style='margin-bottom: 5px;'>Arn\u00e9s<\/li>\n<li style='margin-bottom: 5px;'>Cargador<\/li>\n<\/ul><\/div>\n<\/p><\/div>\n<div style='flex: 1 1 250px; border: 1px solid rgba(150&comma; 150&comma; 150&comma; 0.4); border-radius: 8px; overflow: hidden; display: flex; flex-direction: column;'>\n<div style='padding: 15px; border-bottom: 1px solid rgba(150&comma; 150&comma; 150&comma; 0.2); font-weight: bold; font-size: 18px; color: inherit;'>Ventajas<\/div>\n<div style='padding: 15px; color: inherit;'>\n<ul style='padding-left: 20px; margin: 0; font-size: 14px; list-style-type: disc; color: inherit;'>\n<li style='margin-bottom: 5px;'>Velocidad variable controlada por gatillo<\/li>\n<li style='margin-bottom: 5px;'>Tecnolog\u00eda de extrema protecci\u00f3n<\/li>\n<li style='margin-bottom: 5px;'>Reducci\u00f3n del nivel de ruido<\/li>\n<li style='margin-bottom: 5px;'>Ligeras y robustas<\/li>\n<\/ul><\/div>\n<\/p><\/div>\n<\/p><\/div>\n<hr style='border: 0; border-top: 1px solid rgba(150&comma; 150&comma; 150&comma; 0.3); margin: 30px 0;'>\n<div style='display: flex; flex-wrap: wrap; justify-content: center; margin-top: 30px;'>\n<div style='flex: 1 1 300px; max-width: 600px;'> <img style='width: 100%; height: auto; border: 1px solid rgba(150&comma;150&comma;150&comma;0.3); border-radius: 8px;' src='https:\/\/ftp3.syscom.mx\/usuarios\/fotos\/DUB184ST\/206511-sopl2.jpg' alt=''> <\/div>\n<\/p><\/div>\n<\/p><\/div>\n","protected":false},"excerpt":{"rendered":"<p>Sopladora inal\u00e1mbrica de 18V con velocidad variable, incluye 1 Bater\u00eda y Cargador.<\/p>\n","protected":false},"featured_media":39908,"comment_status":"open","ping_status":"closed","template":"","meta":[],"product_brand":[],"product_cat":[1227],"product_tag":[1058,1228,252],"class_list":{"0":"post-39909","1":"product","2":"type-product","3":"status-publish","4":"has-post-thumbnail","6":"product_cat-herramienta-electrica-a-bateria","7":"product_tag-ferreteria","8":"product_tag-herramienta-electrica-a-bateria","9":"product_tag-makita","11":"first","12":"outofstock","13":"sale","14":"shipping-taxable","15":"purchasable","16":"product-type-simple"},"_links":{"self":[{"href":"https:\/\/soydeaqui.ddns.net\/pachuca\/index.php\/wp-json\/wp\/v2\/product\/39909","targetHints":{"allow":["GET"]}}],"collection":[{"href":"https:\/\/soydeaqui.ddns.net\/pachuca\/index.php\/wp-json\/wp\/v2\/product"}],"about":[{"href":"https:\/\/soydeaqui.ddns.net\/pachuca\/index.php\/wp-json\/wp\/v2\/types\/product"}],"replies":[{"embeddable":true,"href":"https:\/\/soydeaqui.ddns.net\/pachuca\/index.php\/wp-json\/wp\/v2\/comments?post=39909"}],"wp:featuredmedia":[{"embeddable":true,"href":"https:\/\/soydeaqui.ddns.net\/pachuca\/index.php\/wp-json\/wp\/v2\/media\/39908"}],"wp:attachment":[{"href":"https:\/\/soydeaqui.ddns.net\/pachuca\/index.php\/wp-json\/wp\/v2\/media?parent=39909"}],"wp:term":[{"taxonomy":"product_brand","embeddable":true,"href":"https:\/\/soydeaqui.ddns.net\/pachuca\/index.php\/wp-json\/wp\/v2\/product_brand?post=39909"},{"taxonomy":"product_cat","embeddable":true,"href":"https:\/\/soydeaqui.ddns.net\/pachuca\/index.php\/wp-json\/wp\/v2\/product_cat?post=39909"},{"taxonomy":"product_tag","embeddable":true,"href":"https:\/\/soydeaqui.ddns.net\/pachuca\/index.php\/wp-json\/wp\/v2\/product_tag?post=39909"}],"curies":[{"name":"wp","href":"https:\/\/api.w.org\/{rel}","templated":true}]}}