{"id":39907,"date":"2026-03-18T17:33:39","date_gmt":"2026-03-18T17:33:39","guid":{"rendered":"https:\/\/soydeaqui.ddns.net\/pachuca\/index.php\/producto\/soplador-de-mano-bl-18v-lxt13-0m3-min-0-18000-rpm-m-bl-li-ion-s-bat-y-s-carg-boquilla-18v\/"},"modified":"2026-03-18T17:33:40","modified_gmt":"2026-03-18T17:33:40","slug":"soplador-de-mano-bl-18v-lxt13-0m3-min-0-18000-rpm-m-bl-li-ion-s-bat-y-s-carg-boquilla-18v","status":"publish","type":"product","link":"https:\/\/soydeaqui.ddns.net\/pachuca\/index.php\/producto\/soplador-de-mano-bl-18v-lxt13-0m3-min-0-18000-rpm-m-bl-li-ion-s-bat-y-s-carg-boquilla-18v\/","title":{"rendered":"SOPLADOR DE MANO BL 18V LXT13.0M3\/MIN 0-18000 RPM M\/BL LI-ION S\/BAT Y S\/CARG BOQUILLA 18V"},"content":{"rendered":"<div style='width: 100%; max-width: 1200px; margin: 0 auto; font-family: sans-serif; line-height: 1.6; color: inherit; background-color: transparent;'>\n<div style='display: flex; flex-wrap: wrap; gap: 30px; margin-bottom: 30px;'>\n<div style='flex: 1 1 300px; min-width: 280px;'>\n<h3 style='font-size: 22px; border-bottom: 2px solid currentColor; padding-bottom: 5px; margin-top: 0; color: inherit; opacity: 0.8;'>BENEFICIOS DEL USUARIO:<\/h3>\n<ul style='padding-left: 20px; font-size: 15px; color: inherit;'>\n<li style='margin-bottom: 5px;'>El soplador a bater\u00eda m\u00e1s potente de 18V&comma; comparable con los modelos de gasolina.<\/li>\n<li style='margin-bottom: 5px;'>Ventilador axial de alta eficiencia.<\/li>\n<li style='margin-bottom: 5px;'>Control de velocidad variable por gatillo&comma; con palanca de control y bloqueo.<\/li>\n<li style='margin-bottom: 5px;'>El motor sin escobillas (BL) entrega hasta 52&comma;1 m \/ s y 13&comma;0 m\u00b3 \/ min.<\/li>\n<li style='margin-bottom: 5px;'>Compacto y ligero para trabajar con una sola mano.<\/li>\n<li style='margin-bottom: 5px;'>El dise\u00f1o del ventilador en l\u00ednea proporciona un mayor equilibrio de la herramienta.<\/li>\n<li style='margin-bottom: 5px;'>Empu\u00f1adura antideslizante para un mejor agarre. Mango ergon\u00f3mico que proporciona m\u00e1s comodidad para el trabajador.<\/li>\n<li style='margin-bottom: 5px;'>Cuenta con la tecnolog\u00eda de protecci\u00f3n extrema (XPT)&comma; dise\u00f1ada para proporcionar una mayor resistencia al polvo y a la lluvia en condiciones de trabajo adversas.<\/li>\n<li style='margin-bottom: 5px;'>Bandolera para mayor comodidad del operador.<\/li>\n<li style='margin-bottom: 5px;'>Abertura en la parte inferior de la m\u00e1quina que permite colgar la herramienta para un perfecto almacenamiento.<\/li>\n<\/ul><\/div>\n<\/p><\/div>\n<div style='display: flex; flex-wrap: wrap; gap: 20px; margin-bottom: 30px;'>\n<div style='flex: 1 1 250px; border: 1px solid rgba(150&comma; 150&comma; 150&comma; 0.4); border-radius: 8px; overflow: hidden; display: flex; flex-direction: column;'>\n<div style='padding: 15px; border-bottom: 1px solid rgba(150&comma; 150&comma; 150&comma; 0.2); font-weight: bold; font-size: 18px; color: inherit;'>18 Voltios<\/div>\n<div style='padding: 15px; color: inherit;'> <img style='width: 100%; height: auto; border: 1px solid rgba(150&comma;150&comma;150&comma;0.3); border-radius: 8px;' src='https:\/\/es.pdbmakita.com\/images\/1_Makita\/103_logos\/10302_JPG_web\/18V.jpg' alt='18 Voltios'> <\/div>\n<\/p><\/div>\n<div style='flex: 1 1 250px; border: 1px solid rgba(150&comma; 150&comma; 150&comma; 0.4); border-radius: 8px; overflow: hidden; display: flex; flex-direction: column;'>\n<div style='padding: 15px; border-bottom: 1px solid rgba(150&comma; 150&comma; 150&comma; 0.2); font-weight: bold; font-size: 18px; color: inherit;'>LXT Litio-Ion<\/div>\n<div style='padding: 15px; color: inherit;'> <img style='width: 100%; height: auto; border: 1px solid rgba(150&comma;150&comma;150&comma;0.3); border-radius: 8px;' src='https:\/\/es.pdbmakita.com\/images\/1_Makita\/103_logos\/10302_JPG_web\/LXT.jpg' alt='LXT Litio-Ion'> <\/div>\n<\/p><\/div>\n<div style='flex: 1 1 250px; border: 1px solid rgba(150&comma; 150&comma; 150&comma; 0.4); border-radius: 8px; overflow: hidden; display: flex; flex-direction: column;'>\n<div style='padding: 15px; border-bottom: 1px solid rgba(150&comma; 150&comma; 150&comma; 0.2); font-weight: bold; font-size: 18px; color: inherit;'>Motor sin escobillas<\/div>\n<div style='padding: 15px; color: inherit;'> <img style='width: 100%; height: auto; border: 1px solid rgba(150&comma;150&comma;150&comma;0.3); border-radius: 8px;' src='https:\/\/es.pdbmakita.com\/images\/1_Makita\/103_logos\/10302_JPG_web\/BL_motor_mark.jpg' alt='Motor sin escobillas'> <\/div>\n<\/p><\/div>\n<div style='flex: 1 1 250px; border: 1px solid rgba(150&comma; 150&comma; 150&comma; 0.4); border-radius: 8px; overflow: hidden; display: flex; flex-direction: column;'>\n<div style='padding: 15px; border-bottom: 1px solid rgba(150&comma; 150&comma; 150&comma; 0.2); font-weight: bold; font-size: 18px; color: inherit;'>Tecnolog\u00eda de protecci\u00f3n Extrema<\/div>\n<div style='padding: 15px; color: inherit;'> <img style='width: 100%; height: auto; border: 1px solid rgba(150&comma;150&comma;150&comma;0.3); border-radius: 8px;' src='https:\/\/es.pdbmakita.com\/images\/1_Makita\/103_logos\/10302_JPG_web\/XPT.jpg' alt='Tecnolog\u00eda de protecci\u00f3n Extrema'> <\/div>\n<\/p><\/div>\n<\/p><\/div>\n<div style='display: flex; flex-wrap: wrap; gap: 30px; margin-bottom: 30px;'>\n<div style='flex: 1 1 300px; min-width: 280px;'>\n<h3 style='font-size: 22px; border-bottom: 2px solid currentColor; padding-bottom: 5px; margin-top: 0; color: inherit; opacity: 0.8;'>EQUIPO B\u00c1SICO:<\/h3>\n<p style='font-size: 15px; color: inherit; margin: 0;'>Boquilla redonda&comma; boquilla plana&comma; tubo y bandolera. Sin bater\u00edas&comma; sin cargador en equipo b\u00e1sico.<\/p>\n<\/p><\/div>\n<\/p><\/div>\n<\/p><\/div>\n","protected":false},"excerpt":{"rendered":"<p>SOPLADOR DE MANO BL 18V LXT13.0M3\/MIN 0-18000 RPM M\/BL LI-ION S\/BAT Y S\/CARG BOQUILLA 18V<\/p>\n","protected":false},"featured_media":39906,"comment_status":"open","ping_status":"closed","template":"","meta":[],"product_brand":[],"product_cat":[1227],"product_tag":[1058,1228,252],"class_list":{"0":"post-39907","1":"product","2":"type-product","3":"status-publish","4":"has-post-thumbnail","6":"product_cat-herramienta-electrica-a-bateria","7":"product_tag-ferreteria","8":"product_tag-herramienta-electrica-a-bateria","9":"product_tag-makita","11":"first","12":"outofstock","13":"sale","14":"shipping-taxable","15":"purchasable","16":"product-type-simple"},"_links":{"self":[{"href":"https:\/\/soydeaqui.ddns.net\/pachuca\/index.php\/wp-json\/wp\/v2\/product\/39907","targetHints":{"allow":["GET"]}}],"collection":[{"href":"https:\/\/soydeaqui.ddns.net\/pachuca\/index.php\/wp-json\/wp\/v2\/product"}],"about":[{"href":"https:\/\/soydeaqui.ddns.net\/pachuca\/index.php\/wp-json\/wp\/v2\/types\/product"}],"replies":[{"embeddable":true,"href":"https:\/\/soydeaqui.ddns.net\/pachuca\/index.php\/wp-json\/wp\/v2\/comments?post=39907"}],"wp:featuredmedia":[{"embeddable":true,"href":"https:\/\/soydeaqui.ddns.net\/pachuca\/index.php\/wp-json\/wp\/v2\/media\/39906"}],"wp:attachment":[{"href":"https:\/\/soydeaqui.ddns.net\/pachuca\/index.php\/wp-json\/wp\/v2\/media?parent=39907"}],"wp:term":[{"taxonomy":"product_brand","embeddable":true,"href":"https:\/\/soydeaqui.ddns.net\/pachuca\/index.php\/wp-json\/wp\/v2\/product_brand?post=39907"},{"taxonomy":"product_cat","embeddable":true,"href":"https:\/\/soydeaqui.ddns.net\/pachuca\/index.php\/wp-json\/wp\/v2\/product_cat?post=39907"},{"taxonomy":"product_tag","embeddable":true,"href":"https:\/\/soydeaqui.ddns.net\/pachuca\/index.php\/wp-json\/wp\/v2\/product_tag?post=39907"}],"curies":[{"name":"wp","href":"https:\/\/api.w.org\/{rel}","templated":true}]}}