{"id":39901,"date":"2026-03-18T17:33:28","date_gmt":"2026-03-18T17:33:28","guid":{"rendered":"https:\/\/soydeaqui.ddns.net\/pachuca\/index.php\/producto\/kitdhp453-rotom-dtd156-atorn-imp-li-ion-2-bat-1-5-ah-y-carg-c-luz-18v\/"},"modified":"2026-03-18T17:33:37","modified_gmt":"2026-03-18T17:33:37","slug":"kitdhp453-rotom-dtd156-atorn-imp-li-ion-2-bat-1-5-ah-y-carg-c-luz-18v","status":"publish","type":"product","link":"https:\/\/soydeaqui.ddns.net\/pachuca\/index.php\/producto\/kitdhp453-rotom-dtd156-atorn-imp-li-ion-2-bat-1-5-ah-y-carg-c-luz-18v\/","title":{"rendered":"KIT(DHP453 ROTOM.+ DTD156 ATORN.IMP.) LI-ION 2 BAT 1.5 AH Y CARG C\/LUZ 18V"},"content":{"rendered":"<div style='width: 100%; max-width: 1200px; margin: 0 auto; font-family: sans-serif; line-height: 1.6; color: inherit; background-color: transparent;'> <!-- Secci\u00f3n de descripci\u00f3n --> <\/p>\n<div style='display: flex; flex-wrap: wrap; gap: 30px; margin-bottom: 30px;'>\n<div style='flex: 1 1 300px; min-width: 280px;'>\n<h3 style='font-size: 22px; border-bottom: 2px solid currentColor; padding-bottom: 5px; margin-top: 0; color: inherit; opacity: 0.8;'>Descripci\u00f3n<\/h3>\n<p style='font-size: 15px; color: inherit; margin-bottom: 15px;'>Paquete doble LXT de 18 V que contiene un destornillador combinado y de impacto con 2 bater\u00edas de alta capacidad de 5&comma;0 Ah. El potente taladro combinado DHP453 tiene 2 engranajes mec\u00e1nicos y una construcci\u00f3n de engranajes totalmente met\u00e1lica para garantizar una alta durabilidad de la transmisi\u00f3n.<\/p>\n<p style='font-size: 15px; color: inherit; margin-bottom: 15px;'>Cuenta con gatillo de velocidad variable&comma; 16 configuraciones de torque ajustables&comma; modo de perforaci\u00f3n e interruptor inverso&comma; que cubren una amplia gama de aplicaciones de perforaci\u00f3n&comma; conducci\u00f3n y percusi\u00f3n.<\/p>\n<p style='font-size: 15px; color: inherit; margin-bottom: 15px;'>Otras caracter\u00edsticas incluyen un mandril sin llave de una sola manga para quitar f\u00e1cilmente la broca y un mango ergon\u00f3mico de agarre suave. El atornillador de impacto compacto y ligero DTD156 tiene un freno el\u00e9ctrico y un potente motor de 4 polos que produce un par de apriete m\u00e1ximo de 155 Nm.<\/p>\n<p style='font-size: 15px; color: inherit;'>Otras caracter\u00edsticas incluyen un gatillo de velocidad variable&comma; interruptor de marcha atr\u00e1s&comma; luz LED con funci\u00f3n de brillo posterior y mango de dise\u00f1o ergon\u00f3mico con empu\u00f1adura suave de goma.<\/p>\n<\/p><\/div>\n<\/p><\/div>\n<p> <!-- Secci\u00f3n de especificaciones --> <\/p>\n<div style='display: flex; flex-wrap: wrap; gap: 20px; margin-bottom: 30px;'>\n<div style='flex: 1 1 250px; border: 1px solid rgba(150&comma; 150&comma; 150&comma; 0.4); border-radius: 8px; overflow: hidden; display: flex; flex-direction: column;'>\n<div style='padding: 15px; border-bottom: 1px solid rgba(150&comma; 150&comma; 150&comma; 0.2); font-weight: bold; font-size: 18px; color: inherit;'>Contenido del paquete<\/div>\n<div style='padding: 15px; color: inherit;'>\n<ul style='padding-left: 20px; margin: 0; font-size: 14px; list-style-type: disc; color: inherit;'>\n<li style='margin-bottom: 5px;'>1 taladro combinado de 18 V y 42 Nm<\/li>\n<li style='margin-bottom: 5px;'>1 destornillador de impacto de 18 V y 155 Nm<\/li>\n<li style='margin-bottom: 5px;'>2 bater\u00edas de iones de litio de 18 V y 5&comma;0 Ah<\/li>\n<li style='margin-bottom: 5px;'>1 cargador de 110 min<\/li>\n<li style='margin-bottom: 5px;'>1 estuche de transporte<\/li>\n<\/ul><\/div>\n<\/p><\/div>\n<div style='flex: 1 1 250px; border: 1px solid rgba(150&comma; 150&comma; 150&comma; 0.4); border-radius: 8px; overflow: hidden; display: flex; flex-direction: column;'>\n<div style='padding: 15px; border-bottom: 1px solid rgba(150&comma; 150&comma; 150&comma; 0.2); font-weight: bold; font-size: 18px; color: inherit;'>Especificaciones t\u00e9cnicas<\/div>\n<div style='padding: 15px; color: inherit;'>\n<ul style='padding-left: 20px; margin: 0; font-size: 14px; list-style-type: disc; color: inherit;'>\n<li style='margin-bottom: 5px;'>Taladro Rotomartillo inal\u00e1mbrico DHP453<\/li>\n<li style='margin-bottom: 5px;'>Broquero: 13mm (1\/2&#8242;)<\/li>\n<li style='margin-bottom: 5px;'>Torque m\u00e1ximo: 38Nm<\/li>\n<li style='margin-bottom: 5px;'>Atornillador de impacto DTD156<\/li>\n<li style='margin-bottom: 5px;'>Cuadro: 1\/4&#8242;<\/li>\n<li style='margin-bottom: 5px;'>Impactos: 3000<\/li>\n<li style='margin-bottom: 5px;'>Torque m\u00e1ximo: 155Nm<\/li>\n<\/ul><\/div>\n<\/p><\/div>\n<\/p><\/div>\n<p> <!-- Separador --> <\/p>\n<hr style='border: 0; border-top: 1px solid rgba(150&comma; 150&comma; 150&comma; 0.3); margin: 30px 0;'> <\/div>\n","protected":false},"excerpt":{"rendered":"<p>KIT(DHP453 ROTOM.+ DTD156 ATORN.IMP.) LI-ION 2 BAT 1.5 AH Y CARG C\/LUZ 18V<\/p>\n","protected":false},"featured_media":39900,"comment_status":"open","ping_status":"closed","template":"","meta":[],"product_brand":[],"product_cat":[1227],"product_tag":[1058,1228,252],"class_list":{"0":"post-39901","1":"product","2":"type-product","3":"status-publish","4":"has-post-thumbnail","6":"product_cat-herramienta-electrica-a-bateria","7":"product_tag-ferreteria","8":"product_tag-herramienta-electrica-a-bateria","9":"product_tag-makita","11":"first","12":"outofstock","13":"sale","14":"shipping-taxable","15":"purchasable","16":"product-type-simple"},"_links":{"self":[{"href":"https:\/\/soydeaqui.ddns.net\/pachuca\/index.php\/wp-json\/wp\/v2\/product\/39901","targetHints":{"allow":["GET"]}}],"collection":[{"href":"https:\/\/soydeaqui.ddns.net\/pachuca\/index.php\/wp-json\/wp\/v2\/product"}],"about":[{"href":"https:\/\/soydeaqui.ddns.net\/pachuca\/index.php\/wp-json\/wp\/v2\/types\/product"}],"replies":[{"embeddable":true,"href":"https:\/\/soydeaqui.ddns.net\/pachuca\/index.php\/wp-json\/wp\/v2\/comments?post=39901"}],"wp:featuredmedia":[{"embeddable":true,"href":"https:\/\/soydeaqui.ddns.net\/pachuca\/index.php\/wp-json\/wp\/v2\/media\/39900"}],"wp:attachment":[{"href":"https:\/\/soydeaqui.ddns.net\/pachuca\/index.php\/wp-json\/wp\/v2\/media?parent=39901"}],"wp:term":[{"taxonomy":"product_brand","embeddable":true,"href":"https:\/\/soydeaqui.ddns.net\/pachuca\/index.php\/wp-json\/wp\/v2\/product_brand?post=39901"},{"taxonomy":"product_cat","embeddable":true,"href":"https:\/\/soydeaqui.ddns.net\/pachuca\/index.php\/wp-json\/wp\/v2\/product_cat?post=39901"},{"taxonomy":"product_tag","embeddable":true,"href":"https:\/\/soydeaqui.ddns.net\/pachuca\/index.php\/wp-json\/wp\/v2\/product_tag?post=39901"}],"curies":[{"name":"wp","href":"https:\/\/api.w.org\/{rel}","templated":true}]}}