{"id":39899,"date":"2026-03-18T17:33:24","date_gmt":"2026-03-18T17:33:24","guid":{"rendered":"https:\/\/soydeaqui.ddns.net\/pachuca\/index.php\/producto\/llave-de-impacto-inalambrica-de-18v-con-entrada-1-2-v-v-r-0-3200-ipm\/"},"modified":"2026-03-18T17:33:25","modified_gmt":"2026-03-18T17:33:25","slug":"llave-de-impacto-inalambrica-de-18v-con-entrada-1-2-v-v-r-0-3200-ipm","status":"publish","type":"product","link":"https:\/\/soydeaqui.ddns.net\/pachuca\/index.php\/producto\/llave-de-impacto-inalambrica-de-18v-con-entrada-1-2-v-v-r-0-3200-ipm\/","title":{"rendered":"Llave de Impacto Inal\u00e1mbrica de 18V con entrada 1\/2&#8243; V.V.R 0-3200 IPM"},"content":{"rendered":"<div style='width: 100%; max-width: 1200px; margin: 0 auto; font-family: sans-serif; line-height: 1.6; color: inherit; background-color: transparent;'>\n<div style='display: flex; flex-direction: column; align-items: center; margin-bottom: 30px;'> <img style='width: 100%; max-width: 400px; height: auto; border: 1px solid rgba(150&comma;150&comma;150&comma;0.3); border-radius: 8px;' src='data:image\/png;base64&comma;iVBORw0KGgoAAAANSUhEUgAAAJIAAAA5CAIAAABSwuX0AAANiklEQVR4Ae1ceZgUxRX3H0SO3WV3Zufumb3n6emZ7R6QVQ4RkUgEER4k8vAjiMqiIPi8CqJGVBz8qCgiBhGMyKLiEY1g0EgQV8EjKlERD4hHVCQgHhGRRQ65d6anp6d6q77vVdX1VtX7VdX7vZ7p7unq6uq331dVvXr16hGcY1AGxx2DMpsiyybZjpGLwDTb\/4fZcjnZLBWoocLVVeBtUjZLBg1qz2aZbGHQkGnWaDhotuWQg3W1aTZrNBw0G3IE2FfQLBWlAeTwW2Y79halabZjz2asK2i2zGZmD9jTGrC+Zvqsp9ZaRQV1P4kwpreZ3mZ6W0+ttYqK6W2mt\/XUWutJjpOKYmp6W8V7G0WTy8Y0W4WajbJZo+Gg2ZBDgHUFzVJRGkA2v2W2Y29RmmY79mzGuoJmy2xmdoA9rQHra6a39dRaq6ig7icRxtQ4uNFnJ5Y8lFz+CL\/zK6ZXQ2j4SNMsFam1DIYJxFrn8uMnohpn7O7W5LJHkLvR0Nvd+zTWQ7PuxsMh3uZssihI493zFXywe5oK5lKOgHh44yC2aYhWQq2kYILEzYciwdJ8LWVrI9ccmX5VfPZ8fPbVodYhxuHdbJLG197l1qNXzjBzIufWWy0UHb3VCoaQfX0rqveWKAkjdjcaLsuy6NFdQKGD6lyZ17YAZOr3q9nyvyeA7H5U50JWKOGRNFvo5GElquNnoFfrzL37L6DNOO1cKJU7RafWPQ2GJ5c9gux+SIEmC5IDx85qBbPIvr4V1XtLlISxu8FwWZYZv+4MkN33V6o6F7JCDa94tMwmpFNGxHbWhF3fMtWOI5G73LEooldL5U7RqXVPA4X47LuQ3Q8p0GQhOnX22QAGyXJn9Z7c4X1qg+GJZQ8juz+Sw4Mky9zYcyGM8LHSgUfLbMK+PqbWiRyBzkrpIv5YyNDQYVCbPM9U20ukj6xe8WBHASVJQnQzGI4oOv3sRgOYLIv79qFqG0AeycPRMpuUTImI7awIu75lqh1HIne5YxFFp1b8Dmgz9eRqVO8rkRSqsslSVUEB5Y13K4UOc3y12MEUwGQ5Nv1K9KMe80fLbEBu8Jh9a1sPH3tM3zph3w9AjMglV5RoM9buT256CwzH776XLTyvYHRmtyK7vvsRJ5B7\/wMgUHb4KNSvF42sVHT61UoKSt1UfYqoJk2Dk0sfTi7SS2zOjWqe0NucXPybSld83gKZ5wEgufwxJajI40fLrEDu\/XeBZrH77298gS5y4aT8iPZPbG4Nsmq94lDzKaqSNI1OLJ2VXKqX2Jwb1TwhvTm55HdKV3zeAplnASD5+OOQoMjDj5bZgNz+30F1b8km6Kst69GXXgYw8sGDNZasKxgecS6A4aP0A0tRkD1zJpCjy+58D3TJspT4zX1Iv7xI8+6Zaw0h6wqyL65F9b6SStGQ1YOfd1u9Jz93AYDJ5Y8pQkYvugjA8NH6QbIsJ559HhDk3n0P9MqynHr6j4C9Xj2zH3zYGLJIOy9IiUx1QZAlLr70CmT1sK4g88LLQI7PmWcAmFz+uEJk4q47kN1X783v3Wc89xyAyZUrtZUyNQ6RgRGELMvJp58BhMS99yO7H9M7f3S3OwJZV5B54WUgJ+66G9l99d789g8aX6DLEmT3o3pfSaVo6PjJ0WlXGim4dJF1BZnH\/gBk+PDRxuG940Y2L56w3Y8snvTa9XpHabXY7BvUzefQ4cz0HiAlE6UN1VHJrOeskMMvI1bvu1RLHl0GT654WQmyDg5Ua+V5VOvUF+KRPD1V2b1L2G2PpOjoVfCSnvvXe7TVAqXXrNP7QXb9aBw8HBo6EhDk9u5rLHhFw+cvQFYv6wqyL72q7xQ5fKjWqS\/EI\/l6K7J60s9v1KgqleJ33U10HjZ8hEZZkRLZfKnnNwE5evF0JcjK5ZD1tZg+FlZvI3f8JGz3o2q7Ql79FVXZ5Qo5fKjWqS\/EI\/l6K7J60s9u0KgqleK33U10HjZ0hKZyosdOwF5vntn3P9j4Al2WJW78ZAhT5HHjJkCOr1iprZSpdYgMjCBkWU4+8TQgJG6\/H9n9mN75o7vdEci6gsyLLwM5cecdyO6r9+a2bG18gS5LkN2P6n0llqIh6weP2be29fCxR\/UtE\/b9AMQoXHq5QmTirruR3VfvyW3a0vgC3ZVjelcpJP70J0CQXr1aWy1T4xAZGEHIspx47DFAiN90C7L7Mb3zR3e7I5B1BZkXXgZy4vbbkd1X781u3Nj4Al2WILsf1ftKLEVDFg8eM29ta+HjT+lbJ+z7AYhRuOxyhUj85luQ3VfvyW7c2PgC3ZVjelcpJG65DRDk1q3XVsvUOEQGRhCyLCeefBIQ4jfehOx+TO\/80d3uCGSdQeb5F4Acv\/4GZPfVe7PrNzS+QJclyO5H9b4SS9GQxYfH7FvbevDII\/qWCft+AGIULr1cIRK77npk99V7sxveb3yB7soxvauU4tdfDwhya9dqK2VqHCIDIwhZlhNPPA4I8WuvQ3Y\/pnf+6G53BLKuIPP8i0COXXsdsvvqPZl17zW+QJclyO5H9b4SS9GQxYfH7FvbeuDoI\/qWCft+AGIULr1cIRK79jpk99V7MuvXN75Ad+WY3lUK8WuuBQS51au0lTI1DpGBEYQsy4nH\/wwI8aunI7sf0zt\/dLc7AllXkHn+BSAnrr4G2X31nsw77za+QJclyO5H9b4SS9GQxYfH7FvbevDQI\/qWCft+AGIULr1cIRK76mpk99V7Mm+\/0\/gC3ZVjelcpJK68ChDkVq3UVsrUOEQGRhCyLCeefAIQ4ldcjux+TO\/80d3uCGSdQeb554GcuOJKZPfVezJvvtX4Al2WILsf1ftKLEVD1g8es29t64FDj+hbJuz7AYhRuPRShUjsqquQ3Vfvybz+RuMLdFeO6V2lkLj8SkCQW7lSWylT4xAZGEHIspx47L8AIX7FZcjuw\/TOH93tjkDWFWSefw7I8csvR3ZfvSf9+huNL9BlCbL7Ub2vxFI0ZPHgMfvWth448LC+ZcK+H4AYhUsvVYjEpk1Hdl+9J\/3a640v0F05pneVQvzSSwFB7pVXtJUyNQ6RgRGEK8uJx\/4TEGKXX47sPkzv\/NHd7ghkXUHm+WeBHLv0MmT31XvSr77W+AJdliC7H9X7SizFQhYfHjNvbev+Aw\/qWybs+wGIUbjkUoVIbOpUZPfVe1KvvNz4At2VY3pXKcQuuRQQ5F56SVspU+MQGRhByLKcePQxQIhdfjmy+zC980d3uyOQdQWZ554FcuzyK5DdV+9Jv\/xK4wt0WYLsflTvK7EUC1l8eMy8ta37D9yvb5mw7wcgRuGSSxQisUsvQ3ZfvSf50suNL9BdOaZ3lULs4ksAQe6ll7WVMjUOkYERhCzLiUceBYT4pZcjuw\/TO390tzsCWVeQefZZIMeuvBLZffWe5IsvN75AlyXI7kf1vhJLsZDFh8fMW9t64MAD+paJ+34AYhQuvlQhErvsMmT31XuSL7zY+ALdlWN6VynELroYEOSef0FbKVPjEBkYQciynHj4EUCIX3wJsvswvfNHd7sjkHUFmWeeAXL84kuQ3VfviT\/3fOMLdFmC7H5U7yuxFAtZfHjMvLWt+w\/cp2+ZsO8HIEbh4ksUIrGLL0Z2X70n\/sJLjS\/QXTmmd5VC7MILAUHuuX9pK2VqHCIDIwhZlhMP\/hsQ4hdfjOw+TO\/80d3uCGSdQeaZZ4Acv+giZPfVe2LP\/6vxBbosQXY\/qveVWIqFLD48Zt7a1v0H7tO3TNj3AxDDc8mlCpHYhRciu6\/ek3j+hcYX6K4c07tKIXbBhYAg99xz2kqZGofIwAhCluXEAw8DQvz8C5Ddh+mdP7rbHYGsM8g8\/SyQ4+dfgOy+ek\/82ecbX6DLEmT3o3pfiKVYyOLDY+atbd1\/4D59y4R9PwAxPBMnKURi55+P7L56T+zZ5xtfoLtyTO8qhdi5FwCC3LPPaitlahwiAyMIWZbj998PCPFzL0B2H6Z3\/uhudwSyziDz1NNATpx7HrL76j2xZ55tfIEuS5Ddj+p9JZZiIYsPj5m3tnX\/\/v\/oWybs+wGI4Zk4SSISm3QusvvqPdGnnm58ge7KMb2rFGLnXgAIcs88q62UqXGIDIwgZFlO3H8fIMTPOR\/ZfZje+aO73RHIuoLMU08BOXH2Ocjuq\/dEn3qq8QW6LEF2P6r3lViKhSw+PGbe2tb9++\/Vt0zY9wMQwzNxkkIkdtaZyO6r90SffLr+Bborx\/SuUoiddQ4gyD31tLZSpsYhMjCCkGU5ce\/dgBA\/80xk92F654\/udkcg6wwyTz4F5MSZZyK7r94TffKpxhfosgTZ\/ajeV2IpFrL48Jh5a1v37b9X3zJh3w9ADPfESQqR2BlnILuv3hN54snGF+iuHNO7SiF2+pmAIPfEU9pKmRqHyMAIQpbl+N13AUL89DOR3YfpnT+62x2BrDPIPPkEkBNnnoHsvnqP\/9HHG1+gyxJk96N6X4mlWMjiw2PmrW3dv+9ufcuEfT8AMdwTJipEYqefgey+ek\/kiScbX6C7ckzvKoXYaWcAgtwTT2orZbIcIgMjCFmW43ffCQjx089Edh+md\/7obncEsq4g8+STQE6cdhay++o9kccfb3yBLkuQ3Y\/qfSWWYiGLD4+Zt7Z1\/\/579C0T9v0AxHBPmKgQiZ12BrL76j2Rx59ofIHuyjG9qxRip54GCHJPPKmtlKlxiAyMIGRZjt91JyDEL70U2X2Y3vmju90RyDqDzBOPAzlxyaXI7qv3RB57vPEFuiw5R99aC6Z31R38vNvqPfn5CwBMvviCQmT0ootA76jVg597W70nO3cugMkXX1CITM6cBQh4zD64o+72R1Yv6wqyL76o7xQ5fKjWqS\/EI3l6qrJ7l7DbHknR0avhJb337\/dqqwVqr1mn94Ps+tE4eDg05BRAkHv77cYX6LIE2f2o3ldiKRay+PCYeWtb9+27R98yYd8PQAz3+ImKkLGLL0F2X70n8ugTjS\/QXTmmd5VC7KJLAUHukUe1lTI1DpGBEYQsy4kH7geE+IUXIrsP0zt\/dLc7AllXkHn8cSAnLrgA2X31nshDjzS+QJclyO5H9b4SS7GQxYfHzFvbuu\/AvfqWCft+AGK4x09QiMQuuADZffWe8MOPN75Ad+WY3lUKsQsvAgS5hx7WVsrUOEQGRhCyLMfuvAsQ4uMvQHYfpnf+6G53BLKuIPP4Y0BOjB+P7L56T\/jBxxpfoMsSZPejel+JpVjI4sNj5q1t3bvvHn3LhH0\/ADHc4ycoRGJjxyK7r94TfujRxhforgzTu0ohNvZ8QJB76GFtpUyNQ2RgBCFLcvyuuwAhPnYssvswvfNHd7sjkHUGmccfA3Ji7Fhk99V7Qg8+1PgCXZYgux\/V+0osxUIWHx4zb23r3n1361sm7PsBiOEeO04hEjv7HGT31XvCDz7U+ALdlWN6VynExo4DBLkHH9JWytQ4RAZGELIsx++4ExDiZ52N7D5M7\/zR3e4IZJ1B5rF\/ATkxZgxy+Oo9oQceanyBLkuQ3Y\/qfSWWYiGLD4+Zt7Z177679S0T9v0AxHCPGaMQiZ15JrL76j2hBx5sfIHuyjG9qxRiZ5wJCHL3P6CtlKlxiAyMIGRZjt92GyDEL7oI2X2Y3vmju90RyDqDzKOPAjkx+nTk8NV7Qg882PgCXZYgux\/V+0osxUIWHx4zb23r3r136Vsm7PsBiOEePQaJiI0ahRy+ek\/ogQcaX6C7ckzvKoXYqNMBQe6+e7WVMjUOkYERhCzL8VtuAYT4qFHIPgLT+6K73RHIuoLMo48AOXHqKMThq\/eE7n+g8QW6LEF2P6r3lViKhSw+PGbe2ta9e+\/Ut0zY9wMQwz1qNJKI2KhRyOGr94Tuv7\/xBborx\/SuUoidMgoQ5O69R1spU+MQGRhByLIcv\/FGQIiPOgXZfZje+aO73RHIuozMo48AOfH705DDV+8J3Xdf4wt0WYLsflTvK7EUC1l8eMy8ta17996hb5mw7wcghntkqUIkNmoUcvjqPaH77mt8ge7KMb2rFGKjRgOC3D33aCtlahwiAyMIWZbj118PCPFRpyC7D9M7f3S3OwJZZ5B59GEgJ045BQm+ek\/wnnsbX6DLEmT3o3pfiKVYyOLDY+atbd279w59y4R9PwAx3CNGIhGxkSOR4Kv3BO+5p\/EFuivH9K5SiI04GRDk7r5LWylT4xAZGEHIsjzq5z8HhPjw4cjuw\/TOH93tjkDWGWQefQjIiRNPRg5fvSd49z2NL9BlCbL7Ub2vxFIsZPHhMfPWtu7dc4e+ZcK+H4AY7uEjEBEx4iQk+Oo9wXvubHyB7soxvasUYsNPBgS5O+7WVsrUOEQGRhCyLI\/82U8BIX7CCcjuw\/TOH93tjkDWGWQefQjIiRNORg5fvSd49z2NL9BlCbL7Ub2vxFIsZPHhMfPWtu7dc7u+ZcK+H4AY7uEjkIjY8JOQ4Kv3BO+6q\/EFuivH9K5SiA07CRDk7rhDWylT4xAZGEHIsjzqZz8GhPjw4cjuw\/TOH93tjkDWGWQefRDIiRNORg5fvSd4112NL9BlCbL7Ub2vxFIsZPHhMfPWtu7dc5u+ZcK+H4AY7uEjkIjYsJOQ4Kv3BO+8q\/EFuivH9K5SiA09ERDk7rhDWylT4xAZGEHIsjzyJz8GhPjw4cjuw\/TOH93tjkDWGWQeeQjIiRNORg5fvSd4512NL9BlCbL7Ub2vxFIsZPHhMfPWtu7dfau+ZcK+H4AY7uEjEBEx4iQk+Oo9wTvvbHyB7soxvasUYsNOBAS52+\/SVsrUOEQGRhCyLI\/40Q8BIX788cjuw\/TOH93tjkDWGWQefQjIieGnIMFX7wneflfjC3RZgux+VO8rsRQLWXx4zLy1rXv33KpvmfD5C5CNn4Qc3npP8LbbG1+gu3JM7yqF2HEnAILc7bdqK2VqHCIDIwhZlkdM+CEgxB1OZPdhemeP7nZHIKsM8k88COTE8F8jwVfviVx3Q+MLdFmC7H5U7yuxFAtZfHjMvLWte\/feom+ZsO8HIIb7t9ORiNivf40c3npP5NrrG1+guzJM7yqF2C9\/DQhyt92qrZSpcYgMjCBkWR7x\/e8BQvzYY5Hdh+mdPbrbHYGsM8g88iCQEyecjBy+ek\/k2usbX6DLEmT3o3pfiKVYyOLDY+atbd2752Z9y4R9PwAx3KNGIxGxX\/0aObz1nsi11ze+QHflmN5VCrFf\/hoQ5G69RVspU+MQGRhByLI84vs\/BIT40aOR3YfpnT+62x2BrDPIPPwQkBMnnoQc3npP+OprG1+gyxJk96N6X4mlWMjiw2PmrW3du+cmfcuEfT8AMdyjRiMRsV\/8Ajk89Z7w1Vc3vkB35ZjeVQqx4cMBQe6Wm7WVMjUOkYERhCzLo374A0CIjxyJ7D5M7\/zR3e4IZJ1B5uEHgZw44UTk8NR7wldd3fgCXZYgux\/V+0osxUIWHx4zb23r3j036Vsm7PsBiOEeOQqJiP38F8jhrfeEr7yq8QW6K8f0rlKIDR8OCHI336StlKlxiAyMIGRZjv\/g+4AQH34SsvswvfNHd7sjkHUGmYcfAHLihBMRh6feE77iysYX6LIE2f2o3ldiKRay+PCYeWtb9+6+Ud8yYd8PQAz3iJFIRGz4cOTw1HvCl13e+ALdlWN6VynEh58ECHK33KStlKlxiAyMIGRZjv\/g+4AQH34CsvswvfNHd7sjkHUGmYcfAHLihBMRh6feE77s8sYX6LIE2f2o3ldiKRay+PCYeWtb9+6+Ud8yYd8PQAz38JFIRGz4cOTw1HvCl17W+ALdlWN6VynEh58ECHI336StlKlxiAyMIGRZjv\/g+4AQH34CsvswvfNHd7sjkHUGmYcfAHLihBMRh6feE77k0sYX6LIE2f2o3ldiKRay+PCYeWtb9+6+Qd8yYd8PQAz38BGIiBh+InJ46j3hSy5tfIHuyjG9qxTiJ54ECHI336itlKlxiAyMIGRZjv3g+4AQH3Y8svswvfNHd7sjkHUGmYceBHLihBMRh6feE774ksYX6LIE2f2o3ldiKRay+PCYeWtb9+66Xt8yYd8PQAz3sBGIiBh2PHJ46j3hiy5qfIHuyjG9qxTiJ5wACHI33qCtVO6d9wBB7r33G1+g1z985BFAyL37XuML9PqHjzgCCHLvvtf4Ar3+4cNHAoLc2+82vkCvf\/jQ4YAg99Z7jS\/Q6x8+dDggyL35XuML9PqHDxkGCHJvvt\/4Ar3+4UOHA4LcG+82vkCvf\/iQoYAg98b7jS\/Q6x8+aCggyL3+XuML9PqHDx4CCHIvv9f4Ar3+4YOHAILcy+82vkCvf\/jgoYAg99K7jS\/Q6x8+aAggyL34XuML9PqHDxwMCHIvvtv4Ar3+4QMHAYLcc+82vkCvf\/iAQYAg9+z7jS\/Q6x8+YDAgyD3zfuML9PqHDxgECHJPv9f4Ar3+4f0HA4LcU+81vkCvf3j\/QYAg9+R7jS\/Q6x8+YBAgyD3+XuML9PqH9x8ECHJPvNv4Ar3+4f0HAoLc4+82vkCvf3j\/gYAg99i7jS\/Q6x\/ebyAgyD36buML9PqH9xsICHKPvNP4Ar3+4X0HAoLcI+82vkCvf3jvAYAg99C7jS\/Q6x\/eqz8gyD34TuML9PqH9+oHCHIPvtP4Ar3+4b36AYLcA+80vkCvf3ivfoAgd987jS\/Q6x\/eox8gyN37TuML9PqH9+gHCHL3vNP4Ar3+4d37AYLc3e80vkCvf3j3foAgd9c7jS\/Q6x\/evR8gyN35TuML9PqHd+8HCHJ3vNP4Ar3+4d36AYLcHe80vkCvf3i3voAgd\/s7jS\/Q6x\/euS8gyN3+TuML9PqHd+4LCHK3vtP4Ar3+4Z37AILcLe80vkCvf3jnv4Agd8s7jS\/Q6x\/euQ8gyN38TuML9PqHd+oDCHI3vdP4Ar3+4Z36AILcTe80vkCvf3in3oAgd+M7jS\/Q6x\/eoTcgyN3wTuML9PqHd+gNCHI3vNP4Ar3+4R16A4Lc9e80vkCvf3iH3oAgd907jS\/Q6x\/evh8gyF37TuML9PqHt+8HCHLXvNP4Ar3+4e37AYLc1W83vkCvf3j7foAgd9XbjS\/Q6x\/evi8gyF35duML9PqHt+8LCHJXvN34Ar3+4e37AILc5W83vkCvf3j7voAgd9najS\/Q6x\/e1g8Q5C5du\/EFev3D2\/oBgtwlazW+QK9\/eFsfQJC7eG3jC\/T6h7f1AQS5i9ZqfIFe\/\/C2voAgd+HajS\/Q6x\/e1gcQ5C5Yq\/EFev3D2\/oAgtz5azW+QK9\/eFsfQJA7b63GF+j1D2\/rDQhy567V+AK9\/uFt\/QBB7uy1Gl+g1z+8rR8gyJ21VuML9PqHt\/UDBLkz12p8gV7\/8La+gCB3xluNL9DrH97WFxDkTn+r8QV6\/cPb+gCC3GlvNb5Ar394W19AkDv1rcYX6PUPb+sLCHKnvNX4Ar3+4W19AUHulLcaX6DXP7ytLyDInfxW4wv0+oe39QUEuZPeanyBXv\/wtr6AIHfiW40v0Osf3tYPEOROeKvxBXr9w9v6AILc8W81vkCvf3hbH0CQO+6txhfo9Q9v6wMIcse+1fgCvf7hbX0AQe6YtxpfoNc\/vK0vIMgd\/VbjC\/T6h7f1BQS5o95qfIFe\/\/C2PoAgd+RbjS\/Q6x\/e1gcQ5I54q\/EFev3D2\/oCgtwRbzW+QK9\/eFsfQJD79luNL9DrH97WBxDkDn+r8QV6\/cPb+gCC3GFvNb5Ar394Wx9AkDv0rcYX6PUPb+sDCHKHvNX4Ar3+4W19AEHukDcbX6DXP7ytDyDIHfxm4wv0+oe39QEEuYPebHyBXv\/wtr6AIHfQG40v0Osf3tYHEOQOeqPxBXr9w9v6A4LcAa83vkCvf3hbP0CQ2\/\/1xhfo9Q9v6w8Icvu93vgCvf7hbQMAQW6f1xtfoNc\/vG0AIMjt\/XrjC\/T6h7cNAAQ559eNL9DrH942ABDk9nq18QV6\/cPb+gOC3F6vNL5Ar394W39AkNvzlcYX6PUPb+sPCHJ7vNz4Ar3+4W39AUHuppcbX6DXP7ytPyDInbQW195gAAAgAElEQVR64wv0+oe39QcEueOfr7W9295ofIFe\/\/C2AYAgd8zzjS\/Q6x\/e1h8Q5I56rvEFev3D2wYAgtxRzzW+QK9\/eFt\/QJDb46XGF+j1D28bAAhye7zU+AK9\/uFt\/QBB7vDnGl+g1z+8bQAg+B\/07o2AIPfH5xtfoNc\/vK0\/IMgd8VzjC\/T6h7f1BwS5w59rfIFe\/\/C2AYAgd9jTjS\/Q6x\/e1h8Q5A59qvEFev3D2\/oDgtzBTzW+QK9\/eNvAgCB34FONL9DrH97WHxDkDnyy8QV6\/cPb+gOC3A+ebHyBXv\/wtr6AIHfA440v0Osf3tYfEOT2f7zxBXr9w9v6A4Lc\/o81vkCvf3jbfkCQ2+\/Rxhfo9Q9v2w8Q5PZ9pPEFev3D2\/YDBLl9H258gV7\/8Lb9AEFur4cbX6DXP7xtP0CQ2+vhxhfo9Q9v2w8Q5PZ8qPEFev3D2\/YDBLk9Hmp8gV7\/8Lb9AEFuz4caX6DXP7xtP0CQ2+P+xhfo9Q9v6w8Icru\/3\/gCvf7hbf0BQW73+xpfoNc\/vK0\/IMjt9mDjC\/T6h7f1BwS53e5tfIFe\/\/C2\/oAgd8B9jS\/Q6x\/e1h8Q5A64t\/EFev3D2\/oDgtwB9zS+QK9\/eFt\/QJD74d2NL9DrH97WHxDkDri78QV6\/cPb+gOC3P53N75Ar3942wBAkNv\/7sYX6PUPbxsACHL73d34Ar3+4W39AUHuB3c1vkCvf3jbAECQ2++uxhfo9Q9vGwAIcvs+2PgCvf7hbQMAQW6fBxtfoNc\/vG0AIMjtd3\/jC\/T6h7cNAAQ554ONL9DrH942ABDk9n+g8QV6\/cPb+gOC3P4PNL5Ar3942wBAkNv\/\/sYX6PUPbxsACHL73d\/4Ar3+4W39AUHugPsbX6DXP7xtACDIHfBQ4wv0+oe39QcEuf0fbHyBXv\/wtv6AIHfAQ40v0Osf3tYfEOR+8GDjC\/T6h7f1BwS5A+9tfIFe\/\/C2\/oAgd+DDjS\/Q6x\/e1h8Q5A56uPEFev3D2\/oDgtwBjzS+QK9\/eNt+gCC3\/6ONL9DrH962HyDI7f9o4wv0+oe39QcEuf0fbXyBXv\/wtv6AIHfgo40v0Osf3rYfIMjt\/2jjC\/T6h7ftBwhy+z\/a+AK9\/uFt\/QBB7sBHG1+g1z+8bT9AkDv40cYX6PUPb9sPEOQOebTxBXr9w9v6A4LcIY82vkCvf3jbfkCQO\/RRXK988D4gqBz+P0h24B+6849DAAAAAElFTkSuQmCC' alt=''><\/p>\n<p><span style='color: #1f839f; font-family: HelveticaNeueLTStd-BdCn&comma; sans-serif&comma; HelveticaNeueLTStd-Roman&comma; sans-serif&comma; sans-serif; font-size: 28px; font-weight: bold; text-align: start;'>DTW251Z <\/span><\/p>\n<h1 style='font-size: 24px; font-weight: bold; color: #595959; font-family: HelveticaNeueLTStd-BdCn&comma; sans-serif&comma; HelveticaNeueLTStd-Roman&comma; sans-serif&comma; sans-serif;'>Llave de impacto LXT<sup style='font-size: 0.8rem;'>\u00ae<\/sup><\/h1>\n<p><sup style='font-size: 0.8rem;'>Llave de impacto compacta de 165 mm de longitud y 1\/2&#8242;. Su peque\u00f1o tama\u00f1o y peso ligero hacen que esta herramienta sea f\u00e1cil de usar&comma; a la vez que ofrece un par de apriete m\u00e1ximo de 230Nm. Una herramienta ideal para espacios reducidos. Una pr\u00e1ctica luz LED para mayor iluminaci\u00f3n.<\/sup><\/p>\n<p><strong><sup style='font-size: 0.8rem;'>CARACTERISTICAS:<\/sup><\/strong><\/p>\n<ul>\n<li style='font-size: 12px; color: inherit;'>Motor Makita de 4 polos entrega 170 ft. lbs. de M\u00e1xima Torsi\u00f3n<\/li>\n<li style='font-size: 12px; color: inherit;'>S\u00f3lo pesa 1.9 K. con bater\u00eda (no incluye bater\u00eda) para reducir la fatiga del operador.<\/li>\n<li style='font-size: 12px; color: inherit;'>0-2&comma;100 RPM y 0-3&comma;200 IPM para un amplio rango de aplicaciones de apretado.<\/li>\n<li style='font-size: 12px; color: inherit;'>La forma ergon\u00f3mica queda como guante con presi\u00f3n uniforme y f\u00e1cil control.<\/li>\n<li style='font-size: 12px; color: inherit;'>Freno Elctrico<\/li>\n<li style='font-size: 12px; color: inherit;'>Mecanismo de martillo y yunque de impacto propiedad de Makita utiliza la mejor materia prima para su elaboraci\u00f3n&comma; con el acero de la m\u00e1s alta calidad y endurecido con un proceso \u00fanico a base de calor para mayor durabilidad y potencia de atornillado.<\/li>\n<\/ul>\n<p><strong>ESPECIFICACIONES:<\/strong><\/p>\n<div style='display: flex; flex-wrap: wrap; gap: 30px; margin-bottom: 30px;'>\n<div style='flex: 1 1 300px; min-width: 250px; border: 1px solid rgba(150&comma;150&comma;150&comma;0.4); border-radius: 8px; overflow: hidden; display: flex; flex-direction: column;'>\n<div style='padding: 15px; border-bottom: 1px solid rgba(150&comma;150&comma;150&comma;0.2); font-weight: bold; font-size: 18px; color: inherit;'>Especificaciones<\/div>\n<div style='padding: 15px; color: inherit;'>\n<ul style='padding-left: 20px; margin: 0; font-size: 14px; list-style-type: disc;'>\n<li style='margin-bottom: 5px;'><strong>Atornillado Cuadrado:<\/strong> 1\/2&#8242;<\/li>\n<li style='margin-bottom: 5px;'><strong>Velocidad Sin Carga (var. 3 vel.):<\/strong> 0 &#8211; 2&comma;100 RPM<\/li>\n<li style='margin-bottom: 5px;'><strong>Golpes por Minuto (var. 3 vel.):<\/strong> 0 &#8211; 3&comma;200 IPM<\/li>\n<li style='margin-bottom: 5px;'><strong>Torsi\u00f3n M\u00e1xima (ft.lbs.\/N\u2022m):<\/strong> 170 ft.lbs.\/230 N\u2022m<\/li>\n<li style='margin-bottom: 5px;'><strong>Bater\u00eda:<\/strong> LXT\u00ae Litio-Ion de 18V<\/li>\n<li style='margin-bottom: 5px;'><strong>Longitud Total:<\/strong> 6-1\/2&#8242;<\/li>\n<li style='margin-bottom: 5px;'><strong>Peso Neto (con la bater\u00eda):<\/strong> 3.8 lbs.<\/li>\n<\/ul><\/div>\n<\/p><\/div>\n<\/p><\/div>\n<p style='margin-top: 20px; font-size: 14px; color: inherit;'><em>*No incluye Bateria ni Cargador<\/em><\/p>\n<\/p><\/div>\n","protected":false},"excerpt":{"rendered":"<p>Llave de Impacto Inal\u00e1mbrica de 18V con entrada 1\/2&#8243; V.V.R 0-3200 IPM<\/p>\n","protected":false},"featured_media":39898,"comment_status":"open","ping_status":"closed","template":"","meta":[],"product_brand":[],"product_cat":[1057],"product_tag":[1058,1059,252],"class_list":{"0":"post-39899","1":"product","2":"type-product","3":"status-publish","4":"has-post-thumbnail","6":"product_cat-herramientas-electrica-cableada","7":"product_tag-ferreteria","8":"product_tag-herramientas-electrica-cableada","9":"product_tag-makita","11":"first","12":"instock","13":"sale","14":"shipping-taxable","15":"purchasable","16":"product-type-simple"},"_links":{"self":[{"href":"https:\/\/soydeaqui.ddns.net\/pachuca\/index.php\/wp-json\/wp\/v2\/product\/39899","targetHints":{"allow":["GET"]}}],"collection":[{"href":"https:\/\/soydeaqui.ddns.net\/pachuca\/index.php\/wp-json\/wp\/v2\/product"}],"about":[{"href":"https:\/\/soydeaqui.ddns.net\/pachuca\/index.php\/wp-json\/wp\/v2\/types\/product"}],"replies":[{"embeddable":true,"href":"https:\/\/soydeaqui.ddns.net\/pachuca\/index.php\/wp-json\/wp\/v2\/comments?post=39899"}],"wp:featuredmedia":[{"embeddable":true,"href":"https:\/\/soydeaqui.ddns.net\/pachuca\/index.php\/wp-json\/wp\/v2\/media\/39898"}],"wp:attachment":[{"href":"https:\/\/soydeaqui.ddns.net\/pachuca\/index.php\/wp-json\/wp\/v2\/media?parent=39899"}],"wp:term":[{"taxonomy":"product_brand","embeddable":true,"href":"https:\/\/soydeaqui.ddns.net\/pachuca\/index.php\/wp-json\/wp\/v2\/product_brand?post=39899"},{"taxonomy":"product_cat","embeddable":true,"href":"https:\/\/soydeaqui.ddns.net\/pachuca\/index.php\/wp-json\/wp\/v2\/product_cat?post=39899"},{"taxonomy":"product_tag","embeddable":true,"href":"https:\/\/soydeaqui.ddns.net\/pachuca\/index.php\/wp-json\/wp\/v2\/product_tag?post=39899"}],"curies":[{"name":"wp","href":"https:\/\/api.w.org\/{rel}","templated":true}]}}