{"id":39892,"date":"2026-03-18T17:33:15","date_gmt":"2026-03-18T17:33:15","guid":{"rendered":"https:\/\/soydeaqui.ddns.net\/pachuca\/index.php\/producto\/sierra-de-banda-64x64mm-inalambrica-de-18v-incluye-2-baterias-li-ion-5-0-a-h-y-cargador\/"},"modified":"2026-03-18T17:33:16","modified_gmt":"2026-03-18T17:33:16","slug":"sierra-de-banda-64x64mm-inalambrica-de-18v-incluye-2-baterias-li-ion-5-0-a-h-y-cargador","status":"publish","type":"product","link":"https:\/\/soydeaqui.ddns.net\/pachuca\/index.php\/producto\/sierra-de-banda-64x64mm-inalambrica-de-18v-incluye-2-baterias-li-ion-5-0-a-h-y-cargador\/","title":{"rendered":"Sierra de Banda 64x64mm inal\u00e1mbrica de 18v, incluye 2 baterias Li-Ion 5.0 A.h y Cargador"},"content":{"rendered":"<div style='width: 100%; max-width: 1200px; margin: 0 auto; font-family: sans-serif; line-height: 1.6; color: inherit; background-color: transparent;'>\n<div style='display: flex; flex-wrap: wrap; gap: 30px; margin-bottom: 30px;'>\n<div style='flex: 1 1 300px; min-width: 280px;'>\n<h3 style='font-size: 22px; border-bottom: 2px solid currentColor; padding-bottom: 5px; margin-top: 0; color: inherit; opacity: 0.8;'>Descripci\u00f3n<\/h3>\n<p style='font-size: 15px; color: inherit; margin-bottom: 15px;'>La Sierra de Banda Port\u00e1til Inal\u00e1mbrica LXT\u00ae de 18V de Makita\u00ae entrega potencia inal\u00e1mbrica para corte de metal en el sitio de trabajo. Cuenta con un motor integrado Makita de alta torsi\u00f3n y un dise\u00f1o de tama\u00f1o compacto con menos peso para un rango de aplicaciones de corte en una variedad de materiales de metal&comma; para un rango de funciones de corte de metales&comma; ideal para cualquier trabajo el\u00e9ctrico&comma; HVAC&comma; instalaci\u00f3n&comma; construcci\u00f3n met\u00e1lica&comma; fabricaci\u00f3n met\u00e1lica&comma; plomer\u00eda&comma; y cualquier contratista profesional que requiere la mejor sierra de banda port\u00e1til inal\u00e1mbrica en su clase.<\/p>\n<p style='font-size: 15px; color: inherit; margin-bottom: 15px;'>Presenta un motor integrado Makita de alta torsi\u00f3n con velocidad de navaja de 630 ft.\/min. para corte m\u00e1s r\u00e1pido y una capacidad de corte de 2-1\/2&#8217;&comma; ideal para corte de conducto&comma; varilla roscada&comma; Unistrut\u00ae&comma; canaletas&comma; tuber\u00edas&comma; placa de metal&comma; tubos cuadrados&comma; y m\u00e1s. La zapata ajustable protege el material y brinda soporte positivo para cortes m\u00e1s exactos.<\/p>\n<\/p><\/div>\n<\/p><\/div>\n<div style='display: flex; flex-wrap: wrap; gap: 20px; margin-bottom: 30px;'>\n<div style='flex: 1 1 250px; border: 1px solid rgba(150&comma; 150&comma; 150&comma; 0.4); border-radius: 8px; overflow: hidden; display: flex; flex-direction: column;'>\n<div style='padding: 15px; border-bottom: 1px solid rgba(150&comma; 150&comma; 150&comma; 0.2); font-weight: bold; font-size: 18px; color: inherit;'>Aplicaciones<\/div>\n<div style='padding: 15px; color: inherit;'>\n<ul style='padding-left: 20px; margin: 0; font-size: 14px; list-style-type: disc;'>\n<li style='margin-bottom: 5px;'>Capacidad de corte de 2-1\/2&#8242; es ideal para cortar tubos&comma; Unistrut\u00ae&comma; tuber\u00eda de cobre&comma; barras roscadas y m\u00e1s<\/li>\n<\/ul><\/div>\n<\/p><\/div>\n<div style='flex: 1 1 250px; border: 1px solid rgba(150&comma; 150&comma; 150&comma; 0.4); border-radius: 8px; overflow: hidden; display: flex; flex-direction: column;'>\n<div style='padding: 15px; border-bottom: 1px solid rgba(150&comma; 150&comma; 150&comma; 0.2); font-weight: bold; font-size: 18px; color: inherit;'>Rendimiento<\/div>\n<div style='padding: 15px; color: inherit;'>\n<ul style='padding-left: 20px; margin: 0; font-size: 14px; list-style-type: disc;'>\n<li style='margin-bottom: 5px;'>El ajuste exterior de navaja permite la localizaci\u00f3n exacta de la navaja para rendimiento de corte mejorado<\/li>\n<\/ul><\/div>\n<\/p><\/div>\n<div style='flex: 1 1 250px; border: 1px solid rgba(150&comma; 150&comma; 150&comma; 0.4); border-radius: 8px; overflow: hidden; display: flex; flex-direction: column;'>\n<div style='padding: 15px; border-bottom: 1px solid rgba(150&comma; 150&comma; 150&comma; 0.2); font-weight: bold; font-size: 18px; color: inherit;'>Durabilidad<\/div>\n<div style='padding: 15px; color: inherit;'>\n<ul style='padding-left: 20px; margin: 0; font-size: 14px; list-style-type: disc;'>\n<li style='margin-bottom: 5px;'>Carcasa de navaja de aluminio para durabilidad incrementada<\/li>\n<\/ul><\/div>\n<\/p><\/div>\n<div style='flex: 1 1 250px; border: 1px solid rgba(150&comma; 150&comma; 150&comma; 0.4); border-radius: 8px; overflow: hidden; display: flex; flex-direction: column;'>\n<div style='padding: 15px; border-bottom: 1px solid rgba(150&comma; 150&comma; 150&comma; 0.2); font-weight: bold; font-size: 18px; color: inherit;'>Dise\u00f1o<\/div>\n<div style='padding: 15px; color: inherit;'>\n<ul style='padding-left: 20px; margin: 0; font-size: 14px; list-style-type: disc;'>\n<li style='margin-bottom: 5px;'>La cubierta de navaja encierra la navaja fuera del \u00e1rea de corte haci\u00e9ndola apropiada para operar a una mano<\/li>\n<\/ul><\/div>\n<\/p><\/div>\n<\/p><\/div>\n<hr style='border: 0; border-top: 1px solid rgba(150&comma; 150&comma; 150&comma; 0.3); margin: 30px 0;'> <\/div>\n","protected":false},"excerpt":{"rendered":"<p>Sierra de Banda 64x64mm inal\u00e1mbrica de 18v, incluye 2 baterias Li-Ion 5.0 A.h y Cargador<\/p>\n","protected":false},"featured_media":39891,"comment_status":"open","ping_status":"closed","template":"","meta":[],"product_brand":[],"product_cat":[1227],"product_tag":[1058,1228,252],"class_list":{"0":"post-39892","1":"product","2":"type-product","3":"status-publish","4":"has-post-thumbnail","6":"product_cat-herramienta-electrica-a-bateria","7":"product_tag-ferreteria","8":"product_tag-herramienta-electrica-a-bateria","9":"product_tag-makita","11":"first","12":"outofstock","13":"sale","14":"shipping-taxable","15":"purchasable","16":"product-type-simple"},"_links":{"self":[{"href":"https:\/\/soydeaqui.ddns.net\/pachuca\/index.php\/wp-json\/wp\/v2\/product\/39892","targetHints":{"allow":["GET"]}}],"collection":[{"href":"https:\/\/soydeaqui.ddns.net\/pachuca\/index.php\/wp-json\/wp\/v2\/product"}],"about":[{"href":"https:\/\/soydeaqui.ddns.net\/pachuca\/index.php\/wp-json\/wp\/v2\/types\/product"}],"replies":[{"embeddable":true,"href":"https:\/\/soydeaqui.ddns.net\/pachuca\/index.php\/wp-json\/wp\/v2\/comments?post=39892"}],"wp:featuredmedia":[{"embeddable":true,"href":"https:\/\/soydeaqui.ddns.net\/pachuca\/index.php\/wp-json\/wp\/v2\/media\/39891"}],"wp:attachment":[{"href":"https:\/\/soydeaqui.ddns.net\/pachuca\/index.php\/wp-json\/wp\/v2\/media?parent=39892"}],"wp:term":[{"taxonomy":"product_brand","embeddable":true,"href":"https:\/\/soydeaqui.ddns.net\/pachuca\/index.php\/wp-json\/wp\/v2\/product_brand?post=39892"},{"taxonomy":"product_cat","embeddable":true,"href":"https:\/\/soydeaqui.ddns.net\/pachuca\/index.php\/wp-json\/wp\/v2\/product_cat?post=39892"},{"taxonomy":"product_tag","embeddable":true,"href":"https:\/\/soydeaqui.ddns.net\/pachuca\/index.php\/wp-json\/wp\/v2\/product_tag?post=39892"}],"curies":[{"name":"wp","href":"https:\/\/api.w.org\/{rel}","templated":true}]}}