{"id":39875,"date":"2026-03-18T17:32:46","date_gmt":"2026-03-18T17:32:46","guid":{"rendered":"https:\/\/soydeaqui.ddns.net\/pachuca\/index.php\/producto\/kit-para-sistemas-de-fijacion-en-concreto-taquetes-con-doble-expansion-y-guia-incluida-para-facil-instalacion-104-piezas\/"},"modified":"2026-03-18T17:33:00","modified_gmt":"2026-03-18T17:33:00","slug":"kit-para-sistemas-de-fijacion-en-concreto-taquetes-con-doble-expansion-y-guia-incluida-para-facil-instalacion-104-piezas","status":"publish","type":"product","link":"https:\/\/soydeaqui.ddns.net\/pachuca\/index.php\/producto\/kit-para-sistemas-de-fijacion-en-concreto-taquetes-con-doble-expansion-y-guia-incluida-para-facil-instalacion-104-piezas\/","title":{"rendered":"Kit para Sistemas de Fijaci\u00f3n en Concreto, Taquetes con doble expansi\u00f3n y gu\u00eda incluida para f\u00e1cil instalaci\u00f3n (104 piezas)"},"content":{"rendered":"<div style='width: 100%; max-width: 1200px; margin: 0 auto; font-family: sans-serif; line-height: 1.6; color: inherit; background-color: transparent;'> <!-- Secci\u00f3n de caracter\u00edsticas --> <\/p>\n<div style='display: flex; flex-wrap: wrap; gap: 30px; margin-bottom: 30px;'>\n<div style='flex: 1 1 300px; min-width: 280px;'>\n<h3 style='font-size: 22px; border-bottom: 2px solid currentColor; padding-bottom: 5px; margin-top: 0; color: inherit; opacity: 0.8;'>Caracter\u00edsticas Principales<\/h3>\n<ul style='padding-left: 20px; font-size: 15px; color: inherit;'>\n<li style='margin-bottom: 5px;'>Doble expansi\u00f3n para mejor sujeci\u00f3n en concreto<\/li>\n<li style='margin-bottom: 5px;'>Adecuados para muros y techos s\u00f3lidos<\/li>\n<li style='margin-bottom: 5px;'>Aletas anti-giro para instalaci\u00f3n segura<\/li>\n<li style='margin-bottom: 5px;'>Flexibles para ajustar diversas superficies<\/li>\n<li style='margin-bottom: 5px;'>Expansi\u00f3n en cuatro direcciones efectivas<\/li>\n<\/ul><\/div>\n<\/p><\/div>\n<p> <!-- Secci\u00f3n de detalles --> <\/p>\n<div style='display: flex; flex-wrap: wrap; gap: 20px; margin-bottom: 30px;'>\n<div style='flex: 1 1 250px; border: 1px solid rgba(150&comma; 150&comma; 150&comma; 0.4); border-radius: 8px; overflow: hidden; display: flex; flex-direction: column;'>\n<div style='padding: 15px; border-bottom: 1px solid rgba(150&comma; 150&comma; 150&comma; 0.2); font-weight: bold; font-size: 18px; color: inherit;'>Detalles de Instalaci\u00f3n<\/div>\n<div style='padding: 15px; color: inherit;'>\n<ul style='padding-left: 20px; margin: 0; font-size: 14px; list-style-type: disc;'>\n<li style='margin-bottom: 5px;'>Taquetes para fijar objetos con tornillo en muros y techos de concreto o superficies s\u00f3lidas<\/li>\n<li style='margin-bottom: 5px;'>Realiza una doble expansi\u00f3n&comma; es decir que abre hac\u00eda los cuatro puntos cardinales<\/li>\n<li style='margin-bottom: 5px;'>Consta de aletas que no permiten que el taquete gire dentro del orificio cuando se introduce el tornillo<\/li>\n<li style='margin-bottom: 5px;'>Flexible<\/li>\n<\/ul><\/div>\n<\/p><\/div>\n<\/p><\/div>\n<p> <!-- Separador --> <\/p>\n<hr style='border: 0; border-top: 1px solid rgba(150&comma; 150&comma; 150&comma; 0.3); margin: 30px 0;'> <\/div>\n","protected":false},"excerpt":{"rendered":"<p>Kit para Sistemas de Fijaci\u00f3n en Concreto, Taquetes con doble expansi\u00f3n y gu\u00eda incluida para f\u00e1cil instalaci\u00f3n (104 piezas)<\/p>\n","protected":false},"featured_media":39874,"comment_status":"open","ping_status":"closed","template":"","meta":[],"product_brand":[],"product_cat":[574],"product_tag":[572,575,583],"class_list":{"0":"post-39875","1":"product","2":"type-product","3":"status-publish","4":"has-post-thumbnail","6":"product_cat-fijacion","7":"product_tag-canalizacion","8":"product_tag-fijacion","9":"product_tag-thorsman","11":"first","12":"instock","13":"sale","14":"shipping-taxable","15":"purchasable","16":"product-type-simple"},"_links":{"self":[{"href":"https:\/\/soydeaqui.ddns.net\/pachuca\/index.php\/wp-json\/wp\/v2\/product\/39875","targetHints":{"allow":["GET"]}}],"collection":[{"href":"https:\/\/soydeaqui.ddns.net\/pachuca\/index.php\/wp-json\/wp\/v2\/product"}],"about":[{"href":"https:\/\/soydeaqui.ddns.net\/pachuca\/index.php\/wp-json\/wp\/v2\/types\/product"}],"replies":[{"embeddable":true,"href":"https:\/\/soydeaqui.ddns.net\/pachuca\/index.php\/wp-json\/wp\/v2\/comments?post=39875"}],"wp:featuredmedia":[{"embeddable":true,"href":"https:\/\/soydeaqui.ddns.net\/pachuca\/index.php\/wp-json\/wp\/v2\/media\/39874"}],"wp:attachment":[{"href":"https:\/\/soydeaqui.ddns.net\/pachuca\/index.php\/wp-json\/wp\/v2\/media?parent=39875"}],"wp:term":[{"taxonomy":"product_brand","embeddable":true,"href":"https:\/\/soydeaqui.ddns.net\/pachuca\/index.php\/wp-json\/wp\/v2\/product_brand?post=39875"},{"taxonomy":"product_cat","embeddable":true,"href":"https:\/\/soydeaqui.ddns.net\/pachuca\/index.php\/wp-json\/wp\/v2\/product_cat?post=39875"},{"taxonomy":"product_tag","embeddable":true,"href":"https:\/\/soydeaqui.ddns.net\/pachuca\/index.php\/wp-json\/wp\/v2\/product_tag?post=39875"}],"curies":[{"name":"wp","href":"https:\/\/api.w.org\/{rel}","templated":true}]}}