{"id":39856,"date":"2026-03-18T17:32:15","date_gmt":"2026-03-18T17:32:15","guid":{"rendered":"https:\/\/soydeaqui.ddns.net\/pachuca\/index.php\/producto\/taladro-inalambrico-percutor-de-12-v-3-8-de-0-450-0-1700-rpm-incluye-2-bateria-li-ion-de-1-5-ah-cargador-y-maletin\/"},"modified":"2026-03-18T17:32:19","modified_gmt":"2026-03-18T17:32:19","slug":"taladro-inalambrico-percutor-de-12-v-3-8-de-0-450-0-1700-rpm-incluye-2-bateria-li-ion-de-1-5-ah-cargador-y-maletin","status":"publish","type":"product","link":"https:\/\/soydeaqui.ddns.net\/pachuca\/index.php\/producto\/taladro-inalambrico-percutor-de-12-v-3-8-de-0-450-0-1700-rpm-incluye-2-bateria-li-ion-de-1-5-ah-cargador-y-maletin\/","title":{"rendered":"Taladro inal\u00e1mbrico Percutor de 12 V, 3\/8 de 0-450 0-1700 RPM, incluye 2 bater\u00eda LI-ION de 1.5 AH, Cargador y Malet\u00edn"},"content":{"rendered":"<div style='width: 100%; max-width: 1200px; margin: 0 auto; font-family: sans-serif; line-height: 1.6; color: inherit; background-color: transparent;'> <!-- Secci\u00f3n de caracter\u00edsticas --> <\/p>\n<div style='display: flex; flex-wrap: wrap; gap: 30px; margin-bottom: 30px;'>\n<div style='flex: 1 1 300px; min-width: 280px;'>\n<h3 style='font-size: 22px; border-bottom: 2px solid currentColor; padding-bottom: 5px; margin-top: 0; color: inherit; opacity: 0.8;'>Caracter\u00edsticas<\/h3>\n<ul style='padding-left: 20px; font-size: 15px; color: inherit;'>\n<li style='margin-bottom: 5px;'>Dise\u00f1o compacto y ergon\u00f3mico con solo 193 mm de largo<\/li>\n<li style='margin-bottom: 5px;'>El rodamiento de bolas reduce el movimiento de la broca<\/li>\n<li style='margin-bottom: 5px;'>Bater\u00eda tipo deslizante y agarre ergon\u00f3mico mejorado<\/li>\n<li style='margin-bottom: 5px;'>2 velocidades variables (0-450 y 0-1&comma;700 RPM) para una amplia gama de aplicaciones de taladrado&comma; sujeci\u00f3n y taladrado<\/li>\n<li style='margin-bottom: 5px;'>Mayor potencia del motor para una mayor velocidad de aplicaci\u00f3n y un par de apriete m\u00e1ximo<\/li>\n<li style='margin-bottom: 5px;'>0-25&comma;500 IPM para taladrado r\u00e1pido en materiales de alba\u00f1iler\u00eda<\/li>\n<li style='margin-bottom: 5px;'>Ligero para reducir la fatiga del operador<\/li>\n<\/ul><\/div>\n<\/p><\/div>\n<p> <!-- Secci\u00f3n de especificaciones --> <\/p>\n<div style='display: flex; flex-wrap: wrap; gap: 20px; margin-bottom: 30px;'>\n<div style='flex: 1 1 250px; border: 1px solid rgba(150&comma; 150&comma; 150&comma; 0.4); border-radius: 8px; overflow: hidden; display: flex; flex-direction: column;'>\n<div style='padding: 15px; border-bottom: 1px solid rgba(150&comma; 150&comma; 150&comma; 0.2); font-weight: bold; font-size: 18px; color: inherit;'>Especificaciones<\/div>\n<div style='padding: 15px; color: inherit;'>\n<ul style='padding-left: 20px; margin: 0; font-size: 14px; list-style-type: disc;'>\n<li style='margin-bottom: 5px;'><strong>Portabrocas:<\/strong> R\u00edgido sin llave de una sola manga de 10 mm (3\/8&#8242;)<\/li>\n<li style='margin-bottom: 5px;'><strong>Capacidad Acero \/ Madera \/ Alba\u00f1iler\u00eda:<\/strong> 10\/21\/8 mm (3\/8&#8217;\/ 13\/16&#8242; \/ 5\/16&#8242;)<\/li>\n<li style='margin-bottom: 5px;'><strong>Capacidad de Mandril:<\/strong> 0.8 &#8211; 10 mm (1\/32 &#8211; 3\/8 &#8216;)<\/li>\n<li style='margin-bottom: 5px;'><strong>Impactos por minuto (ipm) Alta \/ Baja:<\/strong> 0 &#8211; 25&comma;500 \/ 0 &#8211; 6&comma;750<\/li>\n<li style='margin-bottom: 5px;'><strong>Velocidad sin carga (rpm) Alta \/ Baja:<\/strong> 0 &#8211; 1&comma;700 \/ 0 &#8211; 450<\/li>\n<li style='margin-bottom: 5px;'><strong>Torsi\u00f3n de sujeci\u00f3n m\u00e1xima Duro \/ blando:<\/strong> 30\/14 Nm (270\/130 lbs)<\/li>\n<li style='margin-bottom: 5px;'><strong>Par de bloqueo m\u00e1ximo:<\/strong> 28 Nm (250 in lbs)<\/li>\n<li style='margin-bottom: 5px;'><strong>Voltaje:<\/strong> 12 V Max<\/li>\n<li style='margin-bottom: 5px;'><strong>Ajuste del par del embrague:<\/strong> 0.5 &#8211; 3.5 Nm (4 &#8211; 30 lbs)<\/li>\n<li style='margin-bottom: 5px;'><strong>Nivel de vibraci\u00f3n Perforaci\u00f3n de impacto en concreto:<\/strong> 13.0 m \/ s\u00b2<\/li>\n<li style='margin-bottom: 5px;'><strong>Nivel de presi\u00f3n de sonido:<\/strong> 82 dB (A)<\/li>\n<li style='margin-bottom: 5px;'><strong>Nivel de potencia de sonido:<\/strong> 93 dB (A)<\/li>\n<li style='margin-bottom: 5px;'><strong>Incluye:<\/strong> 2 pilas de 1&comma;5 Ah&comma; cargador y estuche<\/li>\n<li style='margin-bottom: 5px;'><strong>Peso con bater\u00eda:<\/strong> 1.3 Kg<\/li>\n<\/ul><\/div>\n<\/p><\/div>\n<\/p><\/div>\n<p> <!-- Separador --> <\/p>\n<hr style='border: 0; border-top: 1px solid rgba(150&comma; 150&comma; 150&comma; 0.3); margin: 30px 0;'> <\/div>\n","protected":false},"excerpt":{"rendered":"<p>Taladro inal\u00e1mbrico Percutor de 12 V, 3\/8 de 0-450 0-1700 RPM, incluye 2 bater\u00eda LI-ION de 1.5 AH, Cargador y Malet\u00edn<\/p>\n","protected":false},"featured_media":39855,"comment_status":"open","ping_status":"closed","template":"","meta":[],"product_brand":[],"product_cat":[1227],"product_tag":[1058,1228,252],"class_list":{"0":"post-39856","1":"product","2":"type-product","3":"status-publish","4":"has-post-thumbnail","6":"product_cat-herramienta-electrica-a-bateria","7":"product_tag-ferreteria","8":"product_tag-herramienta-electrica-a-bateria","9":"product_tag-makita","11":"first","12":"outofstock","13":"sale","14":"shipping-taxable","15":"purchasable","16":"product-type-simple"},"_links":{"self":[{"href":"https:\/\/soydeaqui.ddns.net\/pachuca\/index.php\/wp-json\/wp\/v2\/product\/39856","targetHints":{"allow":["GET"]}}],"collection":[{"href":"https:\/\/soydeaqui.ddns.net\/pachuca\/index.php\/wp-json\/wp\/v2\/product"}],"about":[{"href":"https:\/\/soydeaqui.ddns.net\/pachuca\/index.php\/wp-json\/wp\/v2\/types\/product"}],"replies":[{"embeddable":true,"href":"https:\/\/soydeaqui.ddns.net\/pachuca\/index.php\/wp-json\/wp\/v2\/comments?post=39856"}],"wp:featuredmedia":[{"embeddable":true,"href":"https:\/\/soydeaqui.ddns.net\/pachuca\/index.php\/wp-json\/wp\/v2\/media\/39855"}],"wp:attachment":[{"href":"https:\/\/soydeaqui.ddns.net\/pachuca\/index.php\/wp-json\/wp\/v2\/media?parent=39856"}],"wp:term":[{"taxonomy":"product_brand","embeddable":true,"href":"https:\/\/soydeaqui.ddns.net\/pachuca\/index.php\/wp-json\/wp\/v2\/product_brand?post=39856"},{"taxonomy":"product_cat","embeddable":true,"href":"https:\/\/soydeaqui.ddns.net\/pachuca\/index.php\/wp-json\/wp\/v2\/product_cat?post=39856"},{"taxonomy":"product_tag","embeddable":true,"href":"https:\/\/soydeaqui.ddns.net\/pachuca\/index.php\/wp-json\/wp\/v2\/product_tag?post=39856"}],"curies":[{"name":"wp","href":"https:\/\/api.w.org\/{rel}","templated":true}]}}