{"id":39851,"date":"2026-03-18T17:32:08","date_gmt":"2026-03-18T17:32:08","guid":{"rendered":"https:\/\/soydeaqui.ddns.net\/pachuca\/index.php\/producto\/transformador-reductor-de-208-vca-a-120-vca-entrada-hardwire-con-cable-de-uso-rudo-con-6-salidas-nema-5-20r\/"},"modified":"2026-03-18T17:32:14","modified_gmt":"2026-03-18T17:32:14","slug":"transformador-reductor-de-208-vca-a-120-vca-entrada-hardwire-con-cable-de-uso-rudo-con-6-salidas-nema-5-20r","status":"publish","type":"product","link":"https:\/\/soydeaqui.ddns.net\/pachuca\/index.php\/producto\/transformador-reductor-de-208-vca-a-120-vca-entrada-hardwire-con-cable-de-uso-rudo-con-6-salidas-nema-5-20r\/","title":{"rendered":"Transformador Reductor de 208 Vca a 120 Vca, Entrada Hardwire con Cable de Uso Rudo, Con 6 Salidas NEMA 5-20R"},"content":{"rendered":"<div style='width: 100%; max-width: 1200px; margin: 0 auto; font-family: sans-serif; line-height: 1.6; color: inherit; background-color: transparent;'>\n<div style='display: flex; flex-wrap: wrap; gap: 30px; margin-bottom: 30px;'>\n<div style='flex: 1 1 300px; min-width: 280px;'>\n<h3 style='font-size: 22px; border-bottom: 2px solid currentColor; padding-bottom: 5px; margin-top: 0; color: inherit; opacity: 0.8;'>Caracter\u00edsticas Generales<\/h3>\n<ul style='padding-left: 20px; font-size: 15px; color: inherit;'>\n<li style='margin-bottom: 5px;'>El transformador de aislamiento reductor de torre\/rack OL5KSTF de CyberPower convierte el voltaje de entrada de 200 V a 240 V que se origina en la red el\u00e9ctrica&comma; a una salida de 120 V<\/li>\n<li style='margin-bottom: 5px;'>Tiene una capacidad de 5&comma;000 VA \/ 5&comma;000 Watts<\/li>\n<li style='margin-bottom: 5px;'>Cuenta con seis (6) recept\u00e1culos NEMA 5-20R que pueden admitir salida a cables de alimentaci\u00f3n NEMA 5-15P y 5-20P<\/li>\n<li style='margin-bottom: 5px;'>Un bloque de terminales de salida de cableado proporciona un medio para conectarse a un subpanel el\u00e9ctrico<\/li>\n<li style='margin-bottom: 5px;'>El kit de cable de alimentaci\u00f3n de 6 pies incluido (Plug NEMA L6-30P a ROJ) conecta el OL5KSTF a la alimentaci\u00f3n de entrada<\/li>\n<li style='margin-bottom: 5px;'>La protecci\u00f3n contra sobretemperatura protege su OL5KSTF de da\u00f1os si el calor interno excede los par\u00e1metros de operaci\u00f3n seguros<\/li>\n<\/ul><\/div>\n<\/p><\/div>\n<div style='display: flex; flex-wrap: wrap; gap: 20px; margin-bottom: 30px;'>\n<div style='flex: 1 1 250px; border: 1px solid rgba(150&comma; 150&comma; 150&comma; 0.4); border-radius: 8px; overflow: hidden; display: flex; flex-direction: column;'>\n<div style='padding: 15px; border-bottom: 1px solid rgba(150&comma; 150&comma; 150&comma; 0.2); font-weight: bold; font-size: 18px; color: inherit;'>Especificaciones T\u00e9cnicas<\/div>\n<div style='padding: 15px; color: inherit;'>\n<ul style='padding-left: 20px; margin: 0; font-size: 14px; list-style-type: disc;'>\n<li style='margin-bottom: 5px;'><strong>Potencia de Salida:<\/strong> 5&comma;000 VA \/ 5&comma;000 Watts<\/li>\n<li style='margin-bottom: 5px;'><strong>Voltaje de Salida:<\/strong> 120\/208 Vca a 50\/60 Hz<\/li>\n<li style='margin-bottom: 5px;'><strong>Entrada:<\/strong> Cable con Plug NEMA L6-30P <img style='border: 0; vertical-align: middle; width: 40px; height: 40px;' src='https:\/\/www.cyberpower.com\/mx\/es\/File\/GetImageByDocId\/GeneralAttribute-246' alt=''><\/li>\n<li style='margin-bottom: 5px;'><strong>Longitud del cable:<\/strong> 0.9m<\/li>\n<li style='margin-bottom: 5px;'><strong>Conversi\u00f3n de potencia:<\/strong> 208V del suministro el\u00e9ctrico&comma; UPS o generador a 120V de salida<\/li>\n<li style='margin-bottom: 5px;'><strong>Salidas:<\/strong> Bloque terminal hardwire para cable uso rudo y 6 tomas NEMA 5-20R <img style='border: 0; vertical-align: middle; width: 40px; height: 40px;' src='https:\/\/www.cyberpower.com\/mx\/es\/File\/GetImageByDocId\/GeneralAttribute-370' alt=''><\/li>\n<li style='margin-bottom: 5px;'><strong>Formato:<\/strong> Rack\/Torre<\/li>\n<li style='margin-bottom: 5px;'><strong>Unidades de Rack:<\/strong> 2<\/li>\n<li style='margin-bottom: 5px;'><strong>Protecci\u00f3n de sobrecarga:<\/strong> Circuit Breakers de salida<\/li>\n<li style='margin-bottom: 5px;'><strong>Protecci\u00f3n por sobretemperatura:<\/strong> S\u00ed<\/li>\n<li style='margin-bottom: 5px;'><strong>Dimensiones:<\/strong> 432 x 86 x 599 mm (Ancho x Alto x Profundidad)<\/li>\n<li style='margin-bottom: 5px;'><strong>Peso:<\/strong> 43.3 kg<\/li>\n<li style='margin-bottom: 5px;'><strong>Garant\u00eda:<\/strong> 3 a\u00f1os<\/li>\n<\/ul><\/div>\n<\/p><\/div>\n<\/p><\/div>\n<div style='display: flex; flex-wrap: wrap; gap: 20px; margin-bottom: 30px;'>\n<div style='flex: 1 1 250px; border: 1px solid rgba(150&comma; 150&comma; 150&comma; 0.4); border-radius: 8px; overflow: hidden; display: flex; flex-direction: column;'>\n<div style='padding: 15px; border-bottom: 1px solid rgba(150&comma; 150&comma; 150&comma; 0.2); font-weight: bold; font-size: 18px; color: inherit;'>Logotipo de la Marca<\/div>\n<div style='padding: 15px; color: inherit; text-align: center;'> <img style='width: 100%; height: auto; border: 1px solid rgba(150&comma;150&comma;150&comma;0.3); border-radius: 8px; max-width: 300px;' src='https:\/\/ftp3.syscom.mx\/usuarios\/fotos\/logotipos\/cyberpower.png' alt='Logotipo CyberPower'> <\/div>\n<\/p><\/div>\n<\/p><\/div>\n<hr style='border: 0; border-top: 1px solid rgba(150&comma; 150&comma; 150&comma; 0.3); margin: 30px 0;'> <\/div>\n","protected":false},"excerpt":{"rendered":"<p>Transformador Reductor de 208 Vca a 120 Vca, Entrada Hardwire con Cable de Uso Rudo, Con 6 Salidas NEMA 5-20R<\/p>\n","protected":false},"featured_media":39850,"comment_status":"open","ping_status":"closed","template":"","meta":[],"product_brand":[],"product_cat":[1100],"product_tag":[677,1101,1102],"class_list":{"0":"post-39851","1":"product","2":"type-product","3":"status-publish","4":"has-post-thumbnail","6":"product_cat-ups-no-break","7":"product_tag-cyberpower","8":"product_tag-respaldo-de-energia","9":"product_tag-ups-no-break","11":"first","12":"outofstock","13":"sale","14":"shipping-taxable","15":"purchasable","16":"product-type-simple"},"_links":{"self":[{"href":"https:\/\/soydeaqui.ddns.net\/pachuca\/index.php\/wp-json\/wp\/v2\/product\/39851","targetHints":{"allow":["GET"]}}],"collection":[{"href":"https:\/\/soydeaqui.ddns.net\/pachuca\/index.php\/wp-json\/wp\/v2\/product"}],"about":[{"href":"https:\/\/soydeaqui.ddns.net\/pachuca\/index.php\/wp-json\/wp\/v2\/types\/product"}],"replies":[{"embeddable":true,"href":"https:\/\/soydeaqui.ddns.net\/pachuca\/index.php\/wp-json\/wp\/v2\/comments?post=39851"}],"wp:featuredmedia":[{"embeddable":true,"href":"https:\/\/soydeaqui.ddns.net\/pachuca\/index.php\/wp-json\/wp\/v2\/media\/39850"}],"wp:attachment":[{"href":"https:\/\/soydeaqui.ddns.net\/pachuca\/index.php\/wp-json\/wp\/v2\/media?parent=39851"}],"wp:term":[{"taxonomy":"product_brand","embeddable":true,"href":"https:\/\/soydeaqui.ddns.net\/pachuca\/index.php\/wp-json\/wp\/v2\/product_brand?post=39851"},{"taxonomy":"product_cat","embeddable":true,"href":"https:\/\/soydeaqui.ddns.net\/pachuca\/index.php\/wp-json\/wp\/v2\/product_cat?post=39851"},{"taxonomy":"product_tag","embeddable":true,"href":"https:\/\/soydeaqui.ddns.net\/pachuca\/index.php\/wp-json\/wp\/v2\/product_tag?post=39851"}],"curies":[{"name":"wp","href":"https:\/\/api.w.org\/{rel}","templated":true}]}}