{"id":39844,"date":"2026-03-18T17:31:54","date_gmt":"2026-03-18T17:31:54","guid":{"rendered":"https:\/\/soydeaqui.ddns.net\/pachuca\/index.php\/producto\/relevador-interruptor-wifi-industrial-y-residencial-inteligente-hasta-16a-soporta-google-alexa-nube-p2p-y-control-local-1-canal-y-puerto-ethernet\/"},"modified":"2026-03-18T17:31:55","modified_gmt":"2026-03-18T17:31:55","slug":"relevador-interruptor-wifi-industrial-y-residencial-inteligente-hasta-16a-soporta-google-alexa-nube-p2p-y-control-local-1-canal-y-puerto-ethernet","status":"publish","type":"product","link":"https:\/\/soydeaqui.ddns.net\/pachuca\/index.php\/producto\/relevador-interruptor-wifi-industrial-y-residencial-inteligente-hasta-16a-soporta-google-alexa-nube-p2p-y-control-local-1-canal-y-puerto-ethernet\/","title":{"rendered":"Relevador \/ Interruptor WIFI\/ Industrial y residencial inteligente \/ Hasta 16A \/ Soporta Google \/Alexa \/ Nube P2P y control Local \/ 1 canal y puerto ethernet"},"content":{"rendered":"<div style='width: 100%; max-width: 1200px; margin: 0 auto; font-family: sans-serif; line-height: 1.6; color: inherit; background-color: transparent;'> <!-- Secci\u00f3n de caracter\u00edsticas en grid --> <\/p>\n<div style='display: grid; grid-template-columns: repeat(auto-fit&comma; minmax(280px&comma; 1fr)); gap: 30px; margin-bottom: 30px;'> <!-- Caracter\u00edsticas principales --> <\/p>\n<div style='border-left: 5px solid #FF0000; border-radius: 5px; padding: 5px; box-shadow: 2px 2px 10px rgba(216&comma;216&comma;216&comma;0.5);'>\n<h3 style='font-size: 18px; margin: 0 0 15px 0; color: inherit; font-family: 'Helvetica'&comma; sans-serif; opacity: 0.8;'>Caracter\u00edsticas principales:<\/h3>\n<ul style='padding-left: 20px; font-size: 15px; color: inherit; list-style-type: disc;'>\n<li style='margin-bottom: 8px;'>No requiere HUB<\/li>\n<li style='margin-bottom: 8px;'>Medici\u00f3n de consumo (solo en AC)<\/li>\n<li style='margin-bottom: 8px;'>Protecci\u00f3n de temperatura<\/li>\n<li style='margin-bottom: 8px;'>Protecci\u00f3n de sobrecarga<\/li>\n<li style='margin-bottom: 8px;'>Canales: 1<\/li>\n<li style='margin-bottom: 8px;'>Montable en riel DIN<\/li>\n<li style='margin-bottom: 8px;'>Conectividad Wifi 2.4 GHz&comma; Bluetooth y Ethernet<\/li>\n<\/ul><\/div>\n<p> <!-- Caracter\u00edsticas F\u00edsicas y El\u00e9ctricas --> <\/p>\n<div style='border-left: 5px solid #FF0000; border-radius: 5px; padding: 5px; box-shadow: 2px 2px 10px rgba(216&comma;216&comma;216&comma;0.5);'>\n<h3 style='font-size: 18px; margin: 0 0 15px 0; color: inherit; font-family: 'Helvetica'&comma; sans-serif; opacity: 0.8;'>Caracter\u00edsticas F\u00edsicas y El\u00e9ctricas:<\/h3>\n<ul style='padding-left: 20px; font-size: 15px; color: inherit; list-style-type: disc;'>\n<li style='margin-bottom: 8px;'>Alimentaci\u00f3n AC: 110 &#8211; 230V&comma; 50\/60 Hz<\/li>\n<li style='margin-bottom: 8px;'>Carga m\u00e1xima: 16A<\/li>\n<li style='margin-bottom: 8px;'>Temperatura de operaci\u00f3n: -20\u00b0C a +40\u00b0C<\/li>\n<li style='margin-bottom: 8px;'>Consumo: <3W<\/li>\n<li style='margin-bottom: 8px;'>Dimensiones: 68.5mm x 18.5mm x 89.5mm<\/li>\n<\/ul><\/div>\n<p> <!-- Caracter\u00edsticas Destacadas --> <\/p>\n<div style='border-left: 5px solid #FF0000; border-radius: 5px; padding: 5px; box-shadow: 2px 2px 10px rgba(216&comma;216&comma;216&comma;0.5);'>\n<h3 style='font-size: 18px; margin: 0 0 15px 0; color: inherit; font-family: 'Helvetica'&comma; sans-serif; opacity: 0.8;'>Caracter\u00edsticas Destacadas:<\/h3>\n<p style='font-size: 15px; margin: 0 0 15px 0; text-align: justify; color: inherit;'>SHELLYPRO1PM de 1 canal con conexi\u00f3n Wi-Fi&comma; LAN y Bluetooth&comma; apto para dom\u00f3tica e instalaciones con mando a distancia. Montable en riel DIN dentro de una caja de interruptores. Funciones de seguridad mejoradas y compatible con las plataformas de dom\u00f3tica m\u00e1s utilizadas.<\/p>\n<ul style='padding-left: 20px; font-size: 15px; color: inherit; list-style-type: disc;'>\n<li style='margin-bottom: 8px;'><a href='https:\/\/kb.shelly.cloud\/knowledge-base\/devices' style='color: #2f9cd7; text-decoration: underline;'>Base de datos material de apoyo<\/a><\/li>\n<\/ul><\/div>\n<\/p><\/div>\n<p> <!-- Secci\u00f3n de im\u00e1genes de instalaci\u00f3n --> <\/p>\n<div style='background-color: #2f9cd7; border-radius: 10px; padding: 40px; margin-bottom: 30px;'>\n<div style='display: grid; grid-template-columns: repeat(auto-fit&comma; minmax(200px&comma; 1fr)); gap: 30px; align-items: center;'>\n<div style='text-align: center;'> <img style='width: 100%; max-width: 150px; height: auto; margin: 0 auto 110px; border: none;' src='https:\/\/ftp3.syscom.mx\/usuarios\/ftp\/single_page\/shelly_img\/install.png' alt='Instalaci\u00f3n'> <\/p>\n<h4 style='color: white; text-align: center; margin: 15px 0 8px 0;'>INSTALAR<\/h4>\n<p style='color: white; text-align: center; margin: 0;'>Instale su rel\u00e9 ShellyPRO1PM<\/p>\n<\/p><\/div>\n<div style='text-align: center;'> <img style='width: 100%; max-width: 150px; height: auto; margin: 0 auto 110px; border: none;' src='https:\/\/ftp3.syscom.mx\/usuarios\/ftp\/single_page\/shelly_img\/download-app.png' alt='Descargar aplicaci\u00f3n'> <\/p>\n<h4 style='color: white; text-align: center; margin: 15px 0 8px 0;'>INSTALAR<\/h4>\n<p style='color: white; text-align: center; margin: 0;'>Descargue e instale la aplicaci\u00f3n m\u00f3vil gratuita de Google Play o Apple\u00ae App Store.<\/p>\n<\/p><\/div>\n<div style='text-align: center;'> <img style='width: 100%; max-width: 150px; height: auto; margin: 0 auto 110px; border: none;' src='https:\/\/ftp3.syscom.mx\/usuarios\/ftp\/single_page\/shelly_img\/manual.png' alt='Manual'> <\/p>\n<h4 style='color: white; text-align: center; margin: 15px 0 8px 0;'>DESCARGAR<\/h4>\n<p style='color: white; text-align: center; margin: 0;'>Descargue nuestra Gu\u00eda de usuario y siga las instrucciones.<\/p>\n<\/p><\/div>\n<\/p><\/div>\n<\/p><\/div>\n<p> <!-- Logo Shelly --> <\/p>\n<div style='background-color: #434342; padding: 30px; border-radius: 10px; margin-bottom: 30px; text-align: center;'> <img style='width: 100%; max-width: 200px; height: auto; margin: 0 auto; border: none;' src='https:\/\/ftp3.syscom.mx\/usuarios\/ftp\/single_page\/shelly_img\/shelly_logo_white_std.png' alt='Shelly Logo'> <\/div>\n<p> <!-- Tabla de especificaciones --> <\/p>\n<div style='text-align: center; margin: 30px 0;'> <img style='width: 100%; max-width: 735px; height: auto; border: 1px solid rgba(150&comma;150&comma;150&comma;0.3); border-radius: 8px;' src='https:\/\/i.ibb.co\/HDBc9xQ\/tabla-shelly.jpg' alt='Tabla de especificaciones'> <\/div>\n<\/p><\/div>\n","protected":false},"excerpt":{"rendered":"<p>Relevador \/ Interruptor WIFI\/ Industrial y residencial inteligente \/ Hasta 16A \/ Soporta Google \/Alexa \/ Nube P2P y control Local \/ 1 canal y puerto ethernet<\/p>\n","protected":false},"featured_media":39843,"comment_status":"open","ping_status":"closed","template":"","meta":[],"product_brand":[],"product_cat":[56],"product_tag":[30,57,58],"class_list":{"0":"post-39844","1":"product","2":"type-product","3":"status-publish","4":"has-post-thumbnail","6":"product_cat-control-de-iluminacion","7":"product_tag-automatizacion-casa-inteligente","8":"product_tag-control-de-iluminacion","9":"product_tag-shelly","11":"first","12":"instock","13":"sale","14":"shipping-taxable","15":"purchasable","16":"product-type-simple"},"_links":{"self":[{"href":"https:\/\/soydeaqui.ddns.net\/pachuca\/index.php\/wp-json\/wp\/v2\/product\/39844","targetHints":{"allow":["GET"]}}],"collection":[{"href":"https:\/\/soydeaqui.ddns.net\/pachuca\/index.php\/wp-json\/wp\/v2\/product"}],"about":[{"href":"https:\/\/soydeaqui.ddns.net\/pachuca\/index.php\/wp-json\/wp\/v2\/types\/product"}],"replies":[{"embeddable":true,"href":"https:\/\/soydeaqui.ddns.net\/pachuca\/index.php\/wp-json\/wp\/v2\/comments?post=39844"}],"wp:featuredmedia":[{"embeddable":true,"href":"https:\/\/soydeaqui.ddns.net\/pachuca\/index.php\/wp-json\/wp\/v2\/media\/39843"}],"wp:attachment":[{"href":"https:\/\/soydeaqui.ddns.net\/pachuca\/index.php\/wp-json\/wp\/v2\/media?parent=39844"}],"wp:term":[{"taxonomy":"product_brand","embeddable":true,"href":"https:\/\/soydeaqui.ddns.net\/pachuca\/index.php\/wp-json\/wp\/v2\/product_brand?post=39844"},{"taxonomy":"product_cat","embeddable":true,"href":"https:\/\/soydeaqui.ddns.net\/pachuca\/index.php\/wp-json\/wp\/v2\/product_cat?post=39844"},{"taxonomy":"product_tag","embeddable":true,"href":"https:\/\/soydeaqui.ddns.net\/pachuca\/index.php\/wp-json\/wp\/v2\/product_tag?post=39844"}],"curies":[{"name":"wp","href":"https:\/\/api.w.org\/{rel}","templated":true}]}}