{"id":39823,"date":"2026-03-18T17:31:16","date_gmt":"2026-03-18T17:31:16","guid":{"rendered":"https:\/\/soydeaqui.ddns.net\/pachuca\/index.php\/producto\/gua-jalacables-de-acero-inoxidable-de-73-metros-239-50-pies-de-largo-x-0-3-cm-0-12-pulgadas-de-ancho\/"},"modified":"2026-03-18T17:31:33","modified_gmt":"2026-03-18T17:31:33","slug":"gua-jalacables-de-acero-inoxidable-de-73-metros-239-50-pies-de-largo-x-0-3-cm-0-12-pulgadas-de-ancho","status":"publish","type":"product","link":"https:\/\/soydeaqui.ddns.net\/pachuca\/index.php\/producto\/gua-jalacables-de-acero-inoxidable-de-73-metros-239-50-pies-de-largo-x-0-3-cm-0-12-pulgadas-de-ancho\/","title":{"rendered":"Gu?a Jalacables de Acero Inoxidable de 73 Metros (239.50 Pies) de Largo x 0.3 cm (0.12 Pulgadas) de Ancho"},"content":{"rendered":"<div style='width: 100%; max-width: 1200px; margin: 0 auto; font-family: sans-serif; line-height: 1.6; color: inherit; background-color: transparent;'> <!-- Secci\u00f3n de caracter\u00edsticas --> <\/p>\n<div style='display: flex; flex-wrap: wrap; gap: 30px; margin-bottom: 30px;'>\n<div style='flex: 1 1 300px; min-width: 280px;'>\n<h3 style='font-size: 22px; border-bottom: 2px solid currentColor; padding-bottom: 5px; margin-top: 0; color: inherit; opacity: 0.8;'>Caracter\u00edsticas<\/h3>\n<ul style='padding-left: 20px; font-size: 15px; color: inherit;'>\n<li style='margin-bottom: 5px;'>Gu\u00edas jalacables duraderas de 1\/8&#8242; de ancho fabricadas en acero inoxidable de alta resistencia que son firmes&comma; pero flexibles para un jalado de cables grandes y tramos largos<\/li>\n<li style='margin-bottom: 5px;'>Gu\u00eda de acero inoxidable resistente a la corrosi\u00f3n que prolonga la vida \u00fatil de la cinta<\/li>\n<li style='margin-bottom: 5px;'>Dise\u00f1o de carcasa que disminuye el esfuerzo de soltura y la fricci\u00f3n&comma; optimizando el \u00e1ngulo de soltura de la gu\u00eda<\/li>\n<li style='margin-bottom: 5px;'>Geometr\u00eda antideslizante de la carcasa que mejora la potencia de bobinado y reduce los agarrotamientos<\/li>\n<li style='margin-bottom: 5px;'>Mango que permite un agarre desde varias posiciones y le proporciona un agarre firme y uniforme a medida que jala o rebobina la gu\u00eda<\/li>\n<li style='margin-bottom: 5px;'>Marcas descendentes grabadas con l\u00e1ser en incrementos de 1&#8242; (0&comma;3 m) que le permiten medir los tramos de tubos conduit de manera m\u00e1s precisa&comma; as\u00ed como la cantidad de gu\u00eda que le queda por utilizar<\/li>\n<li style='margin-bottom: 5px;'>Carcasa y mango de polipropileno que ofrecen excelente resistencia a impactos<\/li>\n<\/ul><\/div>\n<\/p><\/div>\n<p> <!-- Separador --> <\/p>\n<hr style='border: 0; border-top: 1px solid rgba(150&comma; 150&comma; 150&comma; 0.3); margin: 30px 0;'> <!-- Secci\u00f3n de especificaciones --> <\/p>\n<div style='display: flex; flex-wrap: wrap; gap: 20px; margin-bottom: 30px;'>\n<div style='flex: 1 1 250px; border: 1px solid rgba(150&comma; 150&comma; 150&comma; 0.4); border-radius: 8px; overflow: hidden; display: flex; flex-direction: column;'>\n<div style='padding: 15px; border-bottom: 1px solid rgba(150&comma; 150&comma; 150&comma; 0.2); font-weight: bold; font-size: 18px; color: inherit;'>Dimensiones<\/div>\n<div style='padding: 15px; color: inherit;'>\n<ul style='padding-left: 20px; margin: 0; font-size: 14px; list-style-type: disc;'>\n<li style='margin-bottom: 5px;'><strong>Material:<\/strong> Acero inoxidable<\/li>\n<li style='margin-bottom: 5px;'><strong>Longitud total:<\/strong> 1.85&#8242; (4.7 cm)<\/li>\n<li style='margin-bottom: 5px;'><strong>Altura total:<\/strong> 16.21&#8242; (41.2 cm)<\/li>\n<li style='margin-bottom: 5px;'><strong>Ancho total:<\/strong> 12.35&#8242; (31.4 cm)<\/li>\n<li style='margin-bottom: 5px;'><strong>Color:<\/strong> Naranja\/negro<\/li>\n<li style='margin-bottom: 5px;'><strong>Tama\u00f1o de la gu\u00eda:<\/strong> 240&#8242; x 1\/8&#8242; x .062&#8242; (73.2m x 0.3cm x 0.2 cm)<\/li>\n<li style='margin-bottom: 5px;'><strong>Di\u00e1metro:<\/strong> 13&#8242; (33 cm)<\/li>\n<li style='margin-bottom: 5px;'><strong>Extremo de la gu\u00eda:<\/strong> Acero de lazo doble<\/li>\n<li style='margin-bottom: 5px;'><strong>Peso:<\/strong> 3.6 kg (7.9 lb)<\/li>\n<\/ul><\/div>\n<\/p><\/div>\n<\/p><\/div>\n<\/p><\/div>\n","protected":false},"excerpt":{"rendered":"<p>Gu?a Jalacables de Acero Inoxidable de 73 Metros (239.50 Pies) de Largo x 0.3 cm (0.12 Pulgadas) de Ancho<\/p>\n","protected":false},"featured_media":39822,"comment_status":"open","ping_status":"closed","template":"","meta":[],"product_brand":[],"product_cat":[608],"product_tag":[586,25,432],"class_list":{"0":"post-39823","1":"product","2":"type-product","3":"status-publish","4":"has-post-thumbnail","6":"product_cat-herramientas-cableado-de-cobre","7":"product_tag-cableado-de-cobre","8":"product_tag-herramientas","9":"product_tag-klein-tools","11":"first","12":"outofstock","13":"sale","14":"shipping-taxable","15":"purchasable","16":"product-type-simple"},"_links":{"self":[{"href":"https:\/\/soydeaqui.ddns.net\/pachuca\/index.php\/wp-json\/wp\/v2\/product\/39823","targetHints":{"allow":["GET"]}}],"collection":[{"href":"https:\/\/soydeaqui.ddns.net\/pachuca\/index.php\/wp-json\/wp\/v2\/product"}],"about":[{"href":"https:\/\/soydeaqui.ddns.net\/pachuca\/index.php\/wp-json\/wp\/v2\/types\/product"}],"replies":[{"embeddable":true,"href":"https:\/\/soydeaqui.ddns.net\/pachuca\/index.php\/wp-json\/wp\/v2\/comments?post=39823"}],"wp:featuredmedia":[{"embeddable":true,"href":"https:\/\/soydeaqui.ddns.net\/pachuca\/index.php\/wp-json\/wp\/v2\/media\/39822"}],"wp:attachment":[{"href":"https:\/\/soydeaqui.ddns.net\/pachuca\/index.php\/wp-json\/wp\/v2\/media?parent=39823"}],"wp:term":[{"taxonomy":"product_brand","embeddable":true,"href":"https:\/\/soydeaqui.ddns.net\/pachuca\/index.php\/wp-json\/wp\/v2\/product_brand?post=39823"},{"taxonomy":"product_cat","embeddable":true,"href":"https:\/\/soydeaqui.ddns.net\/pachuca\/index.php\/wp-json\/wp\/v2\/product_cat?post=39823"},{"taxonomy":"product_tag","embeddable":true,"href":"https:\/\/soydeaqui.ddns.net\/pachuca\/index.php\/wp-json\/wp\/v2\/product_tag?post=39823"}],"curies":[{"name":"wp","href":"https:\/\/api.w.org\/{rel}","templated":true}]}}